{"id":17972,"date":"2025-10-09T15:05:50","date_gmt":"2025-10-09T13:05:50","guid":{"rendered":"https:\/\/www.scrigno.com\/?page_id=17972"},"modified":"2026-03-13T14:05:23","modified_gmt":"2026-03-13T12:05:23","slug":"schody","status":"publish","type":"page","link":"https:\/\/www.scrigno.com\/cs\/schody\/","title":{"rendered":"Schody"},"content":{"rendered":"\n<div class=\"wp-block-scrignocom-scrigno-com-block-sub-hero sub-hero\"><div class=\"sub-hero__container wrapper\"><div class=\"sub-hero__image wrapped cols-w-8\"><img decoding=\"async\" loading=\"lazy\" src=\"https:\/\/www.scrigno.com\/wp-content\/uploads\/2024\/10\/SC-CLOUD.jpg\"\/><\/div><div class=\"sub-hero__content wrapped cols-w-3\"><h2 class=\"sub-hero__title\">Schodi\u0161t\u011b pro ka\u017ed\u00fd prostor<\/h2><p class=\"sub-hero__subtitle subtitle1\"><\/p><p class=\"sub-hero__text Body1\">Schody Scrigno nejsou jen funk\u010dn\u00ed prvek. Jsou to designov\u00fd statement. Spojuj\u00ed poctivou \u0159emeslnou preciznost s technologickou dokonalost\u00ed modern\u00ed v\u00fdroby \u2013 a v\u00fdsledkem je \u0159e\u0161en\u00ed na m\u00edru, kter\u00e9 dokonale splyne s va\u0161\u00edm interi\u00e9rem. <br><br>Ka\u017ed\u00fd kus je navr\u017een tak, aby byl maxim\u00e1ln\u011b bezpe\u010dn\u00fd, dokonale efektivn\u00ed a neuv\u011b\u0159iteln\u011b komfortn\u00ed p\u0159i ka\u017edodenn\u00edm pou\u017e\u00edv\u00e1n\u00ed. <br>Pr\u00e9miov\u00e9 materi\u00e1ly a promy\u0161len\u00e9 detaily.<br><br>Proto\u017ee i cesta vzh\u016fru m\u016f\u017ee b\u00fdt z\u00e1\u017eitek.<\/p><div class=\"sub-hero__ctas\"><a href=\"https:\/\/www.scrigno.com\/cs\/categoria\/schody\/\" class=\"sub-hero__cta cta\">OBJEVI V\u0160ECHNA SCHODI\u0160T\u011a<span class=\"ico icon icon-ico-arrow-right\"><\/span><\/a><\/div><\/div><\/div><\/div>\n\n\n    <div class=\"content-block wrapper text-only\">\n            \n    <div class=\"wrapped cols-8\">    <div class=\"content-block__text\">\n        <h3 class=\"content-block__text--title\">Nejv\u00fdkonn\u011bj\u0161\u00ed produkty na trhu<\/h3>\n        \n\n            \n    \n    <\/div><\/div>\n    \n    \n    <\/div>\n\n\n<div class=\"wp-block-scrignocom-scrigno-com-block-stairs-table stairs-table__container wrapper\"><div class=\"stairs-table__header wrapped cols-w-5 offset-l-1\"><\/div><div class=\"stairs-table wrapped cols-8 accordion\"><div class=\"stairs-table__row stairs-table__header-row\"><div class=\"stairs-table__row-header\"><\/div><div class=\"stairs-table__row-elem staircases\"><div class=\"stairs-table__col-title\">Scrigno staircases<\/div><\/div><div class=\"stairs-table__row-elem grey-col\"><div class=\"stairs-table__col-title\">Market average<\/div><\/div><div class=\"stairs-table__row-elem grey-col\"><div class=\"stairs-table__col-title\">Craftmanship<\/div><\/div><\/div><div class=\"stairs-table__row accordion__elem\"><div class=\"stairs-table__row-header-cell accordion__header\"><div class=\"stairs-table__row-header\"><div class=\"stairs-table__row-title\">Design<\/div><i class=\"icon icon-chevron-down\"><\/i><\/div><\/div><div class=\"stairs-table__row-elem accordion__contentstaircases design\"><div class=\"stairs-table__row-elem-title\">Scrigno staircases<\/div><div class=\"stairs-table__cell-content superiority-claim__stars\"><span class=\"superiority-claim__star full\"><\/span><span class=\"superiority-claim__star full\"><\/span><span class=\"superiority-claim__star full\"><\/span><span class=\"superiority-claim__star full\"><\/span><span class=\"superiority-claim__star empty\"><\/span><\/div><\/div><div class=\"stairs-table__row-elem accordion__contentgrey-col design\"><div class=\"stairs-table__row-elem-title\">Market average<\/div><div class=\"stairs-table__cell-content superiority-claim__stars\"><span class=\"superiority-claim__star full secondary\"><\/span><span class=\"superiority-claim__star full secondary\"><\/span><span class=\"superiority-claim__star full secondary\"><\/span><span class=\"superiority-claim__star full secondary\"><\/span><span class=\"superiority-claim__star empty\"><\/span><\/div><\/div><div class=\"stairs-table__row-elem accordion__contentgrey-col design\"><div class=\"stairs-table__row-elem-title\">Craftmanship<\/div><div class=\"stairs-table__cell-content superiority-claim__stars\"><span class=\"superiority-claim__star full secondary\"><\/span><span class=\"superiority-claim__star full secondary\"><\/span><span class=\"superiority-claim__star empty\"><\/span><span class=\"superiority-claim__star empty\"><\/span><span class=\"superiority-claim__star empty\"><\/span><\/div><\/div><\/div><div class=\"stairs-table__row accordion__elem\"><div class=\"stairs-table__row-header-cell accordion__header\"><div class=\"stairs-table__row-header\"><div class=\"stairs-table__row-title\">Design development<\/div><i class=\"icon icon-chevron-down\"><\/i><\/div><\/div><div class=\"stairs-table__row-elem accordion__contentstaircases design_development\"><div class=\"stairs-table__row-elem-title\">Scrigno staircases<\/div><div class=\"stairs-table__cell-content superiority-claim__stars\"><span class=\"superiority-claim__star full\"><\/span><span class=\"superiority-claim__star full\"><\/span><span class=\"superiority-claim__star full\"><\/span><span class=\"superiority-claim__star full\"><\/span><span class=\"superiority-claim__star empty\"><\/span><\/div><\/div><div class=\"stairs-table__row-elem accordion__contentgrey-col design_development\"><div class=\"stairs-table__row-elem-title\">Market average<\/div><div class=\"stairs-table__cell-content superiority-claim__stars\"><span class=\"superiority-claim__star full secondary\"><\/span><span class=\"superiority-claim__star full secondary\"><\/span><span class=\"superiority-claim__star full secondary\"><\/span><span class=\"superiority-claim__star empty\"><\/span><span class=\"superiority-claim__star empty\"><\/span><\/div><\/div><div class=\"stairs-table__row-elem accordion__contentgrey-col design_development\"><div class=\"stairs-table__row-elem-title\">Craftmanship<\/div><div class=\"stairs-table__cell-content superiority-claim__stars\"><span class=\"superiority-claim__star full secondary\"><\/span><span class=\"superiority-claim__star full secondary\"><\/span><span class=\"superiority-claim__star empty\"><\/span><span class=\"superiority-claim__star empty\"><\/span><span class=\"superiority-claim__star empty\"><\/span><\/div><\/div><\/div><div class=\"stairs-table__row accordion__elem\"><div class=\"stairs-table__row-header-cell accordion__header\"><div class=\"stairs-table__row-header\"><div class=\"stairs-table__row-title\">Customization<\/div><i class=\"icon icon-chevron-down\"><\/i><\/div><\/div><div class=\"stairs-table__row-elem accordion__contentstaircases customization\"><div class=\"stairs-table__row-elem-title\">Scrigno staircases<\/div><div class=\"stairs-table__cell-content superiority-claim__stars\"><span class=\"superiority-claim__star full\"><\/span><span class=\"superiority-claim__star full\"><\/span><span class=\"superiority-claim__star full\"><\/span><span class=\"superiority-claim__star full\"><\/span><span class=\"superiority-claim__star empty\"><\/span><\/div><\/div><div class=\"stairs-table__row-elem accordion__contentgrey-col customization\"><div class=\"stairs-table__row-elem-title\">Market average<\/div><div class=\"stairs-table__cell-content superiority-claim__stars\"><span class=\"superiority-claim__star full secondary\"><\/span><span class=\"superiority-claim__star full secondary\"><\/span><span class=\"superiority-claim__star full secondary\"><\/span><span class=\"superiority-claim__star full secondary\"><\/span><span class=\"superiority-claim__star empty\"><\/span><\/div><\/div><div class=\"stairs-table__row-elem accordion__contentgrey-col customization\"><div class=\"stairs-table__row-elem-title\">Craftmanship<\/div><div class=\"stairs-table__cell-content superiority-claim__stars\"><span class=\"superiority-claim__star full secondary\"><\/span><span class=\"superiority-claim__star full secondary\"><\/span><span class=\"superiority-claim__star full secondary\"><\/span><span class=\"superiority-claim__star empty\"><\/span><span class=\"superiority-claim__star empty\"><\/span><\/div><\/div><\/div><div class=\"stairs-table__row accordion__elem\"><div class=\"stairs-table__row-header-cell accordion__header\"><div class=\"stairs-table__row-header\"><div class=\"stairs-table__row-title\">Production times<\/div><i class=\"icon icon-chevron-down\"><\/i><\/div><\/div><div class=\"stairs-table__row-elem accordion__contentstaircases production_times\"><div class=\"stairs-table__row-elem-title\">Scrigno staircases<\/div><div class=\"stairs-table__cell-content superiority-claim__stars\"><span class=\"superiority-claim__star full\"><\/span><span class=\"superiority-claim__star full\"><\/span><span class=\"superiority-claim__star full\"><\/span><span class=\"superiority-claim__star full\"><\/span><span class=\"superiority-claim__star full\"><\/span><\/div><\/div><div class=\"stairs-table__row-elem accordion__contentgrey-col production_times\"><div class=\"stairs-table__row-elem-title\">Market average<\/div><div class=\"stairs-table__cell-content superiority-claim__stars\"><span class=\"superiority-claim__star full secondary\"><\/span><span class=\"superiority-claim__star full secondary\"><\/span><span class=\"superiority-claim__star full secondary\"><\/span><span class=\"superiority-claim__star empty\"><\/span><span class=\"superiority-claim__star empty\"><\/span><\/div><\/div><div class=\"stairs-table__row-elem accordion__contentgrey-col production_times\"><div class=\"stairs-table__row-elem-title\">Craftmanship<\/div><div class=\"stairs-table__cell-content superiority-claim__stars\"><span class=\"superiority-claim__star full secondary\"><\/span><span class=\"superiority-claim__star full secondary\"><\/span><span class=\"superiority-claim__star empty\"><\/span><span class=\"superiority-claim__star empty\"><\/span><span class=\"superiority-claim__star empty\"><\/span><\/div><\/div><\/div><div class=\"stairs-table__row accordion__elem\"><div class=\"stairs-table__row-header-cell accordion__header\"><div class=\"stairs-table__row-header\"><div class=\"stairs-table__row-title\">Rigidity and Strength<\/div><i class=\"icon icon-chevron-down\"><\/i><\/div><\/div><div class=\"stairs-table__row-elem accordion__contentstaircases rigidity_strength\"><div class=\"stairs-table__row-elem-title\">Scrigno staircases<\/div><div class=\"stairs-table__cell-content superiority-claim__stars\"><span class=\"superiority-claim__star full\"><\/span><span class=\"superiority-claim__star full\"><\/span><span class=\"superiority-claim__star full\"><\/span><span class=\"superiority-claim__star full\"><\/span><span class=\"superiority-claim__star full\"><\/span><\/div><\/div><div class=\"stairs-table__row-elem accordion__contentgrey-col rigidity_strength\"><div class=\"stairs-table__row-elem-title\">Market average<\/div><div class=\"stairs-table__cell-content superiority-claim__stars\"><span class=\"superiority-claim__star full secondary\"><\/span><span class=\"superiority-claim__star full secondary\"><\/span><span class=\"superiority-claim__star full secondary\"><\/span><span class=\"superiority-claim__star full secondary\"><\/span><span class=\"superiority-claim__star empty\"><\/span><\/div><\/div><div class=\"stairs-table__row-elem accordion__contentgrey-col rigidity_strength\"><div class=\"stairs-table__row-elem-title\">Craftmanship<\/div><div class=\"stairs-table__cell-content superiority-claim__stars\"><span class=\"superiority-claim__star full secondary\"><\/span><span class=\"superiority-claim__star full secondary\"><\/span><span class=\"superiority-claim__star full secondary\"><\/span><span class=\"superiority-claim__star empty\"><\/span><span class=\"superiority-claim__star empty\"><\/span><\/div><\/div><\/div><div class=\"stairs-table__row accordion__elem\"><div class=\"stairs-table__row-header-cell accordion__header\"><div class=\"stairs-table__row-header\"><div class=\"stairs-table__row-title\">Durability<\/div><i class=\"icon icon-chevron-down\"><\/i><\/div><\/div><div class=\"stairs-table__row-elem accordion__contentstaircases durability\"><div class=\"stairs-table__row-elem-title\">Scrigno staircases<\/div><div class=\"stairs-table__cell-content superiority-claim__stars\"><span class=\"superiority-claim__star full\"><\/span><span class=\"superiority-claim__star full\"><\/span><span class=\"superiority-claim__star full\"><\/span><span class=\"superiority-claim__star full\"><\/span><span class=\"superiority-claim__star full\"><\/span><\/div><\/div><div class=\"stairs-table__row-elem accordion__contentgrey-col durability\"><div class=\"stairs-table__row-elem-title\">Market average<\/div><div class=\"stairs-table__cell-content superiority-claim__stars\"><span class=\"superiority-claim__star full secondary\"><\/span><span class=\"superiority-claim__star full secondary\"><\/span><span class=\"superiority-claim__star full secondary\"><\/span><span class=\"superiority-claim__star empty\"><\/span><span class=\"superiority-claim__star empty\"><\/span><\/div><\/div><div class=\"stairs-table__row-elem accordion__contentgrey-col durability\"><div class=\"stairs-table__row-elem-title\">Craftmanship<\/div><div class=\"stairs-table__cell-content superiority-claim__stars\"><span class=\"superiority-claim__star full secondary\"><\/span><span class=\"superiority-claim__star full secondary\"><\/span><span class=\"superiority-claim__star empty\"><\/span><span class=\"superiority-claim__star empty\"><\/span><span class=\"superiority-claim__star empty\"><\/span><\/div><\/div><\/div><div class=\"stairs-table__row accordion__elem\"><div class=\"stairs-table__row-header-cell accordion__header\"><div class=\"stairs-table__row-header\"><div class=\"stairs-table__row-title\">Certified products<\/div><i class=\"icon icon-chevron-down\"><\/i><\/div><\/div><div class=\"stairs-table__row-elem accordion__contentstaircases certified_products\"><div class=\"stairs-table__row-elem-title\">Scrigno staircases<\/div><div class=\"stairs-table__cell-content superiority-claim__stars\"><span class=\"superiority-claim__star full\"><\/span><span class=\"superiority-claim__star full\"><\/span><span class=\"superiority-claim__star full\"><\/span><span class=\"superiority-claim__star full\"><\/span><span class=\"superiority-claim__star empty\"><\/span><\/div><\/div><div class=\"stairs-table__row-elem accordion__contentgrey-col certified_products\"><div class=\"stairs-table__row-elem-title\">Market average<\/div><div class=\"stairs-table__cell-content superiority-claim__stars\"><span class=\"superiority-claim__star full secondary\"><\/span><span class=\"superiority-claim__star full secondary\"><\/span><span class=\"superiority-claim__star full secondary\"><\/span><span class=\"superiority-claim__star empty\"><\/span><span class=\"superiority-claim__star empty\"><\/span><\/div><\/div><div class=\"stairs-table__row-elem accordion__contentgrey-col certified_products\"><div class=\"stairs-table__row-elem-title\">Craftmanship<\/div><div class=\"stairs-table__cell-content superiority-claim__stars\"><span class=\"superiority-claim__star full secondary\"><\/span><span class=\"superiority-claim__star full secondary\"><\/span><span class=\"superiority-claim__star full secondary\"><\/span><span class=\"superiority-claim__star empty\"><\/span><span class=\"superiority-claim__star empty\"><\/span><\/div><\/div><\/div><div class=\"stairs-table__row accordion__elem\"><div class=\"stairs-table__row-header-cell accordion__header\"><div class=\"stairs-table__row-header\"><div class=\"stairs-table__row-title\">Sustainability<\/div><i class=\"icon icon-chevron-down\"><\/i><\/div><\/div><div class=\"stairs-table__row-elem accordion__contentstaircases sustainability\"><div class=\"stairs-table__row-elem-title\">Scrigno staircases<\/div><div class=\"stairs-table__cell-content superiority-claim__stars\"><span class=\"superiority-claim__star full\"><\/span><span class=\"superiority-claim__star full\"><\/span><span class=\"superiority-claim__star full\"><\/span><span class=\"superiority-claim__star full\"><\/span><span class=\"superiority-claim__star empty\"><\/span><\/div><\/div><div class=\"stairs-table__row-elem accordion__contentgrey-col sustainability\"><div class=\"stairs-table__row-elem-title\">Market average<\/div><div class=\"stairs-table__cell-content superiority-claim__stars\"><span class=\"superiority-claim__star full secondary\"><\/span><span class=\"superiority-claim__star full secondary\"><\/span><span class=\"superiority-claim__star empty\"><\/span><span class=\"superiority-claim__star empty\"><\/span><span class=\"superiority-claim__star empty\"><\/span><\/div><\/div><div class=\"stairs-table__row-elem accordion__contentgrey-col sustainability\"><div class=\"stairs-table__row-elem-title\">Craftmanship<\/div><div class=\"stairs-table__cell-content superiority-claim__stars\"><span class=\"superiority-claim__star full secondary\"><\/span><span class=\"superiority-claim__star empty\"><\/span><span class=\"superiority-claim__star empty\"><\/span><span class=\"superiority-claim__star empty\"><\/span><span class=\"superiority-claim__star empty\"><\/span><\/div><\/div><\/div><div class=\"stairs-table__row accordion__elem\"><div class=\"stairs-table__row-header-cell accordion__header\"><div class=\"stairs-table__row-header\"><div class=\"stairs-table__row-title\">Installation<\/div><i class=\"icon icon-chevron-down\"><\/i><\/div><\/div><div class=\"stairs-table__row-elem accordion__contentstaircases installation\"><div class=\"stairs-table__row-elem-title\">Scrigno staircases<\/div><div class=\"stairs-table__cell-content superiority-claim__stars\"><span class=\"superiority-claim__star full\"><\/span><span class=\"superiority-claim__star full\"><\/span><span class=\"superiority-claim__star full\"><\/span><span class=\"superiority-claim__star full\"><\/span><span class=\"superiority-claim__star full\"><\/span><\/div><\/div><div class=\"stairs-table__row-elem accordion__contentgrey-col installation\"><div class=\"stairs-table__row-elem-title\">Market average<\/div><div class=\"stairs-table__cell-content superiority-claim__stars\"><span class=\"superiority-claim__star full secondary\"><\/span><span class=\"superiority-claim__star full secondary\"><\/span><span class=\"superiority-claim__star full secondary\"><\/span><span class=\"superiority-claim__star empty\"><\/span><span class=\"superiority-claim__star empty\"><\/span><\/div><\/div><div class=\"stairs-table__row-elem accordion__contentgrey-col installation\"><div class=\"stairs-table__row-elem-title\">Craftmanship<\/div><div class=\"stairs-table__cell-content superiority-claim__stars\"><span class=\"superiority-claim__star full secondary\"><\/span><span class=\"superiority-claim__star full secondary\"><\/span><span class=\"superiority-claim__star full secondary\"><\/span><span class=\"superiority-claim__star full secondary\"><\/span><span class=\"superiority-claim__star empty\"><\/span><\/div><\/div><\/div><\/div><\/div>\n\n\n    <div class=\"content-block wrapper text-only\">\n            \n    <div class=\"wrapped cols-8\">    <div class=\"content-block__text\">\n        <h3 class=\"content-block__text--title\">Styl a osobnost domova<\/h3>\n        <p class=\"content-block__text--content\">Schodi\u0161t\u011b Scrigno spojuj\u00ed funk\u010dnost s estetikou a nab\u00edzej\u00ed pokro\u010dil\u00e9 mo\u017enosti personalizace, d\u00edky nim\u017e se dokonale p\u0159izp\u016fsob\u00ed jak\u00e9mukoli obytn\u00e9mu prostoru. A\u0165 u\u017e jde o otev\u0159en\u00e1 schodi\u0161t\u011b nebo to\u010dit\u00e1 \u0159e\u0161en\u00ed, dok\u00e1\u017eou prom\u011bnit interi\u00e9r v elegantn\u00ed a z\u00e1rove\u0148 praktick\u00fd celek.<br><br>Jejich nad\u010dasov\u00fd design propojuje jednotliv\u00e1 podla\u017e\u00ed s lehkost\u00ed a stylem, zat\u00edmco promy\u0161len\u00e1 konstrukce a prvot\u0159\u00eddn\u00ed materi\u00e1ly zaru\u010duj\u00ed maxim\u00e1ln\u00ed bezpe\u010dnost, komfort a dlouhou \u017eivotnost.<br><br>V\u00fdsledkem je harmonick\u00e9 za\u010dlen\u011bn\u00ed do st\u00e1vaj\u00edc\u00ed architektury \u2013 a prostor, kter\u00fd m\u00e1 charakter.<\/p>\n\n            \n    \n    <\/div><\/div>\n    \n    \n    <\/div>\n\n    <div class=\"content-block wrapper image-only\">\n            \n    <div class=\"wrapped cols-8\">    <img decoding=\"async\" src=\"https:\/\/www.scrigno.com\/wp-content\/uploads\/2026\/02\/FLOW_Hub-Scale.jpg\" class=\"content-block__image\" \/><\/div>\n    \n    \n    <\/div>","protected":false},"excerpt":{"rendered":"","protected":false},"author":4,"featured_media":0,"parent":0,"menu_order":0,"comment_status":"closed","ping_status":"closed","template":"","meta":{"_acf_changed":false,"footnotes":""},"class_list":["post-17972","page","type-page","status-publish","hentry"],"acf":[],"yoast_head":"<!-- This site is optimized with the Yoast SEO plugin v27.1.1 - https:\/\/yoast.com\/product\/yoast-seo-wordpress\/ -->\n<title>Schody - Scrigno<\/title>\n<meta name=\"robots\" content=\"index, follow, max-snippet:-1, max-image-preview:large, max-video-preview:-1\" \/>\n<link rel=\"canonical\" href=\"https:\/\/www.scrigno.com\/cs\/schody\/\" \/>\n<meta property=\"og:locale\" content=\"cs_CZ\" \/>\n<meta property=\"og:type\" content=\"article\" \/>\n<meta property=\"og:title\" content=\"Schody - Scrigno\" \/>\n<meta property=\"og:url\" content=\"https:\/\/www.scrigno.com\/cs\/schody\/\" \/>\n<meta property=\"og:site_name\" content=\"Scrigno\" \/>\n<meta property=\"article:modified_time\" content=\"2026-03-13T12:05:23+00:00\" \/>\n<meta property=\"og:image\" content=\"https:\/\/www.scrigno.com\/wp-content\/uploads\/2024\/10\/SC-CLOUD.jpg\" \/>\n<meta name=\"twitter:card\" content=\"summary_large_image\" \/>\n<meta name=\"twitter:label1\" content=\"Odhadovan\u00e1 doba \u010dten\u00ed\" \/>\n\t<meta name=\"twitter:data1\" content=\"1 minuta\" \/>\n<script type=\"application\/ld+json\" class=\"yoast-schema-graph\">{\"@context\":\"https:\/\/schema.org\",\"@graph\":[{\"@type\":\"WebPage\",\"@id\":\"https:\/\/www.scrigno.com\/cs\/schody\/\",\"url\":\"https:\/\/www.scrigno.com\/cs\/schody\/\",\"name\":\"Schody - Scrigno\",\"isPartOf\":{\"@id\":\"https:\/\/www.scrigno.com\/cs\/#website\"},\"primaryImageOfPage\":{\"@id\":\"https:\/\/www.scrigno.com\/cs\/schody\/#primaryimage\"},\"image\":{\"@id\":\"https:\/\/www.scrigno.com\/cs\/schody\/#primaryimage\"},\"thumbnailUrl\":\"https:\/\/www.scrigno.com\/wp-content\/uploads\/2024\/10\/SC-CLOUD.jpg\",\"datePublished\":\"2025-10-09T13:05:50+00:00\",\"dateModified\":\"2026-03-13T12:05:23+00:00\",\"breadcrumb\":{\"@id\":\"https:\/\/www.scrigno.com\/cs\/schody\/#breadcrumb\"},\"inLanguage\":\"cs\",\"potentialAction\":[{\"@type\":\"ReadAction\",\"target\":[\"https:\/\/www.scrigno.com\/cs\/schody\/\"]}]},{\"@type\":\"ImageObject\",\"inLanguage\":\"cs\",\"@id\":\"https:\/\/www.scrigno.com\/cs\/schody\/#primaryimage\",\"url\":\"https:\/\/www.scrigno.com\/wp-content\/uploads\/2024\/10\/SC-CLOUD.jpg\",\"contentUrl\":\"https:\/\/www.scrigno.com\/wp-content\/uploads\/2024\/10\/SC-CLOUD.jpg\"},{\"@type\":\"BreadcrumbList\",\"@id\":\"https:\/\/www.scrigno.com\/cs\/schody\/#breadcrumb\",\"itemListElement\":[{\"@type\":\"ListItem\",\"position\":1,\"name\":\"Home\",\"item\":\"https:\/\/www.scrigno.com\/cs\/\"},{\"@type\":\"ListItem\",\"position\":2,\"name\":\"Schody\"}]},{\"@type\":\"WebSite\",\"@id\":\"https:\/\/www.scrigno.com\/cs\/#website\",\"url\":\"https:\/\/www.scrigno.com\/cs\/\",\"name\":\"Scrigno\",\"description\":\"\",\"potentialAction\":[{\"@type\":\"SearchAction\",\"target\":{\"@type\":\"EntryPoint\",\"urlTemplate\":\"https:\/\/www.scrigno.com\/cs\/?s={search_term_string}\"},\"query-input\":{\"@type\":\"PropertyValueSpecification\",\"valueRequired\":true,\"valueName\":\"search_term_string\"}}],\"inLanguage\":\"cs\"}]}<\/script>\n<!-- \/ Yoast SEO plugin. -->","yoast_head_json":{"title":"Schody - Scrigno","robots":{"index":"index","follow":"follow","max-snippet":"max-snippet:-1","max-image-preview":"max-image-preview:large","max-video-preview":"max-video-preview:-1"},"canonical":"https:\/\/www.scrigno.com\/cs\/schody\/","og_locale":"cs_CZ","og_type":"article","og_title":"Schody - Scrigno","og_url":"https:\/\/www.scrigno.com\/cs\/schody\/","og_site_name":"Scrigno","article_modified_time":"2026-03-13T12:05:23+00:00","og_image":[{"url":"https:\/\/www.scrigno.com\/wp-content\/uploads\/2024\/10\/SC-CLOUD.jpg","type":"","width":"","height":""}],"twitter_card":"summary_large_image","twitter_misc":{"Odhadovan\u00e1 doba \u010dten\u00ed":"1 minuta"},"schema":{"@context":"https:\/\/schema.org","@graph":[{"@type":"WebPage","@id":"https:\/\/www.scrigno.com\/cs\/schody\/","url":"https:\/\/www.scrigno.com\/cs\/schody\/","name":"Schody - Scrigno","isPartOf":{"@id":"https:\/\/www.scrigno.com\/cs\/#website"},"primaryImageOfPage":{"@id":"https:\/\/www.scrigno.com\/cs\/schody\/#primaryimage"},"image":{"@id":"https:\/\/www.scrigno.com\/cs\/schody\/#primaryimage"},"thumbnailUrl":"https:\/\/www.scrigno.com\/wp-content\/uploads\/2024\/10\/SC-CLOUD.jpg","datePublished":"2025-10-09T13:05:50+00:00","dateModified":"2026-03-13T12:05:23+00:00","breadcrumb":{"@id":"https:\/\/www.scrigno.com\/cs\/schody\/#breadcrumb"},"inLanguage":"cs","potentialAction":[{"@type":"ReadAction","target":["https:\/\/www.scrigno.com\/cs\/schody\/"]}]},{"@type":"ImageObject","inLanguage":"cs","@id":"https:\/\/www.scrigno.com\/cs\/schody\/#primaryimage","url":"https:\/\/www.scrigno.com\/wp-content\/uploads\/2024\/10\/SC-CLOUD.jpg","contentUrl":"https:\/\/www.scrigno.com\/wp-content\/uploads\/2024\/10\/SC-CLOUD.jpg"},{"@type":"BreadcrumbList","@id":"https:\/\/www.scrigno.com\/cs\/schody\/#breadcrumb","itemListElement":[{"@type":"ListItem","position":1,"name":"Home","item":"https:\/\/www.scrigno.com\/cs\/"},{"@type":"ListItem","position":2,"name":"Schody"}]},{"@type":"WebSite","@id":"https:\/\/www.scrigno.com\/cs\/#website","url":"https:\/\/www.scrigno.com\/cs\/","name":"Scrigno","description":"","potentialAction":[{"@type":"SearchAction","target":{"@type":"EntryPoint","urlTemplate":"https:\/\/www.scrigno.com\/cs\/?s={search_term_string}"},"query-input":{"@type":"PropertyValueSpecification","valueRequired":true,"valueName":"search_term_string"}}],"inLanguage":"cs"}]}},"_links":{"self":[{"href":"https:\/\/www.scrigno.com\/cs\/wp-json\/wp\/v2\/pages\/17972","targetHints":{"allow":["GET"]}}],"collection":[{"href":"https:\/\/www.scrigno.com\/cs\/wp-json\/wp\/v2\/pages"}],"about":[{"href":"https:\/\/www.scrigno.com\/cs\/wp-json\/wp\/v2\/types\/page"}],"author":[{"embeddable":true,"href":"https:\/\/www.scrigno.com\/cs\/wp-json\/wp\/v2\/users\/4"}],"replies":[{"embeddable":true,"href":"https:\/\/www.scrigno.com\/cs\/wp-json\/wp\/v2\/comments?post=17972"}],"version-history":[{"count":3,"href":"https:\/\/www.scrigno.com\/cs\/wp-json\/wp\/v2\/pages\/17972\/revisions"}],"predecessor-version":[{"id":20870,"href":"https:\/\/www.scrigno.com\/cs\/wp-json\/wp\/v2\/pages\/17972\/revisions\/20870"}],"wp:attachment":[{"href":"https:\/\/www.scrigno.com\/cs\/wp-json\/wp\/v2\/media?parent=17972"}],"curies":[{"name":"wp","href":"https:\/\/api.w.org\/{rel}","templated":true}]}}