{"id":8134,"date":"2024-09-03T15:20:05","date_gmt":"2024-09-03T13:20:05","guid":{"rendered":"https:\/\/www.scrigno.com\/sostenibilita\/"},"modified":"2025-03-10T15:40:52","modified_gmt":"2025-03-10T13:40:52","slug":"udrzitelnost","status":"publish","type":"page","link":"https:\/\/www.scrigno.com\/cs\/udrzitelnost\/","title":{"rendered":"Udr\u017eitelnost"},"content":{"rendered":"    <div class=\"content-block wrapper image-left\">\n            <div class=\"content-block__spacer\"><\/div>\n    <div class=\"content-block__column-image\">    <img decoding=\"async\" src=\"https:\/\/www.scrigno.com\/wp-content\/uploads\/2024\/09\/sostenibilita.jpg\" class=\"content-block__image\"  alt=\"sostenibilita\" \/><\/div>\n    <div class=\"content-block__column-text\">    <div class=\"content-block__text\">\n        \n        <p class=\"content-block__text--content\">Na\u0161e p\u0159edstava o budoucnosti za\u010d\u00edn\u00e1 u firemn\u00ed odpov\u011bdnosti. Pozornost v\u011bnovan\u00e1 kvalit\u011b a \u017eivotn\u00edmu prost\u0159ed\u00ed m\u00e1 pro skupinu Scrigno z\u00e1sadn\u00ed v\u00fdznam a prom\u00edt\u00e1 se do aktivn\u00edch z\u00e1sad, kter\u00e9 spole\u010dnost sm\u011b\u0159uj\u00ed k procesu neust\u00e1l\u00fdch inovac\u00ed sm\u011brem ke st\u00e1le ambici\u00f3zn\u011bj\u0161\u00edm c\u00edl\u016fm. Udr\u017eitelnost je v centru tohoto procesu, se zvl\u00e1\u0161tn\u00edm d\u016frazem na \u017eivotn\u00ed prost\u0159ed\u00ed a energetickou n\u00e1ro\u010dnost v\u00fdrobn\u00edch z\u00e1vod\u016f.<br><br>V pr\u016fb\u011bhu tohoto procesu spole\u010dnost denn\u011b prokazuje svou citlivost k z\u00e1sad\u00e1m ob\u011bhov\u00e9ho hospod\u00e1\u0159stv\u00ed t\u00edm, \u017ee reorganizuje sv\u00e9 procesy tak, aby monitorovala a sni\u017eovala spot\u0159ebu surovin a obal\u016f, sni\u017eov\u00e1n\u00edm odpad\u016f a zlep\u0161ov\u00e1n\u00edm energetick\u00e9 \u00fa\u010dinnosti a sni\u017eov\u00e1n\u00edm emis\u00ed sklen\u00edkov\u00fdch plyn\u016f prost\u0159ednictv\u00edm procesu dekarbonizace, kter\u00fd za\u010d\u00edn\u00e1 uvnit\u0159 podniku a\u017e po zapojen\u00ed dodavatel\u016f v cel\u00e9m dodavatelsk\u00e9m \u0159et\u011bzci, \u010d\u00edm\u017e podporuje sni\u017eov\u00e1n\u00ed emis\u00ed Scope 3 a od za\u010d\u00e1tku do konce a dosa\u017een\u00ed certifikace uhl\u00edkov\u00e9 stopy spole\u010dnosti v pr\u016fb\u011bhu roku 2024.<\/p>\n\n            \n    \n    <\/div><\/div>\n    <div class=\"content-block__spacer\"><\/div>\n    <\/div>\n\n    <div class=\"content-block wrapper text-only\">\n            \n    <div class=\"wrapped cols-8\">    <div class=\"content-block__text\">\n        \n        <p class=\"content-block__text--content\">Skupina Scrigno ji\u017e d\u00e1vno zavedla syst\u00e9m environment\u00e1ln\u00edho \u0159\u00edzen\u00ed zalo\u017een\u00fd na certifikaci <a href=\"https:\/\/www.scrigno.com\/wp-content\/uploads\/2024\/12\/ISO-14001-2015-Certificate.pdf\">ISO 14001:2015<\/a>, kterou z\u00edskala v roce 2021, a p\u0159ijala syst\u00e9m risk-based thinking.<br><br>Skupina Scrigno napl\u00e1novala strategick\u00fd pl\u00e1n udr\u017eitelnosti, kter\u00fd je ned\u00edlnou sou\u010d\u00e1st\u00ed obchodn\u00edho projektu. Pl\u00e1nov\u00e1n\u00ed udr\u017eitelnosti znamen\u00e1 uv\u00e9st do praxe vizi budoucnosti spole\u010dnosti, ale p\u0159edev\u0161\u00edm ji zasadit do kontextu ucelen\u00e9ho syst\u00e9mu. Zp\u016fsob my\u0161len\u00ed schopn\u00fd aktivovat skute\u010dn\u00fd kolektivn\u00ed r\u016fst, v\u010detn\u011b fin\u00e1ln\u00edho v\u00fdkonu poskytovan\u00e9ho z\u00e1kazn\u00edk\u016fm, zlep\u0161en\u00ed environment\u00e1ln\u00edch aspekt\u016f a ekonomick\u00fdch v\u00fdsledk\u016f.<br><br>Skupina Scrigno podporuje toto naprosto transparentn\u00ed a etick\u00e9 chov\u00e1n\u00ed:<br>&#8211; je pln\u011b v souladu s cel\u00fdm hodnotov\u00fdm \u0159et\u011bzcem;<br>&#8211; zaji\u0161\u0165uje dodr\u017eov\u00e1n\u00ed platn\u00fdch z\u00e1kon\u016f a mezin\u00e1rodn\u00edch norem chov\u00e1n\u00ed;<br>&#8211; zohled\u0148uje o\u010dek\u00e1v\u00e1n\u00ed r\u016fzn\u00fdch z\u00fa\u010dastn\u011bn\u00fdch stran;<br>&#8211; m\u011bl by p\u0159isp\u011bt k udr\u017eiteln\u00e9mu rozvoji, v\u010detn\u011b zdrav\u00ed a blahobytu environment\u00e1ln\u00edho a soci\u00e1ln\u00edho ekosyst\u00e9mu.<\/p>\n\n            \n    \n    <\/div><\/div>\n    \n    \n    <\/div>\n\n    <div class=\"content-block wrapper image-right\">\n            <div class=\"content-block__spacer\"><\/div>\n    <div class=\"content-block__column-text\">    <div class=\"content-block__text\">\n        \n        <p class=\"content-block__text--content\">Dne 16.12.2022 byla v \u00da\u0159edn\u00edm v\u011bstn\u00edku EU zve\u0159ejn\u011bna sm\u011brnice \u010d. 2022\/2464 o pod\u00e1v\u00e1n\u00ed zpr\u00e1v spole\u010dnost\u00ed o udr\u017eitelnosti: Corporate Sustainability Reporting Directive , d\u00e1le jen \u201eCSRD\u201c, kterou se m\u011bn\u00ed sm\u011brnice 2013\/34\/EU o zve\u0159ej\u0148ov\u00e1n\u00ed nefinan\u010dn\u00edch informac\u00ed pro velk\u00e9 podniky.<br><br><strong>CSRD<\/strong>, Corporate Sustainability Reporting Directive, je sou\u010d\u00e1st\u00ed glob\u00e1ln\u00edho sc\u00e9n\u00e1\u0159e, kter\u00fd, pokud jde o ot\u00e1zky, cesty a iniciativy v oblasti udr\u017eitelnosti, ji\u017e dlouho v\u0159e. Kontext, kter\u00fd v posledn\u00edch m\u011bs\u00edc\u00edch roku 2022 znamenal d\u016fle\u017eitou zm\u011bnu, zejm\u00e9na pokud jde o roli Evropy. Se sv\u00fdm z\u00e1vazkem <strong>klimatick\u00e9 neutrality, kter\u00e9 m\u00e1 b\u00fdt dosa\u017eeno do roku 2050<\/strong>, s p\u0159epracov\u00e1n\u00edm konkurenceschopnosti pod heslem <strong>dekarbonizace<\/strong>.<br><br><strong>CSRD <\/strong>zav\u00e1d\u00ed nov\u00fd koncept \u201e<strong>dvoj\u00ed relevance<\/strong>\u201c (nebo \u201e<strong>dvoj\u00ed v\u00fdznamnost<\/strong>\u201c) v jeho\u017e r\u00e1mci budou muset spole\u010dnosti poskytovat informace jak o dopadu sv\u00fdch \u010dinnost\u00ed na lidi a \u017eivotn\u00ed prost\u0159ed\u00ed (p\u0159\u00edstup inside-out), tak o tom, jak ot\u00e1zky udr\u017eitelnosti ovliv\u0148uj\u00ed je samotn\u00e9, jejich v\u00fdkonnost a situaci (p\u0159\u00edstup outside-in).<\/p>\n\n            \n    \n    <\/div><\/div>\n    <div class=\"content-block__column-image\">    <img decoding=\"async\" src=\"https:\/\/www.scrigno.com\/wp-content\/uploads\/2024\/09\/march.jpg\" class=\"content-block__image\"  alt=\"march\" \/><\/div>\n    <div class=\"content-block__spacer\"><\/div>\n    <\/div>\n\n    <div class=\"content-block wrapper text-only\">\n            \n    <div class=\"wrapped cols-8\">    <div class=\"content-block__text\">\n        \n        <p class=\"content-block__text--content\">Skupina Scrigno se rozhodla p\u0159edb\u011bhnout dobu a ji\u017e zah\u00e1jila proces, kter\u00fd j\u00ed umo\u017en\u00ed vypracovat prvn\u00ed zpr\u00e1vu o udr\u017eitelnosti s konceptem dvoj\u00ed v\u00fdznamnosti ji\u017e v roce 2025:<br><br><strong>Transparentnost<\/strong> \u010cinnost spole\u010dnost\u00ed skupiny p\u0159edstavuje hlavn\u00ed z\u00e1jem zainteresovan\u00fdch stran (spole\u010dnost\u00ed, investor\u016f). Transparentnost nefinan\u010dn\u00edch informac\u00ed o ESG (environment\u00e1ln\u00edch, soci\u00e1ln\u00edch a spr\u00e1vn\u00edch) ot\u00e1zk\u00e1ch p\u016fsob\u00ed proti greenwashingu.<br><br><strong>Zapojen\u00ed<\/strong> Existuje po\u017eadavek na v\u011bt\u0161\u00ed zve\u0159ej\u0148ov\u00e1n\u00ed nefinan\u010dn\u00edch informac\u00ed. Ty spolu s finan\u010dn\u00edmi tvo\u0159\u00ed z\u00e1klad pro investi\u010dn\u00ed rozhodnut\u00ed.<br><br><strong>Zvy\u0161ov\u00e1n\u00ed pov\u011bdom\u00ed<\/strong> \u0160\u00ed\u0159en\u00ed informac\u00ed o udr\u017eitelnosti vytv\u00e1\u0159\u00ed pov\u011bdom\u00ed v r\u00e1mci skupiny a jej\u00edch \u010dlensk\u00fdch spole\u010dnost\u00ed. Proces zapojen\u00ed zainteresovan\u00fdch stran umo\u017e\u0148uje identifikovat pot\u0159eby a o\u010dek\u00e1v\u00e1n\u00ed investor\u016f a za\u010dlenit je do podnikov\u00fdch strategi\u00ed.<br><br>V neposledn\u00ed \u0159ad\u011b byly zavedeny provozn\u00ed postupy pro zaji\u0161t\u011bn\u00ed v\u011bt\u0161\u00ed bezpe\u010dnosti osob v souladu s p\u0159ipravovanou certifikac\u00ed ISO 45001.<\/p>\n\n            \n    \n    <\/div><\/div>\n    \n    \n    <\/div>","protected":false},"excerpt":{"rendered":"","protected":false},"author":1,"featured_media":0,"parent":0,"menu_order":0,"comment_status":"closed","ping_status":"closed","template":"","meta":{"_acf_changed":false,"footnotes":""},"class_list":["post-8134","page","type-page","status-publish","hentry"],"acf":[],"yoast_head":"<!-- This site is optimized with the Yoast SEO plugin v27.1.1 - https:\/\/yoast.com\/product\/yoast-seo-wordpress\/ -->\n<title>Udr\u017eitelnost - Scrigno<\/title>\n<meta name=\"robots\" content=\"index, follow, max-snippet:-1, max-image-preview:large, max-video-preview:-1\" \/>\n<link rel=\"canonical\" href=\"https:\/\/www.scrigno.com\/cs\/udrzitelnost\/\" \/>\n<meta property=\"og:locale\" content=\"cs_CZ\" \/>\n<meta property=\"og:type\" content=\"article\" \/>\n<meta property=\"og:title\" content=\"Udr\u017eitelnost - Scrigno\" \/>\n<meta property=\"og:url\" content=\"https:\/\/www.scrigno.com\/cs\/udrzitelnost\/\" \/>\n<meta property=\"og:site_name\" content=\"Scrigno\" \/>\n<meta property=\"article:modified_time\" content=\"2025-03-10T13:40:52+00:00\" \/>\n<meta name=\"twitter:card\" content=\"summary_large_image\" \/>\n<script type=\"application\/ld+json\" class=\"yoast-schema-graph\">{\"@context\":\"https:\/\/schema.org\",\"@graph\":[{\"@type\":\"WebPage\",\"@id\":\"https:\/\/www.scrigno.com\/cs\/udrzitelnost\/\",\"url\":\"https:\/\/www.scrigno.com\/cs\/udrzitelnost\/\",\"name\":\"Udr\u017eitelnost - Scrigno\",\"isPartOf\":{\"@id\":\"https:\/\/www.scrigno.com\/cs\/#website\"},\"datePublished\":\"2024-09-03T13:20:05+00:00\",\"dateModified\":\"2025-03-10T13:40:52+00:00\",\"breadcrumb\":{\"@id\":\"https:\/\/www.scrigno.com\/cs\/udrzitelnost\/#breadcrumb\"},\"inLanguage\":\"cs\",\"potentialAction\":[{\"@type\":\"ReadAction\",\"target\":[\"https:\/\/www.scrigno.com\/cs\/udrzitelnost\/\"]}]},{\"@type\":\"BreadcrumbList\",\"@id\":\"https:\/\/www.scrigno.com\/cs\/udrzitelnost\/#breadcrumb\",\"itemListElement\":[{\"@type\":\"ListItem\",\"position\":1,\"name\":\"Home\",\"item\":\"https:\/\/www.scrigno.com\/cs\/\"},{\"@type\":\"ListItem\",\"position\":2,\"name\":\"Udr\u017eitelnost\"}]},{\"@type\":\"WebSite\",\"@id\":\"https:\/\/www.scrigno.com\/cs\/#website\",\"url\":\"https:\/\/www.scrigno.com\/cs\/\",\"name\":\"Scrigno\",\"description\":\"\",\"potentialAction\":[{\"@type\":\"SearchAction\",\"target\":{\"@type\":\"EntryPoint\",\"urlTemplate\":\"https:\/\/www.scrigno.com\/cs\/?s={search_term_string}\"},\"query-input\":{\"@type\":\"PropertyValueSpecification\",\"valueRequired\":true,\"valueName\":\"search_term_string\"}}],\"inLanguage\":\"cs\"}]}<\/script>\n<!-- \/ Yoast SEO plugin. -->","yoast_head_json":{"title":"Udr\u017eitelnost - Scrigno","robots":{"index":"index","follow":"follow","max-snippet":"max-snippet:-1","max-image-preview":"max-image-preview:large","max-video-preview":"max-video-preview:-1"},"canonical":"https:\/\/www.scrigno.com\/cs\/udrzitelnost\/","og_locale":"cs_CZ","og_type":"article","og_title":"Udr\u017eitelnost - Scrigno","og_url":"https:\/\/www.scrigno.com\/cs\/udrzitelnost\/","og_site_name":"Scrigno","article_modified_time":"2025-03-10T13:40:52+00:00","twitter_card":"summary_large_image","schema":{"@context":"https:\/\/schema.org","@graph":[{"@type":"WebPage","@id":"https:\/\/www.scrigno.com\/cs\/udrzitelnost\/","url":"https:\/\/www.scrigno.com\/cs\/udrzitelnost\/","name":"Udr\u017eitelnost - Scrigno","isPartOf":{"@id":"https:\/\/www.scrigno.com\/cs\/#website"},"datePublished":"2024-09-03T13:20:05+00:00","dateModified":"2025-03-10T13:40:52+00:00","breadcrumb":{"@id":"https:\/\/www.scrigno.com\/cs\/udrzitelnost\/#breadcrumb"},"inLanguage":"cs","potentialAction":[{"@type":"ReadAction","target":["https:\/\/www.scrigno.com\/cs\/udrzitelnost\/"]}]},{"@type":"BreadcrumbList","@id":"https:\/\/www.scrigno.com\/cs\/udrzitelnost\/#breadcrumb","itemListElement":[{"@type":"ListItem","position":1,"name":"Home","item":"https:\/\/www.scrigno.com\/cs\/"},{"@type":"ListItem","position":2,"name":"Udr\u017eitelnost"}]},{"@type":"WebSite","@id":"https:\/\/www.scrigno.com\/cs\/#website","url":"https:\/\/www.scrigno.com\/cs\/","name":"Scrigno","description":"","potentialAction":[{"@type":"SearchAction","target":{"@type":"EntryPoint","urlTemplate":"https:\/\/www.scrigno.com\/cs\/?s={search_term_string}"},"query-input":{"@type":"PropertyValueSpecification","valueRequired":true,"valueName":"search_term_string"}}],"inLanguage":"cs"}]}},"_links":{"self":[{"href":"https:\/\/www.scrigno.com\/cs\/wp-json\/wp\/v2\/pages\/8134","targetHints":{"allow":["GET"]}}],"collection":[{"href":"https:\/\/www.scrigno.com\/cs\/wp-json\/wp\/v2\/pages"}],"about":[{"href":"https:\/\/www.scrigno.com\/cs\/wp-json\/wp\/v2\/types\/page"}],"author":[{"embeddable":true,"href":"https:\/\/www.scrigno.com\/cs\/wp-json\/wp\/v2\/users\/1"}],"replies":[{"embeddable":true,"href":"https:\/\/www.scrigno.com\/cs\/wp-json\/wp\/v2\/comments?post=8134"}],"version-history":[{"count":0,"href":"https:\/\/www.scrigno.com\/cs\/wp-json\/wp\/v2\/pages\/8134\/revisions"}],"wp:attachment":[{"href":"https:\/\/www.scrigno.com\/cs\/wp-json\/wp\/v2\/media?parent=8134"}],"curies":[{"name":"wp","href":"https:\/\/api.w.org\/{rel}","templated":true}]}}