{"id":8172,"date":"2024-07-30T16:13:04","date_gmt":"2024-07-30T14:13:04","guid":{"rendered":"https:\/\/www.scrigno.com\/governance-team\/"},"modified":"2024-10-07T12:30:01","modified_gmt":"2024-10-07T10:30:01","slug":"governance-team","status":"publish","type":"page","link":"https:\/\/www.scrigno.com\/cs\/governance-team\/","title":{"rendered":"\u0158\u00edd\u00edc\u00ed t\u00fdm"},"content":{"rendered":"    <div class=\"content-block wrapper text-only\">\n            \n    <div class=\"wrapped cols-8\">    <div class=\"content-block__text\">\n        \n        <p class=\"content-block__text--content\">Skupina Scrigno pracuje s pomoc\u00ed vybran\u00e9ho mana\u017eersk\u00e9ho t\u00fdmu slo\u017een\u00e9ho z odborn\u00edk\u016f na vysok\u00e9 \u00farovni z r\u016fzn\u00fdch odv\u011btv\u00ed, kte\u0159\u00ed jsou schopni nab\u00eddnout sv\u00e9 odborn\u00e9 funk\u010dn\u00ed dovednosti, kter\u00e9 jsou v\u00fdsledkem konsolidovan\u00fdch a p\u0159edchoz\u00edch zku\u0161enost\u00ed.<\/p>\n\n            \n    \n    <\/div><\/div>\n    \n    \n    <\/div>\n\n    <div class=\"content-block wrapper text-only\">\n            \n    <div class=\"wrapped cols-8\">    <div class=\"content-block__text\">\n        <h3 class=\"content-block__text--title\">Management team<\/h3>\n        <p class=\"content-block__text--content\"><strong>Fabrizio Campanella<\/strong> &#8211; Chief Executive Officer<strong><br><\/strong><br><strong>Roberto Caputo<\/strong> &#8211; Commercial Director<br><br><strong>Massimiliano Paolucci<\/strong> &#8211; Operations Director<br><a href=\"https:\/\/it.linkedin.com\/in\/flavio-depetris-a0a42123\" target=\"_blank\" rel=\"noreferrer noopener\"><\/a><br><strong>Laura Favretti<\/strong> &#8211; Marketing Director<br><a href=\"https:\/\/it.linkedin.com\/in\/micol-malleo\" target=\"_blank\" rel=\"noreferrer noopener\"><\/a><br><strong>Matteo Marian<\/strong> &#8211; Finance Director<br><br><strong>Sebastien Merchier<\/strong> &#8211; CCE BU Director<br><a href=\"https:\/\/it.linkedin.com\/in\/sebastien-merchier-041616b9\" target=\"_blank\" rel=\"noreferrer noopener\"><\/a><br><strong>Pierpaolo Rufolo<\/strong> &#8211; HR Director<\/p>\n\n            \n    \n    <\/div><\/div>\n    \n    \n    <\/div>","protected":false},"excerpt":{"rendered":"","protected":false},"author":4,"featured_media":0,"parent":0,"menu_order":0,"comment_status":"closed","ping_status":"closed","template":"","meta":{"_acf_changed":false,"footnotes":""},"class_list":["post-8172","page","type-page","status-publish","hentry"],"acf":[],"yoast_head":"<!-- This site is optimized with the Yoast SEO plugin v27.1.1 - https:\/\/yoast.com\/product\/yoast-seo-wordpress\/ -->\n<title>\u0158\u00edd\u00edc\u00ed t\u00fdm - Scrigno<\/title>\n<meta name=\"robots\" content=\"index, follow, max-snippet:-1, max-image-preview:large, max-video-preview:-1\" \/>\n<link rel=\"canonical\" href=\"https:\/\/www.scrigno.com\/cs\/governance-team\/\" \/>\n<meta property=\"og:locale\" content=\"cs_CZ\" \/>\n<meta property=\"og:type\" content=\"article\" \/>\n<meta property=\"og:title\" content=\"\u0158\u00edd\u00edc\u00ed t\u00fdm - Scrigno\" \/>\n<meta property=\"og:url\" content=\"https:\/\/www.scrigno.com\/cs\/governance-team\/\" \/>\n<meta property=\"og:site_name\" content=\"Scrigno\" \/>\n<meta property=\"article:modified_time\" content=\"2024-10-07T10:30:01+00:00\" \/>\n<meta name=\"twitter:card\" content=\"summary_large_image\" \/>\n<script type=\"application\/ld+json\" class=\"yoast-schema-graph\">{\"@context\":\"https:\/\/schema.org\",\"@graph\":[{\"@type\":\"WebPage\",\"@id\":\"https:\/\/www.scrigno.com\/cs\/governance-team\/\",\"url\":\"https:\/\/www.scrigno.com\/cs\/governance-team\/\",\"name\":\"\u0158\u00edd\u00edc\u00ed t\u00fdm - Scrigno\",\"isPartOf\":{\"@id\":\"https:\/\/www.scrigno.com\/cs\/#website\"},\"datePublished\":\"2024-07-30T14:13:04+00:00\",\"dateModified\":\"2024-10-07T10:30:01+00:00\",\"breadcrumb\":{\"@id\":\"https:\/\/www.scrigno.com\/cs\/governance-team\/#breadcrumb\"},\"inLanguage\":\"cs\",\"potentialAction\":[{\"@type\":\"ReadAction\",\"target\":[\"https:\/\/www.scrigno.com\/cs\/governance-team\/\"]}]},{\"@type\":\"BreadcrumbList\",\"@id\":\"https:\/\/www.scrigno.com\/cs\/governance-team\/#breadcrumb\",\"itemListElement\":[{\"@type\":\"ListItem\",\"position\":1,\"name\":\"Home\",\"item\":\"https:\/\/www.scrigno.com\/cs\/\"},{\"@type\":\"ListItem\",\"position\":2,\"name\":\"\u0158\u00edd\u00edc\u00ed t\u00fdm\"}]},{\"@type\":\"WebSite\",\"@id\":\"https:\/\/www.scrigno.com\/cs\/#website\",\"url\":\"https:\/\/www.scrigno.com\/cs\/\",\"name\":\"Scrigno\",\"description\":\"\",\"potentialAction\":[{\"@type\":\"SearchAction\",\"target\":{\"@type\":\"EntryPoint\",\"urlTemplate\":\"https:\/\/www.scrigno.com\/cs\/?s={search_term_string}\"},\"query-input\":{\"@type\":\"PropertyValueSpecification\",\"valueRequired\":true,\"valueName\":\"search_term_string\"}}],\"inLanguage\":\"cs\"}]}<\/script>\n<!-- \/ Yoast SEO plugin. -->","yoast_head_json":{"title":"\u0158\u00edd\u00edc\u00ed t\u00fdm - Scrigno","robots":{"index":"index","follow":"follow","max-snippet":"max-snippet:-1","max-image-preview":"max-image-preview:large","max-video-preview":"max-video-preview:-1"},"canonical":"https:\/\/www.scrigno.com\/cs\/governance-team\/","og_locale":"cs_CZ","og_type":"article","og_title":"\u0158\u00edd\u00edc\u00ed t\u00fdm - Scrigno","og_url":"https:\/\/www.scrigno.com\/cs\/governance-team\/","og_site_name":"Scrigno","article_modified_time":"2024-10-07T10:30:01+00:00","twitter_card":"summary_large_image","schema":{"@context":"https:\/\/schema.org","@graph":[{"@type":"WebPage","@id":"https:\/\/www.scrigno.com\/cs\/governance-team\/","url":"https:\/\/www.scrigno.com\/cs\/governance-team\/","name":"\u0158\u00edd\u00edc\u00ed t\u00fdm - Scrigno","isPartOf":{"@id":"https:\/\/www.scrigno.com\/cs\/#website"},"datePublished":"2024-07-30T14:13:04+00:00","dateModified":"2024-10-07T10:30:01+00:00","breadcrumb":{"@id":"https:\/\/www.scrigno.com\/cs\/governance-team\/#breadcrumb"},"inLanguage":"cs","potentialAction":[{"@type":"ReadAction","target":["https:\/\/www.scrigno.com\/cs\/governance-team\/"]}]},{"@type":"BreadcrumbList","@id":"https:\/\/www.scrigno.com\/cs\/governance-team\/#breadcrumb","itemListElement":[{"@type":"ListItem","position":1,"name":"Home","item":"https:\/\/www.scrigno.com\/cs\/"},{"@type":"ListItem","position":2,"name":"\u0158\u00edd\u00edc\u00ed t\u00fdm"}]},{"@type":"WebSite","@id":"https:\/\/www.scrigno.com\/cs\/#website","url":"https:\/\/www.scrigno.com\/cs\/","name":"Scrigno","description":"","potentialAction":[{"@type":"SearchAction","target":{"@type":"EntryPoint","urlTemplate":"https:\/\/www.scrigno.com\/cs\/?s={search_term_string}"},"query-input":{"@type":"PropertyValueSpecification","valueRequired":true,"valueName":"search_term_string"}}],"inLanguage":"cs"}]}},"_links":{"self":[{"href":"https:\/\/www.scrigno.com\/cs\/wp-json\/wp\/v2\/pages\/8172","targetHints":{"allow":["GET"]}}],"collection":[{"href":"https:\/\/www.scrigno.com\/cs\/wp-json\/wp\/v2\/pages"}],"about":[{"href":"https:\/\/www.scrigno.com\/cs\/wp-json\/wp\/v2\/types\/page"}],"author":[{"embeddable":true,"href":"https:\/\/www.scrigno.com\/cs\/wp-json\/wp\/v2\/users\/4"}],"replies":[{"embeddable":true,"href":"https:\/\/www.scrigno.com\/cs\/wp-json\/wp\/v2\/comments?post=8172"}],"version-history":[{"count":0,"href":"https:\/\/www.scrigno.com\/cs\/wp-json\/wp\/v2\/pages\/8172\/revisions"}],"wp:attachment":[{"href":"https:\/\/www.scrigno.com\/cs\/wp-json\/wp\/v2\/media?parent=8172"}],"curies":[{"name":"wp","href":"https:\/\/api.w.org\/{rel}","templated":true}]}}