{"id":8176,"date":"2024-08-01T15:28:29","date_gmt":"2024-08-01T13:28:29","guid":{"rendered":"https:\/\/www.scrigno.com\/compliance\/"},"modified":"2024-10-08T15:22:03","modified_gmt":"2024-10-08T13:22:03","slug":"compliance","status":"publish","type":"page","link":"https:\/\/www.scrigno.com\/cs\/compliance\/","title":{"rendered":"Dodr\u017eov\u00e1n\u00ed"},"content":{"rendered":"    <div class=\"content-block wrapper text-only\">\n            \n    <div class=\"wrapped cols-8\">    <div class=\"content-block__text\">\n        \n        <p class=\"content-block__text--content\">Trval\u00e9ho \u00fasp\u011bchu, jako je pr\u00e1v\u011b \u00fasp\u011bch skupiny Scrigno, je dosa\u017eeno etick\u00fdm, spravedliv\u00fdm a odpov\u011bdn\u00fdm jedn\u00e1n\u00edm a respektov\u00e1n\u00edm z\u00e1kon\u016f ka\u017ed\u00e9 zem\u011b, ve kter\u00e9 p\u016fsob\u00ed. To znamen\u00e1, \u017ee se skupina zavazuje \u0161\u00ed\u0159it a upev\u0148ovat kulturu bezpe\u010dnosti t\u00edm, \u017ee rozv\u00edj\u00ed pov\u011bdom\u00ed o rizic\u00edch a podporuje odpov\u011bdn\u00e9 chov\u00e1n\u00ed v\u0161ech spolupracovn\u00edk\u016f; uzn\u00e1v\u00e1 zdrav\u00ed a bezpe\u010dnost na pracovi\u0161ti jako z\u00e1kladn\u00ed pr\u00e1va zam\u011bstnanc\u016f; navrhuje udr\u017eovat a podporovat pozitivn\u00ed pracovn\u00ed prost\u0159ed\u00ed, v n\u011bm\u017e ka\u017ed\u00fd m\u016f\u017ee rozv\u00edjet a zvy\u0161ovat sv\u00e9 dovednosti a kompetence, stav\u00ed vztahy se sv\u00fdmi zam\u011bstnanci a spolupracovn\u00edky na z\u00e1sad\u00e1ch, jako je loajalita a d\u016fv\u011bra; a kone\u010dn\u011b podporuje ochranu z\u00e1kladn\u00edch lidsk\u00fdch pr\u00e1v a respektov\u00e1n\u00ed v\u0161ech osob, zaru\u010duje rovn\u00e9 zach\u00e1zen\u00ed a zabra\u0148uje v\u0161em form\u00e1m diskriminace.<\/p>\n\n            <div class=\"file-list\">\n        <div class=\"file-list__table\">\n            <a target=\"_blank\" class=\"file-list__row\" href=https:\/\/www.scrigno.com\/wp-content\/uploads\/2024\/09\/Organisation-Management-and-Control-Model-pursuant-to-Legislative-Decree-2312001.pdf>\n    <div class=\"file-list__row--title\">Organisation, Management and Control Model pursuant to Legislative Decree 2312001<\/div>\n    <div class=\"file-list__row--type\">pdf<\/div>\n<\/a><a target=\"_blank\" class=\"file-list__row\" href=https:\/\/www.scrigno.com\/wp-content\/uploads\/2024\/09\/Scrigno-spa-Code-of-Ethics.pdf>\n    <div class=\"file-list__row--title\">Scrigno spa Code of Ethics<\/div>\n    <div class=\"file-list__row--type\">pdf<\/div>\n<\/a>\n        <\/div>\n    <\/div>\n    <\/div><\/div>\n    \n    \n    <\/div>\n\n\n<p><\/p>\n","protected":false},"excerpt":{"rendered":"","protected":false},"author":4,"featured_media":0,"parent":0,"menu_order":0,"comment_status":"closed","ping_status":"closed","template":"","meta":{"_acf_changed":false,"footnotes":""},"class_list":["post-8176","page","type-page","status-publish","hentry"],"acf":[],"yoast_head":"<!-- This site is optimized with the Yoast SEO plugin v27.1.1 - https:\/\/yoast.com\/product\/yoast-seo-wordpress\/ -->\n<title>Dodr\u017eov\u00e1n\u00ed - Scrigno<\/title>\n<meta name=\"robots\" content=\"index, follow, max-snippet:-1, max-image-preview:large, max-video-preview:-1\" \/>\n<link rel=\"canonical\" href=\"https:\/\/www.scrigno.com\/cs\/compliance\/\" \/>\n<meta property=\"og:locale\" content=\"cs_CZ\" \/>\n<meta property=\"og:type\" content=\"article\" \/>\n<meta property=\"og:title\" content=\"Dodr\u017eov\u00e1n\u00ed - Scrigno\" \/>\n<meta property=\"og:url\" content=\"https:\/\/www.scrigno.com\/cs\/compliance\/\" \/>\n<meta property=\"og:site_name\" content=\"Scrigno\" \/>\n<meta property=\"article:modified_time\" content=\"2024-10-08T13:22:03+00:00\" \/>\n<meta name=\"twitter:card\" content=\"summary_large_image\" \/>\n<script type=\"application\/ld+json\" class=\"yoast-schema-graph\">{\"@context\":\"https:\/\/schema.org\",\"@graph\":[{\"@type\":\"WebPage\",\"@id\":\"https:\/\/www.scrigno.com\/cs\/compliance\/\",\"url\":\"https:\/\/www.scrigno.com\/cs\/compliance\/\",\"name\":\"Dodr\u017eov\u00e1n\u00ed - Scrigno\",\"isPartOf\":{\"@id\":\"https:\/\/www.scrigno.com\/cs\/#website\"},\"datePublished\":\"2024-08-01T13:28:29+00:00\",\"dateModified\":\"2024-10-08T13:22:03+00:00\",\"breadcrumb\":{\"@id\":\"https:\/\/www.scrigno.com\/cs\/compliance\/#breadcrumb\"},\"inLanguage\":\"cs\",\"potentialAction\":[{\"@type\":\"ReadAction\",\"target\":[\"https:\/\/www.scrigno.com\/cs\/compliance\/\"]}]},{\"@type\":\"BreadcrumbList\",\"@id\":\"https:\/\/www.scrigno.com\/cs\/compliance\/#breadcrumb\",\"itemListElement\":[{\"@type\":\"ListItem\",\"position\":1,\"name\":\"Home\",\"item\":\"https:\/\/www.scrigno.com\/cs\/\"},{\"@type\":\"ListItem\",\"position\":2,\"name\":\"Dodr\u017eov\u00e1n\u00ed\"}]},{\"@type\":\"WebSite\",\"@id\":\"https:\/\/www.scrigno.com\/cs\/#website\",\"url\":\"https:\/\/www.scrigno.com\/cs\/\",\"name\":\"Scrigno\",\"description\":\"\",\"potentialAction\":[{\"@type\":\"SearchAction\",\"target\":{\"@type\":\"EntryPoint\",\"urlTemplate\":\"https:\/\/www.scrigno.com\/cs\/?s={search_term_string}\"},\"query-input\":{\"@type\":\"PropertyValueSpecification\",\"valueRequired\":true,\"valueName\":\"search_term_string\"}}],\"inLanguage\":\"cs\"}]}<\/script>\n<!-- \/ Yoast SEO plugin. -->","yoast_head_json":{"title":"Dodr\u017eov\u00e1n\u00ed - Scrigno","robots":{"index":"index","follow":"follow","max-snippet":"max-snippet:-1","max-image-preview":"max-image-preview:large","max-video-preview":"max-video-preview:-1"},"canonical":"https:\/\/www.scrigno.com\/cs\/compliance\/","og_locale":"cs_CZ","og_type":"article","og_title":"Dodr\u017eov\u00e1n\u00ed - Scrigno","og_url":"https:\/\/www.scrigno.com\/cs\/compliance\/","og_site_name":"Scrigno","article_modified_time":"2024-10-08T13:22:03+00:00","twitter_card":"summary_large_image","schema":{"@context":"https:\/\/schema.org","@graph":[{"@type":"WebPage","@id":"https:\/\/www.scrigno.com\/cs\/compliance\/","url":"https:\/\/www.scrigno.com\/cs\/compliance\/","name":"Dodr\u017eov\u00e1n\u00ed - Scrigno","isPartOf":{"@id":"https:\/\/www.scrigno.com\/cs\/#website"},"datePublished":"2024-08-01T13:28:29+00:00","dateModified":"2024-10-08T13:22:03+00:00","breadcrumb":{"@id":"https:\/\/www.scrigno.com\/cs\/compliance\/#breadcrumb"},"inLanguage":"cs","potentialAction":[{"@type":"ReadAction","target":["https:\/\/www.scrigno.com\/cs\/compliance\/"]}]},{"@type":"BreadcrumbList","@id":"https:\/\/www.scrigno.com\/cs\/compliance\/#breadcrumb","itemListElement":[{"@type":"ListItem","position":1,"name":"Home","item":"https:\/\/www.scrigno.com\/cs\/"},{"@type":"ListItem","position":2,"name":"Dodr\u017eov\u00e1n\u00ed"}]},{"@type":"WebSite","@id":"https:\/\/www.scrigno.com\/cs\/#website","url":"https:\/\/www.scrigno.com\/cs\/","name":"Scrigno","description":"","potentialAction":[{"@type":"SearchAction","target":{"@type":"EntryPoint","urlTemplate":"https:\/\/www.scrigno.com\/cs\/?s={search_term_string}"},"query-input":{"@type":"PropertyValueSpecification","valueRequired":true,"valueName":"search_term_string"}}],"inLanguage":"cs"}]}},"_links":{"self":[{"href":"https:\/\/www.scrigno.com\/cs\/wp-json\/wp\/v2\/pages\/8176","targetHints":{"allow":["GET"]}}],"collection":[{"href":"https:\/\/www.scrigno.com\/cs\/wp-json\/wp\/v2\/pages"}],"about":[{"href":"https:\/\/www.scrigno.com\/cs\/wp-json\/wp\/v2\/types\/page"}],"author":[{"embeddable":true,"href":"https:\/\/www.scrigno.com\/cs\/wp-json\/wp\/v2\/users\/4"}],"replies":[{"embeddable":true,"href":"https:\/\/www.scrigno.com\/cs\/wp-json\/wp\/v2\/comments?post=8176"}],"version-history":[{"count":0,"href":"https:\/\/www.scrigno.com\/cs\/wp-json\/wp\/v2\/pages\/8176\/revisions"}],"wp:attachment":[{"href":"https:\/\/www.scrigno.com\/cs\/wp-json\/wp\/v2\/media?parent=8176"}],"curies":[{"name":"wp","href":"https:\/\/api.w.org\/{rel}","templated":true}]}}