{"id":8180,"date":"2024-08-01T15:50:52","date_gmt":"2024-08-01T13:50:52","guid":{"rendered":"https:\/\/www.scrigno.com\/whistleblowing\/"},"modified":"2026-02-06T18:01:54","modified_gmt":"2026-02-06T16:01:54","slug":"whistleblowing","status":"publish","type":"page","link":"https:\/\/www.scrigno.com\/cs\/whistleblowing\/","title":{"rendered":"Whistleblowing"},"content":{"rendered":"    <div class=\"content-block wrapper text-only\">\n            \n    <div class=\"wrapped cols-8\">    <div class=\"content-block__text\">\n        <h3 class=\"content-block__text--title\">Spr\u00e1va ozn\u00e1men\u00ed (Whistleblowing)<\/h3>\n        <p class=\"content-block__text--content\">V\u00edtejte v na\u0161\u00ed sekci Whistleblowers, kter\u00e1 je v\u011bnov\u00e1na podpo\u0159e transparentnosti, integrity a odpov\u011bdnosti v r\u00e1mci skupiny Scrigno. Uv\u011bdomujeme si, \u017ee je d\u016fle\u017eit\u00e9 vytvo\u0159it bezpe\u010dn\u00e9 a otev\u0159en\u00e9 prost\u0159ed\u00ed, ve kter\u00e9m mohou v\u0161ichni zam\u011bstnanci, mana\u017ee\u0159i a spolupracovn\u00edci, stejn\u011b jako v\u0161echny z\u00fa\u010dastn\u011bn\u00e9 strany, upozornit na chov\u00e1n\u00ed, kter\u00e9 je nez\u00e1konn\u00e9, neetick\u00e9 nebo v rozporu s na\u0161imi hodnotami.<\/p>\n\n            \n    \n    <\/div><\/div>\n    \n    \n    <\/div>\n\n    <div class=\"content-block wrapper text-only\">\n            \n    <div class=\"wrapped cols-8\">    <div class=\"content-block__text\">\n        <h3 class=\"content-block__text--title\">Na\u0161e z\u00e1sady Whistleblowingu:<\/h3>\n        <p class=\"content-block__text--content\">Z\u00e1sady spole\u010dnosti Scrigno Group pro whistleblowing byly vypracov\u00e1ny s c\u00edlem podpo\u0159it oznamov\u00e1n\u00ed nekal\u00fdch praktik poctiv\u011b a v dobr\u00e9 v\u00ed\u0159e. Jsme si v\u011bdomi odvahy, kterou ozn\u00e1men\u00ed vy\u017eaduje, a jsme odhodl\u00e1ni chr\u00e1nit ty, kte\u0159\u00ed se tak rozhodnou u\u010dinit.<br><br>Z tohoto d\u016fvodu skupina Scrigno vytvo\u0159ila strukturovan\u00e1 pravidla, kter\u00e1 zaru\u010duj\u00ed <strong>ur\u010dit\u00fd a d\u016fv\u011brn\u00fd informa\u010dn\u00ed kan\u00e1l<\/strong> o p\u0159\u00edpadn\u00e9m nedodr\u017eov\u00e1n\u00ed pravidel stanoven\u00fdch v Etick\u00e9m kodexu, organiza\u010dn\u00edm a \u0159\u00eddic\u00edm modelu podle legislativn\u00edho na\u0159\u00edzen\u00ed 231\/2001, v z\u00e1sad\u00e1ch a postupech skupiny a obecn\u011b poru\u0161en\u00ed z\u00e1kon\u016f a\/nebo p\u0159edpis\u016f.<br><br>Na\u0161e z\u00e1sady se vztahuj\u00ed na \u0161irokou \u0161k\u00e1lu probl\u00e9m\u016f, v\u010detn\u011b:<br>1. <strong>Nez\u00e1konn\u00e9 chov\u00e1n\u00ed<\/strong>: Hl\u00e1\u0161en\u00ed nez\u00e1konn\u00fdch \u010dinnost\u00ed nebo poru\u0161en\u00ed platn\u00fdch z\u00e1kon\u016f a p\u0159edpis\u016f.<br>2. <strong>Neeti\u010dnost<\/strong>: Chov\u00e1n\u00ed v rozporu s etick\u00fdmi z\u00e1sadami a z\u00e1kladn\u00edmi hodnotami skupiny Scrigno.<br>3. <strong>Poru\u0161en\u00ed p\u0159edpis\u016f spole\u010dnosti<\/strong>: Jedn\u00e1n\u00ed, kter\u00e9 je v rozporu s intern\u00edmi z\u00e1sadami skupiny Scrigno.<br>4. <strong>Korupce a podvody<\/strong>: Hl\u00e1\u0161en\u00ed o korup\u010dn\u00edch praktik\u00e1ch nebo podvodn\u00fdch \u010dinnostech.<br>5. <strong>Diskriminace a obt\u011b\u017eov\u00e1n\u00ed<\/strong>: Diskrimina\u010dn\u00ed chov\u00e1n\u00ed nebo obt\u011b\u017eov\u00e1n\u00ed na pracovi\u0161ti.<br><br>Skupina Scrigno podporuje informov\u00e1n\u00ed v dobr\u00e9 v\u00ed\u0159e a nep\u0159ij\u00edm\u00e1 fale\u0161n\u00e1 nebo \u0161ikan\u00f3zn\u00ed prohl\u00e1\u0161en\u00ed, pouh\u00e1 podez\u0159en\u00ed nebo f\u00e1my, osobn\u00ed st\u00ed\u017enosti nebo po\u017eadavky.<br><br>Ozn\u00e1men\u00ed je t\u0159eba podat vypln\u011bn\u00edm zvl\u00e1\u0161tn\u00edho formul\u00e1\u0159e prost\u0159ednictv\u00edm port\u00e1lu pro spr\u00e1vu ozn\u00e1men\u00ed, kter\u00fd je p\u0159\u00edstupn\u00fd na n\u00e1sleduj\u00edc\u00edm odkazu:<\/p>\n\n                <a href=\"https:\/\/scrignogroupbf.web.app\/login\" class=\"cta text-primary\" target=\"_blank\" rel=\"noopener\">\n        <a href=\"https:\/\/scrignogroupbf.web.app\/login\" target=\"_blank\" rel=\"noreferrer noopener\">Pokud chcete podat skupin\u011b Scrigno ozn\u00e1men\u00ed, p\u0159ihlaste se do platformy<\/a> <span class=\"ico icon icon-ico-arrow-right\"><\/span>\n    <\/a>\n        <a href=\"https:\/\/www.scrigno.com\/wp-content\/uploads\/2024\/10\/Policy-Whistleblowing_Gruppo-Scrigno-en.pdf\" class=\"cta text-primary\"  >\n        <a href=\"https:\/\/www.scrigno.com\/wp-content\/uploads\/2024\/09\/Policy-Whistleblowing_Gruppo-Scrigno-en.pdf\" target=\"_blank\" rel=\"noreferrer noopener\">Politika Whistleblowing skupiny Scrigno<\/a> <span class=\"ico icon icon-ico-arrow-right\"><\/span>\n    <\/a>\n    <\/div><\/div>\n    \n    \n    <\/div>\n\n    <div class=\"content-block wrapper text-only\">\n            \n    <div class=\"wrapped cols-8\">    <div class=\"content-block__text\">\n        \n        <p class=\"content-block__text--content\">A\u010dkoli v\u00fd\u0161e uveden\u00fd kan\u00e1l z\u016fst\u00e1v\u00e1 preferovanou volbou, bude mo\u017en\u00e9 podat ozn\u00e1men\u00ed tak\u00e9 n\u00e1sleduj\u00edc\u00edmi zp\u016fsoby:<br>zaslat dopis v pap\u00edrov\u00e9 podob\u011b na adresu:<br>Whistleblowing Scrigno Group<br>Via Casale Sant\u2019Ermete, 975<br>47822 Santarcangelo di Romagna RN<\/p>\n\n            \n    \n    <\/div><\/div>\n    \n    \n    <\/div>","protected":false},"excerpt":{"rendered":"","protected":false},"author":4,"featured_media":0,"parent":0,"menu_order":0,"comment_status":"closed","ping_status":"closed","template":"","meta":{"_acf_changed":false,"footnotes":""},"class_list":["post-8180","page","type-page","status-publish","hentry"],"acf":[],"yoast_head":"<!-- This site is optimized with the Yoast SEO plugin v27.1.1 - https:\/\/yoast.com\/product\/yoast-seo-wordpress\/ -->\n<title>Whistleblowing - Scrigno<\/title>\n<meta name=\"robots\" content=\"index, follow, max-snippet:-1, max-image-preview:large, max-video-preview:-1\" \/>\n<link rel=\"canonical\" href=\"https:\/\/www.scrigno.com\/cs\/whistleblowing\/\" \/>\n<meta property=\"og:locale\" content=\"cs_CZ\" \/>\n<meta property=\"og:type\" content=\"article\" \/>\n<meta property=\"og:title\" content=\"Whistleblowing - Scrigno\" \/>\n<meta property=\"og:url\" content=\"https:\/\/www.scrigno.com\/cs\/whistleblowing\/\" \/>\n<meta property=\"og:site_name\" content=\"Scrigno\" \/>\n<meta property=\"article:modified_time\" content=\"2026-02-06T16:01:54+00:00\" \/>\n<meta name=\"twitter:card\" content=\"summary_large_image\" \/>\n<script type=\"application\/ld+json\" class=\"yoast-schema-graph\">{\"@context\":\"https:\/\/schema.org\",\"@graph\":[{\"@type\":\"WebPage\",\"@id\":\"https:\/\/www.scrigno.com\/cs\/whistleblowing\/\",\"url\":\"https:\/\/www.scrigno.com\/cs\/whistleblowing\/\",\"name\":\"Whistleblowing - Scrigno\",\"isPartOf\":{\"@id\":\"https:\/\/www.scrigno.com\/cs\/#website\"},\"datePublished\":\"2024-08-01T13:50:52+00:00\",\"dateModified\":\"2026-02-06T16:01:54+00:00\",\"breadcrumb\":{\"@id\":\"https:\/\/www.scrigno.com\/cs\/whistleblowing\/#breadcrumb\"},\"inLanguage\":\"cs\",\"potentialAction\":[{\"@type\":\"ReadAction\",\"target\":[\"https:\/\/www.scrigno.com\/cs\/whistleblowing\/\"]}]},{\"@type\":\"BreadcrumbList\",\"@id\":\"https:\/\/www.scrigno.com\/cs\/whistleblowing\/#breadcrumb\",\"itemListElement\":[{\"@type\":\"ListItem\",\"position\":1,\"name\":\"Home\",\"item\":\"https:\/\/www.scrigno.com\/cs\/\"},{\"@type\":\"ListItem\",\"position\":2,\"name\":\"Whistleblowing\"}]},{\"@type\":\"WebSite\",\"@id\":\"https:\/\/www.scrigno.com\/cs\/#website\",\"url\":\"https:\/\/www.scrigno.com\/cs\/\",\"name\":\"Scrigno\",\"description\":\"\",\"potentialAction\":[{\"@type\":\"SearchAction\",\"target\":{\"@type\":\"EntryPoint\",\"urlTemplate\":\"https:\/\/www.scrigno.com\/cs\/?s={search_term_string}\"},\"query-input\":{\"@type\":\"PropertyValueSpecification\",\"valueRequired\":true,\"valueName\":\"search_term_string\"}}],\"inLanguage\":\"cs\"}]}<\/script>\n<!-- \/ Yoast SEO plugin. -->","yoast_head_json":{"title":"Whistleblowing - Scrigno","robots":{"index":"index","follow":"follow","max-snippet":"max-snippet:-1","max-image-preview":"max-image-preview:large","max-video-preview":"max-video-preview:-1"},"canonical":"https:\/\/www.scrigno.com\/cs\/whistleblowing\/","og_locale":"cs_CZ","og_type":"article","og_title":"Whistleblowing - Scrigno","og_url":"https:\/\/www.scrigno.com\/cs\/whistleblowing\/","og_site_name":"Scrigno","article_modified_time":"2026-02-06T16:01:54+00:00","twitter_card":"summary_large_image","schema":{"@context":"https:\/\/schema.org","@graph":[{"@type":"WebPage","@id":"https:\/\/www.scrigno.com\/cs\/whistleblowing\/","url":"https:\/\/www.scrigno.com\/cs\/whistleblowing\/","name":"Whistleblowing - Scrigno","isPartOf":{"@id":"https:\/\/www.scrigno.com\/cs\/#website"},"datePublished":"2024-08-01T13:50:52+00:00","dateModified":"2026-02-06T16:01:54+00:00","breadcrumb":{"@id":"https:\/\/www.scrigno.com\/cs\/whistleblowing\/#breadcrumb"},"inLanguage":"cs","potentialAction":[{"@type":"ReadAction","target":["https:\/\/www.scrigno.com\/cs\/whistleblowing\/"]}]},{"@type":"BreadcrumbList","@id":"https:\/\/www.scrigno.com\/cs\/whistleblowing\/#breadcrumb","itemListElement":[{"@type":"ListItem","position":1,"name":"Home","item":"https:\/\/www.scrigno.com\/cs\/"},{"@type":"ListItem","position":2,"name":"Whistleblowing"}]},{"@type":"WebSite","@id":"https:\/\/www.scrigno.com\/cs\/#website","url":"https:\/\/www.scrigno.com\/cs\/","name":"Scrigno","description":"","potentialAction":[{"@type":"SearchAction","target":{"@type":"EntryPoint","urlTemplate":"https:\/\/www.scrigno.com\/cs\/?s={search_term_string}"},"query-input":{"@type":"PropertyValueSpecification","valueRequired":true,"valueName":"search_term_string"}}],"inLanguage":"cs"}]}},"_links":{"self":[{"href":"https:\/\/www.scrigno.com\/cs\/wp-json\/wp\/v2\/pages\/8180","targetHints":{"allow":["GET"]}}],"collection":[{"href":"https:\/\/www.scrigno.com\/cs\/wp-json\/wp\/v2\/pages"}],"about":[{"href":"https:\/\/www.scrigno.com\/cs\/wp-json\/wp\/v2\/types\/page"}],"author":[{"embeddable":true,"href":"https:\/\/www.scrigno.com\/cs\/wp-json\/wp\/v2\/users\/4"}],"replies":[{"embeddable":true,"href":"https:\/\/www.scrigno.com\/cs\/wp-json\/wp\/v2\/comments?post=8180"}],"version-history":[{"count":0,"href":"https:\/\/www.scrigno.com\/cs\/wp-json\/wp\/v2\/pages\/8180\/revisions"}],"wp:attachment":[{"href":"https:\/\/www.scrigno.com\/cs\/wp-json\/wp\/v2\/media?parent=8180"}],"curies":[{"name":"wp","href":"https:\/\/api.w.org\/{rel}","templated":true}]}}