{"id":8187,"date":"2024-08-26T15:52:17","date_gmt":"2024-08-26T13:52:17","guid":{"rendered":"https:\/\/www.scrigno.com\/certificazioni-e-garanzia\/"},"modified":"2026-02-09T17:47:17","modified_gmt":"2026-02-09T15:47:17","slug":"certifikace-a-zaruka","status":"publish","type":"page","link":"https:\/\/www.scrigno.com\/cs\/certifikace-a-zaruka\/","title":{"rendered":"Certifikace a z\u00e1ruka"},"content":{"rendered":"    <div class=\"content-block wrapper image-left\">\n            <div class=\"content-block__spacer\"><\/div>\n    <div class=\"content-block__column-image\">    <img decoding=\"async\" src=\"https:\/\/www.scrigno.com\/wp-content\/uploads\/2025\/03\/Cattura-1.png\" class=\"content-block__image\"  alt=\"Cattura\" \/><\/div>\n    <div class=\"content-block__column-text\">    <div class=\"content-block__text\">\n        <h3 class=\"content-block__text--title\">Rozpoznateln\u00e1 kvalita, vyroben\u00e1 na \u017eivot<\/h3>\n        <p class=\"content-block__text--content\">Spole\u010dnost Scrigno S.p.A. m\u00e1 certifikovan\u00fd syst\u00e9m \u0159\u00edzen\u00ed kvality podle normy UNI EN <a href=\"https:\/\/www.scrigno.com\/wp-content\/uploads\/2024\/12\/ISO-9001-2015-Certificate.pdf\">ISO 9001:2015<\/a>. Nejedn\u00e1 se pouze o form\u00e1ln\u00ed spln\u011bn\u00ed po\u017eadavk\u016f platn\u00fdch p\u0159edpis\u016f, ale o dal\u0161\u00ed podporu a podn\u011bt pro neust\u00e1l\u00e9 zlep\u0161ov\u00e1n\u00ed \u0159\u00edzen\u00ed podnikov\u00fdch proces\u016f zam\u011b\u0159en\u00fdch na efektivitu podnik\u00e1n\u00ed a spokojenost z\u00e1kazn\u00edk\u016f.<br><br>Kvalitu Scrigno pozn\u00e1te podle ORIGIN\u00c1LN\u00cd ZNA\u010cKY vyra\u017een\u00e9 na z\u00e1rubni a vodic\u00ed li\u0161t\u011b, kter\u00e1 je viditeln\u00e1 i po sestaven\u00ed v\u00fdrobku.<br><br>Zkontrolovat z\u00e1rube\u0148 a vodic\u00ed li\u0161tu je snadn\u00e9: pouze pokud maj\u00ed origin\u00e1ln\u00ed zna\u010dku, jsou Scrigno.<br><br>Spole\u010dnost Scrigno p\u0159ijala syst\u00e9m environment\u00e1ln\u00edho managementu zalo\u017een\u00fd na\u00a0<a href=\"https:\/\/www.scrigno.com\/wp-content\/uploads\/2024\/12\/ISO-14001-2015-Certificate.pdf\">certifikaci ISO 14001:2015<\/a>, kter\u00e9 dos\u00e1hla v roce 2021, a\u00a0p\u0159ijala syst\u00e9m uva\u017eov\u00e1n\u00ed zalo\u017een\u00e9m na riziku.<\/p>\n\n            \n    \n    <\/div><\/div>\n    <div class=\"content-block__spacer\"><\/div>\n    <\/div>\n\n    <div class=\"content-block wrapper image-right\">\n            <div class=\"content-block__spacer\"><\/div>\n    <div class=\"content-block__column-text\">    <div class=\"content-block__text\">\n        <h3 class=\"content-block__text--title\">Laboratorn\u00ed zkou\u0161ky<\/h3>\n        <p class=\"content-block__text--content\">Kvalita produkt\u016f Scrigno je samoz\u0159ejm\u011b certifikov\u00e1na t\u011bmi nejlep\u0161\u00edmi odborn\u00fdmi instituty. Pro Scrigno v\u0161ak pojem kvality neznamen\u00e1 jen dodr\u017eov\u00e1n\u00ed ustanoven\u00ed z\u00e1kona: r\u00e1di jdeme je\u0161t\u011b d\u00e1l a v\u017edy se sna\u017e\u00edme stanovovat nov\u00e9 standardy.<br><br>Z tohoto d\u016fvodu certifikujeme dlouh\u00fd seznam dobrovoln\u00fdch zkou\u0161ek jako d\u016fkaz, \u017ee na\u0161e produkty jsou schopny zaru\u010dit vynikaj\u00edc\u00ed v\u00fdsledky jak z hlediska provozu, tak aktivn\u00ed i pasivn\u00ed bezpe\u010dnosti.<br><br>\u0158ada Scrigno pro\u0161la p\u0159\u00edsn\u00fdmi testy odolnosti v\u016f\u010di n\u00e1raz\u016fm i odolnosti v\u016f\u010di zat\u00ed\u017een\u00ed, jsou v n\u00ed produkty, kter\u00e9 jsou odoln\u00e9 v\u016f\u010di ohni a neobsahuj\u00ed \u0161kodliv\u00e9 emise.<br>Vyzkou\u0161en\u00e9 a testovan\u00e9 na tis\u00edce cykl\u016f je tak\u00e9 ve\u0161ker\u00e9 p\u0159\u00edslu\u0161enstv\u00ed, tak\u017ee kvalita Scrigno je trvalou hodnotou v ka\u017ed\u00e9m okam\u017eiku.<\/p>\n\n            \n    \n    <\/div><\/div>\n    <div class=\"content-block__column-image\">    <img decoding=\"async\" src=\"https:\/\/www.scrigno.com\/wp-content\/uploads\/2024\/09\/3.jpg\" class=\"content-block__image\"  alt=\"3\" \/><\/div>\n    <div class=\"content-block__spacer\"><\/div>\n    <\/div>\n\n    <div class=\"content-block wrapper image-left\">\n            <div class=\"content-block__spacer\"><\/div>\n    <div class=\"content-block__column-image\">    <img decoding=\"async\" src=\"https:\/\/www.scrigno.com\/wp-content\/uploads\/2024\/09\/2.png\" class=\"content-block__image\"  alt=\"2\" \/><\/div>\n    <div class=\"content-block__column-text\">    <div class=\"content-block__text\">\n        <h3 class=\"content-block__text--title\">Kvalita jako princip<\/h3>\n        <p class=\"content-block__text--content\">Ji\u017e od roku 1989 p\u0159edstavuje kvalita pro firmu Scrigno jeden ze z\u00e1kladn\u00edch princip\u016f, nep\u0159ekonateln\u00e9 pravidlo, kter\u00e9 prov\u00e1z\u00ed ka\u017ed\u00fd v\u00fdrobek a podnikov\u00fd proces. Zaveden\u00e9, n\u011bkdy i ka\u017edodenn\u00ed postupy se skl\u00e1daj\u00ed z ov\u011b\u0159ov\u00e1n\u00ed, kontrol, laboratorn\u00edch a interi\u00e9rov\u00fdch zkou\u0161ek zam\u011b\u0159en\u00fdch na uv\u00e1d\u011bn\u00ed vysoce v\u00fdkonn\u00fdch a dlouhodob\u00fdch \u0159e\u0161en\u00ed na trh; postupy daleko p\u0159esahuj\u00edc\u00ed po\u017eadavky ustanoven\u00ed z\u00e1kona.<br><br>V\u00fdzkum, inovace a kvalita jsou na\u0161\u00edm denn\u00edm chlebem: na\u0161\u00ed nejlep\u0161\u00ed certifikac\u00ed kvality jsou \u010detn\u00e9 patenty. Neust\u00e1l\u00e9 prov\u00e1d\u011bn\u00e9 postupy zahrnuj\u00ed p\u0159es 30 kontrol v\u00fdrobn\u00edho cyklu, po\u010d\u00ednaje p\u0159\u00edchodem suroviny.<br><br>Scrigno toti\u017e testuje u v\u0161ech rol\u00ed plechu \u00farove\u0148 radioaktivity, proto\u017ee jej\u00edm c\u00edlem je nejenom hladk\u00e9 fungov\u00e1n\u00ed na\u0161ich produkt\u016f, ale i ochrana zdrav\u00ed t\u011bch, kte\u0159\u00ed je budou pou\u017e\u00edvat po mnoho let. Kvalita ka\u017ed\u00e9ho jednotliv\u00e9ho komponentu se testuje p\u0159i ka\u017ed\u00e9 dod\u00e1vce a v\u0161ichni na\u0161i dodavatel\u00e9 musej\u00ed prov\u00e1d\u011bt testy shody s vysok\u00fdmi standardy kvality.<br><br>Nen\u00ed n\u00e1hodou, \u017ee t\u00e9m\u011b\u0159 v\u0161echny pou\u017eit\u00e9 komponenty poch\u00e1zej\u00ed v\u00fdhradn\u011b od italsk\u00fdch v\u00fdrobc\u016f\u00a0<em>&#8222;Made in Italy&#8220;<\/em>\u00a0soust\u0159ed\u011bn\u00fdch v bl\u00edzkosti na\u0161ich tov\u00e1ren.<\/p>\n\n            \n    \n    <\/div><\/div>\n    <div class=\"content-block__spacer\"><\/div>\n    <\/div>\n\n\n<div class=\"wp-block-scrignocom-scrigno-com-block-download-list download-list wrapper product-section\" data-search-type=\"Certifikace\"><div class=\"section__header wrapped cols-10\"><div class=\"section__header--text\"><div class=\"section__title\">Certifikace<\/div><\/div><\/div><div class=\"file-list wrapped cols-10\"><div class=\"file-list__table\">    <a target=\"_blank\" href=\"https:\/\/www.scrigno.com\/wp-content\/uploads\/2024\/12\/ISO-9001-2015-Certificate.pdf\" class=\"file-list__row searchable\" >\n        \n        <div class=\"file-list__row--title\" data-search-text=\"ISO 9001:2015 Certificate\">ISO 9001:2015 Certificate<\/div>\n        <div class=\"file-list__row--type\">pdf<\/div>\n        <div class=\"file-list__row--size\">1.8 MB<\/div>\n    <\/a>\n\n    <a target=\"_blank\" href=\"https:\/\/www.scrigno.com\/wp-content\/uploads\/2024\/12\/ISO-14001-2015-Certificate.pdf\" class=\"file-list__row searchable\" >\n        \n        <div class=\"file-list__row--title\" data-search-text=\"ISO 14001:2015 Certificate\">ISO 14001:2015 Certificate<\/div>\n        <div class=\"file-list__row--type\">pdf<\/div>\n        <div class=\"file-list__row--size\">543.6 KB<\/div>\n    <\/a>\n\n    <a target=\"_blank\" href=\"https:\/\/www.scrigno.com\/wp-content\/uploads\/2026\/02\/PEFCCertificate_EN_2026.pdf\" class=\"file-list__row searchable\" >\n        \n        <div class=\"file-list__row--title\" data-search-text=\"PEFCCertificate\">PEFCCertificate<\/div>\n        <div class=\"file-list__row--type\">pdf<\/div>\n        <div class=\"file-list__row--size\">1.7 MB<\/div>\n    <\/a><\/div><\/div><\/div>\n\n\n\n<div class=\"wp-block-scrignocom-scrigno-com-block-download-list download-list wrapper product-section\" data-search-type=\"Z\u00e1ruka na produkt podr\u00e1m\"><div class=\"section__header wrapped cols-10\"><div class=\"section__header--text\"><div class=\"section__title\">Z\u00e1ruka na produkt podr\u00e1m<\/div><\/div><\/div><div class=\"file-list wrapped cols-10\"><div class=\"file-list__table\">    <a target=\"_blank\" href=\"https:\/\/www.scrigno.com\/wp-content\/uploads\/2025\/12\/Zaruka-na-produkt-podram.pdf\" class=\"file-list__row searchable\" >\n        \n        <div class=\"file-list__row--title\" data-search-text=\"Z\u00e1ruka na produkt podr\u00e1m\">Z\u00e1ruka na produkt podr\u00e1m<\/div>\n        <div class=\"file-list__row--type\">pdf<\/div>\n        <div class=\"file-list__row--size\">262.3 KB<\/div>\n    <\/a><\/div><\/div><\/div>\n","protected":false},"excerpt":{"rendered":"","protected":false},"author":1,"featured_media":0,"parent":0,"menu_order":0,"comment_status":"closed","ping_status":"closed","template":"","meta":{"_acf_changed":false,"footnotes":""},"class_list":["post-8187","page","type-page","status-publish","hentry"],"acf":[],"yoast_head":"<!-- This site is optimized with the Yoast SEO plugin v27.1.1 - https:\/\/yoast.com\/product\/yoast-seo-wordpress\/ -->\n<title>Certifikace a z\u00e1ruka - Scrigno<\/title>\n<meta name=\"robots\" content=\"index, follow, max-snippet:-1, max-image-preview:large, max-video-preview:-1\" \/>\n<link rel=\"canonical\" href=\"https:\/\/www.scrigno.com\/cs\/certifikace-a-zaruka\/\" \/>\n<meta property=\"og:locale\" content=\"cs_CZ\" \/>\n<meta property=\"og:type\" content=\"article\" \/>\n<meta property=\"og:title\" content=\"Certifikace a z\u00e1ruka - Scrigno\" \/>\n<meta property=\"og:url\" content=\"https:\/\/www.scrigno.com\/cs\/certifikace-a-zaruka\/\" \/>\n<meta property=\"og:site_name\" content=\"Scrigno\" \/>\n<meta property=\"article:modified_time\" content=\"2026-02-09T15:47:17+00:00\" \/>\n<meta name=\"twitter:card\" content=\"summary_large_image\" \/>\n<meta name=\"twitter:label1\" content=\"Odhadovan\u00e1 doba \u010dten\u00ed\" \/>\n\t<meta name=\"twitter:data1\" content=\"1 minuta\" \/>\n<script type=\"application\/ld+json\" class=\"yoast-schema-graph\">{\"@context\":\"https:\/\/schema.org\",\"@graph\":[{\"@type\":\"WebPage\",\"@id\":\"https:\/\/www.scrigno.com\/cs\/certifikace-a-zaruka\/\",\"url\":\"https:\/\/www.scrigno.com\/cs\/certifikace-a-zaruka\/\",\"name\":\"Certifikace a z\u00e1ruka - Scrigno\",\"isPartOf\":{\"@id\":\"https:\/\/www.scrigno.com\/cs\/#website\"},\"datePublished\":\"2024-08-26T13:52:17+00:00\",\"dateModified\":\"2026-02-09T15:47:17+00:00\",\"breadcrumb\":{\"@id\":\"https:\/\/www.scrigno.com\/cs\/certifikace-a-zaruka\/#breadcrumb\"},\"inLanguage\":\"cs\",\"potentialAction\":[{\"@type\":\"ReadAction\",\"target\":[\"https:\/\/www.scrigno.com\/cs\/certifikace-a-zaruka\/\"]}]},{\"@type\":\"BreadcrumbList\",\"@id\":\"https:\/\/www.scrigno.com\/cs\/certifikace-a-zaruka\/#breadcrumb\",\"itemListElement\":[{\"@type\":\"ListItem\",\"position\":1,\"name\":\"Home\",\"item\":\"https:\/\/www.scrigno.com\/cs\/\"},{\"@type\":\"ListItem\",\"position\":2,\"name\":\"Certifikace a z\u00e1ruka\"}]},{\"@type\":\"WebSite\",\"@id\":\"https:\/\/www.scrigno.com\/cs\/#website\",\"url\":\"https:\/\/www.scrigno.com\/cs\/\",\"name\":\"Scrigno\",\"description\":\"\",\"potentialAction\":[{\"@type\":\"SearchAction\",\"target\":{\"@type\":\"EntryPoint\",\"urlTemplate\":\"https:\/\/www.scrigno.com\/cs\/?s={search_term_string}\"},\"query-input\":{\"@type\":\"PropertyValueSpecification\",\"valueRequired\":true,\"valueName\":\"search_term_string\"}}],\"inLanguage\":\"cs\"}]}<\/script>\n<!-- \/ Yoast SEO plugin. -->","yoast_head_json":{"title":"Certifikace a z\u00e1ruka - Scrigno","robots":{"index":"index","follow":"follow","max-snippet":"max-snippet:-1","max-image-preview":"max-image-preview:large","max-video-preview":"max-video-preview:-1"},"canonical":"https:\/\/www.scrigno.com\/cs\/certifikace-a-zaruka\/","og_locale":"cs_CZ","og_type":"article","og_title":"Certifikace a z\u00e1ruka - Scrigno","og_url":"https:\/\/www.scrigno.com\/cs\/certifikace-a-zaruka\/","og_site_name":"Scrigno","article_modified_time":"2026-02-09T15:47:17+00:00","twitter_card":"summary_large_image","twitter_misc":{"Odhadovan\u00e1 doba \u010dten\u00ed":"1 minuta"},"schema":{"@context":"https:\/\/schema.org","@graph":[{"@type":"WebPage","@id":"https:\/\/www.scrigno.com\/cs\/certifikace-a-zaruka\/","url":"https:\/\/www.scrigno.com\/cs\/certifikace-a-zaruka\/","name":"Certifikace a z\u00e1ruka - Scrigno","isPartOf":{"@id":"https:\/\/www.scrigno.com\/cs\/#website"},"datePublished":"2024-08-26T13:52:17+00:00","dateModified":"2026-02-09T15:47:17+00:00","breadcrumb":{"@id":"https:\/\/www.scrigno.com\/cs\/certifikace-a-zaruka\/#breadcrumb"},"inLanguage":"cs","potentialAction":[{"@type":"ReadAction","target":["https:\/\/www.scrigno.com\/cs\/certifikace-a-zaruka\/"]}]},{"@type":"BreadcrumbList","@id":"https:\/\/www.scrigno.com\/cs\/certifikace-a-zaruka\/#breadcrumb","itemListElement":[{"@type":"ListItem","position":1,"name":"Home","item":"https:\/\/www.scrigno.com\/cs\/"},{"@type":"ListItem","position":2,"name":"Certifikace a z\u00e1ruka"}]},{"@type":"WebSite","@id":"https:\/\/www.scrigno.com\/cs\/#website","url":"https:\/\/www.scrigno.com\/cs\/","name":"Scrigno","description":"","potentialAction":[{"@type":"SearchAction","target":{"@type":"EntryPoint","urlTemplate":"https:\/\/www.scrigno.com\/cs\/?s={search_term_string}"},"query-input":{"@type":"PropertyValueSpecification","valueRequired":true,"valueName":"search_term_string"}}],"inLanguage":"cs"}]}},"_links":{"self":[{"href":"https:\/\/www.scrigno.com\/cs\/wp-json\/wp\/v2\/pages\/8187","targetHints":{"allow":["GET"]}}],"collection":[{"href":"https:\/\/www.scrigno.com\/cs\/wp-json\/wp\/v2\/pages"}],"about":[{"href":"https:\/\/www.scrigno.com\/cs\/wp-json\/wp\/v2\/types\/page"}],"author":[{"embeddable":true,"href":"https:\/\/www.scrigno.com\/cs\/wp-json\/wp\/v2\/users\/1"}],"replies":[{"embeddable":true,"href":"https:\/\/www.scrigno.com\/cs\/wp-json\/wp\/v2\/comments?post=8187"}],"version-history":[{"count":0,"href":"https:\/\/www.scrigno.com\/cs\/wp-json\/wp\/v2\/pages\/8187\/revisions"}],"wp:attachment":[{"href":"https:\/\/www.scrigno.com\/cs\/wp-json\/wp\/v2\/media?parent=8187"}],"curies":[{"name":"wp","href":"https:\/\/api.w.org\/{rel}","templated":true}]}}