{"id":8194,"date":"2024-09-02T15:26:04","date_gmt":"2024-09-02T13:26:04","guid":{"rendered":"https:\/\/www.scrigno.com\/porte-scorrevoli\/"},"modified":"2025-06-19T12:34:51","modified_gmt":"2025-06-19T10:34:51","slug":"posuvne-dvere","status":"publish","type":"page","link":"https:\/\/www.scrigno.com\/cs\/posuvne-dvere\/","title":{"rendered":"Posuvn\u00e9 dve\u0159e"},"content":{"rendered":"\n<div class=\"wp-block-scrignocom-scrigno-com-block-sub-hero sub-hero\"><div class=\"sub-hero__container wrapper\"><div class=\"sub-hero__image wrapped cols-w-8\"><img decoding=\"async\" loading=\"lazy\" src=\"https:\/\/www.scrigno.com\/wp-content\/uploads\/2024\/10\/scorrevole_3-scaled.jpg\"\/><\/div><div class=\"sub-hero__content wrapped cols-w-3\"><h2 class=\"sub-hero__title\">Syst\u00e9m otev\u00edr\u00e1n\u00ed posuvn\u00fdch dve\u0159\u00ed<\/h2><p class=\"sub-hero__subtitle subtitle1\"><\/p><p class=\"sub-hero__text Body1\">Syst\u00e9my otev\u00edr\u00e1n\u00ed posuvn\u00fdch dve\u0159\u00ed p\u0159edstavuj\u00ed v\u0161estrann\u00e1 a sofistikovan\u00e1 \u0159e\u0161en\u00ed, kombinuj\u00edc\u00ed pomocn\u00fd r\u00e1m s posuvn\u00fdmi dve\u0159mi.<br><br>Tyto syst\u00e9my existuj\u00ed jak ve verzi zapu\u0161t\u011bn\u00e9 do zdi, tak ve verzi se z\u00e1rubn\u011bmi. Jsou dizajnov\u00e1ny tak, aby se p\u0159izp\u016fsobily tak\u00e9 specifick\u00fdm konstruk\u010dn\u00edm pot\u0159eb\u00e1m.<br><br>Sortiment zahrnuje \u0159e\u0161en\u00ed pro posuvn\u00e9 dve\u0159e ze d\u0159eva, skla a speci\u00e1ln\u00ed \u0159e\u0161en\u00ed, nab\u00edzej\u00edc\u00ed \u0161irok\u00fd v\u00fdb\u011br materi\u00e1l\u016f a povrchov\u00fdch \u00faprav pro ka\u017ed\u00fd styl a dokonalou funk\u010dnost.<\/p><div class=\"sub-hero__ctas\"><a href=\"https:\/\/www.scrigno.com\/cs\/categoria\/posuvne-systemy\/\" class=\"sub-hero__cta cta\">Objevte v\u0161echny posuvn\u00e9 dve\u0159e<span class=\"ico icon icon-ico-arrow-right\"><\/span><\/a><\/div><\/div><\/div><\/div>\n\n\n    <div class=\"content-block wrapper image-right\">\n            <div class=\"content-block__spacer\"><\/div>\n    <div class=\"content-block__column-text\">    <div class=\"content-block__text\">\n        <h3 class=\"content-block__text--title\">Pomocn\u00e9 z\u00e1rubn\u011b pro posuvn\u00e9 dve\u0159e<\/h3>\n        <p class=\"content-block__text--content\">Rozs\u00e1hl\u00e1 \u0159ada pomocn\u00fdch z\u00e1rubn\u00ed Scrigno garantuje z\u00e1kazn\u00edk\u016fm a profesion\u00e1l\u016fm maxim\u00e1ln\u00ed designovou v\u0161estrannost. Umo\u017en\u00ed v\u00e1m v\u017edy naj\u00edt to, co pot\u0159ebujete, ani\u017e byste museli d\u011blat kompromisy.<br><br>Existuj\u00ed k dispozici v \u0159ad\u00e1ch Platinum a Tech, jedn\u00e1 se o extr\u00e9mn\u011b odoln\u00e1 \u0159e\u0161en\u00ed s vynikaj\u00edc\u00edm v\u00fdkonem \u2013 a\u017e do t\u00e9 m\u00edry, \u017ee testy tuhosti materi\u00e1lu je uznaly za nejrobustn\u011bj\u0161\u00ed na trhu.<br><br>V\u0161echny pomocn\u00e9 z\u00e1rubn\u011b jsou v\u00fdsledkem \u010detn\u00fdch studi\u00ed a technologick\u00fdch v\u00fdzkum\u016f, d\u00edky nim\u017e jsou jedine\u010dn\u00e9 ve sv\u00e9m druhu. Nab\u00edzej\u00ed bezkonkuren\u010dn\u00ed \u00farove\u0148 hladk\u00e9ho pohybu a ticha, vytv\u00e1\u0159ej\u00ed harmonick\u00e9 a pohodln\u00e9 prost\u0159ed\u00ed a vyzna\u010duj\u00ed se pom\u011brn\u011b jednoduchou instalac\u00ed.<\/p>\n\n            \n    \n    <\/div><\/div>\n    <div class=\"content-block__column-image large-image\">    <img decoding=\"async\" src=\"https:\/\/www.scrigno.com\/wp-content\/uploads\/2024\/07\/porta_scorrevole-controtelai_scrigno.jpg\" class=\"content-block__image\"  alt=\"porta_scorrevole-controtelai_scrigno\" \/><\/div>\n    \n    <\/div>\n\n        <div class=\"banner banner--warranty banner--surface\">\n            <div class=\"banner__container\">\n                <div class=\"banner__content\">\n                    <div class=\"banner__title-wrapper\">\n                        <span class=\"banner__title-icon icon icon-ico-award\"><\/span>\n                        <h3 class=\"banner__title\">Z\u00e1ruka na produkt<\/h3>\n                    <\/div>\n                    <p class=\"banner__text\">Posuvn\u00e9 dve\u0159e Scrigno byly v\u017edy uzn\u00e1v\u00e1ny jako l\u00edd\u0159i v tomto odv\u011btv\u00ed a neust\u00e1le se vyv\u00edjej\u00ed, a to jak z hlediska designu, tak odolnosti a \u017eivotnosti v pr\u016fb\u011bhu \u010dasu. Testy proveden\u00e9 v akreditovan\u00fdch institutech potvrzuj\u00ed a potvrzuj\u00ed p\u0159evahu posuvn\u00fdch dve\u0159\u00ed Scrigno ve srovn\u00e1n\u00ed s hlavn\u00edmi konkuren\u010dn\u00edmi \u0159e\u0161en\u00edmi na trhu, pokud jde o: odolnost, robustnost a nosnost; p\u0159\u00edstupnost, lehkost a hladkost; snadn\u00e1 instalace a udr\u017eitelnost v\u00fdroby.  <\/p>\n                <\/div>\n            <\/div>\n        <\/div>\n\n\n<div class=\"wp-block-scrignocom-scrigno-com-block-products-explorer section products__explorer\"><div class=\"products__explorer-wrapper wrapper\"><div class=\"section__header wrapped\"><div class=\"section__header--text\"><h2 class=\"section__title\">Materi\u00e1ly a funk\u010dnost pro ka\u017edou pot\u0159ebu<\/h2><p class=\"section__subtitle\">V\u00fdb\u011br posuvn\u00fdch dve\u0159\u00ed v elegantn\u00edm proveden\u00ed v jedn\u00e9 rovin\u011b se st\u011bnou i se z\u00e1rubn\u011bmi. Rozmanit\u00fd v\u00fdb\u011br materi\u00e1l\u016f, s mo\u017enostmi d\u0159eva a skla, ide\u00e1ln\u00edmi pro dod\u00e1n\u00ed tepla a transparentnosti do prost\u0159ed\u00ed. Pro pot\u0159eby bezpe\u010dnosti a pohodl\u00ed nab\u00edz\u00edme tak\u00e9 speci\u00e1ln\u00ed \u0159e\u0161en\u00ed, jako jsou zvukot\u011bsn\u00e9 a protipo\u017e\u00e1rn\u00ed posuvn\u00e9 dve\u0159e, zaru\u010duj\u00edc\u00ed kombinaci stylu a funk\u010dnosti pro ka\u017ed\u00fd typ prost\u0159ed\u00ed.<br><a href=\"https:\/\/www.scrigno.com\/IT\/it\/porte-scrigno\/porte-battenti-in-legno\"><\/a><\/p><\/div><\/div><div class=\"card__row splide\"><div class=\"splide__track\"><div class=\"splide__list\">    <a href=\"https:\/\/www.scrigno.com\/cs\/categoria\/drevene-posuvne-dvere\/\" target=\"\" rel=\"\" class=\"card products__explorer--card splide__slide\">\n        <div class=\"card__img\" style=\"background-image: url('https:\/\/www.scrigno.com\/wp-content\/uploads\/2024\/07\/porta_scorrevole-in-legno_scrigno.jpg')\"><\/div>\n\n        <div class=\"card__content\">\n            <div class=\"card__text\">\n                <h3 class=\"card__title\">D\u0159evo<\/h3>\n                <p class=\"card__description card__description--long\">Lakovan\u00e9 a lamin\u00e1tov\u00e9 posuvn\u00e9 dve\u0159e p\u0159edstavuj\u00ed ide\u00e1ln\u00ed variantu do modern\u00edho i klasick\u00e9ho prost\u0159ed\u00ed.<\/p>\n            <\/div>\n            <div class=\"cta card__cta text-primary\">\n                <span class=\"card__cta--text\">Zobrazit produkty<\/span> <span class=\"ico icon icon-ico-arrow-right\"><\/span>\n            <\/div>\n        <\/div>\n    <\/a>\n\n    <a href=\"https:\/\/www.scrigno.com\/cs\/categoria\/sklenene-posuvne-dvere\/\" target=\"\" rel=\"\" class=\"card products__explorer--card splide__slide\">\n        <div class=\"card__img\" style=\"background-image: url('https:\/\/www.scrigno.com\/wp-content\/uploads\/2024\/07\/porta_scorrevole-in-vetro_scrigno.jpg')\"><\/div>\n\n        <div class=\"card__content\">\n            <div class=\"card__text\">\n                <h3 class=\"card__title\">Sklo<\/h3>\n                <p class=\"card__description card__description--long\">Posuvn\u00e9 sklen\u011bn\u00e9 dve\u0159e obohacuj\u00ed jak\u00fdkoli typ prost\u0159ed\u00ed a dokonale dopln\u00ed r\u016fzn\u00e9 styly. Povrchov\u00e9 \u00fapravy se pohybuj\u00ed v bohat\u00e9 palet\u011b voliteln\u00fdch odst\u00edn\u016f.<\/p>\n            <\/div>\n            <div class=\"cta card__cta text-primary\">\n                <span class=\"card__cta--text\">Zobrazit produkty<\/span> <span class=\"ico icon icon-ico-arrow-right\"><\/span>\n            <\/div>\n        <\/div>\n    <\/a>\n\n    <a href=\"https:\/\/www.scrigno.com\/cs\/categoria\/specialni-posuvne-dvere\/\" target=\"\" rel=\"\" class=\"card products__explorer--card splide__slide\">\n        <div class=\"card__img\" style=\"background-image: url('https:\/\/www.scrigno.com\/wp-content\/uploads\/2024\/07\/porta_scorrevole-tecniche_scrigno.jpg')\"><\/div>\n\n        <div class=\"card__content\">\n            <div class=\"card__text\">\n                <h3 class=\"card__title\">Speciality<\/h3>\n                <p class=\"card__description card__description--long\">Posuvn\u00e9 syst\u00e9my se z\u00e1rubn\u011bmi a v jedn\u00e9 rovin\u011b se st\u011bnou, kter\u00e9 umo\u017e\u0148uj\u00ed z\u00edskat certifikovan\u00e9 vlastnosti jak pro akustickou izolaci, tak pro po\u017e\u00e1rn\u00ed odolnost.<\/p>\n            <\/div>\n            <div class=\"cta card__cta text-primary\">\n                <span class=\"card__cta--text\">Zobrazit produkty<\/span> <span class=\"ico icon icon-ico-arrow-right\"><\/span>\n            <\/div>\n        <\/div>\n    <\/a><\/div><\/div><\/div><div class=\"section__footer\"><\/div><\/div><\/div>\n\n\n\n<div class=\"wp-block-scrignocom-scrigno-com-block-related-categories related-categories wrapper\"><div class=\"section__header wrapped cols-w-5 offset-l-1\"><div class=\"section__header--text\"><h2 class=\"section__title\">Typologie posuvn\u00fdch dve\u0159\u00ed<\/h2><p class=\"section__subtitle\">N\u00e1\u0161 v\u00fdb\u011br posuvn\u00fdch dve\u0159\u00ed, dostupn\u00fdch se z\u00e1rubn\u011bmi nebo instalovan\u00fdch v jedn\u00e9 rovin\u011b se st\u011bnou, nab\u00edz\u00ed v\u0161estrann\u00e1 \u0159e\u0161en\u00ed pro ka\u017ed\u00e9 prost\u0159ed\u00ed. Od tradi\u010dn\u00edch d\u0159ev\u011bn\u00fdch dve\u0159\u00ed po elegantn\u00ed sklen\u011bn\u00e9 dve\u0159e, zde najdete perfektn\u00ed kombinaci stylu a funk\u010dnosti, kter\u00e1 bude vyhovovat va\u0161im pot\u0159eb\u00e1m. D\u00e1le nab\u00edz\u00edme speci\u00e1ln\u00ed mo\u017enosti, jako jsou zvukot\u011bsn\u00e9 a protipo\u017e\u00e1rn\u00ed posuvn\u00e9 dve\u0159e, kter\u00e9 zajist\u00ed bezpe\u010dnost a pohodl\u00ed v ka\u017ed\u00e9 situaci.<br><a href=\"https:\/\/www.scrigno.com\/cs\/categoria\/posuvne-systemy\/?tipology=55\"><\/a><\/p><\/div><\/div><div class=\"box__list wrapped\">    <div class=\"box related-box half\">\n        <a href=\"https:\/\/www.scrigno.com\/cs\/categoria\/posuvne-systemy-zapustene\/\"\n            target=\"\"\n            rel=\"\"\n            class=\"box__container\">\n            <div class=\"box__img\" style=\"background-image:url('https:\/\/www.scrigno.com\/wp-content\/uploads\/2024\/07\/related_1.jpeg')\"><\/div>\n\n            <div class=\"box__content\">\n                <div class=\"box__title\">Posuvn\u00e9 dve\u0159e zapu\u0161t\u011bn\u00e9 do st\u011bny<\/div>\n                <div class=\"box__description\"><\/div>\n                    <span class=\"cta text-primary\">\n        Zjist\u011bte v\u00edce <span class=\"ico icon icon-ico-arrow-right\"><\/span>\n    <\/span>\n            <\/div>\n        <\/a>\n    <\/div>\n\n    <div class=\"box related-box half\">\n        <a href=\"https:\/\/www.scrigno.com\/it\/categoria\/porte-scorrevoli\/?tipology=doorposts\"\n            target=\"\"\n            rel=\"\"\n            class=\"box__container\">\n            <div class=\"box__img\" style=\"background-image:url('https:\/\/www.scrigno.com\/wp-content\/uploads\/2024\/07\/related_2.jpeg')\"><\/div>\n\n            <div class=\"box__content\">\n                <div class=\"box__title\">Posuvn\u00e9 dve\u0159e se z\u00e1rubn\u011bmi<\/div>\n                <div class=\"box__description\"><\/div>\n                    <span class=\"cta text-primary\">\n        Zjist\u011bte v\u00edce <span class=\"ico icon icon-ico-arrow-right\"><\/span>\n    <\/span>\n            <\/div>\n        <\/a>\n    <\/div><\/div><\/div>\n\n\n    <div class=\"banner-architects\">\n        <div title=\"NAJD\u011aTE PRODEJN\u00cd M\u00cdSTA A Z\u00c1STUPCE\" class=\"banner-architects__image\">\n            <img decoding=\"async\" src=\"https:\/\/www.scrigno.com\/wp-content\/uploads\/2025\/06\/Banner_Architetti_v2-12.jpg\" alt=\"\" \/>\n        <\/div>\n        <div class=\"banner-architects__text-box\">\n            <h4 class=\"banner-architects__title\">NAJD\u011aTE PRODEJN\u00cd M\u00cdSTA A Z\u00c1STUPCE<\/h4>\n            \n            <a href=\"#\" class=\"cta\">\n                Zjist\u011bte v\u00edce\n                <span class=\"ico icon icon-ico-arrow-right\"><\/span>\n            <\/a>\n        <\/div>\n    <\/div>\n\n\n<div class=\"wp-block-group wrapper is-layout-constrained wp-block-group-is-layout-constrained\">\n<h3 class=\"wp-block-heading wrapped cols-10 section__title\">Kontaktujte n\u00e1s<\/h3>\n\n\n    <div class=\"_form_129 wrapped cols-10 \"><\/div>\n    <script src=\"https:\/\/scrignogroup.activehosted.com\/f\/embed.php?id=129\" charset=\"utf-8\" data-cookieconsent=\"ignore\"><\/script><\/div>\n","protected":false},"excerpt":{"rendered":"<p>Kontaktujte n\u00e1s<\/p>\n","protected":false},"author":1,"featured_media":0,"parent":0,"menu_order":0,"comment_status":"closed","ping_status":"closed","template":"","meta":{"_acf_changed":false,"footnotes":""},"class_list":["post-8194","page","type-page","status-publish","hentry"],"acf":[],"yoast_head":"<!-- This site is optimized with the Yoast SEO plugin v27.1.1 - https:\/\/yoast.com\/product\/yoast-seo-wordpress\/ -->\n<title>Posuvn\u00e9 dve\u0159e - Scrigno<\/title>\n<meta name=\"robots\" content=\"index, follow, max-snippet:-1, max-image-preview:large, max-video-preview:-1\" \/>\n<link rel=\"canonical\" href=\"https:\/\/www.scrigno.com\/cs\/posuvne-dvere\/\" \/>\n<meta property=\"og:locale\" content=\"cs_CZ\" \/>\n<meta property=\"og:type\" content=\"article\" \/>\n<meta property=\"og:title\" content=\"Posuvn\u00e9 dve\u0159e - Scrigno\" \/>\n<meta property=\"og:description\" content=\"Kontaktujte n\u00e1s\" \/>\n<meta property=\"og:url\" content=\"https:\/\/www.scrigno.com\/cs\/posuvne-dvere\/\" \/>\n<meta property=\"og:site_name\" content=\"Scrigno\" \/>\n<meta property=\"article:modified_time\" content=\"2025-06-19T10:34:51+00:00\" \/>\n<meta property=\"og:image\" content=\"https:\/\/www.scrigno.com\/wp-content\/uploads\/2024\/10\/scorrevole_3-scaled.jpg\" \/>\n<meta name=\"twitter:card\" content=\"summary_large_image\" \/>\n<meta name=\"twitter:label1\" content=\"Odhadovan\u00e1 doba \u010dten\u00ed\" \/>\n\t<meta name=\"twitter:data1\" content=\"2 minuty\" \/>\n<script type=\"application\/ld+json\" class=\"yoast-schema-graph\">{\"@context\":\"https:\/\/schema.org\",\"@graph\":[{\"@type\":\"WebPage\",\"@id\":\"https:\/\/www.scrigno.com\/cs\/posuvne-dvere\/\",\"url\":\"https:\/\/www.scrigno.com\/cs\/posuvne-dvere\/\",\"name\":\"Posuvn\u00e9 dve\u0159e - Scrigno\",\"isPartOf\":{\"@id\":\"https:\/\/www.scrigno.com\/cs\/#website\"},\"primaryImageOfPage\":{\"@id\":\"https:\/\/www.scrigno.com\/cs\/posuvne-dvere\/#primaryimage\"},\"image\":{\"@id\":\"https:\/\/www.scrigno.com\/cs\/posuvne-dvere\/#primaryimage\"},\"thumbnailUrl\":\"https:\/\/www.scrigno.com\/wp-content\/uploads\/2024\/10\/scorrevole_3-scaled.jpg\",\"datePublished\":\"2024-09-02T13:26:04+00:00\",\"dateModified\":\"2025-06-19T10:34:51+00:00\",\"breadcrumb\":{\"@id\":\"https:\/\/www.scrigno.com\/cs\/posuvne-dvere\/#breadcrumb\"},\"inLanguage\":\"cs\",\"potentialAction\":[{\"@type\":\"ReadAction\",\"target\":[\"https:\/\/www.scrigno.com\/cs\/posuvne-dvere\/\"]}]},{\"@type\":\"ImageObject\",\"inLanguage\":\"cs\",\"@id\":\"https:\/\/www.scrigno.com\/cs\/posuvne-dvere\/#primaryimage\",\"url\":\"https:\/\/www.scrigno.com\/wp-content\/uploads\/2024\/10\/scorrevole_3-scaled.jpg\",\"contentUrl\":\"https:\/\/www.scrigno.com\/wp-content\/uploads\/2024\/10\/scorrevole_3-scaled.jpg\"},{\"@type\":\"BreadcrumbList\",\"@id\":\"https:\/\/www.scrigno.com\/cs\/posuvne-dvere\/#breadcrumb\",\"itemListElement\":[{\"@type\":\"ListItem\",\"position\":1,\"name\":\"Home\",\"item\":\"https:\/\/www.scrigno.com\/cs\/\"},{\"@type\":\"ListItem\",\"position\":2,\"name\":\"Posuvn\u00e9 dve\u0159e\"}]},{\"@type\":\"WebSite\",\"@id\":\"https:\/\/www.scrigno.com\/cs\/#website\",\"url\":\"https:\/\/www.scrigno.com\/cs\/\",\"name\":\"Scrigno\",\"description\":\"\",\"potentialAction\":[{\"@type\":\"SearchAction\",\"target\":{\"@type\":\"EntryPoint\",\"urlTemplate\":\"https:\/\/www.scrigno.com\/cs\/?s={search_term_string}\"},\"query-input\":{\"@type\":\"PropertyValueSpecification\",\"valueRequired\":true,\"valueName\":\"search_term_string\"}}],\"inLanguage\":\"cs\"}]}<\/script>\n<!-- \/ Yoast SEO plugin. -->","yoast_head_json":{"title":"Posuvn\u00e9 dve\u0159e - Scrigno","robots":{"index":"index","follow":"follow","max-snippet":"max-snippet:-1","max-image-preview":"max-image-preview:large","max-video-preview":"max-video-preview:-1"},"canonical":"https:\/\/www.scrigno.com\/cs\/posuvne-dvere\/","og_locale":"cs_CZ","og_type":"article","og_title":"Posuvn\u00e9 dve\u0159e - Scrigno","og_description":"Kontaktujte n\u00e1s","og_url":"https:\/\/www.scrigno.com\/cs\/posuvne-dvere\/","og_site_name":"Scrigno","article_modified_time":"2025-06-19T10:34:51+00:00","og_image":[{"url":"https:\/\/www.scrigno.com\/wp-content\/uploads\/2024\/10\/scorrevole_3-scaled.jpg","type":"","width":"","height":""}],"twitter_card":"summary_large_image","twitter_misc":{"Odhadovan\u00e1 doba \u010dten\u00ed":"2 minuty"},"schema":{"@context":"https:\/\/schema.org","@graph":[{"@type":"WebPage","@id":"https:\/\/www.scrigno.com\/cs\/posuvne-dvere\/","url":"https:\/\/www.scrigno.com\/cs\/posuvne-dvere\/","name":"Posuvn\u00e9 dve\u0159e - Scrigno","isPartOf":{"@id":"https:\/\/www.scrigno.com\/cs\/#website"},"primaryImageOfPage":{"@id":"https:\/\/www.scrigno.com\/cs\/posuvne-dvere\/#primaryimage"},"image":{"@id":"https:\/\/www.scrigno.com\/cs\/posuvne-dvere\/#primaryimage"},"thumbnailUrl":"https:\/\/www.scrigno.com\/wp-content\/uploads\/2024\/10\/scorrevole_3-scaled.jpg","datePublished":"2024-09-02T13:26:04+00:00","dateModified":"2025-06-19T10:34:51+00:00","breadcrumb":{"@id":"https:\/\/www.scrigno.com\/cs\/posuvne-dvere\/#breadcrumb"},"inLanguage":"cs","potentialAction":[{"@type":"ReadAction","target":["https:\/\/www.scrigno.com\/cs\/posuvne-dvere\/"]}]},{"@type":"ImageObject","inLanguage":"cs","@id":"https:\/\/www.scrigno.com\/cs\/posuvne-dvere\/#primaryimage","url":"https:\/\/www.scrigno.com\/wp-content\/uploads\/2024\/10\/scorrevole_3-scaled.jpg","contentUrl":"https:\/\/www.scrigno.com\/wp-content\/uploads\/2024\/10\/scorrevole_3-scaled.jpg"},{"@type":"BreadcrumbList","@id":"https:\/\/www.scrigno.com\/cs\/posuvne-dvere\/#breadcrumb","itemListElement":[{"@type":"ListItem","position":1,"name":"Home","item":"https:\/\/www.scrigno.com\/cs\/"},{"@type":"ListItem","position":2,"name":"Posuvn\u00e9 dve\u0159e"}]},{"@type":"WebSite","@id":"https:\/\/www.scrigno.com\/cs\/#website","url":"https:\/\/www.scrigno.com\/cs\/","name":"Scrigno","description":"","potentialAction":[{"@type":"SearchAction","target":{"@type":"EntryPoint","urlTemplate":"https:\/\/www.scrigno.com\/cs\/?s={search_term_string}"},"query-input":{"@type":"PropertyValueSpecification","valueRequired":true,"valueName":"search_term_string"}}],"inLanguage":"cs"}]}},"_links":{"self":[{"href":"https:\/\/www.scrigno.com\/cs\/wp-json\/wp\/v2\/pages\/8194","targetHints":{"allow":["GET"]}}],"collection":[{"href":"https:\/\/www.scrigno.com\/cs\/wp-json\/wp\/v2\/pages"}],"about":[{"href":"https:\/\/www.scrigno.com\/cs\/wp-json\/wp\/v2\/types\/page"}],"author":[{"embeddable":true,"href":"https:\/\/www.scrigno.com\/cs\/wp-json\/wp\/v2\/users\/1"}],"replies":[{"embeddable":true,"href":"https:\/\/www.scrigno.com\/cs\/wp-json\/wp\/v2\/comments?post=8194"}],"version-history":[{"count":0,"href":"https:\/\/www.scrigno.com\/cs\/wp-json\/wp\/v2\/pages\/8194\/revisions"}],"wp:attachment":[{"href":"https:\/\/www.scrigno.com\/cs\/wp-json\/wp\/v2\/media?parent=8194"}],"curies":[{"name":"wp","href":"https:\/\/api.w.org\/{rel}","templated":true}]}}