{"id":8200,"date":"2024-09-02T17:40:26","date_gmt":"2024-09-02T15:40:26","guid":{"rendered":"https:\/\/www.scrigno.com\/contatti\/"},"modified":"2025-06-19T12:44:18","modified_gmt":"2025-06-19T10:44:18","slug":"kontakty","status":"publish","type":"page","link":"https:\/\/www.scrigno.com\/cs\/kontakty\/","title":{"rendered":"Kontakty"},"content":{"rendered":"\n<div class=\"wp-block-group wrapper is-layout-constrained wp-block-group-is-layout-constrained\">\n<div class=\"wp-block-group wrapped cols-w-7 is-vertical is-layout-flex wp-container-core-group-is-layout-8cf370e7 wp-block-group-is-layout-flex\">\n<div class=\"wp-block-scrignocom-scrigno-com-block-map map-scrigno\"><iframe class=\"map-scrigno__iframe\" src=\"https:\/\/www.google.com\/maps\/embed?pb=!1m18!1m12!1m3!1d1076.3320588100362!2d14.461296184424684!3d50.08697052305551!2m3!1f0!2f0!3f0!3m2!1i1024!2i768!4f13.1!3m3!1m2!1s0x470b935fc570244b%3A0xc728af919c2f3570!2sJeseniova%202770%2F56a%2C%20130%2000%20Praha%203-%C5%BDi%C5%BEkov%2C%20Cechia!5e0!3m2!1sit!2sit!4v1734425224593!5m2!1sit!2sit&quot; width=&quot;600&quot; height=&quot;450&quot; style=&quot;border:0;&quot; allowfullscreen=&quot;&quot; loading=&quot;lazy&quot; referrerpolicy=&quot;no-referrer-when-downgrade\" width=\"100%\" loading=\"lazy\" referrerpolicy=\"no-referrer-when-downgrade\"><\/iframe><\/div>\n<\/div>\n\n\n\n<div class=\"wp-block-group wrapped cols-w-1 is-vertical is-layout-flex wp-container-core-group-is-layout-8cf370e7 wp-block-group-is-layout-flex\"><\/div>\n\n\n\n<div class=\"wp-block-group wrapped cols-w-3 v-center-content is-layout-constrained wp-block-group-is-layout-constrained\">\n<h3 class=\"wp-block-heading section__title has-large-font-size\">Kontaktujte n\u00e1s<\/h3>\n\n\n\n<p class=\"section__subtitle\"><strong>Showroom<br><\/strong>Jeseniova 2770\/56<br>130 00 Praha 3<br>Otev\u0159eno dle tel. Domluvy<br><br><strong>Martin Je\u0159\u00e1bek<\/strong><br>Area Manager:<br>Hlavn\u00ed m\u011bsto Praha, St\u0159edo\u010desk\u00fd kraj, Jiho\u010desk\u00fd kraj, Plze\u0148sk\u00fd kraj, Karlovarsk\u00fd kraj, \u00dasteck\u00fd kraj, Libereck\u00fd kraj, Kr\u00e1lov\u00e9hradeck\u00fd kraj<br><strong>Mail <\/strong>: m.jerabek@scrignogroup.com<br><strong>Mobil: <\/strong>. +420 733 726 686<\/p>\n\n\n\n<p class=\"section__subtitle\"><br><br><strong>D\u00e1\u0161a Moslerov\u00e1<\/strong><br>Area Manager:<br>Pardubick\u00fd kraj, Vyso\u010dina, Jihomoravsk\u00fd kraj, Zl\u00ednsk\u00fd kraj, Olomouck\u00fd kraj, Moravskoslezsk\u00fd kraj<br><strong>Mail <\/strong>: d.moslerova@scrignogroup.com<br><strong>Mobil <\/strong>: +420 739 662 537<br><br><strong>Administrativa<\/strong><br>Petra \u0160ediv\u00e1<br><strong>Mail <\/strong>: p.sediva@scrignogroup.com<\/p>\n\n\n\n<p><\/p>\n<\/div>\n<\/div>\n\n\n\n<p>.<\/p>\n\n\n<\/div>\n<p><!-- \/wp:post-content --><\/div>\n<p><!-- \/wp:group --><br \/>\n<!-- wp:scrignocom\/scrigno-com-block-faq-banner {\"title\":\"Frequently asked questions\",\"ctaText\":\"Zobrazit v\u0161echny \u010dasto kladen\u00e9 dotazy\",\"ctaUrl\":{\"url\":\"https:\/\/www.scrigno.com\/cs\/faq\/\",\"title\":\"Frequently asked questions\",\"opensInNewTab\":false,\"id\":8144,\"type\":\"page\",\"kind\":\"post-type\"}} \/--><\/p>\n<p><!-- wp:group {\"className\":\"wrapper\",\"layout\":{\"type\":\"constrained\"}} --><\/p>\n<div class=\"wp-block-group wrapper\"><!-- wp:scrignocom\/scrigno-com-block-contacts-forms {\"className\":\"wrapped cols-10\"} \/--><\/div>\n<p><!-- \/wp:group --><\/p>","protected":false},"excerpt":{"rendered":"<p>Kontaktujte n\u00e1s ShowroomJeseniova 2770\/56130 00 Praha 3Otev\u0159eno dle tel. Domluvy Martin Je\u0159\u00e1bekArea Manager:Hlavn\u00ed m\u011bsto Praha, St\u0159edo\u010desk\u00fd kraj, Jiho\u010desk\u00fd kraj, Plze\u0148sk\u00fd [&hellip;]<\/p>\n","protected":false},"author":1,"featured_media":0,"parent":0,"menu_order":0,"comment_status":"closed","ping_status":"closed","template":"","meta":{"_acf_changed":false,"footnotes":""},"class_list":["post-8200","page","type-page","status-publish","hentry"],"acf":[],"yoast_head":"<!-- This site is optimized with the Yoast SEO plugin v27.1.1 - https:\/\/yoast.com\/product\/yoast-seo-wordpress\/ -->\n<title>Kontakty - Scrigno<\/title>\n<meta name=\"robots\" content=\"index, follow, max-snippet:-1, max-image-preview:large, max-video-preview:-1\" \/>\n<link rel=\"canonical\" href=\"https:\/\/www.scrigno.com\/cs\/kontakty\/\" \/>\n<meta property=\"og:locale\" content=\"cs_CZ\" \/>\n<meta property=\"og:type\" content=\"article\" \/>\n<meta property=\"og:title\" content=\"Kontakty - Scrigno\" \/>\n<meta property=\"og:description\" content=\"Kontaktujte n\u00e1s ShowroomJeseniova 2770\/56130 00 Praha 3Otev\u0159eno dle tel. Domluvy Martin Je\u0159\u00e1bekArea Manager:Hlavn\u00ed m\u011bsto Praha, St\u0159edo\u010desk\u00fd kraj, Jiho\u010desk\u00fd kraj, Plze\u0148sk\u00fd [&hellip;]\" \/>\n<meta property=\"og:url\" content=\"https:\/\/www.scrigno.com\/cs\/kontakty\/\" \/>\n<meta property=\"og:site_name\" content=\"Scrigno\" \/>\n<meta property=\"article:modified_time\" content=\"2025-06-19T10:44:18+00:00\" \/>\n<meta name=\"twitter:card\" content=\"summary_large_image\" \/>\n<meta name=\"twitter:label1\" content=\"Odhadovan\u00e1 doba \u010dten\u00ed\" \/>\n\t<meta name=\"twitter:data1\" content=\"1 minuta\" \/>\n<script type=\"application\/ld+json\" class=\"yoast-schema-graph\">{\"@context\":\"https:\/\/schema.org\",\"@graph\":[{\"@type\":\"WebPage\",\"@id\":\"https:\/\/www.scrigno.com\/cs\/kontakty\/\",\"url\":\"https:\/\/www.scrigno.com\/cs\/kontakty\/\",\"name\":\"Kontakty - Scrigno\",\"isPartOf\":{\"@id\":\"https:\/\/www.scrigno.com\/cs\/#website\"},\"datePublished\":\"2024-09-02T15:40:26+00:00\",\"dateModified\":\"2025-06-19T10:44:18+00:00\",\"breadcrumb\":{\"@id\":\"https:\/\/www.scrigno.com\/cs\/kontakty\/#breadcrumb\"},\"inLanguage\":\"cs\",\"potentialAction\":[{\"@type\":\"ReadAction\",\"target\":[\"https:\/\/www.scrigno.com\/cs\/kontakty\/\"]}]},{\"@type\":\"BreadcrumbList\",\"@id\":\"https:\/\/www.scrigno.com\/cs\/kontakty\/#breadcrumb\",\"itemListElement\":[{\"@type\":\"ListItem\",\"position\":1,\"name\":\"Home\",\"item\":\"https:\/\/www.scrigno.com\/cs\/\"},{\"@type\":\"ListItem\",\"position\":2,\"name\":\"Kontakty\"}]},{\"@type\":\"WebSite\",\"@id\":\"https:\/\/www.scrigno.com\/cs\/#website\",\"url\":\"https:\/\/www.scrigno.com\/cs\/\",\"name\":\"Scrigno\",\"description\":\"\",\"potentialAction\":[{\"@type\":\"SearchAction\",\"target\":{\"@type\":\"EntryPoint\",\"urlTemplate\":\"https:\/\/www.scrigno.com\/cs\/?s={search_term_string}\"},\"query-input\":{\"@type\":\"PropertyValueSpecification\",\"valueRequired\":true,\"valueName\":\"search_term_string\"}}],\"inLanguage\":\"cs\"}]}<\/script>\n<!-- \/ Yoast SEO plugin. -->","yoast_head_json":{"title":"Kontakty - Scrigno","robots":{"index":"index","follow":"follow","max-snippet":"max-snippet:-1","max-image-preview":"max-image-preview:large","max-video-preview":"max-video-preview:-1"},"canonical":"https:\/\/www.scrigno.com\/cs\/kontakty\/","og_locale":"cs_CZ","og_type":"article","og_title":"Kontakty - Scrigno","og_description":"Kontaktujte n\u00e1s ShowroomJeseniova 2770\/56130 00 Praha 3Otev\u0159eno dle tel. Domluvy Martin Je\u0159\u00e1bekArea Manager:Hlavn\u00ed m\u011bsto Praha, St\u0159edo\u010desk\u00fd kraj, Jiho\u010desk\u00fd kraj, Plze\u0148sk\u00fd [&hellip;]","og_url":"https:\/\/www.scrigno.com\/cs\/kontakty\/","og_site_name":"Scrigno","article_modified_time":"2025-06-19T10:44:18+00:00","twitter_card":"summary_large_image","twitter_misc":{"Odhadovan\u00e1 doba \u010dten\u00ed":"1 minuta"},"schema":{"@context":"https:\/\/schema.org","@graph":[{"@type":"WebPage","@id":"https:\/\/www.scrigno.com\/cs\/kontakty\/","url":"https:\/\/www.scrigno.com\/cs\/kontakty\/","name":"Kontakty - Scrigno","isPartOf":{"@id":"https:\/\/www.scrigno.com\/cs\/#website"},"datePublished":"2024-09-02T15:40:26+00:00","dateModified":"2025-06-19T10:44:18+00:00","breadcrumb":{"@id":"https:\/\/www.scrigno.com\/cs\/kontakty\/#breadcrumb"},"inLanguage":"cs","potentialAction":[{"@type":"ReadAction","target":["https:\/\/www.scrigno.com\/cs\/kontakty\/"]}]},{"@type":"BreadcrumbList","@id":"https:\/\/www.scrigno.com\/cs\/kontakty\/#breadcrumb","itemListElement":[{"@type":"ListItem","position":1,"name":"Home","item":"https:\/\/www.scrigno.com\/cs\/"},{"@type":"ListItem","position":2,"name":"Kontakty"}]},{"@type":"WebSite","@id":"https:\/\/www.scrigno.com\/cs\/#website","url":"https:\/\/www.scrigno.com\/cs\/","name":"Scrigno","description":"","potentialAction":[{"@type":"SearchAction","target":{"@type":"EntryPoint","urlTemplate":"https:\/\/www.scrigno.com\/cs\/?s={search_term_string}"},"query-input":{"@type":"PropertyValueSpecification","valueRequired":true,"valueName":"search_term_string"}}],"inLanguage":"cs"}]}},"_links":{"self":[{"href":"https:\/\/www.scrigno.com\/cs\/wp-json\/wp\/v2\/pages\/8200","targetHints":{"allow":["GET"]}}],"collection":[{"href":"https:\/\/www.scrigno.com\/cs\/wp-json\/wp\/v2\/pages"}],"about":[{"href":"https:\/\/www.scrigno.com\/cs\/wp-json\/wp\/v2\/types\/page"}],"author":[{"embeddable":true,"href":"https:\/\/www.scrigno.com\/cs\/wp-json\/wp\/v2\/users\/1"}],"replies":[{"embeddable":true,"href":"https:\/\/www.scrigno.com\/cs\/wp-json\/wp\/v2\/comments?post=8200"}],"version-history":[{"count":0,"href":"https:\/\/www.scrigno.com\/cs\/wp-json\/wp\/v2\/pages\/8200\/revisions"}],"wp:attachment":[{"href":"https:\/\/www.scrigno.com\/cs\/wp-json\/wp\/v2\/media?parent=8200"}],"curies":[{"name":"wp","href":"https:\/\/api.w.org\/{rel}","templated":true}]}}