{"id":8203,"date":"2024-09-03T15:07:24","date_gmt":"2024-09-03T13:07:24","guid":{"rendered":"https:\/\/www.scrigno.com\/architetti-e-progettisti\/"},"modified":"2025-06-19T12:03:55","modified_gmt":"2025-06-19T10:03:55","slug":"architekti-a-designeri","status":"publish","type":"page","link":"https:\/\/www.scrigno.com\/cs\/architekti-a-designeri\/","title":{"rendered":"Architekti a projektanti"},"content":{"rendered":"    <div class=\"banner-send-project\">\n        <div title=\"Jste architekt?\" class=\"banner-send-project__image\">\n            <img decoding=\"async\" src=\"https:\/\/www.scrigno.com\/wp-content\/uploads\/2025\/06\/Banner_Architetti_v2-17.jpg\" \/>\n        <\/div>\n        <div class=\"banner-send-project__text-box\">\n            <h4 class=\"banner-send-project__title\">Jste architekt?<\/h4>\n            \n            <a href=\"#\" class=\"banner__link cta send_project_link\" data-form-id=\"145\">\n                PO\u0160LETE N\u00c1M V\u00c1\u0160 PROJEKT\n                <span class=\"ico icon icon-ico-arrow-right\"><\/span>\n            <\/a>\n        <\/div>\n    <\/div>\n\n    <div class=\"content-block wrapper image-left\">\n            \n    <div class=\"content-block__column-image large-image\">    <img decoding=\"async\" src=\"https:\/\/www.scrigno.com\/wp-content\/uploads\/2024\/06\/architetto.jpeg\" class=\"content-block__image\" \/><\/div>\n    <div class=\"content-block__column-text\">    <div class=\"content-block__text\">\n        <h3 class=\"content-block__text--title\">Architekti, kte\u0159\u00ed realizovali projekty s produkty Scrigno<\/h3>\n        <p class=\"content-block__text--content\">Objevte mo\u017enosti, kter\u00e9 nab\u00edzej\u00ed produkty Scrigno od design\u00e9r\u016f a architekt\u016f, kte\u0159\u00ed realizovali presti\u017en\u00ed projekty.<\/p>\n\n                <a href=\"https:\/\/www.scrigno.com\/cs\/architekti\/\" class=\"cta text-primary\"  >\n        ZOBRAZIT V\u0160ECHNY ARCHITEKTY <span class=\"ico icon icon-ico-arrow-right\"><\/span>\n    <\/a>\n    \n    <\/div><\/div>\n    <div class=\"content-block__spacer\"><\/div>\n    <\/div>\n\n    <div class=\"content-block wrapper image-right\">\n            <div class=\"content-block__spacer\"><\/div>\n    <div class=\"content-block__column-text\">    <div class=\"content-block__text\">\n        <h3 class=\"content-block__text--title\">Projekty<\/h3>\n        <p class=\"content-block__text--content\">Objevte projekty realizovan\u00e9 se z\u00e1rubn\u011bmi a dve\u0159mi Scrigno. Presti\u017en\u00ed projekty, d\u00edky kter\u00fdm objev\u00edte mo\u017enosti nab\u00edzen\u00e9 produkty Scrigno.<\/p>\n\n                <a href=\"https:\/\/www.scrigno.com\/cs\/projekty\/\" class=\"cta text-primary\"  >\n        ZOBRAZIT V\u0160ECHNY PROJEKTY <span class=\"ico icon icon-ico-arrow-right\"><\/span>\n    <\/a>\n    \n    <\/div><\/div>\n    <div class=\"content-block__column-image large-image\">    <img decoding=\"async\" src=\"https:\/\/www.scrigno.com\/wp-content\/uploads\/2024\/06\/e9401e3451e6788f4e7eaa6cabce5728.jpeg\" class=\"content-block__image\" \/><\/div>\n    \n    <\/div>\n\n\n<div class=\"wp-block-scrignocom-scrigno-com-block-cards-grid wrapper\"><div class=\"cards-grid wrapped cols-10\">    <div class=\"single-card\">\n        <div class=\"single-card__title\">\n            <span class=\"icon icon-ico-download\"><\/span>\n            <span class=\"h6\">Oblast ke sta\u017een\u00ed<\/span>\n        <\/div>\n        <div class=\"single-card__text\">Zde najdete katalogy a technick\u00e9 listy na\u0161ich v\u00fdrobk\u016f.<\/div>\n        <a class=\"single-card__cta cta\" href=\"https:\/\/www.scrigno.com\/cs\/download\/\">\n            P\u0158EJ\u00cdT DO OBLASTI STAHOV\u00c1N\u00cd\n            <span class=\"ico icon icon-ico-arrow-right\"><\/span>\n        <\/a>\n    <\/div>\n\n    <div class=\"single-card\">\n        <div class=\"single-card__title\">\n            <span class=\"icon icon-ico-feather\"><\/span>\n            <span class=\"h6\">Scrigno <\/span>\n        <\/div>\n        <div class=\"single-card__text\">Laborato\u0159 Scrigno je navr\u017eena tak, aby poskytovala prostor pro vystavov\u00e1n\u00ed v\u00fdrobk\u016f, \u0161kolen\u00ed a akce.<\/div>\n        <a class=\"single-card__cta cta\" href=\"https:\/\/www.scrigno.com\/cs\/scrignolab\/\">\n            NAV\u0160TIVTE LABORATO\u0158 SCRIGNO\n            <span class=\"ico icon icon-ico-arrow-right\"><\/span>\n        <\/a>\n    <\/div>\n\n    <div class=\"single-card\">\n        <div class=\"single-card__title\">\n            <span class=\"icon icon-ico-mail\"><\/span>\n            <span class=\"h6\">Kontaktujte n\u00e1s<\/span>\n        <\/div>\n        <div class=\"single-card__text\">Pokud jste nena\u0161li odpov\u011bdi na sv\u00e9 ot\u00e1zky, m\u016f\u017eete po\u017e\u00e1dat o pomoc n\u011bkter\u00e9ho z na\u0161ich konzultant\u016f.<\/div>\n        <a class=\"single-card__cta cta\" href=\"https:\/\/www.scrigno.com\/cs\/kontakty\/\">\n            KONTAKTUJTE N\u00c1S\n            <span class=\"ico icon icon-ico-arrow-right\"><\/span>\n        <\/a>\n    <\/div><\/div><\/div>\n","protected":false},"excerpt":{"rendered":"","protected":false},"author":1,"featured_media":0,"parent":0,"menu_order":0,"comment_status":"closed","ping_status":"closed","template":"","meta":{"_acf_changed":false,"footnotes":""},"class_list":["post-8203","page","type-page","status-publish","hentry"],"acf":[],"yoast_head":"<!-- This site is optimized with the Yoast SEO plugin v27.1.1 - https:\/\/yoast.com\/product\/yoast-seo-wordpress\/ -->\n<title>Architekti a projektanti - Scrigno<\/title>\n<meta name=\"robots\" content=\"index, follow, max-snippet:-1, max-image-preview:large, max-video-preview:-1\" \/>\n<link rel=\"canonical\" href=\"https:\/\/www.scrigno.com\/cs\/architekti-a-designeri\/\" \/>\n<meta property=\"og:locale\" content=\"cs_CZ\" \/>\n<meta property=\"og:type\" content=\"article\" \/>\n<meta property=\"og:title\" content=\"Architekti a projektanti - Scrigno\" \/>\n<meta property=\"og:url\" content=\"https:\/\/www.scrigno.com\/cs\/architekti-a-designeri\/\" \/>\n<meta property=\"og:site_name\" content=\"Scrigno\" \/>\n<meta property=\"article:modified_time\" content=\"2025-06-19T10:03:55+00:00\" \/>\n<meta name=\"twitter:card\" content=\"summary_large_image\" \/>\n<script type=\"application\/ld+json\" class=\"yoast-schema-graph\">{\"@context\":\"https:\/\/schema.org\",\"@graph\":[{\"@type\":\"WebPage\",\"@id\":\"https:\/\/www.scrigno.com\/cs\/architekti-a-designeri\/\",\"url\":\"https:\/\/www.scrigno.com\/cs\/architekti-a-designeri\/\",\"name\":\"Architekti a projektanti - Scrigno\",\"isPartOf\":{\"@id\":\"https:\/\/www.scrigno.com\/cs\/#website\"},\"datePublished\":\"2024-09-03T13:07:24+00:00\",\"dateModified\":\"2025-06-19T10:03:55+00:00\",\"breadcrumb\":{\"@id\":\"https:\/\/www.scrigno.com\/cs\/architekti-a-designeri\/#breadcrumb\"},\"inLanguage\":\"cs\",\"potentialAction\":[{\"@type\":\"ReadAction\",\"target\":[\"https:\/\/www.scrigno.com\/cs\/architekti-a-designeri\/\"]}]},{\"@type\":\"BreadcrumbList\",\"@id\":\"https:\/\/www.scrigno.com\/cs\/architekti-a-designeri\/#breadcrumb\",\"itemListElement\":[{\"@type\":\"ListItem\",\"position\":1,\"name\":\"Home\",\"item\":\"https:\/\/www.scrigno.com\/cs\/\"},{\"@type\":\"ListItem\",\"position\":2,\"name\":\"Architekti a projektanti\"}]},{\"@type\":\"WebSite\",\"@id\":\"https:\/\/www.scrigno.com\/cs\/#website\",\"url\":\"https:\/\/www.scrigno.com\/cs\/\",\"name\":\"Scrigno\",\"description\":\"\",\"potentialAction\":[{\"@type\":\"SearchAction\",\"target\":{\"@type\":\"EntryPoint\",\"urlTemplate\":\"https:\/\/www.scrigno.com\/cs\/?s={search_term_string}\"},\"query-input\":{\"@type\":\"PropertyValueSpecification\",\"valueRequired\":true,\"valueName\":\"search_term_string\"}}],\"inLanguage\":\"cs\"}]}<\/script>\n<!-- \/ Yoast SEO plugin. -->","yoast_head_json":{"title":"Architekti a projektanti - Scrigno","robots":{"index":"index","follow":"follow","max-snippet":"max-snippet:-1","max-image-preview":"max-image-preview:large","max-video-preview":"max-video-preview:-1"},"canonical":"https:\/\/www.scrigno.com\/cs\/architekti-a-designeri\/","og_locale":"cs_CZ","og_type":"article","og_title":"Architekti a projektanti - Scrigno","og_url":"https:\/\/www.scrigno.com\/cs\/architekti-a-designeri\/","og_site_name":"Scrigno","article_modified_time":"2025-06-19T10:03:55+00:00","twitter_card":"summary_large_image","schema":{"@context":"https:\/\/schema.org","@graph":[{"@type":"WebPage","@id":"https:\/\/www.scrigno.com\/cs\/architekti-a-designeri\/","url":"https:\/\/www.scrigno.com\/cs\/architekti-a-designeri\/","name":"Architekti a projektanti - Scrigno","isPartOf":{"@id":"https:\/\/www.scrigno.com\/cs\/#website"},"datePublished":"2024-09-03T13:07:24+00:00","dateModified":"2025-06-19T10:03:55+00:00","breadcrumb":{"@id":"https:\/\/www.scrigno.com\/cs\/architekti-a-designeri\/#breadcrumb"},"inLanguage":"cs","potentialAction":[{"@type":"ReadAction","target":["https:\/\/www.scrigno.com\/cs\/architekti-a-designeri\/"]}]},{"@type":"BreadcrumbList","@id":"https:\/\/www.scrigno.com\/cs\/architekti-a-designeri\/#breadcrumb","itemListElement":[{"@type":"ListItem","position":1,"name":"Home","item":"https:\/\/www.scrigno.com\/cs\/"},{"@type":"ListItem","position":2,"name":"Architekti a projektanti"}]},{"@type":"WebSite","@id":"https:\/\/www.scrigno.com\/cs\/#website","url":"https:\/\/www.scrigno.com\/cs\/","name":"Scrigno","description":"","potentialAction":[{"@type":"SearchAction","target":{"@type":"EntryPoint","urlTemplate":"https:\/\/www.scrigno.com\/cs\/?s={search_term_string}"},"query-input":{"@type":"PropertyValueSpecification","valueRequired":true,"valueName":"search_term_string"}}],"inLanguage":"cs"}]}},"_links":{"self":[{"href":"https:\/\/www.scrigno.com\/cs\/wp-json\/wp\/v2\/pages\/8203","targetHints":{"allow":["GET"]}}],"collection":[{"href":"https:\/\/www.scrigno.com\/cs\/wp-json\/wp\/v2\/pages"}],"about":[{"href":"https:\/\/www.scrigno.com\/cs\/wp-json\/wp\/v2\/types\/page"}],"author":[{"embeddable":true,"href":"https:\/\/www.scrigno.com\/cs\/wp-json\/wp\/v2\/users\/1"}],"replies":[{"embeddable":true,"href":"https:\/\/www.scrigno.com\/cs\/wp-json\/wp\/v2\/comments?post=8203"}],"version-history":[{"count":0,"href":"https:\/\/www.scrigno.com\/cs\/wp-json\/wp\/v2\/pages\/8203\/revisions"}],"wp:attachment":[{"href":"https:\/\/www.scrigno.com\/cs\/wp-json\/wp\/v2\/media?parent=8203"}],"curies":[{"name":"wp","href":"https:\/\/api.w.org\/{rel}","templated":true}]}}