{"id":8206,"date":"2024-09-03T15:20:07","date_gmt":"2024-09-03T13:20:07","guid":{"rendered":"https:\/\/www.scrigno.com\/rivenditori-e-installatori\/"},"modified":"2024-10-22T09:57:08","modified_gmt":"2024-10-22T07:57:08","slug":"prodejci-a-monteri","status":"publish","type":"page","link":"https:\/\/www.scrigno.com\/cs\/prodejci-a-monteri\/","title":{"rendered":"Prodejci a mont\u00e1\u017en\u00ed firmy"},"content":{"rendered":"    <div class=\"content-block wrapper image-right\">\n            <div class=\"content-block__spacer\"><\/div>\n    <div class=\"content-block__column-text\">    <div class=\"content-block__text\">\n        <h3 class=\"content-block__text--title\">\u0160kolen\u00ed<\/h3>\n        <p class=\"content-block__text--content\">Objevte obsah a slu\u017eby, kter\u00e9 poskytujeme a kter\u00e9 v\u00e1m pomohou v ka\u017edodenn\u00ed pr\u00e1ci.<\/p>\n\n                <a href=\"https:\/\/www.scrigno.com\/cs\/kontakty\/#pro\" class=\"cta text-primary\"  >\n        NAPI\u0160TE N\u00c1M <span class=\"ico icon icon-ico-arrow-right\"><\/span>\n    <\/a>\n    \n    <\/div><\/div>\n    <div class=\"content-block__column-image large-image\">    <img decoding=\"async\" src=\"https:\/\/www.scrigno.com\/wp-content\/uploads\/2024\/06\/scrivici.jpeg\" class=\"content-block__image\"  alt=\"scrivici\" \/><\/div>\n    \n    <\/div>\n\n    <div class=\"content-block wrapper image-left\">\n            <div class=\"content-block__spacer\"><\/div>\n    <div class=\"content-block__column-image\">    <img decoding=\"async\" src=\"https:\/\/www.scrigno.com\/wp-content\/uploads\/2024\/06\/CTCS-APPLAUSO_FP.jpg\" class=\"content-block__image\"  alt=\"CTCS-APPLAUSO_FP\" \/><\/div>\n    <div class=\"content-block__column-text\">    <div class=\"content-block__text\">\n        <h3 class=\"content-block__text--title\">Sta\u0148te se prodejcem Scrigno<\/h3>\n        \n\n                <a href=\"https:\/\/www.scrigno.com\/cs\/kontakty\/\" class=\"cta text-primary\"  >\n        KONTAKTY <span class=\"ico icon icon-ico-arrow-right\"><\/span>\n    <\/a>\n    \n    <\/div><\/div>\n    <div class=\"content-block__spacer\"><\/div>\n    <\/div>\n\n\n<div class=\"wp-block-scrignocom-scrigno-com-block-cards-grid wrapper cards-grid\"><div class=\"cards-grid wrapped cols-10\">    <div class=\"single-card\">\n        <div class=\"single-card__title\">\n            <span class=\"icon icon-ico-download\"><\/span>\n            <span class=\"h6\">Oblast ke sta\u017een\u00ed<\/span>\n        <\/div>\n        <div class=\"single-card__text\">Zde najdete katalogy a technick\u00e9 listy na\u0161ich v\u00fdrobk\u016f.<\/div>\n        <a class=\"single-card__cta cta\" href=\"https:\/\/www.scrigno.com\/cs\/download\/\">\n            ZJISTIT V\u00cdCE\n            <span class=\"ico icon icon-ico-arrow-right\"><\/span>\n        <\/a>\n    <\/div>\n\n    <div class=\"single-card\">\n        <div class=\"single-card__title\">\n            <span class=\"icon icon-ico-layout\"><\/span>\n            <span class=\"h6\">BIM<\/span>\n        <\/div>\n        <div class=\"single-card__text\">St\u00e1hn\u011bte si Bim (Building Infomation Modeling) v\u0161ech na\u0161ich v\u00fdrobk\u016f.<\/div>\n        <a class=\"single-card__cta cta\" href=\"https:\/\/www.scrigno.com\/cs\/download\/\">\n            ZJISTIT V\u00cdCE\n            <span class=\"ico icon icon-ico-arrow-right\"><\/span>\n        <\/a>\n    <\/div>\n\n    <div class=\"single-card\">\n        <div class=\"single-card__title\">\n            <span class=\"icon icon-ico-help\"><\/span>\n            <span class=\"h6\">FAQ<\/span>\n        <\/div>\n        <div class=\"single-card__text\">Zde najdete nej\u010dast\u011bj\u0161\u00ed odpov\u011bdi na\u0161eho technick\u00e9ho odd\u011blen\u00ed.<\/div>\n        <a class=\"single-card__cta cta\" href=\"https:\/\/www.scrigno.com\/cs\/faq\/\">\n            ZJISTIT V\u00cdCE\n            <span class=\"ico icon icon-ico-arrow-right\"><\/span>\n        <\/a>\n    <\/div>\n\n    <div class=\"single-card\">\n        <div class=\"single-card__title\">\n            <span class=\"icon icon-ico-box\"><\/span>\n            <span class=\"h6\">V\u00fdrobky<\/span>\n        <\/div>\n        <div class=\"single-card__text\">Objevte z\u00e1rube\u0148, kter\u00e1 nejl\u00e9pe vyhovuje va\u0161im pot\u0159eb\u00e1m.<\/div>\n        <a class=\"single-card__cta cta\" href=\"https:\/\/www.scrigno.com\/cs\/protiopatreni-a-ramecky\/\">\n            DOZV\u011aD\u011aT SE V\u00cdCE\n            <span class=\"ico icon icon-ico-arrow-right\"><\/span>\n        <\/a>\n    <\/div>\n\n    <div class=\"single-card\">\n        <div class=\"single-card__title\">\n            <span class=\"icon icon-ico-bubble\"><\/span>\n            <span class=\"h6\">Asisten\u010dn\u00ed slu\u017eba<\/span>\n        <\/div>\n        <div class=\"single-card__text\">Pokud jste nena\u0161li odpov\u011bdi na sv\u00e9 ot\u00e1zky, m\u016f\u017eete po\u017e\u00e1dat o pomoc n\u011bkter\u00e9ho z na\u0161ich konzultant\u016f.<\/div>\n        <a class=\"single-card__cta cta\" href=\"#form_professionisti\">\n            VYPLNIT FORMUL\u00c1\u0158\n            <span class=\"ico icon icon-ico-arrow-down\"><\/span>\n        <\/a>\n    <\/div>\n\n    <div class=\"single-card\">\n        <div class=\"single-card__title\">\n            <span class=\"icon icon-ico-bubble\"><\/span>\n            <span class=\"h6\">\u0160kolen\u00ed<\/span>\n        <\/div>\n        <div class=\"single-card__text\">Technick\u00e9 dovednosti a asisten\u010dn\u00ed slu\u017eby z n\u00e1s d\u011blaj\u00ed referen\u010dn\u00ed bod pro profesion\u00e1ly v oboru.<\/div>\n        <a class=\"single-card__cta cta\" href=\"#form_professionisti\">\n            VYPLNIT FORMUL\u00c1\u0158\n            <span class=\"ico icon icon-ico-arrow-down\"><\/span>\n        <\/a>\n    <\/div>\n\n    <div class=\"single-card\">\n        <div class=\"single-card__title\">\n            <span class=\"icon icon-ico-star\"><\/span>\n            <span class=\"h6\">Zviditeln\u011bte se<\/span>\n        <\/div>\n        <div class=\"single-card__text\">Jste autorizovan\u00fd prodejce? Vypl\u0148te formul\u00e1\u0159 a po\u017e\u00e1dejte o aktualizaci nebo za\u0159azen\u00ed sv\u00e9ho obchodu na str\u00e1nky.<\/div>\n        <a class=\"single-card__cta cta\" href=\"#form_professionisti\">\n            VYPLNIT FORMUL\u00c1\u0158\n            <span class=\"ico icon icon-ico-arrow-down\"><\/span>\n        <\/a>\n    <\/div><\/div><\/div>\n\n\n\n<div id=\"form_professionisti\" class=\"wp-block-group wrapper is-layout-constrained wp-block-group-is-layout-constrained\">\n<h3 class=\"wp-block-heading has-text-align-left wrapped cols-10\">Kontaktujte n\u00e1s<\/h3>\n\n\n    <div class=\"_form_141 wrapped cols-10 \"><\/div>\n    <script src=\"https:\/\/scrignogroup.activehosted.com\/f\/embed.php?id=141\" charset=\"utf-8\" data-cookieconsent=\"ignore\"><\/script><\/div>\n\n\n    <div class=\"news-box__container wrapper\">\n        <div class=\"section__header wrapped cols-10\">\n            <div class=\"section__header--text\">\n                <div class=\"section__title\">Novinky<\/div>\n            <\/div>\n                <a href=\"https:\/\/www.scrigno.com\/cs\/zpravy\/\" class=\"cta text-primary\">\n        ZOBRAZIT V\u0160ECHNY NOVINKY <span class=\"ico icon icon-ico-arrow-right\"><\/span>\n    <\/a>\n        <\/div>\n        <div class=\"news-box__wrapper wrapped cols-10\">\n            <div class=\"news-box\">\n                    <a href=\"https:\/\/www.scrigno.com\/cs\/scrigno-oznamuje-akvizici-spolecnosti-ecomet-a-fbp-porte\/\" class=\"card post\">\n        <div class=\"card__img\"  style=\"background-image: url(https:\/\/www.scrigno.com\/wp-content\/uploads\/2025\/10\/Brand_Newsroom-Ecomet-FBP_ENG-scaled.jpg)\"><\/div>\n\n        <div class=\"card__content\">\n            <div class=\"card__text\">\n                <div class=\"card__title\">Scrigno oznamuje akvizici spole\u010dnost\u00ed Ecomet a FBP porte<\/div>\n                <div class=\"card__description\">15 \u0158\u00edj 2025<\/div>\n            <\/div>\n            <div class=\"cta card__cta text-primary\">\n                <span class=\"card__cta--text\">Viz novinky<\/span> <span class=\"ico icon icon-ico-arrow-right\"><\/span>\n            <\/div>\n        <\/div>\n    <\/a>    <a href=\"https:\/\/www.scrigno.com\/cs\/scrigno-meni-tvar\/\" class=\"card post\">\n        <div class=\"card__img\"  style=\"background-image: url(https:\/\/www.scrigno.com\/wp-content\/uploads\/2025\/06\/news_preview.jpg)\"><\/div>\n\n        <div class=\"card__content\">\n            <div class=\"card__text\">\n                <div class=\"card__title\">Scrigno m\u011bn\u00ed tv\u00e1\u0159<\/div>\n                <div class=\"card__description\">19 \u010cvn 2025<\/div>\n            <\/div>\n            <div class=\"cta card__cta text-primary\">\n                <span class=\"card__cta--text\">Viz novinky<\/span> <span class=\"ico icon icon-ico-arrow-right\"><\/span>\n            <\/div>\n        <\/div>\n    <\/a>    <a href=\"https:\/\/www.scrigno.com\/cs\/scrigno-rozsiruje-sve-pusobeni-na-pyrenejskem-poloostrove\/\" class=\"card post\">\n        <div class=\"card__img\"  style=\"background-image: url(https:\/\/www.scrigno.com\/wp-content\/uploads\/2025\/06\/IMG_News-Anteprima_Scrigno-Enesca_per-tutte-le-lingue.jpg)\"><\/div>\n\n        <div class=\"card__content\">\n            <div class=\"card__text\">\n                <div class=\"card__title\">Scrigno roz\u0161i\u0159uje sv\u00e9 p\u016fsoben\u00ed na pyrenejsk\u00e9m poloostrov\u011b akvizic\u00ed spole\u010dnosti Enesca a t\u0159\u00ed showroom\u016f v Barcelon\u011b a Madridu<\/div>\n                <div class=\"card__description\">11 \u010cvn 2025<\/div>\n            <\/div>\n            <div class=\"cta card__cta text-primary\">\n                <span class=\"card__cta--text\">Viz novinky<\/span> <span class=\"ico icon icon-ico-arrow-right\"><\/span>\n            <\/div>\n        <\/div>\n    <\/a>\n            <\/div>\n        <\/div>\n        <div class=\"section__footer\">\n                <a href=\"https:\/\/www.scrigno.com\/cs\/zpravy\/\" class=\"cta text-primary\">\n        ZOBRAZIT V\u0160ECHNY NOVINKY <span class=\"ico icon icon-ico-arrow-right\"><\/span>\n    <\/a>\n        <\/div>\n    <\/div>","protected":false},"excerpt":{"rendered":"<p>Kontaktujte n\u00e1s<\/p>\n","protected":false},"author":1,"featured_media":0,"parent":0,"menu_order":0,"comment_status":"closed","ping_status":"closed","template":"","meta":{"_acf_changed":false,"footnotes":""},"class_list":["post-8206","page","type-page","status-publish","hentry"],"acf":[],"yoast_head":"<!-- This site is optimized with the Yoast SEO plugin v27.1.1 - https:\/\/yoast.com\/product\/yoast-seo-wordpress\/ -->\n<title>Prodejci a mont\u00e1\u017en\u00ed firmy - Scrigno<\/title>\n<meta name=\"robots\" content=\"index, follow, max-snippet:-1, max-image-preview:large, max-video-preview:-1\" \/>\n<link rel=\"canonical\" href=\"https:\/\/www.scrigno.com\/cs\/prodejci-a-monteri\/\" \/>\n<meta property=\"og:locale\" content=\"cs_CZ\" \/>\n<meta property=\"og:type\" content=\"article\" \/>\n<meta property=\"og:title\" content=\"Prodejci a mont\u00e1\u017en\u00ed firmy - Scrigno\" \/>\n<meta property=\"og:description\" content=\"Kontaktujte n\u00e1s\" \/>\n<meta property=\"og:url\" content=\"https:\/\/www.scrigno.com\/cs\/prodejci-a-monteri\/\" \/>\n<meta property=\"og:site_name\" content=\"Scrigno\" \/>\n<meta property=\"article:modified_time\" content=\"2024-10-22T07:57:08+00:00\" \/>\n<meta name=\"twitter:card\" content=\"summary_large_image\" \/>\n<meta name=\"twitter:label1\" content=\"Odhadovan\u00e1 doba \u010dten\u00ed\" \/>\n\t<meta name=\"twitter:data1\" content=\"1 minuta\" \/>\n<script type=\"application\/ld+json\" class=\"yoast-schema-graph\">{\"@context\":\"https:\/\/schema.org\",\"@graph\":[{\"@type\":\"WebPage\",\"@id\":\"https:\/\/www.scrigno.com\/cs\/prodejci-a-monteri\/\",\"url\":\"https:\/\/www.scrigno.com\/cs\/prodejci-a-monteri\/\",\"name\":\"Prodejci a mont\u00e1\u017en\u00ed firmy - Scrigno\",\"isPartOf\":{\"@id\":\"https:\/\/www.scrigno.com\/cs\/#website\"},\"datePublished\":\"2024-09-03T13:20:07+00:00\",\"dateModified\":\"2024-10-22T07:57:08+00:00\",\"breadcrumb\":{\"@id\":\"https:\/\/www.scrigno.com\/cs\/prodejci-a-monteri\/#breadcrumb\"},\"inLanguage\":\"cs\",\"potentialAction\":[{\"@type\":\"ReadAction\",\"target\":[\"https:\/\/www.scrigno.com\/cs\/prodejci-a-monteri\/\"]}]},{\"@type\":\"BreadcrumbList\",\"@id\":\"https:\/\/www.scrigno.com\/cs\/prodejci-a-monteri\/#breadcrumb\",\"itemListElement\":[{\"@type\":\"ListItem\",\"position\":1,\"name\":\"Home\",\"item\":\"https:\/\/www.scrigno.com\/cs\/\"},{\"@type\":\"ListItem\",\"position\":2,\"name\":\"Prodejci a mont\u00e1\u017en\u00ed firmy\"}]},{\"@type\":\"WebSite\",\"@id\":\"https:\/\/www.scrigno.com\/cs\/#website\",\"url\":\"https:\/\/www.scrigno.com\/cs\/\",\"name\":\"Scrigno\",\"description\":\"\",\"potentialAction\":[{\"@type\":\"SearchAction\",\"target\":{\"@type\":\"EntryPoint\",\"urlTemplate\":\"https:\/\/www.scrigno.com\/cs\/?s={search_term_string}\"},\"query-input\":{\"@type\":\"PropertyValueSpecification\",\"valueRequired\":true,\"valueName\":\"search_term_string\"}}],\"inLanguage\":\"cs\"}]}<\/script>\n<!-- \/ Yoast SEO plugin. -->","yoast_head_json":{"title":"Prodejci a mont\u00e1\u017en\u00ed firmy - Scrigno","robots":{"index":"index","follow":"follow","max-snippet":"max-snippet:-1","max-image-preview":"max-image-preview:large","max-video-preview":"max-video-preview:-1"},"canonical":"https:\/\/www.scrigno.com\/cs\/prodejci-a-monteri\/","og_locale":"cs_CZ","og_type":"article","og_title":"Prodejci a mont\u00e1\u017en\u00ed firmy - Scrigno","og_description":"Kontaktujte n\u00e1s","og_url":"https:\/\/www.scrigno.com\/cs\/prodejci-a-monteri\/","og_site_name":"Scrigno","article_modified_time":"2024-10-22T07:57:08+00:00","twitter_card":"summary_large_image","twitter_misc":{"Odhadovan\u00e1 doba \u010dten\u00ed":"1 minuta"},"schema":{"@context":"https:\/\/schema.org","@graph":[{"@type":"WebPage","@id":"https:\/\/www.scrigno.com\/cs\/prodejci-a-monteri\/","url":"https:\/\/www.scrigno.com\/cs\/prodejci-a-monteri\/","name":"Prodejci a mont\u00e1\u017en\u00ed firmy - Scrigno","isPartOf":{"@id":"https:\/\/www.scrigno.com\/cs\/#website"},"datePublished":"2024-09-03T13:20:07+00:00","dateModified":"2024-10-22T07:57:08+00:00","breadcrumb":{"@id":"https:\/\/www.scrigno.com\/cs\/prodejci-a-monteri\/#breadcrumb"},"inLanguage":"cs","potentialAction":[{"@type":"ReadAction","target":["https:\/\/www.scrigno.com\/cs\/prodejci-a-monteri\/"]}]},{"@type":"BreadcrumbList","@id":"https:\/\/www.scrigno.com\/cs\/prodejci-a-monteri\/#breadcrumb","itemListElement":[{"@type":"ListItem","position":1,"name":"Home","item":"https:\/\/www.scrigno.com\/cs\/"},{"@type":"ListItem","position":2,"name":"Prodejci a mont\u00e1\u017en\u00ed firmy"}]},{"@type":"WebSite","@id":"https:\/\/www.scrigno.com\/cs\/#website","url":"https:\/\/www.scrigno.com\/cs\/","name":"Scrigno","description":"","potentialAction":[{"@type":"SearchAction","target":{"@type":"EntryPoint","urlTemplate":"https:\/\/www.scrigno.com\/cs\/?s={search_term_string}"},"query-input":{"@type":"PropertyValueSpecification","valueRequired":true,"valueName":"search_term_string"}}],"inLanguage":"cs"}]}},"_links":{"self":[{"href":"https:\/\/www.scrigno.com\/cs\/wp-json\/wp\/v2\/pages\/8206","targetHints":{"allow":["GET"]}}],"collection":[{"href":"https:\/\/www.scrigno.com\/cs\/wp-json\/wp\/v2\/pages"}],"about":[{"href":"https:\/\/www.scrigno.com\/cs\/wp-json\/wp\/v2\/types\/page"}],"author":[{"embeddable":true,"href":"https:\/\/www.scrigno.com\/cs\/wp-json\/wp\/v2\/users\/1"}],"replies":[{"embeddable":true,"href":"https:\/\/www.scrigno.com\/cs\/wp-json\/wp\/v2\/comments?post=8206"}],"version-history":[{"count":0,"href":"https:\/\/www.scrigno.com\/cs\/wp-json\/wp\/v2\/pages\/8206\/revisions"}],"wp:attachment":[{"href":"https:\/\/www.scrigno.com\/cs\/wp-json\/wp\/v2\/media?parent=8206"}],"curies":[{"name":"wp","href":"https:\/\/api.w.org\/{rel}","templated":true}]}}