{"id":8286,"date":"2024-06-27T11:03:28","date_gmt":"2024-06-27T09:03:28","guid":{"rendered":"https:\/\/www.scrigno.com\/homepage\/"},"modified":"2025-07-15T14:33:24","modified_gmt":"2025-07-15T12:33:24","slug":"homepage","status":"publish","type":"page","link":"https:\/\/www.scrigno.com\/cs\/","title":{"rendered":"Homepage"},"content":{"rendered":"<div class=\"hero-banner hero-banner__container  hero-banner__container--surface wp-block-scrignocom-scrigno-com-block-hero-banner\">\n    <section class=\"hero-banner__slider-images splide for-transparent-header\" data-splide=\"{&quot;gap&quot;:0,&quot;perPage&quot;:1,&quot;perMove&quot;:1,&quot;pagination&quot;:false,&quot;arrows&quot;:false,&quot;breakpoints&quot;:{&quot;1024&quot;:{&quot;padding&quot;:{},&quot;drag&quot;:true}}}\">\n        <div class=\"splide__track\">\n            <div class=\"splide__list\">\n                <div class=\"hero-slide hero-banner__slide splide__slide\" data-splide-html-video=\"https:\/\/www.scrigno.com\/wp-content\/uploads\/2025\/06\/SCRIGNO_Video_Slideshow_HP_Confirmed.mp4\" style=\"background: url(https:\/\/www.scrigno.com\/wp-content\/uploads\/2025\/07\/SCRIGNO_Video_Slideshow_HP_Confirmed.png) lightgray 50% \/ cover no-repeat;\">\n    <div class=\"hero-slide__media-wrapper\" data-splide-html-video=\"https:\/\/www.scrigno.com\/wp-content\/uploads\/2025\/06\/SCRIGNO_Video_Slideshow_HP_Confirmed.mp4\" style=\"background: url(https:\/\/www.scrigno.com\/wp-content\/uploads\/2025\/07\/SCRIGNO_Video_Slideshow_HP_Confirmed.png) lightgray 50% \/ cover no-repeat;\"><\/div>\n<\/div>\n            <\/div>\n        <\/div>\n    <\/section>\n    <section class=\"hero-banner__slider-contents splide\" data-splide=\"{&quot;gap&quot;:0,&quot;perPage&quot;:1,&quot;perMove&quot;:1,&quot;pagination&quot;:false,&quot;arrows&quot;:false,&quot;adjustableHeight&quot;:{&quot;speed&quot;:&quot;0.5s&quot;,&quot;position&quot;:&quot;end&quot;},&quot;breakpoints&quot;:{&quot;1024&quot;:{&quot;drag&quot;:true,&quot;arrows&quot;:false,&quot;adjustableHeight&quot;:{&quot;position&quot;:&quot;start&quot;}}}}\">\n        <div class=\"splide__track\">\n            <div class=\"splide__list\">\n                <div class=\"splide__slide\">\n    <div class=\"hero-slide__card hero-card\" >\n        <h2 class=\"hero-card__title\"><strong>V\u00edtejte u zcela nov\u00e9ho Scrigno<\/strong><\/h2>\n        <p class=\"hero-card__description\">Scrigno m\u011bn\u00ed tv\u00e1\u0159. Nov\u00e1 vize zna\u010dky. Nov\u00e1 vizu\u00e1ln\u00ed identita \u2013 minimalistick\u00e1, jasn\u00e1 a sou\u010dasn\u00e1 \u2013 od studia Elisa Ossino Studio.<\/p>\n        \n        <div class=\"hero-card__bottom\">\n            \n                <a href=\"https:\/\/www.scrigno.com\/cs\/scrigno-meni-tvar\/\"  class=\"hero-slide__card-cta hero-card__cta cta on-primary\">Objevte v\u00edce<span class=\"ico icon icon-ico-arrow-right\"><\/span><\/a>\n        <\/div>\n    <\/div>\n<\/div>\n            <\/div>\n        <\/div>\n        <div class=\"hero-banner__slider-contents-bottom\">\n            \n            <a class=\"hero-banner__slider-contents-cta cta on-primary\">Objevte v\u00edce<span class=\"ico icon icon-ico-arrow-right\"><\/span><\/a>\n        <\/div>\n    <\/section>\n<\/div>\n\n\n<div class=\"wp-block-scrignocom-scrigno-com-block-superiority-claims superiority-claims\"><div class=\"superiority-claims__claims-container\"><div class=\"superiority-claims__single-claim\"><p class=\"superiority-claims__title\"><span class=\"superiority-claims__icon icon icon-ico-flag\"><\/span><span>PRVN\u00cd DVE\u0158E \u201eSCRIGNO\u201c<\/span><\/p><p class=\"superiority-claims__text\">V roce 1989 si spole\u010dnost Scrigno nechala patentovat kovov\u00e9 stavebn\u00ed pouzdro: dve\u0159e poprv\u00e9 zmizely uvnit\u0159 st\u011bny.<\/p><\/div><div class=\"superiority-claims__single-claim\"><p class=\"superiority-claims__title\"><span class=\"superiority-claims__icon icon icon-ico-globe\"><\/span><span>MEZI NEJZN\u00c1M\u011aJ\u0160\u00cdMI*<\/span><\/p><p class=\"superiority-claims__text\">Ned\u00e1vn\u00fd pr\u016fzkum trhu ukazuje, \u017ee spole\u010dnost Scrigno je zna\u010dka, kterou spot\u0159ebitel\u00e9 i profesion\u00e1lov\u00e9 pova\u017euj\u00ed za l\u00eddra na trhu Opening System.<\/p><\/div><div class=\"superiority-claims__single-claim\"><p class=\"superiority-claims__title\"><span class=\"superiority-claims__icon icon icon-ico-thumbs-up\"><\/span><span>NEJDOPORU\u010cOVAN\u011aJ\u0160\u00cd*<\/span><\/p><p class=\"superiority-claims__text\">V\u00edce ne\u017e 90 % z\u00e1kazn\u00edk\u016f, kte\u0159\u00ed se rozhodli pro zna\u010dku Scrigno, ji doporu\u010duje a je s n\u00ed pln\u011b spokojeno.<\/p><\/div><\/div><div class=\"superiority-claims__footnote\"><p><small>(*) Online pr\u016fzkum proveden\u00fd na vzorku v\u00edce ne\u017e 1017 spot\u0159ebitel\u016f<\/small><\/p><\/div><\/div>\n\n\n\n<div class=\"wp-block-scrignocom-scrigno-com-block-products-explorer section products__explorer wrapper\"><div class=\"products__explorer-wrapper wrapper\"><div class=\"section__header wrapped\"><div class=\"section__header--text\"><div class=\"section__overline\"><br>Objevte na\u0161e<\/div><h2 class=\"section__title\">Produkty<\/h2><\/div><\/div><div class=\"card__row splide\"><div class=\"splide__track\"><div class=\"splide__list\">    <a href=\"https:\/\/www.scrigno.com\/cs\/categoria\/posuvne-systemy\/\" target=\"\" rel=\"\" class=\"card products__explorer--card splide__slide\">\n        <div class=\"card__img\" style=\"background-image: url('https:\/\/www.scrigno.com\/wp-content\/uploads\/2025\/07\/Porte-Scorrevoli.jpg')\"><\/div>\n\n        <div class=\"card__content\">\n            <div class=\"card__text\">\n                <h3 class=\"card__title\">Posuvn\u00e9 dve\u0159e<\/h3>\n                <p class=\"card__description\">Opening System Posuvn\u00e9<\/p>\n            <\/div>\n            <div class=\"cta card__cta text-primary\">\n                <span class=\"card__cta--text\">Zobrazit produkty<\/span> <span class=\"ico icon icon-ico-arrow-right\"><\/span>\n            <\/div>\n        <\/div>\n    <\/a>\n\n    <a href=\"https:\/\/www.scrigno.com\/cs\/categoria\/otocne-systemy\/\" target=\"\" rel=\"\" class=\"card products__explorer--card splide__slide\">\n        <div class=\"card__img\" style=\"background-image: url('https:\/\/www.scrigno.com\/wp-content\/uploads\/2025\/07\/HP_Battenti.png')\"><\/div>\n\n        <div class=\"card__content\">\n            <div class=\"card__text\">\n                <h3 class=\"card__title\">Oto\u010dn\u00e9 dve\u0159e<\/h3>\n                <p class=\"card__description\">Opening syst\u00e9m oto\u010dn\u00e9 dve\u0159e<\/p>\n            <\/div>\n            <div class=\"cta card__cta text-primary\">\n                <span class=\"card__cta--text\">Zobrazit produkty<\/span> <span class=\"ico icon icon-ico-arrow-right\"><\/span>\n            <\/div>\n        <\/div>\n    <\/a><\/div><\/div><\/div><div class=\"section__footer\"><\/div><\/div><\/div>\n\n\n<!-- empty project slider -->\n\n    <div class=\"banner-architects\">\n        <div title=\"Jste architekt?\" class=\"banner-architects__image\">\n            <img decoding=\"async\" src=\"https:\/\/www.scrigno.com\/wp-content\/uploads\/2025\/06\/Banner_Architetti_v2-2.jpg\" \/>\n        <\/div>\n        <div class=\"banner-architects__text-box\">\n            <h4 class=\"banner-architects__title\">Jste architekt?<\/h4>\n            \n            <a href=\"https:\/\/www.scrigno.com\/cs\/architekti-a-designeri\/\" class=\"cta\">\n                Po\u0161lete n\u00e1m V\u00e1\u0161 projekt\n                <span class=\"ico icon icon-ico-arrow-right\"><\/span>\n            <\/a>\n        <\/div>\n    <\/div>\n\n\n<div class=\"wp-block-scrignocom-scrigno-com-block-banner banner banner--variant_1 banner--left banner--surface\"><div class=\"banner__container\"><picture class=\"banner__image\"><img decoding=\"async\" loading=\"lazy\" src=\"https:\/\/www.scrigno.com\/wp-content\/uploads\/2024\/06\/banner_variant_1-1211x506.jpeg\"\/><\/picture><div class=\"banner__content\"><h4 class=\"banner__title\">Prodejci a mont\u00e1\u017en\u00ed firmy<\/h4><p class=\"banner__text\">Objevte obsah a slu\u017eby, kter\u00e9 poskytujeme a kter\u00e9 v\u00e1m pomohou v ka\u017edodenn\u00ed pr\u00e1ci.<\/p><a href=\"https:\/\/www.scrigno.com\/cs\/prodejci-a-monteri\/\" class=\"banner__link cta\">Zjistit v\u00edce<span class=\"ico icon icon-ico-arrow-right\"><\/span><\/a><\/div><\/div><\/div>\n\n\n    <div class=\"news-box__container wrapper\">\n        <div class=\"section__header wrapped cols-10\">\n            <div class=\"section__header--text\">\n                <div class=\"section__title\">Zpr\u00e1vy<\/div>\n            <\/div>\n                <a href=\"https:\/\/www.scrigno.com\/cs\/zpravy\/\" class=\"cta text-primary\">\n        Pod\u00edvejte se na v\u0161echny novinky <span class=\"ico icon icon-ico-arrow-right\"><\/span>\n    <\/a>\n        <\/div>\n        <div class=\"news-box__wrapper wrapped cols-10\">\n            <div class=\"news-box\">\n                    <a href=\"https:\/\/www.scrigno.com\/cs\/scrigno-oznamuje-akvizici-spolecnosti-ecomet-a-fbp-porte\/\" class=\"card post\">\n        <div class=\"card__img\"  style=\"background-image: url(https:\/\/www.scrigno.com\/wp-content\/uploads\/2025\/10\/Brand_Newsroom-Ecomet-FBP_ENG-scaled.jpg)\"><\/div>\n\n        <div class=\"card__content\">\n            <div class=\"card__text\">\n                <div class=\"card__title\">Scrigno oznamuje akvizici spole\u010dnost\u00ed Ecomet a FBP porte<\/div>\n                <div class=\"card__description\">15 \u0158\u00edj 2025<\/div>\n            <\/div>\n            <div class=\"cta card__cta text-primary\">\n                <span class=\"card__cta--text\">Viz novinky<\/span> <span class=\"ico icon icon-ico-arrow-right\"><\/span>\n            <\/div>\n        <\/div>\n    <\/a>    <a href=\"https:\/\/www.scrigno.com\/cs\/scrigno-meni-tvar\/\" class=\"card post\">\n        <div class=\"card__img\"  style=\"background-image: url(https:\/\/www.scrigno.com\/wp-content\/uploads\/2025\/06\/news_preview.jpg)\"><\/div>\n\n        <div class=\"card__content\">\n            <div class=\"card__text\">\n                <div class=\"card__title\">Scrigno m\u011bn\u00ed tv\u00e1\u0159<\/div>\n                <div class=\"card__description\">19 \u010cvn 2025<\/div>\n            <\/div>\n            <div class=\"cta card__cta text-primary\">\n                <span class=\"card__cta--text\">Viz novinky<\/span> <span class=\"ico icon icon-ico-arrow-right\"><\/span>\n            <\/div>\n        <\/div>\n    <\/a>    <a href=\"https:\/\/www.scrigno.com\/cs\/scrigno-rozsiruje-sve-pusobeni-na-pyrenejskem-poloostrove\/\" class=\"card post\">\n        <div class=\"card__img\"  style=\"background-image: url(https:\/\/www.scrigno.com\/wp-content\/uploads\/2025\/06\/IMG_News-Anteprima_Scrigno-Enesca_per-tutte-le-lingue.jpg)\"><\/div>\n\n        <div class=\"card__content\">\n            <div class=\"card__text\">\n                <div class=\"card__title\">Scrigno roz\u0161i\u0159uje sv\u00e9 p\u016fsoben\u00ed na pyrenejsk\u00e9m poloostrov\u011b akvizic\u00ed spole\u010dnosti Enesca a t\u0159\u00ed showroom\u016f v Barcelon\u011b a Madridu<\/div>\n                <div class=\"card__description\">11 \u010cvn 2025<\/div>\n            <\/div>\n            <div class=\"cta card__cta text-primary\">\n                <span class=\"card__cta--text\">Viz novinky<\/span> <span class=\"ico icon icon-ico-arrow-right\"><\/span>\n            <\/div>\n        <\/div>\n    <\/a>\n            <\/div>\n        <\/div>\n        <div class=\"section__footer\">\n                <a href=\"https:\/\/www.scrigno.com\/cs\/zpravy\/\" class=\"cta text-primary\">\n        Pod\u00edvejte se na v\u0161echny novinky <span class=\"ico icon icon-ico-arrow-right\"><\/span>\n    <\/a>\n        <\/div>\n    <\/div>","protected":false},"excerpt":{"rendered":"","protected":false},"author":1,"featured_media":0,"parent":0,"menu_order":0,"comment_status":"closed","ping_status":"closed","template":"","meta":{"_acf_changed":false,"footnotes":""},"class_list":["post-8286","page","type-page","status-publish","hentry"],"acf":[],"yoast_head":"<!-- This site is optimized with the Yoast SEO plugin v27.1.1 - https:\/\/yoast.com\/product\/yoast-seo-wordpress\/ -->\n<title>Otev\u00edrac\u00edch syst\u00e9m\u016f | Scrigno<\/title>\n<meta name=\"description\" content=\"Od roku 1989 je spole\u010dnost Scrigno l\u00eddrem v oblasti designu, v\u00fdroby a prodeje inovativn\u00edch, vysoce kvalitn\u00edch otev\u00edrac\u00edch syst\u00e9m\u016f, kter\u00e9 optimalizuj\u00ed prostor a zlep\u0161uj\u00ed kvalitu bydlen\u00ed pomoc\u00ed designov\u00fdch a avantgardn\u00edch \u0159e\u0161en\u00ed.\" \/>\n<meta name=\"robots\" content=\"index, follow, max-snippet:-1, max-image-preview:large, max-video-preview:-1\" \/>\n<link rel=\"canonical\" href=\"https:\/\/www.scrigno.com\/cs\/\" \/>\n<meta property=\"og:locale\" content=\"cs_CZ\" \/>\n<meta property=\"og:type\" content=\"article\" \/>\n<meta property=\"og:title\" content=\"Otev\u00edrac\u00edch syst\u00e9m\u016f | Scrigno\" \/>\n<meta property=\"og:description\" content=\"Od roku 1989 je spole\u010dnost Scrigno l\u00eddrem v oblasti designu, v\u00fdroby a prodeje inovativn\u00edch, vysoce kvalitn\u00edch otev\u00edrac\u00edch syst\u00e9m\u016f, kter\u00e9 optimalizuj\u00ed prostor a zlep\u0161uj\u00ed kvalitu bydlen\u00ed pomoc\u00ed designov\u00fdch a avantgardn\u00edch \u0159e\u0161en\u00ed.\" \/>\n<meta property=\"og:url\" content=\"https:\/\/www.scrigno.com\/cs\/\" \/>\n<meta property=\"og:site_name\" content=\"Scrigno\" \/>\n<meta property=\"article:modified_time\" content=\"2025-07-15T12:33:24+00:00\" \/>\n<meta property=\"og:image\" content=\"https:\/\/www.scrigno.com\/wp-content\/uploads\/2024\/06\/banner_variant_1-1211x506.jpeg\" \/>\n<meta name=\"twitter:card\" content=\"summary_large_image\" \/>\n<meta name=\"twitter:label1\" content=\"Odhadovan\u00e1 doba \u010dten\u00ed\" \/>\n\t<meta name=\"twitter:data1\" content=\"1 minuta\" \/>\n<script type=\"application\/ld+json\" class=\"yoast-schema-graph\">{\"@context\":\"https:\/\/schema.org\",\"@graph\":[{\"@type\":\"WebPage\",\"@id\":\"https:\/\/www.scrigno.com\/cs\/\",\"url\":\"https:\/\/www.scrigno.com\/cs\/\",\"name\":\"Otev\u00edrac\u00edch syst\u00e9m\u016f | Scrigno\",\"isPartOf\":{\"@id\":\"https:\/\/www.scrigno.com\/cs\/#website\"},\"primaryImageOfPage\":{\"@id\":\"https:\/\/www.scrigno.com\/cs\/#primaryimage\"},\"image\":{\"@id\":\"https:\/\/www.scrigno.com\/cs\/#primaryimage\"},\"thumbnailUrl\":\"https:\/\/www.scrigno.com\/wp-content\/uploads\/2024\/06\/banner_variant_1-1211x506.jpeg\",\"datePublished\":\"2024-06-27T09:03:28+00:00\",\"dateModified\":\"2025-07-15T12:33:24+00:00\",\"description\":\"Od roku 1989 je spole\u010dnost Scrigno l\u00eddrem v oblasti designu, v\u00fdroby a prodeje inovativn\u00edch, vysoce kvalitn\u00edch otev\u00edrac\u00edch syst\u00e9m\u016f, kter\u00e9 optimalizuj\u00ed prostor a zlep\u0161uj\u00ed kvalitu bydlen\u00ed pomoc\u00ed designov\u00fdch a avantgardn\u00edch \u0159e\u0161en\u00ed.\",\"breadcrumb\":{\"@id\":\"https:\/\/www.scrigno.com\/cs\/#breadcrumb\"},\"inLanguage\":\"cs\",\"potentialAction\":[{\"@type\":\"ReadAction\",\"target\":[\"https:\/\/www.scrigno.com\/cs\/\"]}]},{\"@type\":\"ImageObject\",\"inLanguage\":\"cs\",\"@id\":\"https:\/\/www.scrigno.com\/cs\/#primaryimage\",\"url\":\"https:\/\/www.scrigno.com\/wp-content\/uploads\/2024\/06\/banner_variant_1-1211x506.jpeg\",\"contentUrl\":\"https:\/\/www.scrigno.com\/wp-content\/uploads\/2024\/06\/banner_variant_1-1211x506.jpeg\"},{\"@type\":\"BreadcrumbList\",\"@id\":\"https:\/\/www.scrigno.com\/cs\/#breadcrumb\",\"itemListElement\":[{\"@type\":\"ListItem\",\"position\":1,\"name\":\"Home\",\"item\":\"https:\/\/www.scrigno.com\/cs\/\"},{\"@type\":\"ListItem\",\"position\":2,\"name\":\"Homepage\"}]},{\"@type\":\"WebSite\",\"@id\":\"https:\/\/www.scrigno.com\/cs\/#website\",\"url\":\"https:\/\/www.scrigno.com\/cs\/\",\"name\":\"Scrigno\",\"description\":\"\",\"potentialAction\":[{\"@type\":\"SearchAction\",\"target\":{\"@type\":\"EntryPoint\",\"urlTemplate\":\"https:\/\/www.scrigno.com\/cs\/?s={search_term_string}\"},\"query-input\":{\"@type\":\"PropertyValueSpecification\",\"valueRequired\":true,\"valueName\":\"search_term_string\"}}],\"inLanguage\":\"cs\"}]}<\/script>\n<!-- \/ Yoast SEO plugin. -->","yoast_head_json":{"title":"Otev\u00edrac\u00edch syst\u00e9m\u016f | Scrigno","description":"Od roku 1989 je spole\u010dnost Scrigno l\u00eddrem v oblasti designu, v\u00fdroby a prodeje inovativn\u00edch, vysoce kvalitn\u00edch otev\u00edrac\u00edch syst\u00e9m\u016f, kter\u00e9 optimalizuj\u00ed prostor a zlep\u0161uj\u00ed kvalitu bydlen\u00ed pomoc\u00ed designov\u00fdch a avantgardn\u00edch \u0159e\u0161en\u00ed.","robots":{"index":"index","follow":"follow","max-snippet":"max-snippet:-1","max-image-preview":"max-image-preview:large","max-video-preview":"max-video-preview:-1"},"canonical":"https:\/\/www.scrigno.com\/cs\/","og_locale":"cs_CZ","og_type":"article","og_title":"Otev\u00edrac\u00edch syst\u00e9m\u016f | Scrigno","og_description":"Od roku 1989 je spole\u010dnost Scrigno l\u00eddrem v oblasti designu, v\u00fdroby a prodeje inovativn\u00edch, vysoce kvalitn\u00edch otev\u00edrac\u00edch syst\u00e9m\u016f, kter\u00e9 optimalizuj\u00ed prostor a zlep\u0161uj\u00ed kvalitu bydlen\u00ed pomoc\u00ed designov\u00fdch a avantgardn\u00edch \u0159e\u0161en\u00ed.","og_url":"https:\/\/www.scrigno.com\/cs\/","og_site_name":"Scrigno","article_modified_time":"2025-07-15T12:33:24+00:00","og_image":[{"url":"https:\/\/www.scrigno.com\/wp-content\/uploads\/2024\/06\/banner_variant_1-1211x506.jpeg","type":"","width":"","height":""}],"twitter_card":"summary_large_image","twitter_misc":{"Odhadovan\u00e1 doba \u010dten\u00ed":"1 minuta"},"schema":{"@context":"https:\/\/schema.org","@graph":[{"@type":"WebPage","@id":"https:\/\/www.scrigno.com\/cs\/","url":"https:\/\/www.scrigno.com\/cs\/","name":"Otev\u00edrac\u00edch syst\u00e9m\u016f | Scrigno","isPartOf":{"@id":"https:\/\/www.scrigno.com\/cs\/#website"},"primaryImageOfPage":{"@id":"https:\/\/www.scrigno.com\/cs\/#primaryimage"},"image":{"@id":"https:\/\/www.scrigno.com\/cs\/#primaryimage"},"thumbnailUrl":"https:\/\/www.scrigno.com\/wp-content\/uploads\/2024\/06\/banner_variant_1-1211x506.jpeg","datePublished":"2024-06-27T09:03:28+00:00","dateModified":"2025-07-15T12:33:24+00:00","description":"Od roku 1989 je spole\u010dnost Scrigno l\u00eddrem v oblasti designu, v\u00fdroby a prodeje inovativn\u00edch, vysoce kvalitn\u00edch otev\u00edrac\u00edch syst\u00e9m\u016f, kter\u00e9 optimalizuj\u00ed prostor a zlep\u0161uj\u00ed kvalitu bydlen\u00ed pomoc\u00ed designov\u00fdch a avantgardn\u00edch \u0159e\u0161en\u00ed.","breadcrumb":{"@id":"https:\/\/www.scrigno.com\/cs\/#breadcrumb"},"inLanguage":"cs","potentialAction":[{"@type":"ReadAction","target":["https:\/\/www.scrigno.com\/cs\/"]}]},{"@type":"ImageObject","inLanguage":"cs","@id":"https:\/\/www.scrigno.com\/cs\/#primaryimage","url":"https:\/\/www.scrigno.com\/wp-content\/uploads\/2024\/06\/banner_variant_1-1211x506.jpeg","contentUrl":"https:\/\/www.scrigno.com\/wp-content\/uploads\/2024\/06\/banner_variant_1-1211x506.jpeg"},{"@type":"BreadcrumbList","@id":"https:\/\/www.scrigno.com\/cs\/#breadcrumb","itemListElement":[{"@type":"ListItem","position":1,"name":"Home","item":"https:\/\/www.scrigno.com\/cs\/"},{"@type":"ListItem","position":2,"name":"Homepage"}]},{"@type":"WebSite","@id":"https:\/\/www.scrigno.com\/cs\/#website","url":"https:\/\/www.scrigno.com\/cs\/","name":"Scrigno","description":"","potentialAction":[{"@type":"SearchAction","target":{"@type":"EntryPoint","urlTemplate":"https:\/\/www.scrigno.com\/cs\/?s={search_term_string}"},"query-input":{"@type":"PropertyValueSpecification","valueRequired":true,"valueName":"search_term_string"}}],"inLanguage":"cs"}]}},"_links":{"self":[{"href":"https:\/\/www.scrigno.com\/cs\/wp-json\/wp\/v2\/pages\/8286","targetHints":{"allow":["GET"]}}],"collection":[{"href":"https:\/\/www.scrigno.com\/cs\/wp-json\/wp\/v2\/pages"}],"about":[{"href":"https:\/\/www.scrigno.com\/cs\/wp-json\/wp\/v2\/types\/page"}],"author":[{"embeddable":true,"href":"https:\/\/www.scrigno.com\/cs\/wp-json\/wp\/v2\/users\/1"}],"replies":[{"embeddable":true,"href":"https:\/\/www.scrigno.com\/cs\/wp-json\/wp\/v2\/comments?post=8286"}],"version-history":[{"count":0,"href":"https:\/\/www.scrigno.com\/cs\/wp-json\/wp\/v2\/pages\/8286\/revisions"}],"wp:attachment":[{"href":"https:\/\/www.scrigno.com\/cs\/wp-json\/wp\/v2\/media?parent=8286"}],"curies":[{"name":"wp","href":"https:\/\/api.w.org\/{rel}","templated":true}]}}