{"id":21068,"date":"2025-10-17T17:10:08","date_gmt":"2025-10-17T15:10:08","guid":{"rendered":"https:\/\/www.scrigno.com\/?page_id=21068"},"modified":"2026-04-15T16:49:57","modified_gmt":"2026-04-15T14:49:57","slug":"puertas-de-interiores","status":"publish","type":"page","link":"https:\/\/www.scrigno.com\/es\/puertas-de-interiores\/","title":{"rendered":"Puertas de interiores"},"content":{"rendered":"\n<div class=\"wp-block-scrignocom-scrigno-com-block-sub-hero sub-hero\"><div class=\"sub-hero__container wrapper\"><div class=\"sub-hero__image wrapped cols-w-8\"><img decoding=\"async\" loading=\"lazy\" src=\"https:\/\/www.scrigno.com\/wp-content\/uploads\/2025\/10\/PBFM-RIVIERA.jpg\"\/><\/div><div class=\"sub-hero__content wrapped cols-w-3\"><h2 class=\"sub-hero__title\">Cuando las puertas cobran protagonismo<\/h2><p class=\"sub-hero__subtitle subtitle1\"><\/p><p class=\"sub-hero__text Body1\">Cada puerta de interiores Scrigno es un gesto arquitect\u00f3nico, un signo que define, conecta y embellece el ambiente. Disponibles en madera, en cristal o en materiales innovadores como el Cimento\u00ae, nuestras puertas se abren a infinitas posibilidades de dise\u00f1o, luminosidad, textura y solidez para transformar cada punto de acceso en una experiencia sensorial \u00fanica.<\/p><div class=\"sub-hero__ctas\"><a href=\"https:\/\/www.scrigno.com\/es\/categoria\/puertas-de-interiores\/\" class=\"sub-hero__cta cta\">DESCUBRE TODAS LAS PUERTAS DE INTERIOR<span class=\"ico icon icon-ico-arrow-right\"><\/span><\/a><\/div><\/div><\/div><\/div>\n\n\n\n<div class=\"wp-block-scrignocom-scrigno-com-block-banner banner banner--variant_1 banner--right banner--background\"><div class=\"banner__container\"><picture class=\"banner__image\"><img decoding=\"async\" loading=\"lazy\" src=\"https:\/\/www.scrigno.com\/wp-content\/uploads\/2025\/10\/linea_borghi_v2-1211x908-1-1.jpg\"\/><\/picture><div class=\"banner__content\"><h4 class=\"banner__title\">Mappa Mundi de Elisa Ossino<\/h4><p class=\"banner__text\">La colecci\u00f3n Mappa Mundi nace de una idea poderosa: devolver a la puerta su significado original de umbral no solo funcional sino simb\u00f3lico, capaz de conectar, separar y definir el espacio.<\/p><a href=\"https:\/\/www.scrigno.com\/es\/mappa-mundi-de-elisa-ossino\/\" class=\"banner__link cta\">DESCUBRE M\u00c1S<span class=\"ico icon icon-ico-arrow-right\"><\/span><\/a><\/div><\/div><\/div>\n\n\n\n<div class=\"wp-block-scrignocom-scrigno-com-block-products-explorer section products__explorer wrapper four-columns\"><div class=\"products__explorer-wrapper wrapper\"><div class=\"section__header wrapped\"><div class=\"section__header--text\"><h2 class=\"section__title\">Descubre las puertas de interior<\/h2><p class=\"section__subtitle\">Una amplia gama de soluciones ecl\u00e9cticas y elegantes que nos abre a un nuevo modo de habitar el espacio. Navega entre los distintos tipos y materiales para encontrar la puerta que refleja tu estilo. Navega entre los distintos tipos y estilos para encontrar la puerta que refleja tu visi\u00f3n del espacio.<\/p><\/div><\/div><div class=\"card__row splide\"><div class=\"splide__track\"><div class=\"splide__list\">    <a href=\"https:\/\/www.scrigno.com\/es\/categoria\/puertas-de-interiores-a-ras-de-pared\/\" target=\"\" rel=\"\" class=\"card products__explorer--card splide__slide\">\n        <div class=\"card__img\" style=\"background-image: url('https:\/\/www.scrigno.com\/wp-content\/uploads\/2025\/10\/PB-VESTIGIA-CROP.jpg')\"><\/div>\n\n        <div class=\"card__content\">\n            <div class=\"card__text\">\n                <h3 class=\"card__title\">A ras de pared<\/h3>\n                <p class=\"card__description card__description--long\">Las puertas a ras de pared transforman cada apertura en un signo elegante y discreto, integr\u00e1ndose con las paredes y creando continuidad visual. La limpieza de la superficie resalta los materiales y la luz enriqueciendo cada proyecto con un lenguaje contempor\u00e1neo.<\/p>\n            <\/div>\n            <div class=\"cta card__cta text-primary\">\n                <span class=\"card__cta--text\">Mostrar productos<\/span> <span class=\"ico icon icon-ico-arrow-right\"><\/span>\n            <\/div>\n        <\/div>\n    <\/a>\n\n    <a href=\"https:\/\/www.scrigno.com\/es\/categoria\/puertas-de-interiores-con-jambas\/\" target=\"\" rel=\"\" class=\"card products__explorer--card splide__slide\">\n        <div class=\"card__img\" style=\"background-image: url('https:\/\/www.scrigno.com\/wp-content\/uploads\/2025\/10\/PBCS-GLYPHA-CROP.jpg')\"><\/div>\n\n        <div class=\"card__content\">\n            <div class=\"card__text\">\n                <h3 class=\"card__title\">Con jambas<\/h3>\n                <p class=\"card__description card__description--long\">Las puertas con jambas a\u00f1aden car\u00e1cter y definici\u00f3n a las entradas. Cuentan historias del pasado y de dise\u00f1o convirti\u00e9ndose en elementos distintivos de cada ambiente.<\/p>\n            <\/div>\n            <div class=\"cta card__cta text-primary\">\n                <span class=\"card__cta--text\">Mostrar productos<\/span> <span class=\"ico icon icon-ico-arrow-right\"><\/span>\n            <\/div>\n        <\/div>\n    <\/a>\n\n    <a href=\"https:\/\/www.scrigno.com\/es\/categoria\/puertas-correderas-exteriores-a-la-pared\/\" target=\"\" rel=\"\" class=\"card products__explorer--card splide__slide\">\n        <div class=\"card__img\" style=\"background-image: url('https:\/\/www.scrigno.com\/wp-content\/uploads\/2025\/10\/PBCS-ACQUA-TALOS-CROP.jpg')\"><\/div>\n\n        <div class=\"card__content\">\n            <div class=\"card__text\">\n                <h3 class=\"card__title\">Correderas exteriores a la pared<\/h3>\n                <p class=\"card__description card__description--long\">Las puertas correderas exteriores a la pared unen ligereza y elegancia ofreciendo continuidad entre los espacios interiores y exteriores. Su deslizamiento se convierte en un gesto po\u00e9tico que potencia la luz y el movimiento en los ambientes.<\/p>\n            <\/div>\n            <div class=\"cta card__cta text-primary\">\n                <span class=\"card__cta--text\">Mostrar productos<\/span> <span class=\"ico icon icon-ico-arrow-right\"><\/span>\n            <\/div>\n        <\/div>\n    <\/a>\n\n    <a href=\"https:\/\/www.scrigno.com\/es\/categoria\/puertas-especiales\/\" target=\"\" rel=\"\" class=\"card products__explorer--card splide__slide\">\n        <div class=\"card__img\" style=\"background-image: url('https:\/\/www.scrigno.com\/wp-content\/uploads\/2025\/10\/PBFM-ACUSTICA_FP_CROP.jpg')\"><\/div>\n\n        <div class=\"card__content\">\n            <div class=\"card__text\">\n                <h3 class=\"card__title\">Especiales<\/h3>\n                <p class=\"card__description card__description--long\">Las puertas especiales Scrigno ofrecen soluciones dise\u00f1adas para necesidades espec\u00edficas. Protegen, a\u00edslan y armonizan los espacios transformando cada entrada en una experiencia est\u00e9tica y sensorial.<\/p>\n            <\/div>\n            <div class=\"cta card__cta text-primary\">\n                <span class=\"card__cta--text\">Mostrar productos<\/span> <span class=\"ico icon icon-ico-arrow-right\"><\/span>\n            <\/div>\n        <\/div>\n    <\/a><\/div><\/div><\/div><div class=\"section__footer\"><\/div><\/div><\/div>\n\n\n    <div class=\"content-block wrapper image-left\">\n            <div class=\"content-block__spacer\"><\/div>\n    <div class=\"content-block__column-image\">    <img decoding=\"async\" src=\"https:\/\/www.scrigno.com\/wp-content\/uploads\/2025\/10\/PB-MONTEFELTRO-CROP.jpg\" class=\"content-block__image\" \/><\/div>\n    <div class=\"content-block__column-text\">    <div class=\"content-block__text\">\n        <h3 class=\"content-block__text--title\">Puertas correderas<\/h3>\n        <p class=\"content-block__text--content\">Soluciones elegantes, ligeras y escenogr\u00e1ficas, disponibles a ras de pared o con jambas. Las puertas correderas Scrigno abren el espacio con naturalidad, creando continuidad visual y fluidez entre los ambientes. De las c\u00e1lidas maderas a las transparencias del cristal, pasando por las variantes insonorizadas y cortafuegos, ofrecen un universo de posibilidades para vivir cada entorno con estilo, armon\u00eda y ligereza.<\/p>\n\n                <a href=\"https:\/\/www.scrigno.com\/es\/categoria\/puertas-correderas\/\" class=\"cta text-primary\"  >\n        DESCUBRE LAS PUERTAS CORREDERAS <span class=\"ico icon icon-ico-arrow-right\"><\/span>\n    <\/a>\n    \n    <\/div><\/div>\n    <div class=\"content-block__spacer\"><\/div>\n    <\/div>\n\n    <div class=\"content-block wrapper image-right\">\n            <div class=\"content-block__spacer\"><\/div>\n    <div class=\"content-block__column-text\">    <div class=\"content-block__text\">\n        <h3 class=\"content-block__text--title\">Puertas batientes<\/h3>\n        <p class=\"content-block__text--content\">La expresi\u00f3n de un dise\u00f1o que se funde con el espacio resaltando la pureza formal de los ambientes. Las puertas batientes Scrigno redefinen el concepto de umbral poniendo en valor los materiales, la luz y las proporciones. Disponibles a ras de pared o con jambas, de madera o de cristal, nuestras soluciones ofrecen elegancia, armon\u00eda y continuidad y son capaces de dialogar con cualquier estilo residencial transformando cada acceso en un signo elegante y esencial.<\/p>\n\n                <a href=\"https:\/\/www.scrigno.com\/es\/categoria\/puertas-batientes\/\" class=\"cta text-primary\"  >\n        DESCUBRE LAS PUERTAS BATIENTES <span class=\"ico icon icon-ico-arrow-right\"><\/span>\n    <\/a>\n    \n    <\/div><\/div>\n    <div class=\"content-block__column-image\">    <img decoding=\"async\" src=\"https:\/\/www.scrigno.com\/wp-content\/uploads\/2025\/10\/PBFM-TINTORI-CROP.jpg\" class=\"content-block__image\" \/><\/div>\n    <div class=\"content-block__spacer\"><\/div>\n    <\/div>\n\n    <div class=\"content-block wrapper image-left\">\n            <div class=\"content-block__spacer\"><\/div>\n    <div class=\"content-block__column-image\">    <img decoding=\"async\" src=\"https:\/\/www.scrigno.com\/wp-content\/uploads\/2025\/10\/PBFM-MIRR-TALOS-CROP.jpg\" class=\"content-block__image\" \/><\/div>\n    <div class=\"content-block__column-text\">    <div class=\"content-block__text\">\n        <h3 class=\"content-block__text--title\">Puertas pivotantes<\/h3>\n        <p class=\"content-block__text--content\">S\u00edntesis perfecta entre t\u00e9cnica y dise\u00f1o, las puertas pivotantes Scrigno giran sobre un perno central creando un efecto escenogr\u00e1fico de equilibrio y ligereza. Ideales para grandes aberturas, definen el espacio con un movimiento fluido y continuo convirti\u00e9ndose en un aut\u00e9ntico elemento arquitect\u00f3nico. Elegantes y minimalistas, unen funcionalidad, proporci\u00f3n y libertad proyectual en una \u00fanica soluci\u00f3n de estilo contempor\u00e1neo.<\/p>\n\n                <a href=\"https:\/\/www.scrigno.com\/es\/categoria\/puertas-de-interiores\/?opening=balance\" class=\"cta text-primary\"  >\n        DESCUBRE LAS PUERTAS PIVOTANTES <span class=\"ico icon icon-ico-arrow-right\"><\/span>\n    <\/a>\n    \n    <\/div><\/div>\n    <div class=\"content-block__spacer\"><\/div>\n    <\/div>\n\n    <div class=\"banner-architects\">\n        <div title=\"ENCUENTRA PUNTOS DE VENTA Y AGENTES\" class=\"banner-architects__image\">\n            <img decoding=\"async\" src=\"https:\/\/www.scrigno.com\/wp-content\/uploads\/2025\/06\/Banner_Architetti_v2-1.jpg\" \/>\n        <\/div>\n        <div class=\"banner-architects__text-box\">\n            <h4 class=\"banner-architects__title\">ENCUENTRA PUNTOS DE VENTA Y AGENTES<\/h4>\n            \n            <a href=\"https:\/\/scrigno.com\/it\/dove-acquistare\/\" class=\"cta\">\n                <a href=\"https:\/\/www.scrigno.com\/es\/puntos-de-venta\/\">descubre m\u00e1s<\/a>\n                <span class=\"ico icon icon-ico-arrow-right\"><\/span>\n            <\/a>\n        <\/div>\n    <\/div>\n\n\n<div class=\"wp-block-group wrapper is-layout-constrained wp-block-group-is-layout-constrained\">\n<h2 class=\"wp-block-heading wrapped cols-10\">Cont\u00e1ctenos<\/h2>\n\n\n    <div class=\"_form_133 wrapped cols-10 \"><\/div>\n    <script src=\"https:\/\/scrignogroup.activehosted.com\/f\/embed.php?id=133\" charset=\"utf-8\" data-cookieconsent=\"ignore\"><\/script><\/div>\n","protected":false},"excerpt":{"rendered":"<p>Cont\u00e1ctenos<\/p>\n","protected":false},"author":2,"featured_media":0,"parent":0,"menu_order":0,"comment_status":"closed","ping_status":"closed","template":"","meta":{"_acf_changed":false,"footnotes":""},"class_list":["post-21068","page","type-page","status-publish","hentry"],"acf":[],"yoast_head":"<!-- This site is optimized with the Yoast SEO plugin v27.1.1 - https:\/\/yoast.com\/product\/yoast-seo-wordpress\/ -->\n<title>Puertas de interiores - Scrigno<\/title>\n<meta name=\"robots\" content=\"index, follow, max-snippet:-1, max-image-preview:large, max-video-preview:-1\" \/>\n<link rel=\"canonical\" href=\"https:\/\/www.scrigno.com\/es\/puertas-de-interiores\/\" \/>\n<meta property=\"og:locale\" content=\"es_ES\" \/>\n<meta property=\"og:type\" content=\"article\" \/>\n<meta property=\"og:title\" content=\"Puertas de interiores - Scrigno\" \/>\n<meta property=\"og:description\" content=\"Cont\u00e1ctenos\" \/>\n<meta property=\"og:url\" content=\"https:\/\/www.scrigno.com\/es\/puertas-de-interiores\/\" \/>\n<meta property=\"og:site_name\" content=\"Scrigno\" \/>\n<meta property=\"article:modified_time\" content=\"2026-04-15T14:49:57+00:00\" \/>\n<meta property=\"og:image\" content=\"https:\/\/www.scrigno.com\/wp-content\/uploads\/2025\/10\/PBFM-RIVIERA.jpg\" \/>\n<meta name=\"twitter:card\" content=\"summary_large_image\" \/>\n<meta name=\"twitter:label1\" content=\"Tiempo de lectura\" \/>\n\t<meta name=\"twitter:data1\" content=\"2 minutos\" \/>\n<script type=\"application\/ld+json\" class=\"yoast-schema-graph\">{\"@context\":\"https:\/\/schema.org\",\"@graph\":[{\"@type\":\"WebPage\",\"@id\":\"https:\/\/www.scrigno.com\/es\/puertas-de-interiores\/\",\"url\":\"https:\/\/www.scrigno.com\/es\/puertas-de-interiores\/\",\"name\":\"Puertas de interiores - Scrigno\",\"isPartOf\":{\"@id\":\"https:\/\/www.scrigno.com\/es\/#website\"},\"primaryImageOfPage\":{\"@id\":\"https:\/\/www.scrigno.com\/es\/puertas-de-interiores\/#primaryimage\"},\"image\":{\"@id\":\"https:\/\/www.scrigno.com\/es\/puertas-de-interiores\/#primaryimage\"},\"thumbnailUrl\":\"https:\/\/www.scrigno.com\/wp-content\/uploads\/2025\/10\/PBFM-RIVIERA.jpg\",\"datePublished\":\"2025-10-17T15:10:08+00:00\",\"dateModified\":\"2026-04-15T14:49:57+00:00\",\"breadcrumb\":{\"@id\":\"https:\/\/www.scrigno.com\/es\/puertas-de-interiores\/#breadcrumb\"},\"inLanguage\":\"es\",\"potentialAction\":[{\"@type\":\"ReadAction\",\"target\":[\"https:\/\/www.scrigno.com\/es\/puertas-de-interiores\/\"]}]},{\"@type\":\"ImageObject\",\"inLanguage\":\"es\",\"@id\":\"https:\/\/www.scrigno.com\/es\/puertas-de-interiores\/#primaryimage\",\"url\":\"https:\/\/www.scrigno.com\/wp-content\/uploads\/2025\/10\/PBFM-RIVIERA.jpg\",\"contentUrl\":\"https:\/\/www.scrigno.com\/wp-content\/uploads\/2025\/10\/PBFM-RIVIERA.jpg\"},{\"@type\":\"BreadcrumbList\",\"@id\":\"https:\/\/www.scrigno.com\/es\/puertas-de-interiores\/#breadcrumb\",\"itemListElement\":[{\"@type\":\"ListItem\",\"position\":1,\"name\":\"Home\",\"item\":\"https:\/\/www.scrigno.com\/es\/\"},{\"@type\":\"ListItem\",\"position\":2,\"name\":\"Puertas de interiores\"}]},{\"@type\":\"WebSite\",\"@id\":\"https:\/\/www.scrigno.com\/es\/#website\",\"url\":\"https:\/\/www.scrigno.com\/es\/\",\"name\":\"Scrigno\",\"description\":\"\",\"potentialAction\":[{\"@type\":\"SearchAction\",\"target\":{\"@type\":\"EntryPoint\",\"urlTemplate\":\"https:\/\/www.scrigno.com\/es\/?s={search_term_string}\"},\"query-input\":{\"@type\":\"PropertyValueSpecification\",\"valueRequired\":true,\"valueName\":\"search_term_string\"}}],\"inLanguage\":\"es\"}]}<\/script>\n<!-- \/ Yoast SEO plugin. -->","yoast_head_json":{"title":"Puertas de interiores - Scrigno","robots":{"index":"index","follow":"follow","max-snippet":"max-snippet:-1","max-image-preview":"max-image-preview:large","max-video-preview":"max-video-preview:-1"},"canonical":"https:\/\/www.scrigno.com\/es\/puertas-de-interiores\/","og_locale":"es_ES","og_type":"article","og_title":"Puertas de interiores - Scrigno","og_description":"Cont\u00e1ctenos","og_url":"https:\/\/www.scrigno.com\/es\/puertas-de-interiores\/","og_site_name":"Scrigno","article_modified_time":"2026-04-15T14:49:57+00:00","og_image":[{"url":"https:\/\/www.scrigno.com\/wp-content\/uploads\/2025\/10\/PBFM-RIVIERA.jpg","type":"","width":"","height":""}],"twitter_card":"summary_large_image","twitter_misc":{"Tiempo de lectura":"2 minutos"},"schema":{"@context":"https:\/\/schema.org","@graph":[{"@type":"WebPage","@id":"https:\/\/www.scrigno.com\/es\/puertas-de-interiores\/","url":"https:\/\/www.scrigno.com\/es\/puertas-de-interiores\/","name":"Puertas de interiores - Scrigno","isPartOf":{"@id":"https:\/\/www.scrigno.com\/es\/#website"},"primaryImageOfPage":{"@id":"https:\/\/www.scrigno.com\/es\/puertas-de-interiores\/#primaryimage"},"image":{"@id":"https:\/\/www.scrigno.com\/es\/puertas-de-interiores\/#primaryimage"},"thumbnailUrl":"https:\/\/www.scrigno.com\/wp-content\/uploads\/2025\/10\/PBFM-RIVIERA.jpg","datePublished":"2025-10-17T15:10:08+00:00","dateModified":"2026-04-15T14:49:57+00:00","breadcrumb":{"@id":"https:\/\/www.scrigno.com\/es\/puertas-de-interiores\/#breadcrumb"},"inLanguage":"es","potentialAction":[{"@type":"ReadAction","target":["https:\/\/www.scrigno.com\/es\/puertas-de-interiores\/"]}]},{"@type":"ImageObject","inLanguage":"es","@id":"https:\/\/www.scrigno.com\/es\/puertas-de-interiores\/#primaryimage","url":"https:\/\/www.scrigno.com\/wp-content\/uploads\/2025\/10\/PBFM-RIVIERA.jpg","contentUrl":"https:\/\/www.scrigno.com\/wp-content\/uploads\/2025\/10\/PBFM-RIVIERA.jpg"},{"@type":"BreadcrumbList","@id":"https:\/\/www.scrigno.com\/es\/puertas-de-interiores\/#breadcrumb","itemListElement":[{"@type":"ListItem","position":1,"name":"Home","item":"https:\/\/www.scrigno.com\/es\/"},{"@type":"ListItem","position":2,"name":"Puertas de interiores"}]},{"@type":"WebSite","@id":"https:\/\/www.scrigno.com\/es\/#website","url":"https:\/\/www.scrigno.com\/es\/","name":"Scrigno","description":"","potentialAction":[{"@type":"SearchAction","target":{"@type":"EntryPoint","urlTemplate":"https:\/\/www.scrigno.com\/es\/?s={search_term_string}"},"query-input":{"@type":"PropertyValueSpecification","valueRequired":true,"valueName":"search_term_string"}}],"inLanguage":"es"}]}},"_links":{"self":[{"href":"https:\/\/www.scrigno.com\/es\/wp-json\/wp\/v2\/pages\/21068","targetHints":{"allow":["GET"]}}],"collection":[{"href":"https:\/\/www.scrigno.com\/es\/wp-json\/wp\/v2\/pages"}],"about":[{"href":"https:\/\/www.scrigno.com\/es\/wp-json\/wp\/v2\/types\/page"}],"author":[{"embeddable":true,"href":"https:\/\/www.scrigno.com\/es\/wp-json\/wp\/v2\/users\/2"}],"replies":[{"embeddable":true,"href":"https:\/\/www.scrigno.com\/es\/wp-json\/wp\/v2\/comments?post=21068"}],"version-history":[{"count":4,"href":"https:\/\/www.scrigno.com\/es\/wp-json\/wp\/v2\/pages\/21068\/revisions"}],"predecessor-version":[{"id":21235,"href":"https:\/\/www.scrigno.com\/es\/wp-json\/wp\/v2\/pages\/21068\/revisions\/21235"}],"wp:attachment":[{"href":"https:\/\/www.scrigno.com\/es\/wp-json\/wp\/v2\/media?parent=21068"}],"curies":[{"name":"wp","href":"https:\/\/api.w.org\/{rel}","templated":true}]}}