{"id":21071,"date":"2024-09-24T18:01:12","date_gmt":"2024-09-24T16:01:12","guid":{"rendered":"https:\/\/www.scrigno.com\/?page_id=21071"},"modified":"2026-04-15T17:04:28","modified_gmt":"2026-04-15T15:04:28","slug":"puertas-acorazadas","status":"publish","type":"page","link":"https:\/\/www.scrigno.com\/es\/puertas-acorazadas\/","title":{"rendered":"Puertas acorazadas"},"content":{"rendered":"\n<div class=\"wp-block-scrignocom-scrigno-com-block-sub-hero sub-hero\"><div class=\"sub-hero__container wrapper\"><div class=\"sub-hero__image wrapped cols-w-8\"><img decoding=\"async\" loading=\"lazy\" src=\"https:\/\/www.scrigno.com\/wp-content\/uploads\/2025\/07\/banner_blindate-3.png\"\/><\/div><div class=\"sub-hero__content wrapped cols-w-3\"><h2 class=\"sub-hero__title\">Estilo y seguridad en soluciones innovadoras y de dise\u00f1o.<\/h2><p class=\"sub-hero__subtitle subtitle1\"><\/p><p class=\"sub-hero__text Body1\">Nuestra propuesta de puertas acorazadas incluye sistemas a ras de pared, coplanarios, tradicionales con bisagras vistas y ocultas y especiales.<br><br>Soluciones perfectas para cualquier necesidad de proyecto y nivel de seguridad.<\/p><div class=\"sub-hero__ctas\"><a href=\"https:\/\/www.scrigno.com\/es\/categoria\/puertas-acorazadas\/\" class=\"sub-hero__cta cta\">Descubre todas las puertas acorazadas<span class=\"ico icon icon-ico-arrow-right\"><\/span><\/a><\/div><\/div><\/div><\/div>\n\n\n\n<div class=\"wp-block-scrignocom-scrigno-com-block-banner banner banner--variant_1 banner--right banner--surface\"><div class=\"banner__container\"><picture class=\"banner__image\"><img decoding=\"async\" loading=\"lazy\" src=\"https:\/\/www.scrigno.com\/wp-content\/uploads\/2025\/07\/PB-SYNKRO4-1-1211x681.jpg\"\/><\/picture><div class=\"banner__content\"><h4 class=\"banner__title\">Arch\u00e8 de Egidio Panzera<\/h4><p class=\"banner__text\">Innovaci\u00f3n t\u00e9cnica, investigaci\u00f3n est\u00e9tica y visi\u00f3n arquitect\u00f3nica. Arch\u00e8 es una colecci\u00f3n Scrigno que redefine la entrada como elemento decorativo y de conexi\u00f3n entre los espacios.<\/p><a href=\"https:\/\/www.scrigno.com\/es\/arche-de-egidio-panzera\/\" class=\"banner__link cta\">Saber m\u00e1s<span class=\"ico icon icon-ico-arrow-right\"><\/span><\/a><\/div><\/div><\/div>\n\n\n\n<div class=\"wp-block-scrignocom-scrigno-com-block-products-explorer section products__explorer wrapper four-columns\"><div class=\"products__explorer-wrapper wrapper\"><div class=\"section__header wrapped\"><div class=\"section__header--text\"><h2 class=\"section__title\">Estilo y seguridad en soluciones innovadoras y de dise\u00f1o.<\/h2><p class=\"section__subtitle\">Nuestra propuesta de puertas acorazadas incluye sistemas a ras de pared, coplanarios, tradicionales con bisagras vistas y ocultas y especiales. Soluciones perfectas para cualquier necesidad de proyecto y nivel de seguridad.<br><a href=\"https:\/\/www.scrigno.com\/IT\/it\/porte-scrigno\/porte-battenti-in-legno\"><\/a><\/p><\/div><\/div><div class=\"card__row splide\"><div class=\"splide__track\"><div class=\"splide__list\">    <a href=\"https:\/\/www.scrigno.com\/es\/categoria\/puertas-a-ras-de-pared\/\" target=\"\" rel=\"\" class=\"card products__explorer--card splide__slide\">\n        <div class=\"card__img\" style=\"background-image: url('https:\/\/www.scrigno.com\/wp-content\/uploads\/2025\/07\/Render_F_LEVOS_Filomuro_Interno_GENERALE.jpg')\"><\/div>\n\n        <div class=\"card__content\">\n            <div class=\"card__text\">\n                <h3 class=\"card__title\">A ras de pared<\/h3>\n                <p class=\"card__description card__description--long\">S\u00edntesis de elegancia minimalista y funcionalidad, las puertas a ras de pared ofrecen una est\u00e9tica limpia e integrada donde el panel se fusiona con la pared. Ideales para proyectos contempor\u00e1neos, garantizan altas prestaciones y un dise\u00f1o esencial que enriquece cualquier ambiente.<\/p>\n            <\/div>\n            <div class=\"cta card__cta text-primary\">\n                <span class=\"card__cta--text\">Mostrar productos<\/span> <span class=\"ico icon icon-ico-arrow-right\"><\/span>\n            <\/div>\n        <\/div>\n    <\/a>\n\n    <a href=\"https:\/\/www.scrigno.com\/es\/categoria\/puertas-coplanarias\/\" target=\"\" rel=\"\" class=\"card products__explorer--card splide__slide\">\n        <div class=\"card__img\" style=\"background-image: url('https:\/\/www.scrigno.com\/wp-content\/uploads\/2025\/07\/Hub-Blindate_Complanari-1.png')\"><\/div>\n\n        <div class=\"card__content\">\n            <div class=\"card__text\">\n                <h3 class=\"card__title\">Coplanarias<\/h3>\n                <p class=\"card__description card__description--long\">Elegantes y vers\u00e1tiles, son soluciones ideales para personalizar espacios residenciales y comerciales. La perfecta alineaci\u00f3n entre el panel y el marco\/tapajuntas crea una continuidad est\u00e9tica que se integra con cualquier estilo arquitect\u00f3nico.<\/p>\n            <\/div>\n            <div class=\"cta card__cta text-primary\">\n                <span class=\"card__cta--text\">Mostrar productos<\/span> <span class=\"ico icon icon-ico-arrow-right\"><\/span>\n            <\/div>\n        <\/div>\n    <\/a>\n\n    <a href=\"https:\/\/www.scrigno.com\/es\/categoria\/puertas-tradicionales\/\" target=\"\" rel=\"\" class=\"card products__explorer--card splide__slide\">\n        <div class=\"card__img\" style=\"background-image: url('https:\/\/www.scrigno.com\/wp-content\/uploads\/2025\/07\/Hub-Blindate_Tradizionali-1.png')\"><\/div>\n\n        <div class=\"card__content\">\n            <div class=\"card__text\">\n                <h3 class=\"card__title\">Tradicionales<\/h3>\n                <p class=\"card__description card__description--long\">Combinan belleza imperecedera, solidez y personalizaci\u00f3n. Con una vasta gama de acabados, se integran armoniosamente en cualquier entorno decorativo uniendo tradici\u00f3n y modernidad.<\/p>\n            <\/div>\n            <div class=\"cta card__cta text-primary\">\n                <span class=\"card__cta--text\">Mostrar productos<\/span> <span class=\"ico icon icon-ico-arrow-right\"><\/span>\n            <\/div>\n        <\/div>\n    <\/a>\n\n    <a href=\"https:\/\/www.scrigno.com\/es\/categoria\/puertas-especiales\/\" target=\"\" rel=\"\" class=\"card products__explorer--card splide__slide\">\n        <div class=\"card__img\" style=\"background-image: url('https:\/\/www.scrigno.com\/wp-content\/uploads\/2025\/07\/Hub-Blindate_Speciali-1.png')\"><\/div>\n\n        <div class=\"card__content\">\n            <div class=\"card__text\">\n                <h3 class=\"card__title\">Especiales<\/h3>\n                <p class=\"card__description card__description--long\">Dise\u00f1adas para garantizar la m\u00e1xima seguridad en condiciones particulares de emergencia, garantizan una fiabilidad y protecci\u00f3n de alta duraci\u00f3n adapt\u00e1ndose a las necesidades de estilo y de dise\u00f1o.<\/p>\n            <\/div>\n            <div class=\"cta card__cta text-primary\">\n                <span class=\"card__cta--text\">Mostrar productos<\/span> <span class=\"ico icon icon-ico-arrow-right\"><\/span>\n            <\/div>\n        <\/div>\n    <\/a><\/div><\/div><\/div><div class=\"section__footer\"><\/div><\/div><\/div>\n\n\n\n<div class=\"wp-block-group wrapper is-layout-constrained wp-block-group-is-layout-constrained\">\n<h2 class=\"wp-block-heading wrapped cols-10 section__title\">Cont\u00e1ctenos<\/h2>\n\n\n    <div class=\"_form_133 wrapped cols-10 \"><\/div>\n    <script src=\"https:\/\/scrignogroup.activehosted.com\/f\/embed.php?id=133\" charset=\"utf-8\" data-cookieconsent=\"ignore\"><\/script><\/div>\n","protected":false},"excerpt":{"rendered":"<p>Cont\u00e1ctenos<\/p>\n","protected":false},"author":2,"featured_media":0,"parent":0,"menu_order":0,"comment_status":"closed","ping_status":"closed","template":"","meta":{"_acf_changed":false,"footnotes":""},"class_list":["post-21071","page","type-page","status-publish","hentry"],"acf":[],"yoast_head":"<!-- This site is optimized with the Yoast SEO plugin v27.1.1 - https:\/\/yoast.com\/product\/yoast-seo-wordpress\/ -->\n<title>Puertas acorazadas - Scrigno<\/title>\n<meta name=\"robots\" content=\"index, follow, max-snippet:-1, max-image-preview:large, max-video-preview:-1\" \/>\n<link rel=\"canonical\" href=\"https:\/\/www.scrigno.com\/es\/puertas-acorazadas\/\" \/>\n<meta property=\"og:locale\" content=\"es_ES\" \/>\n<meta property=\"og:type\" content=\"article\" \/>\n<meta property=\"og:title\" content=\"Puertas acorazadas - Scrigno\" \/>\n<meta property=\"og:description\" content=\"Cont\u00e1ctenos\" \/>\n<meta property=\"og:url\" content=\"https:\/\/www.scrigno.com\/es\/puertas-acorazadas\/\" \/>\n<meta property=\"og:site_name\" content=\"Scrigno\" \/>\n<meta property=\"article:modified_time\" content=\"2026-04-15T15:04:28+00:00\" \/>\n<meta property=\"og:image\" content=\"https:\/\/www.scrigno.com\/wp-content\/uploads\/2025\/07\/banner_blindate-3.png\" \/>\n<meta name=\"twitter:card\" content=\"summary_large_image\" \/>\n<meta name=\"twitter:label1\" content=\"Tiempo de lectura\" \/>\n\t<meta name=\"twitter:data1\" content=\"2 minutos\" \/>\n<script type=\"application\/ld+json\" class=\"yoast-schema-graph\">{\"@context\":\"https:\/\/schema.org\",\"@graph\":[{\"@type\":\"WebPage\",\"@id\":\"https:\/\/www.scrigno.com\/es\/puertas-acorazadas\/\",\"url\":\"https:\/\/www.scrigno.com\/es\/puertas-acorazadas\/\",\"name\":\"Puertas acorazadas - Scrigno\",\"isPartOf\":{\"@id\":\"https:\/\/www.scrigno.com\/es\/#website\"},\"primaryImageOfPage\":{\"@id\":\"https:\/\/www.scrigno.com\/es\/puertas-acorazadas\/#primaryimage\"},\"image\":{\"@id\":\"https:\/\/www.scrigno.com\/es\/puertas-acorazadas\/#primaryimage\"},\"thumbnailUrl\":\"https:\/\/www.scrigno.com\/wp-content\/uploads\/2025\/07\/banner_blindate-3.png\",\"datePublished\":\"2024-09-24T16:01:12+00:00\",\"dateModified\":\"2026-04-15T15:04:28+00:00\",\"breadcrumb\":{\"@id\":\"https:\/\/www.scrigno.com\/es\/puertas-acorazadas\/#breadcrumb\"},\"inLanguage\":\"es\",\"potentialAction\":[{\"@type\":\"ReadAction\",\"target\":[\"https:\/\/www.scrigno.com\/es\/puertas-acorazadas\/\"]}]},{\"@type\":\"ImageObject\",\"inLanguage\":\"es\",\"@id\":\"https:\/\/www.scrigno.com\/es\/puertas-acorazadas\/#primaryimage\",\"url\":\"https:\/\/www.scrigno.com\/wp-content\/uploads\/2025\/07\/banner_blindate-3.png\",\"contentUrl\":\"https:\/\/www.scrigno.com\/wp-content\/uploads\/2025\/07\/banner_blindate-3.png\"},{\"@type\":\"BreadcrumbList\",\"@id\":\"https:\/\/www.scrigno.com\/es\/puertas-acorazadas\/#breadcrumb\",\"itemListElement\":[{\"@type\":\"ListItem\",\"position\":1,\"name\":\"Home\",\"item\":\"https:\/\/www.scrigno.com\/es\/\"},{\"@type\":\"ListItem\",\"position\":2,\"name\":\"Puertas acorazadas\"}]},{\"@type\":\"WebSite\",\"@id\":\"https:\/\/www.scrigno.com\/es\/#website\",\"url\":\"https:\/\/www.scrigno.com\/es\/\",\"name\":\"Scrigno\",\"description\":\"\",\"potentialAction\":[{\"@type\":\"SearchAction\",\"target\":{\"@type\":\"EntryPoint\",\"urlTemplate\":\"https:\/\/www.scrigno.com\/es\/?s={search_term_string}\"},\"query-input\":{\"@type\":\"PropertyValueSpecification\",\"valueRequired\":true,\"valueName\":\"search_term_string\"}}],\"inLanguage\":\"es\"}]}<\/script>\n<!-- \/ Yoast SEO plugin. -->","yoast_head_json":{"title":"Puertas acorazadas - Scrigno","robots":{"index":"index","follow":"follow","max-snippet":"max-snippet:-1","max-image-preview":"max-image-preview:large","max-video-preview":"max-video-preview:-1"},"canonical":"https:\/\/www.scrigno.com\/es\/puertas-acorazadas\/","og_locale":"es_ES","og_type":"article","og_title":"Puertas acorazadas - Scrigno","og_description":"Cont\u00e1ctenos","og_url":"https:\/\/www.scrigno.com\/es\/puertas-acorazadas\/","og_site_name":"Scrigno","article_modified_time":"2026-04-15T15:04:28+00:00","og_image":[{"url":"https:\/\/www.scrigno.com\/wp-content\/uploads\/2025\/07\/banner_blindate-3.png","type":"","width":"","height":""}],"twitter_card":"summary_large_image","twitter_misc":{"Tiempo de lectura":"2 minutos"},"schema":{"@context":"https:\/\/schema.org","@graph":[{"@type":"WebPage","@id":"https:\/\/www.scrigno.com\/es\/puertas-acorazadas\/","url":"https:\/\/www.scrigno.com\/es\/puertas-acorazadas\/","name":"Puertas acorazadas - Scrigno","isPartOf":{"@id":"https:\/\/www.scrigno.com\/es\/#website"},"primaryImageOfPage":{"@id":"https:\/\/www.scrigno.com\/es\/puertas-acorazadas\/#primaryimage"},"image":{"@id":"https:\/\/www.scrigno.com\/es\/puertas-acorazadas\/#primaryimage"},"thumbnailUrl":"https:\/\/www.scrigno.com\/wp-content\/uploads\/2025\/07\/banner_blindate-3.png","datePublished":"2024-09-24T16:01:12+00:00","dateModified":"2026-04-15T15:04:28+00:00","breadcrumb":{"@id":"https:\/\/www.scrigno.com\/es\/puertas-acorazadas\/#breadcrumb"},"inLanguage":"es","potentialAction":[{"@type":"ReadAction","target":["https:\/\/www.scrigno.com\/es\/puertas-acorazadas\/"]}]},{"@type":"ImageObject","inLanguage":"es","@id":"https:\/\/www.scrigno.com\/es\/puertas-acorazadas\/#primaryimage","url":"https:\/\/www.scrigno.com\/wp-content\/uploads\/2025\/07\/banner_blindate-3.png","contentUrl":"https:\/\/www.scrigno.com\/wp-content\/uploads\/2025\/07\/banner_blindate-3.png"},{"@type":"BreadcrumbList","@id":"https:\/\/www.scrigno.com\/es\/puertas-acorazadas\/#breadcrumb","itemListElement":[{"@type":"ListItem","position":1,"name":"Home","item":"https:\/\/www.scrigno.com\/es\/"},{"@type":"ListItem","position":2,"name":"Puertas acorazadas"}]},{"@type":"WebSite","@id":"https:\/\/www.scrigno.com\/es\/#website","url":"https:\/\/www.scrigno.com\/es\/","name":"Scrigno","description":"","potentialAction":[{"@type":"SearchAction","target":{"@type":"EntryPoint","urlTemplate":"https:\/\/www.scrigno.com\/es\/?s={search_term_string}"},"query-input":{"@type":"PropertyValueSpecification","valueRequired":true,"valueName":"search_term_string"}}],"inLanguage":"es"}]}},"_links":{"self":[{"href":"https:\/\/www.scrigno.com\/es\/wp-json\/wp\/v2\/pages\/21071","targetHints":{"allow":["GET"]}}],"collection":[{"href":"https:\/\/www.scrigno.com\/es\/wp-json\/wp\/v2\/pages"}],"about":[{"href":"https:\/\/www.scrigno.com\/es\/wp-json\/wp\/v2\/types\/page"}],"author":[{"embeddable":true,"href":"https:\/\/www.scrigno.com\/es\/wp-json\/wp\/v2\/users\/2"}],"replies":[{"embeddable":true,"href":"https:\/\/www.scrigno.com\/es\/wp-json\/wp\/v2\/comments?post=21071"}],"version-history":[{"count":5,"href":"https:\/\/www.scrigno.com\/es\/wp-json\/wp\/v2\/pages\/21071\/revisions"}],"predecessor-version":[{"id":21327,"href":"https:\/\/www.scrigno.com\/es\/wp-json\/wp\/v2\/pages\/21071\/revisions\/21327"}],"wp:attachment":[{"href":"https:\/\/www.scrigno.com\/es\/wp-json\/wp\/v2\/media?parent=21071"}],"curies":[{"name":"wp","href":"https:\/\/api.w.org\/{rel}","templated":true}]}}