{"id":21073,"date":"2025-07-15T11:30:40","date_gmt":"2025-07-15T09:30:40","guid":{"rendered":"https:\/\/www.scrigno.com\/?page_id=21073"},"modified":"2026-04-15T17:02:13","modified_gmt":"2026-04-15T15:02:13","slug":"arche-de-egidio-panzera","status":"publish","type":"page","link":"https:\/\/www.scrigno.com\/es\/arche-de-egidio-panzera\/","title":{"rendered":"Arch\u00e8 de Egidio Panzera"},"content":{"rendered":"    <div class=\"content-block wrapper text-only\">\n            \n    <div class=\"wrapped cols-8\">    <div class=\"content-block__text\">\n        <h3 class=\"content-block__text--title\">Seguridad y dise\u00f1o en una \u00fanica soluci\u00f3n de puertas acorazadas.<\/h3>\n        <p class=\"content-block__text--content\">Arch\u00e8 es una innovadora colecci\u00f3n de puertas acorazadas Scrigno que funde innovaci\u00f3n t\u00e9cnica, investigaci\u00f3n est\u00e9tica y visi\u00f3n arquitect\u00f3nica con un equilibrio \u00fanico. Su nombre, del griego \u00abprincipio\u00bb, remite al origen de cada proyecto: el primer signo de la casa, donde la pared deja de ser un l\u00edmite para convertirse en conexi\u00f3n. Aqu\u00ed el punto de acceso se convierte en un gesto arquitect\u00f3nico, esencia del dise\u00f1o. L\u00edneas contempor\u00e1neas, materiales de alta calidad y m\u00e1xima posibilidad de personalizaci\u00f3n: Arch\u00e8 pone en valor cada apertura come componente decorativo, en perfecta armon\u00eda con la arquitectura interior y exterior. Confort, aislamiento, protecci\u00f3n: cada detalle est\u00e1 estudiado para ofrecer una protecci\u00f3n certificada y una belleza que resiste al paso del tiempo. Porque Arch\u00e8 no es solo una puerta: es el punto donde la visi\u00f3n del proyecto se encuentra con la realidad de quien lo habita.<\/p>\n\n                <a href=\"https:\/\/www.scrigno.com\/es\/categoria\/puertas-acorazadas\/?collection=1743\" class=\"cta text-primary\"  >\n        DESCUBRE LA COLECCI\u00d3N <span class=\"ico icon icon-ico-arrow-right\"><\/span>\n    <\/a>\n    \n    <\/div><\/div>\n    \n    \n    <\/div>\n\n\n<div class=\"wp-block-scrignocom-scrigno-com-block-download-list download-list wrapper product-section\" data-search-type=\"Descarga el cat\u00e1logo\"><div class=\"section__header wrapped cols-10\"><div class=\"section__header--text\"><div class=\"section__title\">Descarga el cat\u00e1logo<\/div><\/div><\/div><div class=\"file-list wrapped cols-10\"><div class=\"file-list__table\">    <a target=\"_blank\" data-download=\"eyJ0aXRsZSI6IkNhdFx1MDBlMWxvZ28gQXJjaFx1MDBlOSBkZSBFZ2lkaW8gUGFuemVyYSIsInVybCI6Imh0dHBzOlwvXC93d3cuc2NyaWduby5jb21cL3dwLWNvbnRlbnRcL3VwbG9hZHNcLzIwMjVcLzA5XC82MTYyNC1jYXRhbG9nby1CTElOREFUSS1BUkNIRV93ZWIucGRmIn0=\"  class=\"file-list__row searchable\" data-form-id=\"163\">\n        \n        <div class=\"file-list__row--title\" data-search-text=\"Cat\u00e1logo Arch\u00e9 de Egidio Panzera\">Cat\u00e1logo Arch\u00e9 de Egidio Panzera<\/div>\n        <div class=\"file-list__row--type\">pdf<\/div>\n        <div class=\"file-list__row--size\">6.9 MB<\/div>\n    <\/a><\/div><\/div><\/div>\n\n\n    <div class=\"content-block wrapper image-only\">\n            \n    <div class=\"wrapped cols-8\">    <img decoding=\"async\" src=\"https:\/\/www.scrigno.com\/wp-content\/uploads\/2025\/07\/Render_B_BILICO_FRAMMENTO_V02_rev02.jpg\" class=\"content-block__image\" \/><\/div>\n    \n    \n    <\/div>\n\n    <div class=\"content-block wrapper image-left\">\n            <div class=\"content-block__spacer\"><\/div>\n    <div class=\"content-block__column-image\">    <img decoding=\"async\" src=\"https:\/\/www.scrigno.com\/wp-content\/uploads\/2025\/07\/Panzera-1.png\" class=\"content-block__image\" \/><\/div>\n    <div class=\"content-block__column-text\">    <div class=\"content-block__text\">\n        <h3 class=\"content-block__text--title\">Egidio Panzera<\/h3>\n        <p class=\"content-block__text--content\">Arquitecto y dise\u00f1ador de fama internacional, Egidio Panzera funda su estudio en 2002 guiando un equipo multidisciplinario, cuya investigaci\u00f3n abarca del dise\u00f1o industrial a la arquitectura de interiores. Titular de numerosas patentes y reconocimientos, su trabajo se ha distinguido siempre por una visi\u00f3n proyectual \u00fanica.<br><br>Para Scrigno, esta visi\u00f3n se traduce en la colecci\u00f3n Arch\u00e8, que explora el concepto de l\u00edmite para transformarlo en oportunidad: un enfoque que traslada el foco de \u00abcerrar un hueco\u00bb a \u00abdise\u00f1ar un umbral\u00bb, transformando la entrada en una parte viva de la arquitectura capaz de unir en lugar de separar.<br><br><strong><em>\u00abCuando el dise\u00f1o desaparece, el espacio toma forma\u00bb.<\/em><\/strong>\u2014 Egidio Panzera<\/p>\n\n            \n    \n    <\/div><\/div>\n    <div class=\"content-block__spacer\"><\/div>\n    <\/div>\n\n    <div class=\"content-block wrapper text-only\">\n            \n    <div class=\"wrapped cols-8\">    <div class=\"content-block__text\">\n        <h3 class=\"content-block__text--title\">L\u00edneas<\/h3>\n        <p class=\"content-block__text--content\">Materia, Tracce y Heritage muestran tres formas de concebir el revestimiento exterior como elemento narrativo y sensorial, en di\u00e1logo con el espacio.<\/p>\n\n            \n    \n    <\/div><\/div>\n    \n    \n    <\/div>\n\n    <div class=\"content-block wrapper image-left\">\n            <div class=\"content-block__spacer\"><\/div>\n    <div class=\"content-block__column-image\">    <img decoding=\"async\" src=\"https:\/\/www.scrigno.com\/wp-content\/uploads\/2025\/07\/Scrigno_Panzera_Immagine_Moodboard_1920x1080px.png\" class=\"content-block__image\" \/><\/div>\n    <div class=\"content-block__column-text\">    <div class=\"content-block__text\">\n        \n        <p class=\"content-block__text--content\"><strong>Materia <\/strong>explora la fuerza expresiva de los materiales uniendo texturas, vol\u00famenes y acabados de alta gama en composiciones de fuerte impacto t\u00e1ctil y visual.<br><strong>Tracce <\/strong>destaca el signo de la incisi\u00f3n transformando la superficie en un paisaje gr\u00e1fico y evocador, abierto a la interpretaci\u00f3n proyectual.<br><strong>Heritage <\/strong>reinterpreta la tradici\u00f3n con un lenguaje sobrio y contempor\u00e1neo, capaz de adaptarse con naturalidad a diversos estilos y contextos.<\/p>\n\n                <a href=\"https:\/\/www.scrigno.com\/es\/categoria\/puertas-acorazadas\/?collection=1743\" class=\"cta text-primary\"  >\n        DESCUBRE LA COLECCI\u00d3N <span class=\"ico icon icon-ico-arrow-right\"><\/span>\n    <\/a>\n    \n    <\/div><\/div>\n    <div class=\"content-block__spacer\"><\/div>\n    <\/div>\n\n    <div class=\"gallery__wrapper wp-block-scrignocom-scrigno-com-block-gallery\">\n        <div class=\"gallery__slider splide\">\n            <div class=\"splide__track\">\n                <div class=\"splide__list\">\n                        <div class=\"gallery__elem splide__slide\">\n        <img decoding=\"async\" class=\"gallery__image\" src=\"https:\/\/www.scrigno.com\/wp-content\/uploads\/2025\/07\/LEVOS-interno-filo-muro-scaled.jpg\" alt=\"LEVOS interno filo muro\" \/>\n    <\/div>    <div class=\"gallery__elem splide__slide\">\n        <img decoding=\"async\" class=\"gallery__image\" src=\"https:\/\/www.scrigno.com\/wp-content\/uploads\/2025\/07\/LEVOS-interno-dettaglio-filo-muro-scaled.jpg\" alt=\"LEVOS interno dettaglio filo muro\" \/>\n    <\/div>    <div class=\"gallery__elem splide__slide\">\n        <img decoding=\"async\" class=\"gallery__image\" src=\"https:\/\/www.scrigno.com\/wp-content\/uploads\/2025\/07\/AXIAL-_-PART_02-Accordo-scaled.jpg\" alt=\"AXIAL _ PART_02 Accordo\" \/>\n    <\/div>    <div class=\"gallery__elem splide__slide\">\n        <img decoding=\"async\" class=\"gallery__image\" src=\"https:\/\/www.scrigno.com\/wp-content\/uploads\/2025\/07\/AXIAL_PART02-Frammento-scaled.jpg\" alt=\"AXIAL_PART02 Frammento\" \/>\n    <\/div>\n                <\/div>\n            <\/div>\n        <\/div>\n    <\/div>\n\n    <div class=\"content-block wrapper image-right\">\n            <div class=\"content-block__spacer\"><\/div>\n    <div class=\"content-block__column-text\">    <div class=\"content-block__text\">\n        <h3 class=\"content-block__text--title\">Rigatino<\/h3>\n        <p class=\"content-block__text--content\">\u00danico, original, distintivo: Rigatino nace de la visi\u00f3n del arquitecto Egidio Panzera y se inspira en la pureza de las l\u00edneas contempor\u00e1neas.<br><br>El c\u00e1rter de revestimiento acanalado anima el marco y el carenado con un signo gr\u00e1fico elegante, texturizado, capaz de capturar la luz y devolverla en movimiento. Una delicada invitaci\u00f3n al tacto, para descubrir el car\u00e1cter inimitable de las puertas de toda la colecci\u00f3n.<br><br>Un trazo vertical que revela la atenci\u00f3n al detalle y el equilibrio entre forma y solidez que hacen inconfundible a Arch\u00e8.<\/p>\n\n                <a href=\"https:\/\/www.scrigno.com\/es\/categoria\/puertas-acorazadas\/?collection=1743\" class=\"cta text-primary\"  >\n        DESCUBRE LA COLECCI\u00d3N <span class=\"ico icon icon-ico-arrow-right\"><\/span>\n    <\/a>\n    \n    <\/div><\/div>\n    <div class=\"content-block__column-image\">    <img decoding=\"async\" src=\"https:\/\/www.scrigno.com\/wp-content\/uploads\/2025\/07\/Rigatino-1.jpg\" class=\"content-block__image\" \/><\/div>\n    <div class=\"content-block__spacer\"><\/div>\n    <\/div>\n\n    <div class=\"content-block wrapper image-only\">\n            \n    <div class=\"wrapped cols-8\">    <img decoding=\"async\" src=\"https:\/\/www.scrigno.com\/wp-content\/uploads\/2025\/07\/banner_blindate-2.png\" class=\"content-block__image\" \/><\/div>\n    \n    \n    <\/div>","protected":false},"excerpt":{"rendered":"","protected":false},"author":2,"featured_media":0,"parent":0,"menu_order":0,"comment_status":"closed","ping_status":"closed","template":"","meta":{"_acf_changed":false,"footnotes":""},"class_list":["post-21073","page","type-page","status-publish","hentry"],"acf":[],"yoast_head":"<!-- This site is optimized with the Yoast SEO plugin v27.1.1 - https:\/\/yoast.com\/product\/yoast-seo-wordpress\/ -->\n<title>Arch\u00e8 de Egidio Panzera - Scrigno<\/title>\n<meta name=\"robots\" content=\"index, follow, max-snippet:-1, max-image-preview:large, max-video-preview:-1\" \/>\n<link rel=\"canonical\" href=\"https:\/\/www.scrigno.com\/es\/arche-de-egidio-panzera\/\" \/>\n<meta property=\"og:locale\" content=\"es_ES\" \/>\n<meta property=\"og:type\" content=\"article\" \/>\n<meta property=\"og:title\" content=\"Arch\u00e8 de Egidio Panzera - Scrigno\" \/>\n<meta property=\"og:url\" content=\"https:\/\/www.scrigno.com\/es\/arche-de-egidio-panzera\/\" \/>\n<meta property=\"og:site_name\" content=\"Scrigno\" \/>\n<meta property=\"article:modified_time\" content=\"2026-04-15T15:02:13+00:00\" \/>\n<meta name=\"twitter:card\" content=\"summary_large_image\" \/>\n<meta name=\"twitter:label1\" content=\"Tiempo de lectura\" \/>\n\t<meta name=\"twitter:data1\" content=\"1 minuto\" \/>\n<script type=\"application\/ld+json\" class=\"yoast-schema-graph\">{\"@context\":\"https:\/\/schema.org\",\"@graph\":[{\"@type\":\"WebPage\",\"@id\":\"https:\/\/www.scrigno.com\/es\/arche-de-egidio-panzera\/\",\"url\":\"https:\/\/www.scrigno.com\/es\/arche-de-egidio-panzera\/\",\"name\":\"Arch\u00e8 de Egidio Panzera - Scrigno\",\"isPartOf\":{\"@id\":\"https:\/\/www.scrigno.com\/es\/#website\"},\"datePublished\":\"2025-07-15T09:30:40+00:00\",\"dateModified\":\"2026-04-15T15:02:13+00:00\",\"breadcrumb\":{\"@id\":\"https:\/\/www.scrigno.com\/es\/arche-de-egidio-panzera\/#breadcrumb\"},\"inLanguage\":\"es\",\"potentialAction\":[{\"@type\":\"ReadAction\",\"target\":[\"https:\/\/www.scrigno.com\/es\/arche-de-egidio-panzera\/\"]}]},{\"@type\":\"BreadcrumbList\",\"@id\":\"https:\/\/www.scrigno.com\/es\/arche-de-egidio-panzera\/#breadcrumb\",\"itemListElement\":[{\"@type\":\"ListItem\",\"position\":1,\"name\":\"Home\",\"item\":\"https:\/\/www.scrigno.com\/es\/\"},{\"@type\":\"ListItem\",\"position\":2,\"name\":\"Arch\u00e8 de Egidio Panzera\"}]},{\"@type\":\"WebSite\",\"@id\":\"https:\/\/www.scrigno.com\/es\/#website\",\"url\":\"https:\/\/www.scrigno.com\/es\/\",\"name\":\"Scrigno\",\"description\":\"\",\"potentialAction\":[{\"@type\":\"SearchAction\",\"target\":{\"@type\":\"EntryPoint\",\"urlTemplate\":\"https:\/\/www.scrigno.com\/es\/?s={search_term_string}\"},\"query-input\":{\"@type\":\"PropertyValueSpecification\",\"valueRequired\":true,\"valueName\":\"search_term_string\"}}],\"inLanguage\":\"es\"}]}<\/script>\n<!-- \/ Yoast SEO plugin. -->","yoast_head_json":{"title":"Arch\u00e8 de Egidio Panzera - Scrigno","robots":{"index":"index","follow":"follow","max-snippet":"max-snippet:-1","max-image-preview":"max-image-preview:large","max-video-preview":"max-video-preview:-1"},"canonical":"https:\/\/www.scrigno.com\/es\/arche-de-egidio-panzera\/","og_locale":"es_ES","og_type":"article","og_title":"Arch\u00e8 de Egidio Panzera - Scrigno","og_url":"https:\/\/www.scrigno.com\/es\/arche-de-egidio-panzera\/","og_site_name":"Scrigno","article_modified_time":"2026-04-15T15:02:13+00:00","twitter_card":"summary_large_image","twitter_misc":{"Tiempo de lectura":"1 minuto"},"schema":{"@context":"https:\/\/schema.org","@graph":[{"@type":"WebPage","@id":"https:\/\/www.scrigno.com\/es\/arche-de-egidio-panzera\/","url":"https:\/\/www.scrigno.com\/es\/arche-de-egidio-panzera\/","name":"Arch\u00e8 de Egidio Panzera - Scrigno","isPartOf":{"@id":"https:\/\/www.scrigno.com\/es\/#website"},"datePublished":"2025-07-15T09:30:40+00:00","dateModified":"2026-04-15T15:02:13+00:00","breadcrumb":{"@id":"https:\/\/www.scrigno.com\/es\/arche-de-egidio-panzera\/#breadcrumb"},"inLanguage":"es","potentialAction":[{"@type":"ReadAction","target":["https:\/\/www.scrigno.com\/es\/arche-de-egidio-panzera\/"]}]},{"@type":"BreadcrumbList","@id":"https:\/\/www.scrigno.com\/es\/arche-de-egidio-panzera\/#breadcrumb","itemListElement":[{"@type":"ListItem","position":1,"name":"Home","item":"https:\/\/www.scrigno.com\/es\/"},{"@type":"ListItem","position":2,"name":"Arch\u00e8 de Egidio Panzera"}]},{"@type":"WebSite","@id":"https:\/\/www.scrigno.com\/es\/#website","url":"https:\/\/www.scrigno.com\/es\/","name":"Scrigno","description":"","potentialAction":[{"@type":"SearchAction","target":{"@type":"EntryPoint","urlTemplate":"https:\/\/www.scrigno.com\/es\/?s={search_term_string}"},"query-input":{"@type":"PropertyValueSpecification","valueRequired":true,"valueName":"search_term_string"}}],"inLanguage":"es"}]}},"_links":{"self":[{"href":"https:\/\/www.scrigno.com\/es\/wp-json\/wp\/v2\/pages\/21073","targetHints":{"allow":["GET"]}}],"collection":[{"href":"https:\/\/www.scrigno.com\/es\/wp-json\/wp\/v2\/pages"}],"about":[{"href":"https:\/\/www.scrigno.com\/es\/wp-json\/wp\/v2\/types\/page"}],"author":[{"embeddable":true,"href":"https:\/\/www.scrigno.com\/es\/wp-json\/wp\/v2\/users\/2"}],"replies":[{"embeddable":true,"href":"https:\/\/www.scrigno.com\/es\/wp-json\/wp\/v2\/comments?post=21073"}],"version-history":[{"count":4,"href":"https:\/\/www.scrigno.com\/es\/wp-json\/wp\/v2\/pages\/21073\/revisions"}],"predecessor-version":[{"id":21316,"href":"https:\/\/www.scrigno.com\/es\/wp-json\/wp\/v2\/pages\/21073\/revisions\/21316"}],"wp:attachment":[{"href":"https:\/\/www.scrigno.com\/es\/wp-json\/wp\/v2\/media?parent=21073"}],"curies":[{"name":"wp","href":"https:\/\/api.w.org\/{rel}","templated":true}]}}