{"id":21075,"date":"2025-09-22T10:53:54","date_gmt":"2025-09-22T08:53:54","guid":{"rendered":"https:\/\/www.scrigno.com\/?page_id=21075"},"modified":"2026-04-15T16:48:06","modified_gmt":"2026-04-15T14:48:06","slug":"mappa-mundi-de-elisa-ossino","status":"publish","type":"page","link":"https:\/\/www.scrigno.com\/es\/mappa-mundi-de-elisa-ossino\/","title":{"rendered":"Mappa Mundi de Elisa Ossino"},"content":{"rendered":"    <div class=\"content-block wrapper text-only\">\n            \n    <div class=\"wrapped cols-8\">    <div class=\"content-block__text\">\n        <h3 class=\"content-block__text--title\"><br>Una nueva visi\u00f3n del umbral<\/h3>\n        <p class=\"content-block__text--content\">En Scrigno creemos que el espacio no es solo una dimensi\u00f3n que debemos rellenar, sino un recurso vivo que podemos modelar y reinventar. La colecci\u00f3n Mappa Mundi, firmada por Elisa Ossino, nace de una idea poderosa: devolver a la puerta su significado original de umbral concebido no solo como acceso, sino como espacio simb\u00f3lico, capaz de conectar, separar y transformar.<br><br>El umbral se convierte en rito, cambio, transici\u00f3n. Una superficie arquitect\u00f3nica que dialoga con la memoria, la luz y la materia integr\u00e1ndose en los ambientes interiores con su propia identidad est\u00e9tica y sensorial.<br>Su nombre se inspira en la Cosmograf\u00eda de R\u00e1vena, antiguo mapa del mundo elaborado en el siglo VII que testimonia la interconexi\u00f3n entre civilizaci\u00f3n, territorio y visi\u00f3n. Del mismo modo, Mappa Mundi es una narraci\u00f3n cultural y proyectual que une ra\u00edces hist\u00f3ricas y experimentaci\u00f3n contempor\u00e1nea.<br><br><strong><em>\u00abMAPPA MUNDI nace del deseo de dar forma a una idea de umbral como lugar cultural, simb\u00f3lico y profundo. Un l\u00edmite que se convierte en un espacio con sentido\u00bb. <\/em><\/strong>\u2014 Elisa Ossino<\/p>\n\n                <a href=\"https:\/\/www.scrigno.com\/es\/categoria\/puertas-de-interiores\/?collection=1775\" class=\"cta text-primary\"  >\n        Descubre la colecci\u00f3n <span class=\"ico icon icon-ico-arrow-right\"><\/span>\n    <\/a>\n    \n    <\/div><\/div>\n    \n    \n    <\/div>\n\n\n<div class=\"wp-block-scrignocom-scrigno-com-block-download-list download-list wrapper product-section\" data-search-type=\"Descarga el cat\u00e1logo\"><div class=\"section__header wrapped cols-10\"><div class=\"section__header--text\"><div class=\"section__title\">Descarga el cat\u00e1logo<\/div><\/div><\/div><div class=\"file-list wrapped cols-10\"><div class=\"file-list__table\">    <a target=\"_blank\" data-download=\"eyJ0aXRsZSI6IkNhdFx1MDBlMWxvZ28gTWFwcGEgTXVuZGkiLCJ1cmwiOiJodHRwczpcL1wvd3d3LnNjcmlnbm8uY29tXC93cC1jb250ZW50XC91cGxvYWRzXC8yMDI2XC8wMVwvQ2F0YWxvZ28tTWFwcGEtTXVuZGkucGRmIn0=\"  class=\"file-list__row searchable\" data-form-id=\"163\">\n        \n        <div class=\"file-list__row--title\" data-search-text=\"Cat\u00e1logo Mappa Mundi\">Cat\u00e1logo Mappa Mundi<\/div>\n        <div class=\"file-list__row--type\">pdf<\/div>\n        <div class=\"file-list__row--size\">7.8 MB<\/div>\n    <\/a><\/div><\/div><\/div>\n\n\n    <div class=\"content-block wrapper image-left\">\n            <div class=\"content-block__spacer\"><\/div>\n    <div class=\"content-block__column-image\">    <img decoding=\"async\" src=\"https:\/\/www.scrigno.com\/wp-content\/uploads\/2025\/09\/materiali_page-0001.jpg\" class=\"content-block__image\" \/><\/div>\n    <div class=\"content-block__column-text\">    <div class=\"content-block__text\">\n        <h3 class=\"content-block__text--title\"><br><br>Materia, color, investigaci\u00f3n<\/h3>\n        <p class=\"content-block__text--content\">La colecci\u00f3n es fruto de un atento trabajo sobre los materiales, las geometr\u00edas y las texturas. Cada superficie se convierte en narraci\u00f3n, cada detalle transforma el espacio en una experiencia emocional.<br><br>Su gran protagonista es CIMENTO\u00ae: un material innovador, introducido por primera vez en el mundo de las puertas, interpretado en textura pulida, arenada y acanalada. Junto a \u00e9l, las maderas, los lacados y los cristales construyen una gama de texturas que amplifican el car\u00e1cter sensorial de la colecci\u00f3n.<br><br>La paleta crom\u00e1tica se inspira en el universo po\u00e9tico de Luigi Ghirri, maestro de la luz y del color. Tonos desaturados, tierras suaves y azules diluidos dan vida a tonalidades sofisticadas, capaces de evocar atm\u00f3sferas suspendidas y de dialogar con la arquitectura o generar elegantes contrastes.<\/p>\n\n            \n    \n    <\/div><\/div>\n    <div class=\"content-block__spacer\"><\/div>\n    <\/div>\n\n    <div class=\"content-block wrapper text-only\">\n            \n    <div class=\"wrapped cols-8\">    <div class=\"content-block__text\">\n        <h3 class=\"content-block__text--title\">L\u00edneas<\/h3>\n        <p class=\"content-block__text--content\"><br>Cuatro enfoques de dise\u00f1o que, a trav\u00e9s de sus materiales y geometr\u00edas, cuentan la identidad cultural y paisaj\u00edstica de la Roma\u00f1a transformando el umbral en una experiencia arquitect\u00f3nica y sensorial.<\/p>\n\n            \n    \n    <\/div><\/div>\n    \n    \n    <\/div>\n\n    <div class=\"content-block wrapper image-right\">\n            <div class=\"content-block__spacer\"><\/div>\n    <div class=\"content-block__column-text\">    <div class=\"content-block__text\">\n        \n        <p class=\"content-block__text--content\"><strong>Ariminum<\/strong><br>Ariminum representa el v\u00ednculo indisoluble con las propias ra\u00edces y con el territorio.<br><br><strong>Borghi<\/strong><br>Borghi cuenta la singularidad de una materia que se convierte en un nuevo punto de referencia<\/p>\n\n            \n    \n    <\/div><\/div>\n    <div class=\"content-block__column-image\">    <img decoding=\"async\" src=\"https:\/\/www.scrigno.com\/wp-content\/uploads\/2025\/09\/linea_borghi_v2-scaled-1.jpg\" class=\"content-block__image\" \/><\/div>\n    <div class=\"content-block__spacer\"><\/div>\n    <\/div>\n\n    <div class=\"content-block wrapper image-left\">\n            <div class=\"content-block__spacer\"><\/div>\n    <div class=\"content-block__column-image\">    <img decoding=\"async\" src=\"https:\/\/www.scrigno.com\/wp-content\/uploads\/2025\/09\/linea_litora_v2-scaled-1.jpg\" class=\"content-block__image\" \/><\/div>\n    <div class=\"content-block__column-text\">    <div class=\"content-block__text\">\n        \n        <p class=\"content-block__text--content\"><strong>Litora<\/strong><br>Litora juega con las transparencias del cristal como si fuera el agua del mar, que relaja y acuna a quien la observa<br><br><strong>Pentapoli<\/strong><br>Por \u00faltimo, Pentapoli es un homenaje al equilibrio entre presente y pasado, a la elegancia de la ciudad antigua revisitada en clave contempor\u00e1nea<\/p>\n\n            \n    \n    <\/div><\/div>\n    <div class=\"content-block__spacer\"><\/div>\n    <\/div>\n\n    <div class=\"content-block wrapper text-only\">\n            \n    <div class=\"wrapped cols-8\">    <div class=\"content-block__text\">\n        \n        <p class=\"content-block__text--content\"><br>Mappa Mundi no es una simple colecci\u00f3n de puertas, sino un proyecto cultural y arquitect\u00f3nico que fusiona memoria, materia e innovaci\u00f3n. Es una invitaci\u00f3n a vivir el espacio como experiencia emocional, donde el umbral se transforma en narraci\u00f3n, l\u00edmite y apertura hacia nuevos horizontes en nuestra interpretaci\u00f3n del ambiente.<\/p>\n\n                <a href=\"https:\/\/www.scrigno.com\/es\/categoria\/puertas-de-interiores\/?collection=1775\" class=\"cta text-primary\"  >\n        Descubre la colecci\u00f3n <span class=\"ico icon icon-ico-arrow-right\"><\/span>\n    <\/a>\n    \n    <\/div><\/div>\n    \n    \n    <\/div>\n\n    <div class=\"content-block wrapper image-right\">\n            <div class=\"content-block__spacer\"><\/div>\n    <div class=\"content-block__column-text\">    <div class=\"content-block__text\">\n        <h3 class=\"content-block__text--title\">Elisa Ossino<\/h3>\n        <p class=\"content-block__text--content\"><br>Arquitecta y dise\u00f1adora siciliana, Elisa Ossino curs\u00f3 sus estudios en el Polit\u00e9cnico de Mil\u00e1n y en 2006 fund\u00f3 Elisa Ossino Studio, que se ocupa de interiorismo, dise\u00f1o de producto, dise\u00f1o expositivo y direcci\u00f3n creativa. Su investigaci\u00f3n entrelaza abstracci\u00f3n geom\u00e9trica, monocrom\u00edas y referencias metaf\u00edsicas y surrealistas generando proyectos caracterizados por su ligereza y esencialidad y por un fuerte sentido escenogr\u00e1fico. A lo largo de su carrera ha recibido prestigiosos reconocimientos nacionales e internacionales, como el Red Dot Award Best of the Best, la Menci\u00f3n de honor en el Compasso d\u2019Oro ADI, el iF Design Award y el Edida Award. Incluida varias veces entre los AD100 de Architectural Digest, en 2021 fue nombrada Designer of the Year por Elle Decor Japan.<\/p>\n\n            \n    \n    <\/div><\/div>\n    <div class=\"content-block__column-image\">    <img decoding=\"async\" src=\"https:\/\/www.scrigno.com\/wp-content\/uploads\/2025\/09\/Elisa_Ossino.png\" class=\"content-block__image\" \/><\/div>\n    <div class=\"content-block__spacer\"><\/div>\n    <\/div>\n\n\n<p><\/p>\n","protected":false},"excerpt":{"rendered":"","protected":false},"author":2,"featured_media":0,"parent":0,"menu_order":0,"comment_status":"closed","ping_status":"closed","template":"","meta":{"_acf_changed":false,"footnotes":""},"class_list":["post-21075","page","type-page","status-publish","hentry"],"acf":[],"yoast_head":"<!-- This site is optimized with the Yoast SEO plugin v27.1.1 - https:\/\/yoast.com\/product\/yoast-seo-wordpress\/ -->\n<title>Mappa Mundi de Elisa Ossino - Scrigno<\/title>\n<meta name=\"robots\" content=\"index, follow, max-snippet:-1, max-image-preview:large, max-video-preview:-1\" \/>\n<link rel=\"canonical\" href=\"https:\/\/www.scrigno.com\/es\/mappa-mundi-de-elisa-ossino\/\" \/>\n<meta property=\"og:locale\" content=\"es_ES\" \/>\n<meta property=\"og:type\" content=\"article\" \/>\n<meta property=\"og:title\" content=\"Mappa Mundi de Elisa Ossino - Scrigno\" \/>\n<meta property=\"og:url\" content=\"https:\/\/www.scrigno.com\/es\/mappa-mundi-de-elisa-ossino\/\" \/>\n<meta property=\"og:site_name\" content=\"Scrigno\" \/>\n<meta property=\"article:modified_time\" content=\"2026-04-15T14:48:06+00:00\" \/>\n<meta name=\"twitter:card\" content=\"summary_large_image\" \/>\n<meta name=\"twitter:label1\" content=\"Tiempo de lectura\" \/>\n\t<meta name=\"twitter:data1\" content=\"1 minuto\" \/>\n<script type=\"application\/ld+json\" class=\"yoast-schema-graph\">{\"@context\":\"https:\/\/schema.org\",\"@graph\":[{\"@type\":\"WebPage\",\"@id\":\"https:\/\/www.scrigno.com\/es\/mappa-mundi-de-elisa-ossino\/\",\"url\":\"https:\/\/www.scrigno.com\/es\/mappa-mundi-de-elisa-ossino\/\",\"name\":\"Mappa Mundi de Elisa Ossino - Scrigno\",\"isPartOf\":{\"@id\":\"https:\/\/www.scrigno.com\/es\/#website\"},\"datePublished\":\"2025-09-22T08:53:54+00:00\",\"dateModified\":\"2026-04-15T14:48:06+00:00\",\"breadcrumb\":{\"@id\":\"https:\/\/www.scrigno.com\/es\/mappa-mundi-de-elisa-ossino\/#breadcrumb\"},\"inLanguage\":\"es\",\"potentialAction\":[{\"@type\":\"ReadAction\",\"target\":[\"https:\/\/www.scrigno.com\/es\/mappa-mundi-de-elisa-ossino\/\"]}]},{\"@type\":\"BreadcrumbList\",\"@id\":\"https:\/\/www.scrigno.com\/es\/mappa-mundi-de-elisa-ossino\/#breadcrumb\",\"itemListElement\":[{\"@type\":\"ListItem\",\"position\":1,\"name\":\"Home\",\"item\":\"https:\/\/www.scrigno.com\/es\/\"},{\"@type\":\"ListItem\",\"position\":2,\"name\":\"Mappa Mundi de Elisa Ossino\"}]},{\"@type\":\"WebSite\",\"@id\":\"https:\/\/www.scrigno.com\/es\/#website\",\"url\":\"https:\/\/www.scrigno.com\/es\/\",\"name\":\"Scrigno\",\"description\":\"\",\"potentialAction\":[{\"@type\":\"SearchAction\",\"target\":{\"@type\":\"EntryPoint\",\"urlTemplate\":\"https:\/\/www.scrigno.com\/es\/?s={search_term_string}\"},\"query-input\":{\"@type\":\"PropertyValueSpecification\",\"valueRequired\":true,\"valueName\":\"search_term_string\"}}],\"inLanguage\":\"es\"}]}<\/script>\n<!-- \/ Yoast SEO plugin. -->","yoast_head_json":{"title":"Mappa Mundi de Elisa Ossino - Scrigno","robots":{"index":"index","follow":"follow","max-snippet":"max-snippet:-1","max-image-preview":"max-image-preview:large","max-video-preview":"max-video-preview:-1"},"canonical":"https:\/\/www.scrigno.com\/es\/mappa-mundi-de-elisa-ossino\/","og_locale":"es_ES","og_type":"article","og_title":"Mappa Mundi de Elisa Ossino - Scrigno","og_url":"https:\/\/www.scrigno.com\/es\/mappa-mundi-de-elisa-ossino\/","og_site_name":"Scrigno","article_modified_time":"2026-04-15T14:48:06+00:00","twitter_card":"summary_large_image","twitter_misc":{"Tiempo de lectura":"1 minuto"},"schema":{"@context":"https:\/\/schema.org","@graph":[{"@type":"WebPage","@id":"https:\/\/www.scrigno.com\/es\/mappa-mundi-de-elisa-ossino\/","url":"https:\/\/www.scrigno.com\/es\/mappa-mundi-de-elisa-ossino\/","name":"Mappa Mundi de Elisa Ossino - Scrigno","isPartOf":{"@id":"https:\/\/www.scrigno.com\/es\/#website"},"datePublished":"2025-09-22T08:53:54+00:00","dateModified":"2026-04-15T14:48:06+00:00","breadcrumb":{"@id":"https:\/\/www.scrigno.com\/es\/mappa-mundi-de-elisa-ossino\/#breadcrumb"},"inLanguage":"es","potentialAction":[{"@type":"ReadAction","target":["https:\/\/www.scrigno.com\/es\/mappa-mundi-de-elisa-ossino\/"]}]},{"@type":"BreadcrumbList","@id":"https:\/\/www.scrigno.com\/es\/mappa-mundi-de-elisa-ossino\/#breadcrumb","itemListElement":[{"@type":"ListItem","position":1,"name":"Home","item":"https:\/\/www.scrigno.com\/es\/"},{"@type":"ListItem","position":2,"name":"Mappa Mundi de Elisa Ossino"}]},{"@type":"WebSite","@id":"https:\/\/www.scrigno.com\/es\/#website","url":"https:\/\/www.scrigno.com\/es\/","name":"Scrigno","description":"","potentialAction":[{"@type":"SearchAction","target":{"@type":"EntryPoint","urlTemplate":"https:\/\/www.scrigno.com\/es\/?s={search_term_string}"},"query-input":{"@type":"PropertyValueSpecification","valueRequired":true,"valueName":"search_term_string"}}],"inLanguage":"es"}]}},"_links":{"self":[{"href":"https:\/\/www.scrigno.com\/es\/wp-json\/wp\/v2\/pages\/21075","targetHints":{"allow":["GET"]}}],"collection":[{"href":"https:\/\/www.scrigno.com\/es\/wp-json\/wp\/v2\/pages"}],"about":[{"href":"https:\/\/www.scrigno.com\/es\/wp-json\/wp\/v2\/types\/page"}],"author":[{"embeddable":true,"href":"https:\/\/www.scrigno.com\/es\/wp-json\/wp\/v2\/users\/2"}],"replies":[{"embeddable":true,"href":"https:\/\/www.scrigno.com\/es\/wp-json\/wp\/v2\/comments?post=21075"}],"version-history":[{"count":3,"href":"https:\/\/www.scrigno.com\/es\/wp-json\/wp\/v2\/pages\/21075\/revisions"}],"predecessor-version":[{"id":21231,"href":"https:\/\/www.scrigno.com\/es\/wp-json\/wp\/v2\/pages\/21075\/revisions\/21231"}],"wp:attachment":[{"href":"https:\/\/www.scrigno.com\/es\/wp-json\/wp\/v2\/media?parent=21075"}],"curies":[{"name":"wp","href":"https:\/\/api.w.org\/{rel}","templated":true}]}}