{"id":282,"date":"2024-06-27T11:03:28","date_gmt":"2024-06-27T09:03:28","guid":{"rendered":"https:\/\/www.scrigno.com\/pagina-principal\/"},"modified":"2026-04-15T16:22:35","modified_gmt":"2026-04-15T14:22:35","slug":"pagina-principal","status":"publish","type":"page","link":"https:\/\/www.scrigno.com\/es\/","title":{"rendered":"Homepage"},"content":{"rendered":"<div class=\"hero-banner hero-banner__container  hero-banner__container--surface wp-block-scrignocom-scrigno-com-block-hero-banner\">\n    <section class=\"hero-banner__slider-images splide for-transparent-header\" data-splide=\"{&quot;gap&quot;:0,&quot;perPage&quot;:1,&quot;perMove&quot;:1,&quot;pagination&quot;:false,&quot;arrows&quot;:false,&quot;breakpoints&quot;:{&quot;1024&quot;:{&quot;padding&quot;:{&quot;right&quot;:&quot;1rem&quot;},&quot;drag&quot;:true}}}\">\n        <div class=\"splide__track\">\n            <div class=\"splide__list\">\n                <div class=\"hero-slide hero-banner__slide splide__slide\" style=\"background: url(https:\/\/www.scrigno.com\/wp-content\/uploads\/2025\/11\/MappaMundi_Hero-1.jpg) lightgray 50% \/ cover no-repeat;\">\n    <div class=\"hero-slide__media-wrapper\" style=\"background: url(https:\/\/www.scrigno.com\/wp-content\/uploads\/2025\/11\/MappaMundi_Hero-1.jpg) lightgray 50% \/ cover no-repeat;\"><\/div>\n<\/div>\n<div class=\"hero-slide hero-banner__slide splide__slide\" style=\"background: url(https:\/\/www.scrigno.com\/wp-content\/uploads\/2025\/11\/Render_B_BILICO_FRAMMENTO_V02_rev02-1.jpg) lightgray 50% \/ cover no-repeat;\">\n    <div class=\"hero-slide__media-wrapper\" style=\"background: url(https:\/\/www.scrigno.com\/wp-content\/uploads\/2025\/11\/Render_B_BILICO_FRAMMENTO_V02_rev02-1.jpg) lightgray 50% \/ cover no-repeat;\"><\/div>\n<\/div>\n            <\/div>\n        <\/div>\n    <\/section>\n    <section class=\"hero-banner__slider-contents splide\" data-splide=\"{&quot;gap&quot;:0,&quot;perPage&quot;:1,&quot;perMove&quot;:1,&quot;pagination&quot;:false,&quot;arrows&quot;:true,&quot;adjustableHeight&quot;:{&quot;speed&quot;:&quot;0.5s&quot;,&quot;position&quot;:&quot;end&quot;},&quot;breakpoints&quot;:{&quot;1024&quot;:{&quot;drag&quot;:true,&quot;arrows&quot;:false,&quot;adjustableHeight&quot;:{&quot;position&quot;:&quot;start&quot;}}}}\">\n        <div class=\"splide__track\">\n            <div class=\"splide__list\">\n                <div class=\"splide__slide\">\n    <div class=\"hero-slide__card hero-card\" style=\"background-color:#AA8578\">\n        <h2 class=\"hero-card__title\">Mappa Mundi. La nueva visi\u00f3n del umbral.<\/h2>\n        <p class=\"hero-card__description\">Descubre la primera colecci\u00f3n de puertas dise\u00f1ada por Elisa Ossino<\/p>\n        \n        <div class=\"hero-card__bottom\">\n            \n                <a href=\"https:\/\/www.scrigno.com\/es\/mappa-mundi-de-elisa-ossino\/\"  class=\"hero-slide__card-cta hero-card__cta cta on-primary\">Saber m\u00e1s<span class=\"ico icon icon-ico-arrow-right\"><\/span><\/a>\n        <\/div>\n    <\/div>\n<\/div>\n<div class=\"splide__slide\">\n    <div class=\"hero-slide__card hero-card\" style=\"background-color:#AA8578\">\n        <h2 class=\"hero-card__title\">Arch\u00e8. El nuevo horizonte del dise\u00f1o de la seguridad.<\/h2>\n        <p class=\"hero-card__description\">Descubre la innovadora colecci\u00f3n<\/p>\n        \n        <div class=\"hero-card__bottom\">\n            \n                <a href=\"https:\/\/www.scrigno.com\/es\/arche-de-egidio-panzera\/\"  class=\"hero-slide__card-cta hero-card__cta cta on-primary\">Saber m\u00e1s<span class=\"ico icon icon-ico-arrow-right\"><\/span><\/a>\n        <\/div>\n    <\/div>\n<\/div>\n            <\/div>\n        <\/div>\n        <div class=\"hero-banner__slider-contents-bottom\">\n            <div class=\"hero-slide__pager hero-card__pager splide__arrows\">\n    <button class=\"splide__arrow splide__arrow--prev cta on-primary hero-slide__pager-prev hero-card__pager-prev\">\n        <span class=\"ico icon icon-ico-arrow-left\"><\/span>\n    <\/button>\n    <div>\n        <span class=\"hero-slide__pager-index hero-card__pager-index\">0<\/span>\n        <span>\/<\/span>\n        <span class=\"hero-slide__pager-total hero-card__pager-total\">2<\/span>\n    <\/div>\n    <button class=\"splide__arrow splide__arrow--next cta on-primary hero-slide__pager-next hero-card__pager-next\">\n        <span class=\"ico icon icon-ico-arrow-right\"><\/span>\n    <\/button>\n<\/div>\n            <a class=\"hero-banner__slider-contents-cta cta on-primary\">Saber m\u00e1s<span class=\"ico icon icon-ico-arrow-right\"><\/span><\/a>\n        <\/div>\n    <\/section>\n<\/div>\n\n\n<div class=\"wp-block-scrignocom-scrigno-com-block-superiority-claims superiority-claims\"><div class=\"superiority-claims__claims-container\"><div class=\"superiority-claims__single-claim\"><p class=\"superiority-claims__title\"><span class=\"superiority-claims__icon icon icon-ico-flag\"><\/span><span>LA PRIMERA PUERTA CORREDERA EMPOTRADA<\/span><\/p><p class=\"superiority-claims__text\">En 1989 Scrigno patenta el premarco met\u00e1lico: por primera vez, una puerta desaparece dentro de una pared.<\/p><\/div><div class=\"superiority-claims__single-claim\"><p class=\"superiority-claims__title\"><span class=\"superiority-claims__icon icon icon-ico-globe\"><\/span><span>ENTRE LAS M\u00c1S CONOCIDAS*<\/span><\/p><p class=\"superiority-claims__text\">Un reciente estudio de mercado ha demostrado que Scrigno es la marca m\u00e1s apreciada como l\u00edder del mercado de los sistemas de apertura, tanto por los consumidores como por los profesionales.<\/p><\/div><div class=\"superiority-claims__single-claim\"><p class=\"superiority-claims__title\"><span class=\"superiority-claims__icon icon icon-ico-thumbs-up\"><\/span><span>LA M\u00c1S RECOMENDADA*<\/span><\/p><p class=\"superiority-claims__text\">M\u00e1s del 90% de los clientes que han elegido Scrigno han quedado plenamente satisfechos y recomiendan la marca.<\/p><\/div><\/div><div class=\"superiority-claims__footnote\"><p><small><small>(*) Encuesta realizada en l\u00ednea sobre una muestra de m\u00e1s de 1000 consumidores y profesionales<\/small><\/small><\/p><\/div><\/div>\n\n\n\n<div class=\"wp-block-scrignocom-scrigno-com-block-products-explorer section products__explorer\"><div class=\"products__explorer-wrapper wrapper\"><div class=\"section__header wrapped\"><div class=\"section__header--text\"><div class=\"section__overline\">Descubra nuestros<\/div><h2 class=\"section__title\">productos<\/h2><\/div><\/div><div class=\"card__row splide\"><div class=\"splide__track\"><div class=\"splide__list\">    <a href=\"https:\/\/www.scrigno.com\/es\/categoria\/puertas-de-interiores\/?opening=sliding\" target=\"\" rel=\"\" class=\"card products__explorer--card splide__slide\">\n        <div class=\"card__img\" style=\"background-image: url('https:\/\/www.scrigno.com\/wp-content\/uploads\/2025\/09\/HP_Scorrevoli.jpg')\"><\/div>\n\n        <div class=\"card__content\">\n            <div class=\"card__text\">\n                <h3 class=\"card__title\">Puertas correderas<\/h3>\n                <p class=\"card__description\">El dise\u00f1o que despeja el espacio<\/p>\n            <\/div>\n            <div class=\"cta card__cta text-primary\">\n                <span class=\"card__cta--text\">Mostrar productos<\/span> <span class=\"ico icon icon-ico-arrow-right\"><\/span>\n            <\/div>\n        <\/div>\n    <\/a>\n\n    <a href=\"https:\/\/www.scrigno.com\/es\/categoria\/puertas-de-interiores\/?opening=hinged\" target=\"\" rel=\"\" class=\"card products__explorer--card splide__slide\">\n        <div class=\"card__img\" style=\"background-image: url('https:\/\/www.scrigno.com\/wp-content\/uploads\/2025\/09\/HP_Battenti.jpg')\"><\/div>\n\n        <div class=\"card__content\">\n            <div class=\"card__text\">\n                <h3 class=\"card__title\">Puertas batientes<\/h3>\n                <p class=\"card__description\">Elegante versatilidad, estilo atemporal<\/p>\n            <\/div>\n            <div class=\"cta card__cta text-primary\">\n                <span class=\"card__cta--text\">Mostrar productos<\/span> <span class=\"ico icon icon-ico-arrow-right\"><\/span>\n            <\/div>\n        <\/div>\n    <\/a>\n\n    <a href=\"https:\/\/www.scrigno.com\/es\/categoria\/puertas-acorazadas\/\" target=\"\" rel=\"\" class=\"card products__explorer--card splide__slide\">\n        <div class=\"card__img\" style=\"background-image: url('https:\/\/www.scrigno.com\/wp-content\/uploads\/2025\/07\/HP_Blindate.png')\"><\/div>\n\n        <div class=\"card__content\">\n            <div class=\"card__text\">\n                <h3 class=\"card__title\">Puertas acorazadas<\/h3>\n                <p class=\"card__description\">Donde la protecci\u00f3n se une al arte de habitar el espacio<\/p>\n            <\/div>\n            <div class=\"cta card__cta text-primary\">\n                <span class=\"card__cta--text\">Mostrar productos<\/span> <span class=\"ico icon icon-ico-arrow-right\"><\/span>\n            <\/div>\n        <\/div>\n    <\/a><\/div><\/div><\/div><div class=\"section__footer\"><\/div><\/div><\/div>\n\n\n<!-- empty project slider -->\n\n    <div class=\"banner-architects\">\n        <div title=\"\u00bfEres arquitecto?\" class=\"banner-architects__image\">\n            <img decoding=\"async\" src=\"https:\/\/www.scrigno.com\/wp-content\/uploads\/2025\/06\/Banner_Architetti_v2-5.jpg\" alt=\"\" \/>\n        <\/div>\n        <div class=\"banner-architects__text-box\">\n            <h4 class=\"banner-architects__title\">\u00bfEres arquitecto?<\/h4>\n            \n            <a href=\"https:\/\/www.scrigno.com\/es\/arquitectos-y-disenadores\/\" class=\"cta\">\n                Env\u00edanos tu proyecto\n                <span class=\"ico icon icon-ico-arrow-right\"><\/span>\n            <\/a>\n        <\/div>\n    <\/div>\n\n\n<div class=\"wp-block-scrignocom-scrigno-com-block-banner banner banner--variant_1 banner--left banner--surface\"><div class=\"banner__container\"><picture class=\"banner__image\"><img decoding=\"async\" loading=\"lazy\" src=\"https:\/\/www.scrigno.com\/wp-content\/uploads\/2026\/04\/rivenditori-1211x807.jpg\"\/><\/picture><div class=\"banner__content\"><h4 class=\"banner__title\">Revendedores e instaladores<\/h4><p class=\"banner__text\">Descubre los contenidos y los servicios que ponemos a tu disposici\u00f3n para ayudarte en tu trabajo diario.<\/p><a href=\"https:\/\/www.scrigno.com\/es\/revendedores-e-instaladores\/\" class=\"banner__link cta\">Saber m\u00e1s<span class=\"ico icon icon-ico-arrow-right\"><\/span><\/a><\/div><\/div><\/div>\n\n\n    <div class=\"news-box__container wrapper\">\n        <div class=\"section__header wrapped cols-10\">\n            <div class=\"section__header--text\">\n                <div class=\"section__title\">Noticias<\/div>\n            <\/div>\n                <a href=\"https:\/\/www.scrigno.com\/es\/noticias\/\" class=\"cta text-primary\">\n        Ver todas las noticias <span class=\"ico icon icon-ico-arrow-right\"><\/span>\n    <\/a>\n        <\/div>\n        <div class=\"news-box__wrapper wrapped cols-10\">\n            <div class=\"news-box\">\n                    <a href=\"https:\/\/www.scrigno.com\/es\/scrigno-anuncia-la-adquisicion-de-ecomet-y-fbp\/\" class=\"card post\">\n        <div class=\"card__img\"  style=\"background-image: url(https:\/\/www.scrigno.com\/wp-content\/uploads\/2025\/10\/Brand_Newsroom-Ecomet-FBP_ENG-scaled.jpg)\"><\/div>\n\n        <div class=\"card__content\">\n            <div class=\"card__text\">\n                <div class=\"card__title\">Scrigno anuncia la adquisici\u00f3n de Ecomet y FBP<\/div>\n                <div class=\"card__description\">15 Oct 2025<\/div>\n            <\/div>\n            <div class=\"cta card__cta text-primary\">\n                <span class=\"card__cta--text\">Ver noticias<\/span> <span class=\"ico icon icon-ico-arrow-right\"><\/span>\n            <\/div>\n        <\/div>\n    <\/a>    <a href=\"https:\/\/www.scrigno.com\/es\/scrigno-presenta-arche\/\" class=\"card post\">\n        <div class=\"card__img\"  style=\"background-image: url(https:\/\/www.scrigno.com\/wp-content\/uploads\/2025\/07\/Preview.png)\"><\/div>\n\n        <div class=\"card__content\">\n            <div class=\"card__text\">\n                <div class=\"card__title\">Scrigno presenta Arch\u00e8<\/div>\n                <div class=\"card__description\">15 Jul 2025<\/div>\n            <\/div>\n            <div class=\"cta card__cta text-primary\">\n                <span class=\"card__cta--text\">Ver noticias<\/span> <span class=\"ico icon icon-ico-arrow-right\"><\/span>\n            <\/div>\n        <\/div>\n    <\/a>    <a href=\"https:\/\/www.scrigno.com\/es\/scrigno-cambia-de-imagen\/\" class=\"card post\">\n        <div class=\"card__img\"  style=\"background-image: url(https:\/\/www.scrigno.com\/wp-content\/uploads\/2025\/06\/news_preview.jpg)\"><\/div>\n\n        <div class=\"card__content\">\n            <div class=\"card__text\">\n                <div class=\"card__title\">Scrigno cambia de imagen<\/div>\n                <div class=\"card__description\">19 Jun 2025<\/div>\n            <\/div>\n            <div class=\"cta card__cta text-primary\">\n                <span class=\"card__cta--text\">Ver noticias<\/span> <span class=\"ico icon icon-ico-arrow-right\"><\/span>\n            <\/div>\n        <\/div>\n    <\/a>\n            <\/div>\n        <\/div>\n        <div class=\"section__footer\">\n                <a href=\"https:\/\/www.scrigno.com\/es\/noticias\/\" class=\"cta text-primary\">\n        Ver todas las noticias <span class=\"ico icon icon-ico-arrow-right\"><\/span>\n    <\/a>\n        <\/div>\n    <\/div>","protected":false},"excerpt":{"rendered":"","protected":false},"author":1,"featured_media":0,"parent":0,"menu_order":0,"comment_status":"closed","ping_status":"closed","template":"","meta":{"_acf_changed":false,"footnotes":""},"class_list":["post-282","page","type-page","status-publish","hentry"],"acf":[],"yoast_head":"<!-- This site is optimized with the Yoast SEO plugin v27.1.1 - https:\/\/yoast.com\/product\/yoast-seo-wordpress\/ -->\n<title>Sistemas de apertura | Scrigno<\/title>\n<meta name=\"description\" content=\"Scrigno es l\u00edder en el dise\u00f1o, fabricaci\u00f3n y comercializaci\u00f3n de sistemas de apertura innovadores y de alta calidad, que optimizan los espacios y mejoran la calidad de vida con soluciones de dise\u00f1o y a la vanguardia.\" \/>\n<meta name=\"robots\" content=\"index, follow, max-snippet:-1, max-image-preview:large, max-video-preview:-1\" \/>\n<link rel=\"canonical\" href=\"https:\/\/www.scrigno.com\/es\/\" \/>\n<meta property=\"og:locale\" content=\"es_ES\" \/>\n<meta property=\"og:type\" content=\"article\" \/>\n<meta property=\"og:title\" content=\"Sistemas de apertura | Scrigno\" \/>\n<meta property=\"og:description\" content=\"Scrigno es l\u00edder en el dise\u00f1o, fabricaci\u00f3n y comercializaci\u00f3n de sistemas de apertura innovadores y de alta calidad, que optimizan los espacios y mejoran la calidad de vida con soluciones de dise\u00f1o y a la vanguardia.\" \/>\n<meta property=\"og:url\" content=\"https:\/\/www.scrigno.com\/es\/\" \/>\n<meta property=\"og:site_name\" content=\"Scrigno\" \/>\n<meta property=\"article:modified_time\" content=\"2026-04-15T14:22:35+00:00\" \/>\n<meta property=\"og:image\" content=\"https:\/\/www.scrigno.com\/wp-content\/uploads\/2026\/04\/rivenditori-1211x807.jpg\" \/>\n<meta name=\"twitter:card\" content=\"summary_large_image\" \/>\n<meta name=\"twitter:label1\" content=\"Tiempo de lectura\" \/>\n\t<meta name=\"twitter:data1\" content=\"1 minuto\" \/>\n<script type=\"application\/ld+json\" class=\"yoast-schema-graph\">{\"@context\":\"https:\/\/schema.org\",\"@graph\":[{\"@type\":\"WebPage\",\"@id\":\"https:\/\/www.scrigno.com\/es\/\",\"url\":\"https:\/\/www.scrigno.com\/es\/\",\"name\":\"Sistemas de apertura | Scrigno\",\"isPartOf\":{\"@id\":\"https:\/\/www.scrigno.com\/es\/#website\"},\"primaryImageOfPage\":{\"@id\":\"https:\/\/www.scrigno.com\/es\/#primaryimage\"},\"image\":{\"@id\":\"https:\/\/www.scrigno.com\/es\/#primaryimage\"},\"thumbnailUrl\":\"https:\/\/www.scrigno.com\/wp-content\/uploads\/2026\/04\/rivenditori-1211x807.jpg\",\"datePublished\":\"2024-06-27T09:03:28+00:00\",\"dateModified\":\"2026-04-15T14:22:35+00:00\",\"description\":\"Scrigno es l\u00edder en el dise\u00f1o, fabricaci\u00f3n y comercializaci\u00f3n de sistemas de apertura innovadores y de alta calidad, que optimizan los espacios y mejoran la calidad de vida con soluciones de dise\u00f1o y a la vanguardia.\",\"breadcrumb\":{\"@id\":\"https:\/\/www.scrigno.com\/es\/#breadcrumb\"},\"inLanguage\":\"es\",\"potentialAction\":[{\"@type\":\"ReadAction\",\"target\":[\"https:\/\/www.scrigno.com\/es\/\"]}]},{\"@type\":\"ImageObject\",\"inLanguage\":\"es\",\"@id\":\"https:\/\/www.scrigno.com\/es\/#primaryimage\",\"url\":\"https:\/\/www.scrigno.com\/wp-content\/uploads\/2026\/04\/rivenditori-1211x807.jpg\",\"contentUrl\":\"https:\/\/www.scrigno.com\/wp-content\/uploads\/2026\/04\/rivenditori-1211x807.jpg\"},{\"@type\":\"BreadcrumbList\",\"@id\":\"https:\/\/www.scrigno.com\/es\/#breadcrumb\",\"itemListElement\":[{\"@type\":\"ListItem\",\"position\":1,\"name\":\"Home\",\"item\":\"https:\/\/www.scrigno.com\/es\/\"},{\"@type\":\"ListItem\",\"position\":2,\"name\":\"Homepage\"}]},{\"@type\":\"WebSite\",\"@id\":\"https:\/\/www.scrigno.com\/es\/#website\",\"url\":\"https:\/\/www.scrigno.com\/es\/\",\"name\":\"Scrigno\",\"description\":\"\",\"potentialAction\":[{\"@type\":\"SearchAction\",\"target\":{\"@type\":\"EntryPoint\",\"urlTemplate\":\"https:\/\/www.scrigno.com\/es\/?s={search_term_string}\"},\"query-input\":{\"@type\":\"PropertyValueSpecification\",\"valueRequired\":true,\"valueName\":\"search_term_string\"}}],\"inLanguage\":\"es\"}]}<\/script>\n<!-- \/ Yoast SEO plugin. -->","yoast_head_json":{"title":"Sistemas de apertura | Scrigno","description":"Scrigno es l\u00edder en el dise\u00f1o, fabricaci\u00f3n y comercializaci\u00f3n de sistemas de apertura innovadores y de alta calidad, que optimizan los espacios y mejoran la calidad de vida con soluciones de dise\u00f1o y a la vanguardia.","robots":{"index":"index","follow":"follow","max-snippet":"max-snippet:-1","max-image-preview":"max-image-preview:large","max-video-preview":"max-video-preview:-1"},"canonical":"https:\/\/www.scrigno.com\/es\/","og_locale":"es_ES","og_type":"article","og_title":"Sistemas de apertura | Scrigno","og_description":"Scrigno es l\u00edder en el dise\u00f1o, fabricaci\u00f3n y comercializaci\u00f3n de sistemas de apertura innovadores y de alta calidad, que optimizan los espacios y mejoran la calidad de vida con soluciones de dise\u00f1o y a la vanguardia.","og_url":"https:\/\/www.scrigno.com\/es\/","og_site_name":"Scrigno","article_modified_time":"2026-04-15T14:22:35+00:00","og_image":[{"url":"https:\/\/www.scrigno.com\/wp-content\/uploads\/2026\/04\/rivenditori-1211x807.jpg","type":"","width":"","height":""}],"twitter_card":"summary_large_image","twitter_misc":{"Tiempo de lectura":"1 minuto"},"schema":{"@context":"https:\/\/schema.org","@graph":[{"@type":"WebPage","@id":"https:\/\/www.scrigno.com\/es\/","url":"https:\/\/www.scrigno.com\/es\/","name":"Sistemas de apertura | Scrigno","isPartOf":{"@id":"https:\/\/www.scrigno.com\/es\/#website"},"primaryImageOfPage":{"@id":"https:\/\/www.scrigno.com\/es\/#primaryimage"},"image":{"@id":"https:\/\/www.scrigno.com\/es\/#primaryimage"},"thumbnailUrl":"https:\/\/www.scrigno.com\/wp-content\/uploads\/2026\/04\/rivenditori-1211x807.jpg","datePublished":"2024-06-27T09:03:28+00:00","dateModified":"2026-04-15T14:22:35+00:00","description":"Scrigno es l\u00edder en el dise\u00f1o, fabricaci\u00f3n y comercializaci\u00f3n de sistemas de apertura innovadores y de alta calidad, que optimizan los espacios y mejoran la calidad de vida con soluciones de dise\u00f1o y a la vanguardia.","breadcrumb":{"@id":"https:\/\/www.scrigno.com\/es\/#breadcrumb"},"inLanguage":"es","potentialAction":[{"@type":"ReadAction","target":["https:\/\/www.scrigno.com\/es\/"]}]},{"@type":"ImageObject","inLanguage":"es","@id":"https:\/\/www.scrigno.com\/es\/#primaryimage","url":"https:\/\/www.scrigno.com\/wp-content\/uploads\/2026\/04\/rivenditori-1211x807.jpg","contentUrl":"https:\/\/www.scrigno.com\/wp-content\/uploads\/2026\/04\/rivenditori-1211x807.jpg"},{"@type":"BreadcrumbList","@id":"https:\/\/www.scrigno.com\/es\/#breadcrumb","itemListElement":[{"@type":"ListItem","position":1,"name":"Home","item":"https:\/\/www.scrigno.com\/es\/"},{"@type":"ListItem","position":2,"name":"Homepage"}]},{"@type":"WebSite","@id":"https:\/\/www.scrigno.com\/es\/#website","url":"https:\/\/www.scrigno.com\/es\/","name":"Scrigno","description":"","potentialAction":[{"@type":"SearchAction","target":{"@type":"EntryPoint","urlTemplate":"https:\/\/www.scrigno.com\/es\/?s={search_term_string}"},"query-input":{"@type":"PropertyValueSpecification","valueRequired":true,"valueName":"search_term_string"}}],"inLanguage":"es"}]}},"_links":{"self":[{"href":"https:\/\/www.scrigno.com\/es\/wp-json\/wp\/v2\/pages\/282","targetHints":{"allow":["GET"]}}],"collection":[{"href":"https:\/\/www.scrigno.com\/es\/wp-json\/wp\/v2\/pages"}],"about":[{"href":"https:\/\/www.scrigno.com\/es\/wp-json\/wp\/v2\/types\/page"}],"author":[{"embeddable":true,"href":"https:\/\/www.scrigno.com\/es\/wp-json\/wp\/v2\/users\/1"}],"replies":[{"embeddable":true,"href":"https:\/\/www.scrigno.com\/es\/wp-json\/wp\/v2\/comments?post=282"}],"version-history":[{"count":5,"href":"https:\/\/www.scrigno.com\/es\/wp-json\/wp\/v2\/pages\/282\/revisions"}],"predecessor-version":[{"id":21225,"href":"https:\/\/www.scrigno.com\/es\/wp-json\/wp\/v2\/pages\/282\/revisions\/21225"}],"wp:attachment":[{"href":"https:\/\/www.scrigno.com\/es\/wp-json\/wp\/v2\/media?parent=282"}],"curies":[{"name":"wp","href":"https:\/\/api.w.org\/{rel}","templated":true}]}}