{"id":8137,"date":"2024-09-03T15:20:05","date_gmt":"2024-09-03T13:20:05","guid":{"rendered":"https:\/\/www.scrigno.com\/sostenibilita\/"},"modified":"2025-03-10T15:40:55","modified_gmt":"2025-03-10T13:40:55","slug":"sostenibilidad","status":"publish","type":"page","link":"https:\/\/www.scrigno.com\/es\/sostenibilidad\/","title":{"rendered":"Sostenibilidad"},"content":{"rendered":"    <div class=\"content-block wrapper image-left\">\n            <div class=\"content-block__spacer\"><\/div>\n    <div class=\"content-block__column-image\">    <img decoding=\"async\" src=\"https:\/\/www.scrigno.com\/wp-content\/uploads\/2024\/09\/sostenibilita.jpg\" class=\"content-block__image\"  alt=\"sostenibilita\" \/><\/div>\n    <div class=\"content-block__column-text\">    <div class=\"content-block__text\">\n        \n        <p class=\"content-block__text--content\">Nuestra idea de futuro empieza por la Responsabilidad Corporativa. Para el Grupo Scrigno, la atenci\u00f3n por la calidad y el medioambiente es esencial; esto se traduce en pol\u00edticas activas que gu\u00edan a la empresa hacia un proceso de innovaci\u00f3n continua para lograr objetivos cada vez m\u00e1s ambiciosos. La sostenibilidad ocupa un lugar fundamental en este proceso, por lo que se presta una especial atenci\u00f3n al desempe\u00f1o medioambiental y energ\u00e9tico de los centros de producci\u00f3n.<br><br>A lo largo de este proceso, la empresa demuestra a diario su compromiso con los principios de la econom\u00eda circular. Un ejemplo de ello es la reorganizaci\u00f3n que implementa en sus procesos para supervisar y reducir el consumo de materias primas y envases, disminuir el derroche y mejorar la eficiencia energ\u00e9tica. La empresa tambi\u00e9n se esfuerza para reducir las emisiones de gases de efecto invernadero a trav\u00e9s de un proceso de descarbonizaci\u00f3n que empieza en el interior de la empresa y se extiende a sus proveedores a lo largo de toda la cadena de suministro, y promueve la reducci\u00f3n de las emisiones de Alcance 3 aguas arriba y aguas abajo para conseguir la certificaci\u00f3n de su huella de carbono en 2024 por parte de un organismo externo.<\/p>\n\n            \n    \n    <\/div><\/div>\n    <div class=\"content-block__spacer\"><\/div>\n    <\/div>\n\n    <div class=\"content-block wrapper text-only\">\n            \n    <div class=\"wrapped cols-8\">    <div class=\"content-block__text\">\n        \n        <p class=\"content-block__text--content\">El Grupo Scrigno hace tiempo que implement\u00f3 un Sistema de Gesti\u00f3n Medioambiental basado en la certificaci\u00f3n <a href=\"https:\/\/www.scrigno.com\/wp-content\/uploads\/2024\/12\/ISO-14001-2015-Certificate.pdf\">ISO 14001:2015<\/a>, obtenida en 2021, y ha introducido un concepto denominado \u00abrisk-based thinking\u00bb (Enfoque basado en el riesgo).<br><br>Integrado en el proyecto de negocios, el Grupo Scrigno ha elaborado un plan estrat\u00e9gico de sostenibilidad. Planificar la sostenibilidad significa poner en pr\u00e1ctica una visi\u00f3n de futuro de una empresa, pero, y sobre todo, contextualizarla dentro de un sistema definido. Una forma de pensar que potencia un aut\u00e9ntico crecimiento colectivo y que incluye las prestaciones finales ofrecidas a los clientes, la mejora de los aspectos medioambientales y los resultados econ\u00f3micos.<br><br>El Grupo Scrigno fomenta un comportamiento absolutamente transparente y \u00e9tico que:<br>\u2013 sea perfectamente coherente con toda la cadena de valor;<br>\u2013 garantice que se respetan las leyes aplicables y las normas internacionales de comportamiento;<br>\u2013 tenga en consideraci\u00f3n las expectativas de los distintos grupos de inter\u00e9s;<br>\u2013 contribuya al desarrollo sostenible, incluyendo la salud y el bienestar del ecosistema ambiental y social.<\/p>\n\n            \n    \n    <\/div><\/div>\n    \n    \n    <\/div>\n\n    <div class=\"content-block wrapper image-right\">\n            <div class=\"content-block__spacer\"><\/div>\n    <div class=\"content-block__column-text\">    <div class=\"content-block__text\">\n        \n        <p class=\"content-block__text--content\">El 16 de diciembre de 2022 se public\u00f3 en el Diario Oficial de la Uni\u00f3n Europea la Directiva n.\u00ba 2022\/2464 relativa a la presentaci\u00f3n de informaci\u00f3n sobre sostenibilidad por parte de las empresas: Se trata de la directiva de informes de sostenibilidad corporativa, en adelante CSRD por sus siglas en ingl\u00e9s (<em>Corporate Sustainability Reporting Directive<\/em>), por la que se modifica la Directiva 2013\/34\/UE relativa a la obligaci\u00f3n de presentar informaci\u00f3n no financiera para empresas grandes.<br><br>La <strong>CSRD<\/strong>, <em>Corporate Sustainability Reporting Directive<\/em>, se inscribe en un escenario global que desde hace tiempo se encuentra en plena ebullici\u00f3n en lo que respecta a cuestiones, v\u00edas e iniciativas de sostenibilidad. Un contexto que en los \u00faltimos meses de 2022 ha supuesto un cambio importante, en especial en lo que ata\u00f1e al papel de Europa. Por ejemplo, con su compromiso por alcanzar la <strong>neutralidad clim\u00e1tica antes de 2050<\/strong> y con la remodelaci\u00f3n de la competitividad para favorecer la <strong>descarbonizaci\u00f3n<\/strong>.<br><br>La <strong>CSRD <\/strong>introduce el nuevo concepto de \u00ab<strong>doble significatividad<\/strong>\u00bb (o \u00ab<strong>doble materialidad<\/strong>\u00bb) en virtud del cual las empresas deber\u00e1n proporcionar informaci\u00f3n tanto sobre el impacto de sus actividades en las personas y el medio ambiente (enfoque <em>inside-out<\/em>) como sobre el modo en el que las cuestiones de sostenibilidad inciden en las mismas, en sus resultados y en su situaci\u00f3n (enfoque <em>outside-in<\/em>).<\/p>\n\n            \n    \n    <\/div><\/div>\n    <div class=\"content-block__column-image\">    <img decoding=\"async\" src=\"https:\/\/www.scrigno.com\/wp-content\/uploads\/2024\/09\/march.jpg\" class=\"content-block__image\"  alt=\"march\" \/><\/div>\n    <div class=\"content-block__spacer\"><\/div>\n    <\/div>\n\n    <div class=\"content-block wrapper text-only\">\n            \n    <div class=\"wrapped cols-8\">    <div class=\"content-block__text\">\n        \n        <p class=\"content-block__text--content\">El Grupo Scrigno ha decidido anticiparse y ha empezado el proceso que le permitir\u00e1 tener, ya en 2025, el primer Informe de sostenibilidad con el concepto de doble materialidad al objeto de garantizar:<br><br><strong>Transparencia<\/strong> Las actividades de las empresas del Grupo son el inter\u00e9s principal de los grupos de inter\u00e9s (empresas, inversores). La transparencia de la informaci\u00f3n no financiera relativa a factores ESG (ambientales, sociales y de gobernanza) combate las pr\u00e1cticas de lavado verde o <em>greenwashing<\/em>.<br><br><strong>Implicaci\u00f3n<\/strong> Emerge la petici\u00f3n de una mayor divulgaci\u00f3n de informaci\u00f3n no financiera. Esta, junto con la financiera, est\u00e1 en la base de las decisiones de inversi\u00f3n.<br><br><strong>Sensibilizaci\u00f3n<\/strong> La divulgaci\u00f3n de temas en materia de sostenibilidad permite sensibilizar al Grupo y a las empresas que lo componen. Un proceso de implicaci\u00f3n de los grupos de inter\u00e9s permite identificar las necesidades y expectativas de los inversores, e integrarlas en las estrategias de la empresa.<br><br>Por \u00faltimo, se han introducido procedimientos operativos para garantizar una mayor seguridad de las personas, de conformidad con la pr\u00f3xima certificaci\u00f3n ISO 45001.<\/p>\n\n            \n    \n    <\/div><\/div>\n    \n    \n    <\/div>","protected":false},"excerpt":{"rendered":"","protected":false},"author":1,"featured_media":0,"parent":0,"menu_order":0,"comment_status":"closed","ping_status":"closed","template":"","meta":{"_acf_changed":false,"footnotes":""},"class_list":["post-8137","page","type-page","status-publish","hentry"],"acf":[],"yoast_head":"<!-- This site is optimized with the Yoast SEO plugin v27.1.1 - https:\/\/yoast.com\/product\/yoast-seo-wordpress\/ -->\n<title>Sostenibilidad - Scrigno<\/title>\n<meta name=\"robots\" content=\"index, follow, max-snippet:-1, max-image-preview:large, max-video-preview:-1\" \/>\n<link rel=\"canonical\" href=\"https:\/\/www.scrigno.com\/es\/sostenibilidad\/\" \/>\n<meta property=\"og:locale\" content=\"es_ES\" \/>\n<meta property=\"og:type\" content=\"article\" \/>\n<meta property=\"og:title\" content=\"Sostenibilidad - Scrigno\" \/>\n<meta property=\"og:url\" content=\"https:\/\/www.scrigno.com\/es\/sostenibilidad\/\" \/>\n<meta property=\"og:site_name\" content=\"Scrigno\" \/>\n<meta property=\"article:modified_time\" content=\"2025-03-10T13:40:55+00:00\" \/>\n<meta name=\"twitter:card\" content=\"summary_large_image\" \/>\n<script type=\"application\/ld+json\" class=\"yoast-schema-graph\">{\"@context\":\"https:\/\/schema.org\",\"@graph\":[{\"@type\":\"WebPage\",\"@id\":\"https:\/\/www.scrigno.com\/es\/sostenibilidad\/\",\"url\":\"https:\/\/www.scrigno.com\/es\/sostenibilidad\/\",\"name\":\"Sostenibilidad - Scrigno\",\"isPartOf\":{\"@id\":\"https:\/\/www.scrigno.com\/es\/#website\"},\"datePublished\":\"2024-09-03T13:20:05+00:00\",\"dateModified\":\"2025-03-10T13:40:55+00:00\",\"breadcrumb\":{\"@id\":\"https:\/\/www.scrigno.com\/es\/sostenibilidad\/#breadcrumb\"},\"inLanguage\":\"es\",\"potentialAction\":[{\"@type\":\"ReadAction\",\"target\":[\"https:\/\/www.scrigno.com\/es\/sostenibilidad\/\"]}]},{\"@type\":\"BreadcrumbList\",\"@id\":\"https:\/\/www.scrigno.com\/es\/sostenibilidad\/#breadcrumb\",\"itemListElement\":[{\"@type\":\"ListItem\",\"position\":1,\"name\":\"Home\",\"item\":\"https:\/\/www.scrigno.com\/es\/\"},{\"@type\":\"ListItem\",\"position\":2,\"name\":\"Sostenibilidad\"}]},{\"@type\":\"WebSite\",\"@id\":\"https:\/\/www.scrigno.com\/es\/#website\",\"url\":\"https:\/\/www.scrigno.com\/es\/\",\"name\":\"Scrigno\",\"description\":\"\",\"potentialAction\":[{\"@type\":\"SearchAction\",\"target\":{\"@type\":\"EntryPoint\",\"urlTemplate\":\"https:\/\/www.scrigno.com\/es\/?s={search_term_string}\"},\"query-input\":{\"@type\":\"PropertyValueSpecification\",\"valueRequired\":true,\"valueName\":\"search_term_string\"}}],\"inLanguage\":\"es\"}]}<\/script>\n<!-- \/ Yoast SEO plugin. -->","yoast_head_json":{"title":"Sostenibilidad - Scrigno","robots":{"index":"index","follow":"follow","max-snippet":"max-snippet:-1","max-image-preview":"max-image-preview:large","max-video-preview":"max-video-preview:-1"},"canonical":"https:\/\/www.scrigno.com\/es\/sostenibilidad\/","og_locale":"es_ES","og_type":"article","og_title":"Sostenibilidad - Scrigno","og_url":"https:\/\/www.scrigno.com\/es\/sostenibilidad\/","og_site_name":"Scrigno","article_modified_time":"2025-03-10T13:40:55+00:00","twitter_card":"summary_large_image","schema":{"@context":"https:\/\/schema.org","@graph":[{"@type":"WebPage","@id":"https:\/\/www.scrigno.com\/es\/sostenibilidad\/","url":"https:\/\/www.scrigno.com\/es\/sostenibilidad\/","name":"Sostenibilidad - Scrigno","isPartOf":{"@id":"https:\/\/www.scrigno.com\/es\/#website"},"datePublished":"2024-09-03T13:20:05+00:00","dateModified":"2025-03-10T13:40:55+00:00","breadcrumb":{"@id":"https:\/\/www.scrigno.com\/es\/sostenibilidad\/#breadcrumb"},"inLanguage":"es","potentialAction":[{"@type":"ReadAction","target":["https:\/\/www.scrigno.com\/es\/sostenibilidad\/"]}]},{"@type":"BreadcrumbList","@id":"https:\/\/www.scrigno.com\/es\/sostenibilidad\/#breadcrumb","itemListElement":[{"@type":"ListItem","position":1,"name":"Home","item":"https:\/\/www.scrigno.com\/es\/"},{"@type":"ListItem","position":2,"name":"Sostenibilidad"}]},{"@type":"WebSite","@id":"https:\/\/www.scrigno.com\/es\/#website","url":"https:\/\/www.scrigno.com\/es\/","name":"Scrigno","description":"","potentialAction":[{"@type":"SearchAction","target":{"@type":"EntryPoint","urlTemplate":"https:\/\/www.scrigno.com\/es\/?s={search_term_string}"},"query-input":{"@type":"PropertyValueSpecification","valueRequired":true,"valueName":"search_term_string"}}],"inLanguage":"es"}]}},"_links":{"self":[{"href":"https:\/\/www.scrigno.com\/es\/wp-json\/wp\/v2\/pages\/8137","targetHints":{"allow":["GET"]}}],"collection":[{"href":"https:\/\/www.scrigno.com\/es\/wp-json\/wp\/v2\/pages"}],"about":[{"href":"https:\/\/www.scrigno.com\/es\/wp-json\/wp\/v2\/types\/page"}],"author":[{"embeddable":true,"href":"https:\/\/www.scrigno.com\/es\/wp-json\/wp\/v2\/users\/1"}],"replies":[{"embeddable":true,"href":"https:\/\/www.scrigno.com\/es\/wp-json\/wp\/v2\/comments?post=8137"}],"version-history":[{"count":0,"href":"https:\/\/www.scrigno.com\/es\/wp-json\/wp\/v2\/pages\/8137\/revisions"}],"wp:attachment":[{"href":"https:\/\/www.scrigno.com\/es\/wp-json\/wp\/v2\/media?parent=8137"}],"curies":[{"name":"wp","href":"https:\/\/api.w.org\/{rel}","templated":true}]}}