{"id":8146,"date":"2024-06-27T16:27:51","date_gmt":"2024-06-27T14:27:51","guid":{"rendered":"https:\/\/www.scrigno.com\/faq\/"},"modified":"2026-03-23T13:51:39","modified_gmt":"2026-03-23T11:51:39","slug":"faq","status":"publish","type":"page","link":"https:\/\/www.scrigno.com\/es\/faq\/","title":{"rendered":"Frequently asked questions"},"content":{"rendered":"\n<div class=\"wp-block-group wrapper is-layout-constrained wp-block-group-is-layout-constrained\">\n<div class=\"wp-block-group wrapped cols-w-3 offset-l-1 is-vertical is-layout-flex wp-container-core-group-is-layout-8cf370e7 wp-block-group-is-layout-flex\"><h1 class=\"title-h2 wp-block-post-title\">Frequently asked questions<\/h1>\n\n\n<div class=\"wp-block-scrignocom-scrigno-com-block-contacts contacts\"><div class=\"contacts__card\"><div class=\"contacts__card--icon\"><span class=\"icon icon-ico-mail\"><\/span><\/div><a class=\"contacts__card--content\"><div class=\"contacts__card--title\">Contacta con nosotros<\/div><div class=\"contacts__card--data\">infoscrigno@scrignogroup.com<\/div><\/a><\/div><div class=\"contacts__card\"><div class=\"contacts__card--icon\"><span class=\"icon icon-ico-phone\"><\/span><\/div><a class=\"contacts__card--content\"><div class=\"contacts__card--title\">Ll\u00e1manos<\/div><div class=\"contacts__card--data\">\u00a0+39 0541 757711<\/div><\/a><\/div><div class=\"contacts__card\"><div class=\"contacts__card--icon\"><span class=\"icon icon-ico-map-pin\"><\/span><\/div><a href=\"https:\/\/www.scrigno.com\/it\/dove-acquistare\/\" class=\"contacts__card--content\"><div class=\"contacts__card--title\">Ubicaciones de las tiendas<\/div><div class=\"contacts__card--data\">Visita la tienda m\u00e1s cercana a ti<\/div><\/a><\/div><\/div>\n<\/div>\n\n\n\n<div class=\"wp-block-group wrapped cols-w-1 is-vertical is-layout-flex wp-container-core-group-is-layout-8cf370e7 wp-block-group-is-layout-flex\"><\/div>\n\n\n\n<div class=\"wp-block-group wrapped cols-w-6 is-layout-constrained wp-block-group-is-layout-constrained\">    <div class=\"accordion exclusive faq-list\">\n            <div class=\"faq-list__elem accordion__elem open\">\n        <div class=\"faq-list__question accordion__header\">\n            <i class=\"icon icon-chevron-down accordion__icon\"><\/i>\n            \u00bfSe pueden utilizar dos premarcos de una hoja para crear un premarco de dos hojas?\n        <\/div>\n        <div class=\"faq-list__answer accordion__content\"><p>No, siempre es recomendable utilizar el premarco en la versi\u00f3n espec\u00edfica de dos hojas.<\/p>\n<\/div>\n    <\/div>    <div class=\"faq-list__elem accordion__elem \">\n        <div class=\"faq-list__question accordion__header\">\n            <i class=\"icon icon-chevron-down accordion__icon\"><\/i>\n            \u00bfQu\u00e9 precauciones son imprescindibles para una perfecta instalaci\u00f3n del premarco corredero?\n        <\/div>\n        <div class=\"faq-list__answer accordion__content\"><p>Es una buena pr\u00e1ctica respetar las instrucciones adjuntas al producto; en particular, verifique cuidadosamente la alineaci\u00f3n, la plomada y el plano del premarco con respecto a la superficie de apoyo. En las versiones para mamposter\u00eda, el enlucido se debe realizar en dos fases: en la primera, enfoscar el costado del armaz\u00f3n con mortero de cemento (m\u00ednimo 20% de cemento) hasta cubrir la malla met\u00e1lica (alrededor de 1 cm); en la segunda, esperar el curado del enfoscado (m\u00ednimo tres semanas) y nivelar el enlucido a ras del premarco. Contin\u00fae con el enrasado de acabado. Todas las operaciones mencionadas anteriormente se entienden realizadas con la placa de contenci\u00f3n montada en el armaz\u00f3n. Todas las estructuras deben tener siempre su dintel. Adem\u00e1s, en el caso de las versiones para cart\u00f3n yeso, se requiere el anclaje del premarco en todo el per\u00edmetro a la estructura portante de la pared, y el uso exclusivo de la torniller\u00eda suministrada con el premarco para la fijaci\u00f3n de la placa de cart\u00f3n yeso al mismo.<\/p>\n<\/div>\n    <\/div>    <div class=\"faq-list__elem accordion__elem \">\n        <div class=\"faq-list__question accordion__header\">\n            <i class=\"icon icon-chevron-down accordion__icon\"><\/i>\n            \u00bfCu\u00e1ndo se puede instalar el panel de la puerta?\n        <\/div>\n        <div class=\"faq-list__answer accordion__content\"><p>En los premarcos en versi\u00f3n enlucido se recomienda esperar al curado del enlucido, unos 29 &#8211; 30 d\u00edas<\/p>\n<\/div>\n    <\/div>    <div class=\"faq-list__elem accordion__elem \">\n        <div class=\"faq-list__question accordion__header\">\n            <i class=\"icon icon-chevron-down accordion__icon\"><\/i>\n            \u00bfEl premarco debe tener su dintel?\n        <\/div>\n        <div class=\"faq-list__answer accordion__content\"><p>Todas las estructuras deben tener siempre su dintel.<\/p>\n<\/div>\n    <\/div>    <div class=\"faq-list__elem accordion__elem \">\n        <div class=\"faq-list__question accordion__header\">\n            <i class=\"icon icon-chevron-down accordion__icon\"><\/i>\n            \u00bfEn qu\u00e9 paredes enlucidas se pueden instalar los premarcos Scrigno Essential?\n        <\/div>\n        <div class=\"faq-list__answer accordion__content\"><p>Los premarcos Scrigno Essential en la versi\u00f3n para enlucido con grosor de pared acabada de 105 mm y 125 mm son adecuados para tabiques interiores formados respectivamente por ladrillos huecos de 8\/10 cm<\/p>\n<\/div>\n    <\/div>    <div class=\"faq-list__elem accordion__elem \">\n        <div class=\"faq-list__question accordion__header\">\n            <i class=\"icon icon-chevron-down accordion__icon\"><\/i>\n            \u00bfEn qu\u00e9 paredes de cart\u00f3n yeso se pueden instalar los premarcos Scrigno Essential?\n        <\/div>\n        <div class=\"faq-list__answer accordion__content\"><p>Los premarcos Scrigno Essential en la versi\u00f3n para cart\u00f3n yeso con grosor de pared acabada de 100 mm y 125 mm son adecuados para tabiques interiores formados respectivamente por estructuras con perfiles de 75 y 100 mm<\/p>\n<\/div>\n    <\/div>    <div class=\"faq-list__elem accordion__elem \">\n        <div class=\"faq-list__question accordion__header\">\n            <i class=\"icon icon-chevron-down accordion__icon\"><\/i>\n            Los tornillos de fijaci\u00f3n del larguero de acabado para Essential Corredero parecen cortos, \u00bfpor qu\u00e9?\n        <\/div>\n        <div class=\"faq-list__answer accordion__content\"><p>Para asegurarse de que los tornillos tengan la longitud correcta, el larguero de acabado debe insertarse en el larguero de la estructura y no montarse apoyado.<\/p>\n<\/div>\n    <\/div>    <div class=\"faq-list__elem accordion__elem \">\n        <div class=\"faq-list__question accordion__header\">\n            <i class=\"icon icon-chevron-down accordion__icon\"><\/i>\n            He perdido las instrucciones de montaje, \u00bfqu\u00e9 puedo hacer?\n        <\/div>\n        <div class=\"faq-list__answer accordion__content\"><p>Las instrucciones de montaje de todos los productos de la l\u00ednea Scrigno pueden descargarse f\u00e1cilmente del sitio web o solicitarse directamente al Distribuidor Autorizado.<\/p>\n<\/div>\n    <\/div>    <div class=\"faq-list__elem accordion__elem \">\n        <div class=\"faq-list__question accordion__header\">\n            <i class=\"icon icon-chevron-down accordion__icon\"><\/i>\n            \u00bfLos premarcos se fabrican con medidas de altura distintas a las est\u00e1ndar?\n        <\/div>\n        <div class=\"faq-list__answer accordion__content\"><p>La gama de tama\u00f1os de premarcos Scrigno incluye alturas desde 800 mm hasta 2700 mm en la versi\u00f3n para enlucido y de hasta 2400 mm en la versi\u00f3n para cart\u00f3n yeso.<\/p>\n<\/div>\n    <\/div>    <div class=\"faq-list__elem accordion__elem \">\n        <div class=\"faq-list__question accordion__header\">\n            <i class=\"icon icon-chevron-down accordion__icon\"><\/i>\n            \u00bfC\u00f3mo se deben rematar los perfiles de aluminio del premarco Essential?\n        <\/div>\n        <div class=\"faq-list__answer accordion__content\"><p>Todos los perfiles de aluminio en bruto se deben pintar, aplicando una capa de imprimaci\u00f3n y completando con una simple pintura de pared.<\/p>\n<\/div>\n    <\/div>    <div class=\"faq-list__elem accordion__elem \">\n        <div class=\"faq-list__question accordion__header\">\n            <i class=\"icon icon-chevron-down accordion__icon\"><\/i>\n            \u00bfPor qu\u00e9 la puerta no se desliza bien en el premarco Base 100 cart\u00f3n yeso?\n        <\/div>\n        <div class=\"faq-list__answer accordion__content\"><p>Al tratarse de un premarco con hueco interior de 54 mm, el espesor m\u00e1ximo recomendado para el panel de la puerta en este premarco es de 40 mm y no debe tener resaltes ni junquillos para cristales en relieve.<\/p>\n<\/div>\n    <\/div>    <div class=\"faq-list__elem accordion__elem \">\n        <div class=\"faq-list__question accordion__header\">\n            <i class=\"icon icon-chevron-down accordion__icon\"><\/i>\n            \u00bfSe puede transformar el premarco modelo Base en el premarco modelo Essential?\n        <\/div>\n        <div class=\"faq-list__answer accordion__content\"><p>No, son dos premarcos estructuralmente diferentes.<\/p>\n<\/div>\n    <\/div>    <div class=\"faq-list__elem accordion__elem \">\n        <div class=\"faq-list__question accordion__header\">\n            <i class=\"icon icon-chevron-down accordion__icon\"><\/i>\n            \u00bfCu\u00e1nto espacio se necesita para instalar un premarco Scrigno Gold Base de una sola hoja?\n        <\/div>\n        <div class=\"faq-list__answer accordion__content\"><p>Para determinar las dimensiones totales del premarco Base simple, se deben aplicar estas f\u00f3rmulas sencillas;<br \/>\ndimensiones totales a lo ancho = L (luz de paso a lo ancho) x 2 + 110 mm<br \/>\ndimensiones totales a lo alto = H (altura luz) + 100 mm<br \/>\np.ej. para tener una luz de paso de 800&#215;2100 mm se necesita un espacio de 1710&#215;2200 mm<\/p>\n<\/div>\n    <\/div>    <div class=\"faq-list__elem accordion__elem \">\n        <div class=\"faq-list__question accordion__header\">\n            <i class=\"icon icon-chevron-down accordion__icon\"><\/i>\n            \u00bfCu\u00e1nto espacio se necesita para instalar un premarco Scrigno Gold Base de dos hojas?\n        <\/div>\n        <div class=\"faq-list__answer accordion__content\"><p>Para determinar las dimensiones totales del premarco Base de dos hojas, se deben aplicar estas f\u00f3rmulas sencillas;<br \/>\ndimensiones totales a lo ancho = L (luz de paso a lo ancho) x 2 + 120 mm<br \/>\ndimensiones totales a lo alto = H (altura luz) + 100 mm<br \/>\np.ej. para tener una luz de paso de 1400&#215;2100 mm se necesita un espacio de 2920&#215;2200 mm<\/p>\n<\/div>\n    <\/div>    <div class=\"faq-list__elem accordion__elem \">\n        <div class=\"faq-list__question accordion__header\">\n            <i class=\"icon icon-chevron-down accordion__icon\"><\/i>\n            \u00bfCu\u00e1l es la diferencia entre el premarco Scrigno Gold Base y el premarco Scrigno Gold Essential?\n        <\/div>\n        <div class=\"faq-list__answer accordion__content\"><p>En el premarco Scrigno Gold Base, adem\u00e1s del panel de la puerta, hay jambas y perfiles tapajuntas. En el premarco Scrigno Gold Essential, las jambas y los perfiles tapajuntas se han eliminado adoptando perfiles de aluminio sobre los que se enrasa directamente el enlucido o el cart\u00f3n yeso, armonizando con la pared: simplemente pintando los perfiles como la pared se completa el resultado final.<\/p>\n<\/div>\n    <\/div>    <div class=\"faq-list__elem accordion__elem \">\n        <div class=\"faq-list__question accordion__header\">\n            <i class=\"icon icon-chevron-down accordion__icon\"><\/i>\n            \u00bfCu\u00e1nto espacio se necesita para instalar un premarco Scrigno Gold Essential de una sola hoja?\n        <\/div>\n        <div class=\"faq-list__answer accordion__content\"><p>Para determinar las dimensiones totales del premarco Essential de una hoja, se deben aplicar estas f\u00f3rmulas sencillas;<br \/>\ndimensiones totales a lo ancho = L (luz de paso a lo ancho) x 2 + 120 mm<br \/>\ndimensiones totales a lo alto = H (altura luz) + 65 mm<br \/>\np.ej. para tener una luz de paso de 800&#215;2100 mm se necesita un espacio de 1710&#215;2165 mm<\/p>\n<\/div>\n    <\/div>    <div class=\"faq-list__elem accordion__elem \">\n        <div class=\"faq-list__question accordion__header\">\n            <i class=\"icon icon-chevron-down accordion__icon\"><\/i>\n            \u00bfCu\u00e1nto espacio se necesita para instalar un premarco Scrigno Gold Essential de dos hojas?\n        <\/div>\n        <div class=\"faq-list__answer accordion__content\"><p>Para determinar las dimensiones totales del premarco Essential de dos hojas, se deben aplicar estas f\u00f3rmulas sencillas;<br \/>\ndimensiones totales a lo ancho = L (luz de paso a lo ancho) x 2 + 120 mm<br \/>\ndimensiones totales a lo alto = H (altura luz) + 65 mm<br \/>\np.ej. para tener una luz de paso de 1600&#215;2100 mm se necesita un espacio de 3320&#215;2165 mm<\/p>\n<\/div>\n    <\/div>    <div class=\"faq-list__elem accordion__elem \">\n        <div class=\"faq-list__question accordion__header\">\n            <i class=\"icon icon-chevron-down accordion__icon\"><\/i>\n            \u00bfEn qu\u00e9 paredes enlucidas se pueden instalar los premarcos Scrigno Base?\n        <\/div>\n        <div class=\"faq-list__answer accordion__content\"><p>Los premarcos Scrigno en la versi\u00f3n para enlucido con grosor de pared acabado de 90 mm, 105 mm, 125 mm y 145 mm son adecuados para tabiques interiores formados respectivamente por ladrillos huecos de 6\/8\/10\/12 cm<\/p>\n<\/div>\n    <\/div>    <div class=\"faq-list__elem accordion__elem \">\n        <div class=\"faq-list__question accordion__header\">\n            <i class=\"icon icon-chevron-down accordion__icon\"><\/i>\n            \u00bfEn qu\u00e9 paredes de cart\u00f3n yeso se pueden instalar los premarcos Scrigno Base?\n        <\/div>\n        <div class=\"faq-list__answer accordion__content\"><p>Los premarcos Scrigno en la versi\u00f3n para cart\u00f3n yeso con grosor de pared acabada de 100 mm y 125 mm son adecuados para tabiques interiores formados respectivamente por estructuras con perfiles de 75 y 100 mm<\/p>\n<\/div>\n    <\/div>    <div class=\"faq-list__elem accordion__elem \">\n        <div class=\"faq-list__question accordion__header\">\n            <i class=\"icon icon-chevron-down accordion__icon\"><\/i>\n            \u00bfScrigno tambi\u00e9n produce puertas batientes a ras de pared?\n        <\/div>\n        <div class=\"faq-list__answer accordion__content\"><p>S\u00ed, con la l\u00ednea Essential se fabrican puertas Batientes a ras de pared, en los tipos de tirar y empujar y con mano de apertura izquierda o derecha tanto en medidas de Luces est\u00e1ndar como en Medidas especiales.<\/p>\n<\/div>\n    <\/div>    <div class=\"faq-list__elem accordion__elem \">\n        <div class=\"faq-list__question accordion__header\">\n            <i class=\"icon icon-chevron-down accordion__icon\"><\/i>\n            \u00bfCu\u00e1nto espacio se necesita para instalar el marco Essential Batiente a ras de pared de una hoja para enlucido de 105 y cart\u00f3n yeso de 100?\n        <\/div>\n        <div class=\"faq-list__answer accordion__content\"><p>Para determinar las dimensiones totales para el marco Essential Batiente a ras de pared de una hoja, se deben aplicar estas f\u00f3rmulas sencillas;<br \/>\ndimensiones totales a lo ancho = L (luz de paso) + 130 mm<br \/>\ndimensiones totales a lo alto = H (altura luz) + 65 mm<br \/>\np.ej. para tener una luz de paso de 800&#215;2100 mm se necesita un espacio de 930&#215;2165 mm<\/p>\n<\/div>\n    <\/div>    <div class=\"faq-list__elem accordion__elem \">\n        <div class=\"faq-list__question accordion__header\">\n            <i class=\"icon icon-chevron-down accordion__icon\"><\/i>\n            \u00bfCu\u00e1nto espacio se necesita para instalar el marco Essential Batiente a ras de pared de dos hojas para enlucido de 105 y cart\u00f3n yeso de 100?\n        <\/div>\n        <div class=\"faq-list__answer accordion__content\"><p>Para determinar las dimensiones totales para el marco Essential Batiente a ras de pared de dos hojas, se deben aplicar estas f\u00f3rmulas sencillas;<br \/>\ndimensiones totales a lo ancho = L (luz de paso) + 130 mm<br \/>\ndimensiones totales a lo alto = H (altura luz) + 65 mm<br \/>\np.ej. para tener una luz de paso de 1200&#215;2100 mm se necesita un espacio de 1330&#215;2165 mm<\/p>\n<\/div>\n    <\/div>    <div class=\"faq-list__elem accordion__elem \">\n        <div class=\"faq-list__question accordion__header\">\n            <i class=\"icon icon-chevron-down accordion__icon\"><\/i>\n            \u00bfEn qu\u00e9 paredes se pueden instalar los marcos Essential Batiente?\n        <\/div>\n        <div class=\"faq-list__answer accordion__content\"><p>Los marcos de la l\u00ednea Essential Batiente se pueden instalar tanto en paredes de mamposter\u00eda como de cart\u00f3n yeso en la versi\u00f3n enlucido con un grosor de pared acabada de 105 mm, en la versi\u00f3n cart\u00f3n yeso de 100 mm adecuados para tabiques interiores formados respectivamente por ladrillos huecos de 8 cm y estructuras con perfiles de 75 mm<\/p>\n<\/div>\n    <\/div>    <div class=\"faq-list__elem accordion__elem \">\n        <div class=\"faq-list__question accordion__header\">\n            <i class=\"icon icon-chevron-down accordion__icon\"><\/i>\n            \u00bfSe pueden instalar los marcos Essential Batiente en paredes de mayor grosor?\n        <\/div>\n        <div class=\"faq-list__answer accordion__content\"><p>Los marcos de la l\u00ednea Essential Batiente enlucido m\u00e1s de 90 y cart\u00f3n yeso 100\/125 se pueden instalar tanto en paredes de mamposter\u00eda con grosor m\u00ednimo de 90 mm y grosores mayores, en la versi\u00f3n cart\u00f3n yeso se pueden realizar con grosores de 100 mm y 125 mm<\/p>\n<\/div>\n    <\/div>    <div class=\"faq-list__elem accordion__elem \">\n        <div class=\"faq-list__question accordion__header\">\n            <i class=\"icon icon-chevron-down accordion__icon\"><\/i>\n            \u00bfCu\u00e1nto espacio se necesita para instalar el marco de una hoja Essential Batiente a ras de pared para enlucido m\u00e1s de 90 y cart\u00f3n yeso de 100\/125?\n        <\/div>\n        <div class=\"faq-list__answer accordion__content\"><p>Para determinar las dimensiones totales para el marco Essential Batiente a ras de pared de una hoja, se deben aplicar estas f\u00f3rmulas sencillas;<br \/>\ndimensiones totales a lo ancho = L (luz de paso) + 150 mm<br \/>\ndimensiones totales a lo alto = H (altura luz) + 75 mm<br \/>\np.ej. para tener una luz de paso de 800&#215;2100 mm se necesita un espacio de 950&#215;2175 mm<\/p>\n<\/div>\n    <\/div>    <div class=\"faq-list__elem accordion__elem \">\n        <div class=\"faq-list__question accordion__header\">\n            <i class=\"icon icon-chevron-down accordion__icon\"><\/i>\n            \u00bfCu\u00e1nto espacio se necesita para instalar el marco Essential Batiente a ras de pared de dos hojas para enlucido m\u00e1s de 90 y cart\u00f3n yeso de 100\/125?\n        <\/div>\n        <div class=\"faq-list__answer accordion__content\"><p>Para determinar las dimensiones totales para el marco Essential Batiente a ras de pared de dos hojas, se deben aplicar estas f\u00f3rmulas sencillas;<br \/>\ndimensiones totales a lo ancho = L (luz de paso) + 150 mm<br \/>\ndimensiones totales a lo alto = H (altura luz) + 75 mm<br \/>\np.ej. para tener una luz de paso de 1200&#215;2100 mm se necesita un espacio de 1350&#215;2175 mm<\/p>\n<\/div>\n    <\/div>\n    <\/div><\/div>\n<\/div>\n","protected":false},"excerpt":{"rendered":"","protected":false},"author":1,"featured_media":0,"parent":0,"menu_order":0,"comment_status":"closed","ping_status":"closed","template":"index-no-title","meta":{"_acf_changed":false,"footnotes":""},"class_list":["post-8146","page","type-page","status-publish","hentry"],"acf":[],"yoast_head":"<!-- This site is optimized with the Yoast SEO plugin v27.1.1 - https:\/\/yoast.com\/product\/yoast-seo-wordpress\/ -->\n<title>Frequently asked questions - Scrigno<\/title>\n<meta name=\"robots\" content=\"index, follow, max-snippet:-1, max-image-preview:large, max-video-preview:-1\" \/>\n<link rel=\"canonical\" href=\"https:\/\/www.scrigno.com\/es\/faq\/\" \/>\n<meta property=\"og:locale\" content=\"es_ES\" \/>\n<meta property=\"og:type\" content=\"article\" \/>\n<meta property=\"og:title\" content=\"Frequently asked questions - Scrigno\" \/>\n<meta property=\"og:url\" content=\"https:\/\/www.scrigno.com\/es\/faq\/\" \/>\n<meta property=\"og:site_name\" content=\"Scrigno\" \/>\n<meta property=\"article:modified_time\" content=\"2026-03-23T11:51:39+00:00\" \/>\n<meta name=\"twitter:card\" content=\"summary_large_image\" \/>\n<meta name=\"twitter:label1\" content=\"Tiempo de lectura\" \/>\n\t<meta name=\"twitter:data1\" content=\"1 minuto\" \/>\n<script type=\"application\/ld+json\" class=\"yoast-schema-graph\">{\"@context\":\"https:\/\/schema.org\",\"@graph\":[{\"@type\":\"WebPage\",\"@id\":\"https:\/\/www.scrigno.com\/es\/faq\/\",\"url\":\"https:\/\/www.scrigno.com\/es\/faq\/\",\"name\":\"Frequently asked questions - Scrigno\",\"isPartOf\":{\"@id\":\"https:\/\/www.scrigno.com\/es\/#website\"},\"datePublished\":\"2024-06-27T14:27:51+00:00\",\"dateModified\":\"2026-03-23T11:51:39+00:00\",\"breadcrumb\":{\"@id\":\"https:\/\/www.scrigno.com\/es\/faq\/#breadcrumb\"},\"inLanguage\":\"es\",\"potentialAction\":[{\"@type\":\"ReadAction\",\"target\":[\"https:\/\/www.scrigno.com\/es\/faq\/\"]}]},{\"@type\":\"BreadcrumbList\",\"@id\":\"https:\/\/www.scrigno.com\/es\/faq\/#breadcrumb\",\"itemListElement\":[{\"@type\":\"ListItem\",\"position\":1,\"name\":\"Home\",\"item\":\"https:\/\/www.scrigno.com\/es\/\"},{\"@type\":\"ListItem\",\"position\":2,\"name\":\"Frequently asked questions\"}]},{\"@type\":\"WebSite\",\"@id\":\"https:\/\/www.scrigno.com\/es\/#website\",\"url\":\"https:\/\/www.scrigno.com\/es\/\",\"name\":\"Scrigno\",\"description\":\"\",\"potentialAction\":[{\"@type\":\"SearchAction\",\"target\":{\"@type\":\"EntryPoint\",\"urlTemplate\":\"https:\/\/www.scrigno.com\/es\/?s={search_term_string}\"},\"query-input\":{\"@type\":\"PropertyValueSpecification\",\"valueRequired\":true,\"valueName\":\"search_term_string\"}}],\"inLanguage\":\"es\"}]}<\/script>\n<!-- \/ Yoast SEO plugin. -->","yoast_head_json":{"title":"Frequently asked questions - Scrigno","robots":{"index":"index","follow":"follow","max-snippet":"max-snippet:-1","max-image-preview":"max-image-preview:large","max-video-preview":"max-video-preview:-1"},"canonical":"https:\/\/www.scrigno.com\/es\/faq\/","og_locale":"es_ES","og_type":"article","og_title":"Frequently asked questions - Scrigno","og_url":"https:\/\/www.scrigno.com\/es\/faq\/","og_site_name":"Scrigno","article_modified_time":"2026-03-23T11:51:39+00:00","twitter_card":"summary_large_image","twitter_misc":{"Tiempo de lectura":"1 minuto"},"schema":{"@context":"https:\/\/schema.org","@graph":[{"@type":"WebPage","@id":"https:\/\/www.scrigno.com\/es\/faq\/","url":"https:\/\/www.scrigno.com\/es\/faq\/","name":"Frequently asked questions - Scrigno","isPartOf":{"@id":"https:\/\/www.scrigno.com\/es\/#website"},"datePublished":"2024-06-27T14:27:51+00:00","dateModified":"2026-03-23T11:51:39+00:00","breadcrumb":{"@id":"https:\/\/www.scrigno.com\/es\/faq\/#breadcrumb"},"inLanguage":"es","potentialAction":[{"@type":"ReadAction","target":["https:\/\/www.scrigno.com\/es\/faq\/"]}]},{"@type":"BreadcrumbList","@id":"https:\/\/www.scrigno.com\/es\/faq\/#breadcrumb","itemListElement":[{"@type":"ListItem","position":1,"name":"Home","item":"https:\/\/www.scrigno.com\/es\/"},{"@type":"ListItem","position":2,"name":"Frequently asked questions"}]},{"@type":"WebSite","@id":"https:\/\/www.scrigno.com\/es\/#website","url":"https:\/\/www.scrigno.com\/es\/","name":"Scrigno","description":"","potentialAction":[{"@type":"SearchAction","target":{"@type":"EntryPoint","urlTemplate":"https:\/\/www.scrigno.com\/es\/?s={search_term_string}"},"query-input":{"@type":"PropertyValueSpecification","valueRequired":true,"valueName":"search_term_string"}}],"inLanguage":"es"}]}},"_links":{"self":[{"href":"https:\/\/www.scrigno.com\/es\/wp-json\/wp\/v2\/pages\/8146","targetHints":{"allow":["GET"]}}],"collection":[{"href":"https:\/\/www.scrigno.com\/es\/wp-json\/wp\/v2\/pages"}],"about":[{"href":"https:\/\/www.scrigno.com\/es\/wp-json\/wp\/v2\/types\/page"}],"author":[{"embeddable":true,"href":"https:\/\/www.scrigno.com\/es\/wp-json\/wp\/v2\/users\/1"}],"replies":[{"embeddable":true,"href":"https:\/\/www.scrigno.com\/es\/wp-json\/wp\/v2\/comments?post=8146"}],"version-history":[{"count":1,"href":"https:\/\/www.scrigno.com\/es\/wp-json\/wp\/v2\/pages\/8146\/revisions"}],"predecessor-version":[{"id":21037,"href":"https:\/\/www.scrigno.com\/es\/wp-json\/wp\/v2\/pages\/8146\/revisions\/21037"}],"wp:attachment":[{"href":"https:\/\/www.scrigno.com\/es\/wp-json\/wp\/v2\/media?parent=8146"}],"curies":[{"name":"wp","href":"https:\/\/api.w.org\/{rel}","templated":true}]}}