{"id":8170,"date":"2024-07-30T14:39:19","date_gmt":"2024-07-30T12:39:19","guid":{"rendered":"https:\/\/www.scrigno.com\/scrignolab\/"},"modified":"2024-09-06T10:42:13","modified_gmt":"2024-09-06T08:42:13","slug":"scrignolab","status":"publish","type":"page","link":"https:\/\/www.scrigno.com\/es\/scrignolab\/","title":{"rendered":"Scrignolab"},"content":{"rendered":"    <div class=\"content-block wrapper image-right\">\n            <div class=\"content-block__spacer\"><\/div>\n    <div class=\"content-block__column-text\">    <div class=\"content-block__text\">\n        <h3 class=\"content-block__text--title\">Scrigno Lab<\/h3>\n        <p class=\"content-block__text--content\">El 30 de junio de 2017, el Grupo Scrigno inaugur\u00f3 un\u00a0<strong>nuevo centro multifuncional<\/strong>\u00a0en su sede de Santarcangelo di Romagna, dedicado a la\u00a0<strong>exposici\u00f3n de productos<\/strong>,\u00a0<strong>formaci\u00f3n<\/strong>\u00a0y\u00a0<strong>eventos<\/strong>: Scrigno Lab.<br>Lab de laboratorio, una f\u00e1brica de ideas, un lugar donde compartir y crear nuevos proyectos, donde poder conocer la elaboraci\u00f3n, el montaje y las peculiaridades de los productos de la Empresa.<br><br>El edificio forma parte de una estrategia m\u00e1s amplia en la que el Grupo se compromete con una serie de inversiones, todas encaminadas a fortalecer su presencia en el mercado internacional y tambi\u00e9n a declarar su constante compromiso con la promoci\u00f3n del territorio y la comunidad local.<\/p>\n\n            \n    \n    <\/div><\/div>\n    <div class=\"content-block__column-image\">    <iframe\n        class=\"content-block__video-iframe\"\n        width=\"100%\"\n        src=\"https:\/\/www.youtube.com\/embed\/pSHi0YjW0RQ\"\n        title=\"YouTube video player\"\n        frameBorder=\"0\"\n        allow=\"accelerometer; autoplay; clipboard-write; encrypted-media; gyroscope; picture-in-picture; web-share\"\n        referrerPolicy=\"strict-origin-when-cross-origin\"\n        allowFullScreen>\n    <\/iframe><\/div>\n    <div class=\"content-block__spacer\"><\/div>\n    <\/div>\n\n    <div class=\"content-block wrapper image-left\">\n            \n    <div class=\"content-block__column-image large-image\">    <img decoding=\"async\" src=\"https:\/\/www.scrigno.com\/wp-content\/uploads\/2024\/07\/6.jpg\" class=\"content-block__image\"  alt=\"media_news\/6.jpg\" \/><\/div>\n    <div class=\"content-block__column-text\">    <div class=\"content-block__text\">\n        <h3 class=\"content-block__text--title\">El exterior<\/h3>\n        <p class=\"content-block__text--content\">En el exterior, los enrejados de aluminio en forma de arco retoman el dise\u00f1o redondeado de las cubiertas abovedadas de los edificios adyacentes, abrazando idealmente la nueva construcci\u00f3n e\u00a0<em>integr\u00e1ndose en armon\u00eda<\/em>\u00a0con el jard\u00edn desde el que una vegetaci\u00f3n trepadora los cubrir\u00e1 gradualmente, cambiando de color seg\u00fan las estaciones.<br><br>La explanada delantera se ha reemplazado para dar vida a un\u00a0<strong>jard\u00edn ondeante<\/strong>\u00a0que retoma las formas redondeadas de los edificios de la antigua f\u00e1brica, haciendo que el conjunto sea agradablemente armonioso.<br>Se llega a la entrada del Scrigno Lab cruzando el jard\u00edn y bordeando un largo corredor de agua.<br>El techo de la nueva estructura alberga un jard\u00edn en la azotea dedicado a la\u00a0<strong>convivencia<\/strong>\u00a0y los\u00a0<strong>eventos<\/strong>, desde el cual se puede disfrutar plenamente de la vista del jard\u00edn.<\/p>\n\n            \n    \n    <\/div><\/div>\n    <div class=\"content-block__spacer\"><\/div>\n    <\/div>\n\n    <div class=\"content-block wrapper image-right\">\n            <div class=\"content-block__spacer\"><\/div>\n    <div class=\"content-block__column-text\">    <div class=\"content-block__text\">\n        <h3 class=\"content-block__text--title\">El interior<\/h3>\n        <p class=\"content-block__text--content\">El interior consta de tres ambientes distribuidos en una superficie de 425 m2: en la entrada, hay una galer\u00eda que alberga las\u00a0<strong>\u00faltimas novedades<\/strong>\u00a0de la Casa y un \u00e1rea dedicada a\u00a0<strong>reuniones, conferencias y actividades formativas<\/strong>; un segundo espacio alberga\u00a0<strong>la exposici\u00f3n completa<\/strong>\u00a0de las diferentes gamas de productos; por \u00faltimo, pensado para el refrigerio y la convivencia, se abre un espacio (amueblado con una gran librer\u00eda y cuadros con la historia de la empresa plasmada en sus p\u00e1ginas publicitarias) que se puede equipar de diferentes formas, seg\u00fan los eventos.<br><br>En la galer\u00eda, los productos se presentan como verdaderas instalaciones de arte, en islas creadas con plataformas de madera, resina y piedra, delimitadas por fin\u00edsimas rejillas de hierro y colocadas en el centro para que el recorrido del visitante sea fluido y tenga una vista de 360\u00b0 del producto. M\u00e1s all\u00e1 de cada puerta expuesta, hay un lugar decorado que realza y completa la idea del producto, haciendo m\u00e1s emocional la visi\u00f3n general. A lo largo de la pared que conduce desde la entrada a la zona de formaci\u00f3n, las im\u00e1genes que representan los distintos procesos de producci\u00f3n est\u00e1n suspendidas en el aire, gracias a un sistema de cables de acero: maquinaria, brazos mec\u00e1nicos, bobinas de chapa, detalles particularmente evocadores.<br><br>Los premarcos lucen muy bien junto a los asientos de la zona de formaci\u00f3n, mostrando las im\u00e1genes reflejadas de las personas y el jard\u00edn en un juego de espejos.<\/p>\n\n            \n    \n    <\/div><\/div>\n    <div class=\"content-block__column-image large-image\">    <img decoding=\"async\" src=\"https:\/\/www.scrigno.com\/wp-content\/uploads\/2024\/07\/novita-esposizione-scrignolab.jpg\" class=\"content-block__image\"  alt=\"novita-esposizione-scrignolab\" \/><\/div>\n    \n    <\/div>\n\n\n<div class=\"wp-block-group wrapper is-layout-constrained wp-block-group-is-layout-constrained\">\n<div class=\"wp-block-group wrapped cols-w-6 is-vertical is-layout-flex wp-container-core-group-is-layout-8cf370e7 wp-block-group-is-layout-flex\">\n<figure class=\"wp-block-embed is-type-video is-provider-youtube wp-block-embed-youtube wp-embed-aspect-16-9 wp-has-aspect-ratio w-full\"><div class=\"wp-block-embed__wrapper\">\n<iframe loading=\"lazy\" title=\"ESSENTIAL\" width=\"500\" height=\"281\" src=\"https:\/\/www.youtube.com\/embed\/7Fuxqt5Ki6c?feature=oembed\" frameborder=\"0\" allow=\"accelerometer; autoplay; clipboard-write; encrypted-media; gyroscope; picture-in-picture; web-share\" referrerpolicy=\"strict-origin-when-cross-origin\" allowfullscreen><\/iframe>\n<\/div><\/figure>\n<\/div>\n\n\n\n<div class=\"wp-block-group wrapped cols-w-6 is-vertical is-layout-flex wp-container-core-group-is-layout-8cf370e7 wp-block-group-is-layout-flex\">\n<figure class=\"wp-block-embed is-type-video is-provider-youtube wp-block-embed-youtube wp-embed-aspect-16-9 wp-has-aspect-ratio w-full\"><div class=\"wp-block-embed__wrapper\">\n<iframe loading=\"lazy\" title=\"GOLD\" width=\"500\" height=\"281\" src=\"https:\/\/www.youtube.com\/embed\/gB3LSp3n41E?feature=oembed\" frameborder=\"0\" allow=\"accelerometer; autoplay; clipboard-write; encrypted-media; gyroscope; picture-in-picture; web-share\" referrerpolicy=\"strict-origin-when-cross-origin\" allowfullscreen><\/iframe>\n<\/div><\/figure>\n<\/div>\n<\/div>\n","protected":false},"excerpt":{"rendered":"","protected":false},"author":4,"featured_media":0,"parent":0,"menu_order":0,"comment_status":"closed","ping_status":"closed","template":"","meta":{"_acf_changed":false,"footnotes":""},"class_list":["post-8170","page","type-page","status-publish","hentry"],"acf":[],"yoast_head":"<!-- This site is optimized with the Yoast SEO plugin v27.1.1 - https:\/\/yoast.com\/product\/yoast-seo-wordpress\/ -->\n<title>Scrignolab - Scrigno<\/title>\n<meta name=\"robots\" content=\"index, follow, max-snippet:-1, max-image-preview:large, max-video-preview:-1\" \/>\n<link rel=\"canonical\" href=\"https:\/\/www.scrigno.com\/es\/scrignolab\/\" \/>\n<meta property=\"og:locale\" content=\"es_ES\" \/>\n<meta property=\"og:type\" content=\"article\" \/>\n<meta property=\"og:title\" content=\"Scrignolab - Scrigno\" \/>\n<meta property=\"og:url\" content=\"https:\/\/www.scrigno.com\/es\/scrignolab\/\" \/>\n<meta property=\"og:site_name\" content=\"Scrigno\" \/>\n<meta property=\"article:modified_time\" content=\"2024-09-06T08:42:13+00:00\" \/>\n<meta name=\"twitter:card\" content=\"summary_large_image\" \/>\n<meta name=\"twitter:label1\" content=\"Tiempo de lectura\" \/>\n\t<meta name=\"twitter:data1\" content=\"1 minuto\" \/>\n<script type=\"application\/ld+json\" class=\"yoast-schema-graph\">{\"@context\":\"https:\/\/schema.org\",\"@graph\":[{\"@type\":\"WebPage\",\"@id\":\"https:\/\/www.scrigno.com\/es\/scrignolab\/\",\"url\":\"https:\/\/www.scrigno.com\/es\/scrignolab\/\",\"name\":\"Scrignolab - Scrigno\",\"isPartOf\":{\"@id\":\"https:\/\/www.scrigno.com\/es\/#website\"},\"datePublished\":\"2024-07-30T12:39:19+00:00\",\"dateModified\":\"2024-09-06T08:42:13+00:00\",\"breadcrumb\":{\"@id\":\"https:\/\/www.scrigno.com\/es\/scrignolab\/#breadcrumb\"},\"inLanguage\":\"es\",\"potentialAction\":[{\"@type\":\"ReadAction\",\"target\":[\"https:\/\/www.scrigno.com\/es\/scrignolab\/\"]}]},{\"@type\":\"BreadcrumbList\",\"@id\":\"https:\/\/www.scrigno.com\/es\/scrignolab\/#breadcrumb\",\"itemListElement\":[{\"@type\":\"ListItem\",\"position\":1,\"name\":\"Home\",\"item\":\"https:\/\/www.scrigno.com\/es\/\"},{\"@type\":\"ListItem\",\"position\":2,\"name\":\"Scrignolab\"}]},{\"@type\":\"WebSite\",\"@id\":\"https:\/\/www.scrigno.com\/es\/#website\",\"url\":\"https:\/\/www.scrigno.com\/es\/\",\"name\":\"Scrigno\",\"description\":\"\",\"potentialAction\":[{\"@type\":\"SearchAction\",\"target\":{\"@type\":\"EntryPoint\",\"urlTemplate\":\"https:\/\/www.scrigno.com\/es\/?s={search_term_string}\"},\"query-input\":{\"@type\":\"PropertyValueSpecification\",\"valueRequired\":true,\"valueName\":\"search_term_string\"}}],\"inLanguage\":\"es\"}]}<\/script>\n<!-- \/ Yoast SEO plugin. -->","yoast_head_json":{"title":"Scrignolab - Scrigno","robots":{"index":"index","follow":"follow","max-snippet":"max-snippet:-1","max-image-preview":"max-image-preview:large","max-video-preview":"max-video-preview:-1"},"canonical":"https:\/\/www.scrigno.com\/es\/scrignolab\/","og_locale":"es_ES","og_type":"article","og_title":"Scrignolab - Scrigno","og_url":"https:\/\/www.scrigno.com\/es\/scrignolab\/","og_site_name":"Scrigno","article_modified_time":"2024-09-06T08:42:13+00:00","twitter_card":"summary_large_image","twitter_misc":{"Tiempo de lectura":"1 minuto"},"schema":{"@context":"https:\/\/schema.org","@graph":[{"@type":"WebPage","@id":"https:\/\/www.scrigno.com\/es\/scrignolab\/","url":"https:\/\/www.scrigno.com\/es\/scrignolab\/","name":"Scrignolab - Scrigno","isPartOf":{"@id":"https:\/\/www.scrigno.com\/es\/#website"},"datePublished":"2024-07-30T12:39:19+00:00","dateModified":"2024-09-06T08:42:13+00:00","breadcrumb":{"@id":"https:\/\/www.scrigno.com\/es\/scrignolab\/#breadcrumb"},"inLanguage":"es","potentialAction":[{"@type":"ReadAction","target":["https:\/\/www.scrigno.com\/es\/scrignolab\/"]}]},{"@type":"BreadcrumbList","@id":"https:\/\/www.scrigno.com\/es\/scrignolab\/#breadcrumb","itemListElement":[{"@type":"ListItem","position":1,"name":"Home","item":"https:\/\/www.scrigno.com\/es\/"},{"@type":"ListItem","position":2,"name":"Scrignolab"}]},{"@type":"WebSite","@id":"https:\/\/www.scrigno.com\/es\/#website","url":"https:\/\/www.scrigno.com\/es\/","name":"Scrigno","description":"","potentialAction":[{"@type":"SearchAction","target":{"@type":"EntryPoint","urlTemplate":"https:\/\/www.scrigno.com\/es\/?s={search_term_string}"},"query-input":{"@type":"PropertyValueSpecification","valueRequired":true,"valueName":"search_term_string"}}],"inLanguage":"es"}]}},"_links":{"self":[{"href":"https:\/\/www.scrigno.com\/es\/wp-json\/wp\/v2\/pages\/8170","targetHints":{"allow":["GET"]}}],"collection":[{"href":"https:\/\/www.scrigno.com\/es\/wp-json\/wp\/v2\/pages"}],"about":[{"href":"https:\/\/www.scrigno.com\/es\/wp-json\/wp\/v2\/types\/page"}],"author":[{"embeddable":true,"href":"https:\/\/www.scrigno.com\/es\/wp-json\/wp\/v2\/users\/4"}],"replies":[{"embeddable":true,"href":"https:\/\/www.scrigno.com\/es\/wp-json\/wp\/v2\/comments?post=8170"}],"version-history":[{"count":0,"href":"https:\/\/www.scrigno.com\/es\/wp-json\/wp\/v2\/pages\/8170\/revisions"}],"wp:attachment":[{"href":"https:\/\/www.scrigno.com\/es\/wp-json\/wp\/v2\/media?parent=8170"}],"curies":[{"name":"wp","href":"https:\/\/api.w.org\/{rel}","templated":true}]}}