{"id":8179,"date":"2024-08-01T15:28:29","date_gmt":"2024-08-01T13:28:29","guid":{"rendered":"https:\/\/www.scrigno.com\/compliance\/"},"modified":"2024-10-08T15:06:41","modified_gmt":"2024-10-08T13:06:41","slug":"compliance","status":"publish","type":"page","link":"https:\/\/www.scrigno.com\/es\/compliance\/","title":{"rendered":"Cumplimiento normativo"},"content":{"rendered":"    <div class=\"content-block wrapper text-only\">\n            \n    <div class=\"wrapped cols-8\">    <div class=\"content-block__text\">\n        \n        <p class=\"content-block__text--content\">Un \u00e9xito tan duradero como el que ha obtenido el Grupo Scrigno solo se consigue actuando de forma \u00e9tica, justa y responsable, y respetando las leyes de todos los pa\u00edses en los que opera. Esto significa que el Grupo se esfuerza en difundir y consolidar una cultura de la seguridad, desarrollando la toma de conciencia de los riesgos y fomentando comportamientos responsables por parte de todos los colaboradores. Asimismo, el Grupo reconoce la salud y la seguridad en el trabajo como derechos fundamentales de los trabajadores; propone mantener e incentivar un ambiente de trabajo positivo en el que cada persona pueda desarrollar y ampliar sus habilidades y competencias, y basa la relaci\u00f3n con sus empleados y colaboradores en principios como la lealtad y la confianza. Por \u00faltimo, apoya la salvaguardia de los derechos humanos fundamentales y el respeto de todos los individuos, garantizando un trato igualitario y evitando cualquier forma de discriminaci\u00f3n.<\/p>\n\n            <div class=\"file-list\">\n        <div class=\"file-list__table\">\n            <a target=\"_blank\" class=\"file-list__row\" href=https:\/\/www.scrigno.com\/wp-content\/uploads\/2024\/09\/Organisation-Management-and-Control-Model-pursuant-to-Legislative-Decree-2312001.pdf>\n    <div class=\"file-list__row--title\">Organisation, Management and Control Model pursuant to Legislative Decree 2312001<\/div>\n    <div class=\"file-list__row--type\">pdf<\/div>\n<\/a><a target=\"_blank\" class=\"file-list__row\" href=https:\/\/www.scrigno.com\/wp-content\/uploads\/2024\/09\/Scrigno-spa-Code-of-Ethics.pdf>\n    <div class=\"file-list__row--title\">Scrigno spa Code of Ethics<\/div>\n    <div class=\"file-list__row--type\">pdf<\/div>\n<\/a>\n        <\/div>\n    <\/div>\n    <\/div><\/div>\n    \n    \n    <\/div>\n\n\n<p><\/p>\n","protected":false},"excerpt":{"rendered":"","protected":false},"author":4,"featured_media":0,"parent":0,"menu_order":0,"comment_status":"closed","ping_status":"closed","template":"","meta":{"_acf_changed":false,"footnotes":""},"class_list":["post-8179","page","type-page","status-publish","hentry"],"acf":[],"yoast_head":"<!-- This site is optimized with the Yoast SEO plugin v27.1.1 - https:\/\/yoast.com\/product\/yoast-seo-wordpress\/ -->\n<title>Cumplimiento normativo - Scrigno<\/title>\n<meta name=\"robots\" content=\"index, follow, max-snippet:-1, max-image-preview:large, max-video-preview:-1\" \/>\n<link rel=\"canonical\" href=\"https:\/\/www.scrigno.com\/es\/compliance\/\" \/>\n<meta property=\"og:locale\" content=\"es_ES\" \/>\n<meta property=\"og:type\" content=\"article\" \/>\n<meta property=\"og:title\" content=\"Cumplimiento normativo - Scrigno\" \/>\n<meta property=\"og:url\" content=\"https:\/\/www.scrigno.com\/es\/compliance\/\" \/>\n<meta property=\"og:site_name\" content=\"Scrigno\" \/>\n<meta property=\"article:modified_time\" content=\"2024-10-08T13:06:41+00:00\" \/>\n<meta name=\"twitter:card\" content=\"summary_large_image\" \/>\n<script type=\"application\/ld+json\" class=\"yoast-schema-graph\">{\"@context\":\"https:\/\/schema.org\",\"@graph\":[{\"@type\":\"WebPage\",\"@id\":\"https:\/\/www.scrigno.com\/es\/compliance\/\",\"url\":\"https:\/\/www.scrigno.com\/es\/compliance\/\",\"name\":\"Cumplimiento normativo - Scrigno\",\"isPartOf\":{\"@id\":\"https:\/\/www.scrigno.com\/es\/#website\"},\"datePublished\":\"2024-08-01T13:28:29+00:00\",\"dateModified\":\"2024-10-08T13:06:41+00:00\",\"breadcrumb\":{\"@id\":\"https:\/\/www.scrigno.com\/es\/compliance\/#breadcrumb\"},\"inLanguage\":\"es\",\"potentialAction\":[{\"@type\":\"ReadAction\",\"target\":[\"https:\/\/www.scrigno.com\/es\/compliance\/\"]}]},{\"@type\":\"BreadcrumbList\",\"@id\":\"https:\/\/www.scrigno.com\/es\/compliance\/#breadcrumb\",\"itemListElement\":[{\"@type\":\"ListItem\",\"position\":1,\"name\":\"Home\",\"item\":\"https:\/\/www.scrigno.com\/es\/\"},{\"@type\":\"ListItem\",\"position\":2,\"name\":\"Cumplimiento normativo\"}]},{\"@type\":\"WebSite\",\"@id\":\"https:\/\/www.scrigno.com\/es\/#website\",\"url\":\"https:\/\/www.scrigno.com\/es\/\",\"name\":\"Scrigno\",\"description\":\"\",\"potentialAction\":[{\"@type\":\"SearchAction\",\"target\":{\"@type\":\"EntryPoint\",\"urlTemplate\":\"https:\/\/www.scrigno.com\/es\/?s={search_term_string}\"},\"query-input\":{\"@type\":\"PropertyValueSpecification\",\"valueRequired\":true,\"valueName\":\"search_term_string\"}}],\"inLanguage\":\"es\"}]}<\/script>\n<!-- \/ Yoast SEO plugin. -->","yoast_head_json":{"title":"Cumplimiento normativo - Scrigno","robots":{"index":"index","follow":"follow","max-snippet":"max-snippet:-1","max-image-preview":"max-image-preview:large","max-video-preview":"max-video-preview:-1"},"canonical":"https:\/\/www.scrigno.com\/es\/compliance\/","og_locale":"es_ES","og_type":"article","og_title":"Cumplimiento normativo - Scrigno","og_url":"https:\/\/www.scrigno.com\/es\/compliance\/","og_site_name":"Scrigno","article_modified_time":"2024-10-08T13:06:41+00:00","twitter_card":"summary_large_image","schema":{"@context":"https:\/\/schema.org","@graph":[{"@type":"WebPage","@id":"https:\/\/www.scrigno.com\/es\/compliance\/","url":"https:\/\/www.scrigno.com\/es\/compliance\/","name":"Cumplimiento normativo - Scrigno","isPartOf":{"@id":"https:\/\/www.scrigno.com\/es\/#website"},"datePublished":"2024-08-01T13:28:29+00:00","dateModified":"2024-10-08T13:06:41+00:00","breadcrumb":{"@id":"https:\/\/www.scrigno.com\/es\/compliance\/#breadcrumb"},"inLanguage":"es","potentialAction":[{"@type":"ReadAction","target":["https:\/\/www.scrigno.com\/es\/compliance\/"]}]},{"@type":"BreadcrumbList","@id":"https:\/\/www.scrigno.com\/es\/compliance\/#breadcrumb","itemListElement":[{"@type":"ListItem","position":1,"name":"Home","item":"https:\/\/www.scrigno.com\/es\/"},{"@type":"ListItem","position":2,"name":"Cumplimiento normativo"}]},{"@type":"WebSite","@id":"https:\/\/www.scrigno.com\/es\/#website","url":"https:\/\/www.scrigno.com\/es\/","name":"Scrigno","description":"","potentialAction":[{"@type":"SearchAction","target":{"@type":"EntryPoint","urlTemplate":"https:\/\/www.scrigno.com\/es\/?s={search_term_string}"},"query-input":{"@type":"PropertyValueSpecification","valueRequired":true,"valueName":"search_term_string"}}],"inLanguage":"es"}]}},"_links":{"self":[{"href":"https:\/\/www.scrigno.com\/es\/wp-json\/wp\/v2\/pages\/8179","targetHints":{"allow":["GET"]}}],"collection":[{"href":"https:\/\/www.scrigno.com\/es\/wp-json\/wp\/v2\/pages"}],"about":[{"href":"https:\/\/www.scrigno.com\/es\/wp-json\/wp\/v2\/types\/page"}],"author":[{"embeddable":true,"href":"https:\/\/www.scrigno.com\/es\/wp-json\/wp\/v2\/users\/4"}],"replies":[{"embeddable":true,"href":"https:\/\/www.scrigno.com\/es\/wp-json\/wp\/v2\/comments?post=8179"}],"version-history":[{"count":0,"href":"https:\/\/www.scrigno.com\/es\/wp-json\/wp\/v2\/pages\/8179\/revisions"}],"wp:attachment":[{"href":"https:\/\/www.scrigno.com\/es\/wp-json\/wp\/v2\/media?parent=8179"}],"curies":[{"name":"wp","href":"https:\/\/api.w.org\/{rel}","templated":true}]}}