{"id":8197,"date":"2024-09-02T15:26:04","date_gmt":"2024-09-02T13:26:04","guid":{"rendered":"https:\/\/www.scrigno.com\/porte-scorrevoli\/"},"modified":"2025-06-19T12:39:11","modified_gmt":"2025-06-19T10:39:11","slug":"puerta-corredera","status":"publish","type":"page","link":"https:\/\/www.scrigno.com\/es\/puerta-corredera\/","title":{"rendered":"Puerta corredera"},"content":{"rendered":"\n<div class=\"wp-block-scrignocom-scrigno-com-block-sub-hero sub-hero\"><div class=\"sub-hero__container wrapper\"><div class=\"sub-hero__image wrapped cols-w-8\"><img decoding=\"async\" loading=\"lazy\" src=\"https:\/\/www.scrigno.com\/wp-content\/uploads\/2024\/10\/scorrevole_3-scaled.jpg\"\/><\/div><div class=\"sub-hero__content wrapped cols-w-3\"><h2 class=\"sub-hero__title\">Sistema de apertura Corredera<\/h2><p class=\"sub-hero__subtitle subtitle1\"><\/p><p class=\"sub-hero__text Body1\">Los sistemas de apertura corredera son soluciones vers\u00e1tiles y sofisticadas que combinan un premarco con una puerta corredera.<br><br>Disponibles tanto en versi\u00f3n enrasada como con jamba, estos sistemas est\u00e1n dise\u00f1ados para adaptarse a requisitos de dise\u00f1o espec\u00edficos.<br><br>La gama incluye soluciones de puertas correderas de madera, vidrio y especiales, y ofrece una amplia variedad de materiales y acabados que se adaptan a cualquier estilo y funcionalidad.<\/p><div class=\"sub-hero__ctas\"><a href=\"https:\/\/www.scrigno.com\/es\/categoria\/puertas-correderas\/\" class=\"sub-hero__cta cta\">Descubre todas las puertas correderas<span class=\"ico icon icon-ico-arrow-right\"><\/span><\/a><\/div><\/div><\/div><\/div>\n\n\n    <div class=\"content-block wrapper image-right\">\n            <div class=\"content-block__spacer\"><\/div>\n    <div class=\"content-block__column-text\">    <div class=\"content-block__text\">\n        <h3 class=\"content-block__text--title\">Marcos para puertas correderas<\/h3>\n        <p class=\"content-block__text--content\">La amplia gama de contramarcos de Scrigno garantiza la m\u00e1xima versatilidad de dise\u00f1o para clientes y profesionales, permiti\u00e9ndole encontrar siempre lo que desea sin hacer concesiones.<br><br>Disponibles en las l\u00edneas Platinum y Tech, estas soluciones son extremadamente duraderas y ofrecen un rendimiento superior, hasta el punto de que las pruebas de rigidez de la boca las han reconocido como las m\u00e1s resistentes del mercado.<br><br>Todos los contramarcos son el resultado de numerosos estudios e investigaciones tecnol\u00f3gicas que los han hecho \u00fanicos: ofrecen un nivel de suavidad y silencio sin igual para crear h\u00e1bitats armoniosos y confortables, y destacan por su gran facilidad de instalaci\u00f3n.<\/p>\n\n            \n    \n    <\/div><\/div>\n    <div class=\"content-block__column-image large-image\">    <img decoding=\"async\" src=\"https:\/\/www.scrigno.com\/wp-content\/uploads\/2024\/07\/porta_scorrevole-controtelai_scrigno.jpg\" class=\"content-block__image\" \/><\/div>\n    \n    <\/div>\n\n        <div class=\"banner banner--warranty banner--surface\">\n            <div class=\"banner__container\">\n                <div class=\"banner__content\">\n                    <div class=\"banner__title-wrapper\">\n                        <span class=\"banner__title-icon icon icon-ico-award\"><\/span>\n                        <h3 class=\"banner__title\">Garant\u00eda del producto<\/h3>\n                    <\/div>\n                    <p class=\"banner__text\">Las puertas correderas Scrigno siempre han sido reconocidas como l\u00edderes en el sector y en constante evoluci\u00f3n, tanto en t\u00e9rminos de dise\u00f1o como de resistencia y durabilidad en el tiempo. Las pruebas realizadas en institutos acreditados certifican y confirman la superioridad de las puertas correderas Scrigno frente a las principales soluciones competidoras del mercado, en t\u00e9rminos de: durabilidad, robustez y capacidad de carga; accesibilidad, ligereza y suavidad; facilidad de instalaci\u00f3n y sostenibilidad de la producci\u00f3n. <\/p>\n                <\/div>\n            <\/div>\n        <\/div>\n\n\n<div class=\"wp-block-scrignocom-scrigno-com-block-products-explorer section products__explorer\"><div class=\"products__explorer-wrapper wrapper\"><div class=\"section__header wrapped\"><div class=\"section__header--text\"><h2 class=\"section__title\">Materiales y funcionalidad para cada necesidad<\/h2><p class=\"section__subtitle\">Una selecci\u00f3n de puertas correderas, disponibles tanto en elegantes versiones empotradas en la pared como con jambas. La variedad de materiales incluye opciones en madera y vidrio, perfectas para agregar calidez y transparencia a los espacios. Para necesidades de seguridad y confort, tambi\u00e9n ofrecemos soluciones especiales como puertas correderas con aislamiento ac\u00fastico y resistencia al fuego, garantizando una combinaci\u00f3n de estilo y funcionalidad para cualquier tipo de ambiente.<br><a href=\"https:\/\/www.scrigno.com\/IT\/it\/porte-scrigno\/porte-battenti-in-legno\"><\/a><\/p><\/div><\/div><div class=\"card__row splide\"><div class=\"splide__track\"><div class=\"splide__list\">    <a href=\"https:\/\/www.scrigno.com\/es\/categoria\/puertas-correderas-de-madera\/\" target=\"\" rel=\"\" class=\"card products__explorer--card splide__slide\">\n        <div class=\"card__img\" style=\"background-image: url('https:\/\/www.scrigno.com\/wp-content\/uploads\/2024\/07\/porta_scorrevole-in-legno_scrigno.jpg')\"><\/div>\n\n        <div class=\"card__content\">\n            <div class=\"card__text\">\n                <h3 class=\"card__title\">Madera<\/h3>\n                <p class=\"card__description card__description--long\">Las puertas correderas lacadas y laminadas son una opci\u00f3n ideal tanto para ambientes modernos como cl\u00e1sicos.<\/p>\n            <\/div>\n            <div class=\"cta card__cta text-primary\">\n                <span class=\"card__cta--text\">Mostrar productos<\/span> <span class=\"ico icon icon-ico-arrow-right\"><\/span>\n            <\/div>\n        <\/div>\n    <\/a>\n\n    <a href=\"https:\/\/www.scrigno.com\/es\/categoria\/puertas-correderas-de-vidrio\/\" target=\"\" rel=\"\" class=\"card products__explorer--card splide__slide\">\n        <div class=\"card__img\" style=\"background-image: url('https:\/\/www.scrigno.com\/wp-content\/uploads\/2024\/07\/porta_scorrevole-in-vetro_scrigno.jpg')\"><\/div>\n\n        <div class=\"card__content\">\n            <div class=\"card__text\">\n                <h3 class=\"card__title\">Vidrio<\/h3>\n                <p class=\"card__description card__description--long\">Las puertas correderas de vidrio enriquecen cualquier tipo de ambiente, adapt\u00e1ndose a diversos estilos. Las opciones de acabado abarcan una amplia paleta de tonalidades seleccionables, permitiendo una personalizaci\u00f3n seg\u00fan las preferencias est\u00e9ticas y el dise\u00f1o del espacio.<\/p>\n            <\/div>\n            <div class=\"cta card__cta text-primary\">\n                <span class=\"card__cta--text\">Mostrar productos<\/span> <span class=\"ico icon icon-ico-arrow-right\"><\/span>\n            <\/div>\n        <\/div>\n    <\/a>\n\n    <a href=\"https:\/\/www.scrigno.com\/es\/categoria\/puertas-correderas-especiales\/\" target=\"\" rel=\"\" class=\"card products__explorer--card splide__slide\">\n        <div class=\"card__img\" style=\"background-image: url('https:\/\/www.scrigno.com\/wp-content\/uploads\/2024\/07\/porta_scorrevole-tecniche_scrigno.jpg')\"><\/div>\n\n        <div class=\"card__content\">\n            <div class=\"card__text\">\n                <h3 class=\"card__title\">Especiales<\/h3>\n                <p class=\"card__description card__description--long\">Los sistemas correderos con jambas y enrasados con la pared ofrecen prestaciones certificadas tanto en aislamiento ac\u00fastico como en resistencia al fuego.<\/p>\n            <\/div>\n            <div class=\"cta card__cta text-primary\">\n                <span class=\"card__cta--text\">Mostrar productos<\/span> <span class=\"ico icon icon-ico-arrow-right\"><\/span>\n            <\/div>\n        <\/div>\n    <\/a><\/div><\/div><\/div><div class=\"section__footer\"><\/div><\/div><\/div>\n\n\n\n<div class=\"wp-block-scrignocom-scrigno-com-block-related-categories related-categories wrapper\"><div class=\"section__header wrapped cols-w-5 offset-l-1\"><div class=\"section__header--text\"><h2 class=\"section__title\">Tipos de puertas correderas<\/h2><p class=\"section__subtitle\">Nuestra selecci\u00f3n de puertas correderas, disponibles con jambas o instaladas empotradas en la pared, ofrece soluciones vers\u00e1tiles para cada entorno. Desde puertas de madera tradicionales hasta elegantes puertas de vidrio, encontrar\u00e1s la combinaci\u00f3n perfecta de estilo y funcionalidad para satisfacer tus necesidades. Adem\u00e1s, ofrecemos opciones especiales como puertas correderas con aislamiento ac\u00fastico y resistencia al fuego para garantizar seguridad y confort en cada situaci\u00f3n.<br><a href=\"https:\/\/www.scrigno.com\/es\/categoria\/puertas-correderas\/?tipology=55\"><\/a><\/p><\/div><\/div><div class=\"box__list wrapped\">    <div class=\"box related-box half\">\n        <a href=\"https:\/\/www.scrigno.com\/es\/categoria\/puertas-correderas-empotrada\/\"\n            target=\"\"\n            rel=\"\"\n            class=\"box__container\">\n            <div class=\"box__img\" style=\"background-image:url('https:\/\/www.scrigno.com\/wp-content\/uploads\/2024\/07\/related_1.jpeg')\"><\/div>\n\n            <div class=\"box__content\">\n                <div class=\"box__title\">Puertas correderas enrasadas<\/div>\n                <div class=\"box__description\"><\/div>\n                    <span class=\"cta text-primary\">\n        Descubra m\u00e1s <span class=\"ico icon icon-ico-arrow-right\"><\/span>\n    <\/span>\n            <\/div>\n        <\/a>\n    <\/div>\n\n    <div class=\"box related-box half\">\n        <a href=\"https:\/\/www.scrigno.com\/es\/categoria\/puertas-correderas\/?tipology=doorposts\"\n            target=\"\"\n            rel=\"\"\n            class=\"box__container\">\n            <div class=\"box__img\" style=\"background-image:url('https:\/\/www.scrigno.com\/wp-content\/uploads\/2024\/07\/related_2.jpeg')\"><\/div>\n\n            <div class=\"box__content\">\n                <div class=\"box__title\">Puertas correderas con jambas<\/div>\n                <div class=\"box__description\"><\/div>\n                    <span class=\"cta text-primary\">\n        Descubra m\u00e1s <span class=\"ico icon icon-ico-arrow-right\"><\/span>\n    <\/span>\n            <\/div>\n        <\/a>\n    <\/div><\/div><\/div>\n\n\n    <div class=\"banner-architects\">\n        <div title=\"ENCUENTRA PUNTOS DE VENTA Y AGENTES\" class=\"banner-architects__image\">\n            <img decoding=\"async\" src=\"https:\/\/www.scrigno.com\/wp-content\/uploads\/2025\/06\/Banner_Architetti_v2-15.jpg\" \/>\n        <\/div>\n        <div class=\"banner-architects__text-box\">\n            <h4 class=\"banner-architects__title\">ENCUENTRA PUNTOS DE VENTA Y AGENTES<\/h4>\n            \n            <a href=\"#\" class=\"cta\">\n                Descubra m\u00e1s\n                <span class=\"ico icon icon-ico-arrow-right\"><\/span>\n            <\/a>\n        <\/div>\n    <\/div>\n\n\n<div class=\"wp-block-group wrapper is-layout-constrained wp-block-group-is-layout-constrained\">\n<h3 class=\"wp-block-heading wrapped cols-10 section__title\">Cont\u00e1ctenos<\/h3>\n\n\n    <div class=\"_form_133 wrapped cols-10 \"><\/div>\n    <script src=\"https:\/\/scrignogroup.activehosted.com\/f\/embed.php?id=133\" charset=\"utf-8\" data-cookieconsent=\"ignore\"><\/script><\/div>\n","protected":false},"excerpt":{"rendered":"<p>Cont\u00e1ctenos<\/p>\n","protected":false},"author":1,"featured_media":0,"parent":0,"menu_order":0,"comment_status":"closed","ping_status":"closed","template":"","meta":{"_acf_changed":false,"footnotes":""},"class_list":["post-8197","page","type-page","status-publish","hentry"],"acf":[],"yoast_head":"<!-- This site is optimized with the Yoast SEO plugin v27.1.1 - https:\/\/yoast.com\/product\/yoast-seo-wordpress\/ -->\n<title>Puerta corredera - Scrigno<\/title>\n<meta name=\"robots\" content=\"index, follow, max-snippet:-1, max-image-preview:large, max-video-preview:-1\" \/>\n<link rel=\"canonical\" href=\"https:\/\/www.scrigno.com\/es\/puerta-corredera\/\" \/>\n<meta property=\"og:locale\" content=\"es_ES\" \/>\n<meta property=\"og:type\" content=\"article\" \/>\n<meta property=\"og:title\" content=\"Puerta corredera - Scrigno\" \/>\n<meta property=\"og:description\" content=\"Cont\u00e1ctenos\" \/>\n<meta property=\"og:url\" content=\"https:\/\/www.scrigno.com\/es\/puerta-corredera\/\" \/>\n<meta property=\"og:site_name\" content=\"Scrigno\" \/>\n<meta property=\"article:modified_time\" content=\"2025-06-19T10:39:11+00:00\" \/>\n<meta property=\"og:image\" content=\"https:\/\/www.scrigno.com\/wp-content\/uploads\/2024\/10\/scorrevole_3-scaled.jpg\" \/>\n<meta name=\"twitter:card\" content=\"summary_large_image\" \/>\n<meta name=\"twitter:label1\" content=\"Tiempo de lectura\" \/>\n\t<meta name=\"twitter:data1\" content=\"2 minutos\" \/>\n<script type=\"application\/ld+json\" class=\"yoast-schema-graph\">{\"@context\":\"https:\/\/schema.org\",\"@graph\":[{\"@type\":\"WebPage\",\"@id\":\"https:\/\/www.scrigno.com\/es\/puerta-corredera\/\",\"url\":\"https:\/\/www.scrigno.com\/es\/puerta-corredera\/\",\"name\":\"Puerta corredera - Scrigno\",\"isPartOf\":{\"@id\":\"https:\/\/www.scrigno.com\/es\/#website\"},\"primaryImageOfPage\":{\"@id\":\"https:\/\/www.scrigno.com\/es\/puerta-corredera\/#primaryimage\"},\"image\":{\"@id\":\"https:\/\/www.scrigno.com\/es\/puerta-corredera\/#primaryimage\"},\"thumbnailUrl\":\"https:\/\/www.scrigno.com\/wp-content\/uploads\/2024\/10\/scorrevole_3-scaled.jpg\",\"datePublished\":\"2024-09-02T13:26:04+00:00\",\"dateModified\":\"2025-06-19T10:39:11+00:00\",\"breadcrumb\":{\"@id\":\"https:\/\/www.scrigno.com\/es\/puerta-corredera\/#breadcrumb\"},\"inLanguage\":\"es\",\"potentialAction\":[{\"@type\":\"ReadAction\",\"target\":[\"https:\/\/www.scrigno.com\/es\/puerta-corredera\/\"]}]},{\"@type\":\"ImageObject\",\"inLanguage\":\"es\",\"@id\":\"https:\/\/www.scrigno.com\/es\/puerta-corredera\/#primaryimage\",\"url\":\"https:\/\/www.scrigno.com\/wp-content\/uploads\/2024\/10\/scorrevole_3-scaled.jpg\",\"contentUrl\":\"https:\/\/www.scrigno.com\/wp-content\/uploads\/2024\/10\/scorrevole_3-scaled.jpg\"},{\"@type\":\"BreadcrumbList\",\"@id\":\"https:\/\/www.scrigno.com\/es\/puerta-corredera\/#breadcrumb\",\"itemListElement\":[{\"@type\":\"ListItem\",\"position\":1,\"name\":\"Home\",\"item\":\"https:\/\/www.scrigno.com\/es\/\"},{\"@type\":\"ListItem\",\"position\":2,\"name\":\"Puerta corredera\"}]},{\"@type\":\"WebSite\",\"@id\":\"https:\/\/www.scrigno.com\/es\/#website\",\"url\":\"https:\/\/www.scrigno.com\/es\/\",\"name\":\"Scrigno\",\"description\":\"\",\"potentialAction\":[{\"@type\":\"SearchAction\",\"target\":{\"@type\":\"EntryPoint\",\"urlTemplate\":\"https:\/\/www.scrigno.com\/es\/?s={search_term_string}\"},\"query-input\":{\"@type\":\"PropertyValueSpecification\",\"valueRequired\":true,\"valueName\":\"search_term_string\"}}],\"inLanguage\":\"es\"}]}<\/script>\n<!-- \/ Yoast SEO plugin. -->","yoast_head_json":{"title":"Puerta corredera - Scrigno","robots":{"index":"index","follow":"follow","max-snippet":"max-snippet:-1","max-image-preview":"max-image-preview:large","max-video-preview":"max-video-preview:-1"},"canonical":"https:\/\/www.scrigno.com\/es\/puerta-corredera\/","og_locale":"es_ES","og_type":"article","og_title":"Puerta corredera - Scrigno","og_description":"Cont\u00e1ctenos","og_url":"https:\/\/www.scrigno.com\/es\/puerta-corredera\/","og_site_name":"Scrigno","article_modified_time":"2025-06-19T10:39:11+00:00","og_image":[{"url":"https:\/\/www.scrigno.com\/wp-content\/uploads\/2024\/10\/scorrevole_3-scaled.jpg","type":"","width":"","height":""}],"twitter_card":"summary_large_image","twitter_misc":{"Tiempo de lectura":"2 minutos"},"schema":{"@context":"https:\/\/schema.org","@graph":[{"@type":"WebPage","@id":"https:\/\/www.scrigno.com\/es\/puerta-corredera\/","url":"https:\/\/www.scrigno.com\/es\/puerta-corredera\/","name":"Puerta corredera - Scrigno","isPartOf":{"@id":"https:\/\/www.scrigno.com\/es\/#website"},"primaryImageOfPage":{"@id":"https:\/\/www.scrigno.com\/es\/puerta-corredera\/#primaryimage"},"image":{"@id":"https:\/\/www.scrigno.com\/es\/puerta-corredera\/#primaryimage"},"thumbnailUrl":"https:\/\/www.scrigno.com\/wp-content\/uploads\/2024\/10\/scorrevole_3-scaled.jpg","datePublished":"2024-09-02T13:26:04+00:00","dateModified":"2025-06-19T10:39:11+00:00","breadcrumb":{"@id":"https:\/\/www.scrigno.com\/es\/puerta-corredera\/#breadcrumb"},"inLanguage":"es","potentialAction":[{"@type":"ReadAction","target":["https:\/\/www.scrigno.com\/es\/puerta-corredera\/"]}]},{"@type":"ImageObject","inLanguage":"es","@id":"https:\/\/www.scrigno.com\/es\/puerta-corredera\/#primaryimage","url":"https:\/\/www.scrigno.com\/wp-content\/uploads\/2024\/10\/scorrevole_3-scaled.jpg","contentUrl":"https:\/\/www.scrigno.com\/wp-content\/uploads\/2024\/10\/scorrevole_3-scaled.jpg"},{"@type":"BreadcrumbList","@id":"https:\/\/www.scrigno.com\/es\/puerta-corredera\/#breadcrumb","itemListElement":[{"@type":"ListItem","position":1,"name":"Home","item":"https:\/\/www.scrigno.com\/es\/"},{"@type":"ListItem","position":2,"name":"Puerta corredera"}]},{"@type":"WebSite","@id":"https:\/\/www.scrigno.com\/es\/#website","url":"https:\/\/www.scrigno.com\/es\/","name":"Scrigno","description":"","potentialAction":[{"@type":"SearchAction","target":{"@type":"EntryPoint","urlTemplate":"https:\/\/www.scrigno.com\/es\/?s={search_term_string}"},"query-input":{"@type":"PropertyValueSpecification","valueRequired":true,"valueName":"search_term_string"}}],"inLanguage":"es"}]}},"_links":{"self":[{"href":"https:\/\/www.scrigno.com\/es\/wp-json\/wp\/v2\/pages\/8197","targetHints":{"allow":["GET"]}}],"collection":[{"href":"https:\/\/www.scrigno.com\/es\/wp-json\/wp\/v2\/pages"}],"about":[{"href":"https:\/\/www.scrigno.com\/es\/wp-json\/wp\/v2\/types\/page"}],"author":[{"embeddable":true,"href":"https:\/\/www.scrigno.com\/es\/wp-json\/wp\/v2\/users\/1"}],"replies":[{"embeddable":true,"href":"https:\/\/www.scrigno.com\/es\/wp-json\/wp\/v2\/comments?post=8197"}],"version-history":[{"count":0,"href":"https:\/\/www.scrigno.com\/es\/wp-json\/wp\/v2\/pages\/8197\/revisions"}],"wp:attachment":[{"href":"https:\/\/www.scrigno.com\/es\/wp-json\/wp\/v2\/media?parent=8197"}],"curies":[{"name":"wp","href":"https:\/\/api.w.org\/{rel}","templated":true}]}}