{"id":8202,"date":"2024-09-02T17:40:26","date_gmt":"2024-09-02T15:40:26","guid":{"rendered":"https:\/\/www.scrigno.com\/contatti\/"},"modified":"2025-06-19T12:46:33","modified_gmt":"2025-06-19T10:46:33","slug":"contacto","status":"publish","type":"page","link":"https:\/\/www.scrigno.com\/es\/contacto\/","title":{"rendered":"Contacto"},"content":{"rendered":"\n<div class=\"wp-block-group wrapper is-layout-constrained wp-block-group-is-layout-constrained\">\n<div class=\"wp-block-group wrapped cols-w-7 is-vertical is-layout-flex wp-container-core-group-is-layout-8cf370e7 wp-block-group-is-layout-flex\">\n<div class=\"wp-block-scrignocom-scrigno-com-block-map map-scrigno\"><iframe class=\"map-scrigno__iframe\" src=\"https:\/\/www.google.com\/maps\/embed?pb=!1m18!1m12!1m3!1d11474.92661255498!2d12.474229275016047!3d44.02693956119106!2m3!1f0!2f0!3f0!3m2!1i1024!2i768!4f13.1!3m3!1m2!1s0x132cc034c2799a89%3A0xd79bfba485603f7c!2sScrigno%20S.p.A.!5e0!3m2!1sit!2sit!4v1722333995998!5m2!1sit!2sit\" width=\"100%\" loading=\"lazy\" referrerpolicy=\"no-referrer-when-downgrade\"><\/iframe><\/div>\n<\/div>\n\n\n\n<div class=\"wp-block-group wrapped cols-w-1 is-vertical is-layout-flex wp-container-core-group-is-layout-8cf370e7 wp-block-group-is-layout-flex\"><\/div>\n\n\n\n<div class=\"wp-block-group wrapped cols-w-3 v-center-content is-layout-constrained wp-block-group-is-layout-constrained\">\n<h3 class=\"wp-block-heading section__title has-large-font-size\">Cont\u00e1ctenos<\/h3>\n\n\n\n<p class=\"section__subtitle\">Para ponerse en contacto con Scrigno Espa\u00f1a s.l., puede escribirnos a la direcci\u00f3n que le referimos a continuaci\u00f3n o bien rellenar el formulario.<\/p>\n\n\n\n<div class=\"wp-block-scrignocom-scrigno-com-block-contacts contacts\"><div class=\"contacts__card\"><div class=\"contacts__card--icon\"><span class=\"icon icon-ico-map-pin\"><\/span><\/div><a class=\"contacts__card--content\"><div class=\"contacts__card--title\">SCRIGNO SPA<\/div><div class=\"contacts__card--data\">S. Ermete di Santarcangelo di Romagna\r\nvia Casale, 975 47822 &#8211; (RN) Italia<\/div><\/a><\/div><div class=\"contacts__card\"><div class=\"contacts__card--icon\"><span class=\"icon icon-ico-mail\"><\/span><\/div><a class=\"contacts__card--content\"><div class=\"contacts__card--title\">Contacta con nosotros<\/div><div class=\"contacts__card--data\">infoscrigno@scrignogroup.com<\/div><\/a><\/div><div class=\"contacts__card\"><div class=\"contacts__card--icon\"><span class=\"icon icon-ico-phone\"><\/span><\/div><a class=\"contacts__card--content\"><div class=\"contacts__card--title\">Ll\u00e1manos<\/div><div class=\"contacts__card--data\">\u00a0+39 0541 757711<\/div><\/a><\/div><a href=\"https:\/\/www.scrigno.com\/es\/puntos-de-venta\/\" class=\"cta text-primary contacts__cta\">Visita la tienda m\u00e1s cercana a ti <span class=\"ico icon icon-ico-map-pin\"><\/span><\/a><\/div>\n<\/div>\n<\/div>\n\n\n    <div class=\"faq-banner__wrapper\">\n        <div class=\"faq-banner wrapper\">\n            <div class=\"wrapped cols-w-3 offset-l-1\">\n                <h3 class=\"title-h2\">Frequently asked questions<\/h3>\n                <a href=\"https:\/\/www.scrigno.com\/es\/faq\/\" class=\"cta faq-banner__cta\">Ver todas las preguntas frecuentes <span class=\"ico icon icon-ico-arrow-right\"><\/span><\/a>\n            <\/div>\n\n            <div class=\"wrapped cols-w-1\"><\/div>\n\n            <div class=\"wrapped cols-w-6 accordion exclusive faq-banner__list\">\n                    <div class=\"accordion__elem open\">\n        <div class=\"faq-banner__list--question accordion__header\">\n            <i class=\"icon icon-chevron-down accordion__icon\"><\/i>\n            \u00bfSe pueden utilizar dos premarcos de una hoja para crear un premarco de dos hojas?\n        <\/div>\n        <div class=\"faq-banner__list--answer accordion__content\"><p>No, siempre es recomendable utilizar el premarco en la versi\u00f3n espec\u00edfica de dos hojas.<\/p>\n<\/div>\n    <\/div>    <div class=\"accordion__elem \">\n        <div class=\"faq-banner__list--question accordion__header\">\n            <i class=\"icon icon-chevron-down accordion__icon\"><\/i>\n            \u00bfQu\u00e9 precauciones son imprescindibles para una perfecta instalaci\u00f3n del premarco corredero?\n        <\/div>\n        <div class=\"faq-banner__list--answer accordion__content\"><p>Es una buena pr\u00e1ctica respetar las instrucciones adjuntas al producto; en particular, verifique cuidadosamente la alineaci\u00f3n, la plomada y el plano del premarco con respecto a la superficie de apoyo. En las versiones para mamposter\u00eda, el enlucido se debe realizar en dos fases: en la primera, enfoscar el costado del armaz\u00f3n con mortero de cemento (m\u00ednimo 20% de cemento) hasta cubrir la malla met\u00e1lica (alrededor de 1 cm); en la segunda, esperar el curado del enfoscado (m\u00ednimo tres semanas) y nivelar el enlucido a ras del premarco. Contin\u00fae con el enrasado de acabado. Todas las operaciones mencionadas anteriormente se entienden realizadas con la placa de contenci\u00f3n montada en el armaz\u00f3n. Todas las estructuras deben tener siempre su dintel. Adem\u00e1s, en el caso de las versiones para cart\u00f3n yeso, se requiere el anclaje del premarco en todo el per\u00edmetro a la estructura portante de la pared, y el uso exclusivo de la torniller\u00eda suministrada con el premarco para la fijaci\u00f3n de la placa de cart\u00f3n yeso al mismo.<\/p>\n<\/div>\n    <\/div>    <div class=\"accordion__elem \">\n        <div class=\"faq-banner__list--question accordion__header\">\n            <i class=\"icon icon-chevron-down accordion__icon\"><\/i>\n            \u00bfCu\u00e1ndo se puede instalar el panel de la puerta?\n        <\/div>\n        <div class=\"faq-banner__list--answer accordion__content\"><p>En los premarcos en versi\u00f3n enlucido se recomienda esperar al curado del enlucido, unos 29 &#8211; 30 d\u00edas<\/p>\n<\/div>\n    <\/div>    <div class=\"accordion__elem \">\n        <div class=\"faq-banner__list--question accordion__header\">\n            <i class=\"icon icon-chevron-down accordion__icon\"><\/i>\n            \u00bfEl premarco debe tener su dintel?\n        <\/div>\n        <div class=\"faq-banner__list--answer accordion__content\"><p>Todas las estructuras deben tener siempre su dintel.<\/p>\n<\/div>\n    <\/div>\n            <\/div>\n        <\/div>\n    <\/div>\n\n\n<div class=\"wp-block-group wrapper is-layout-constrained wp-block-group-is-layout-constrained\">    <div class=\"accordion exclusive contacts-forms wrapped cols-10\">\n        <div class=\"accordion__elem open\">\n            <div class=\"accordion__header\">\n                <span class=\"icon icon-chevron-down accordion__icon\"><\/span>\n                Contacta con nosotros\n            <\/div>\n            <div class=\"accordion__content\">\n                    <div class=\"_form_93  \"><\/div>\n    <script src=\"https:\/\/scrignogroup.activehosted.com\/f\/embed.php?id=93\" charset=\"utf-8\" data-cookieconsent=\"ignore\"><\/script>\n            <\/div>\n        <\/div>\n        <div class=\"accordion__elem\">\n            <div class=\"accordion__header\" id=\"arch\">\n                <span class=\"icon icon-chevron-down accordion__icon\"><\/span>\n                \u00bfEres arquitecto?\n            <\/div>\n            <div class=\"accordion__content\">\n                    <div class=\"_form_117  \"><\/div>\n    <script src=\"https:\/\/scrignogroup.activehosted.com\/f\/embed.php?id=117\" charset=\"utf-8\" data-cookieconsent=\"ignore\"><\/script>\n            <\/div>\n        <\/div>\n        <div class=\"accordion__elem\">\n            <div class=\"accordion__header\" id=\"pro\">\n                <span class=\"icon icon-chevron-down accordion__icon\"><\/span>\n                \u00bfEres un profesional?\n            <\/div>\n            <div class=\"accordion__content\">\n                    <div class=\"_form_139  \"><\/div>\n    <script src=\"https:\/\/scrignogroup.activehosted.com\/f\/embed.php?id=139\" charset=\"utf-8\" data-cookieconsent=\"ignore\"><\/script>\n            <\/div>\n        <\/div>\n    <\/div><\/div>\n","protected":false},"excerpt":{"rendered":"<p>Cont\u00e1ctenos Para ponerse en contacto con Scrigno Espa\u00f1a s.l., puede escribirnos a la direcci\u00f3n que le referimos a continuaci\u00f3n o [&hellip;]<\/p>\n","protected":false},"author":1,"featured_media":0,"parent":0,"menu_order":0,"comment_status":"closed","ping_status":"closed","template":"","meta":{"_acf_changed":false,"footnotes":""},"class_list":["post-8202","page","type-page","status-publish","hentry"],"acf":[],"yoast_head":"<!-- This site is optimized with the Yoast SEO plugin v27.1.1 - https:\/\/yoast.com\/product\/yoast-seo-wordpress\/ -->\n<title>Contacto - Scrigno<\/title>\n<meta name=\"robots\" content=\"index, follow, max-snippet:-1, max-image-preview:large, max-video-preview:-1\" \/>\n<link rel=\"canonical\" href=\"https:\/\/www.scrigno.com\/es\/contacto\/\" \/>\n<meta property=\"og:locale\" content=\"es_ES\" \/>\n<meta property=\"og:type\" content=\"article\" \/>\n<meta property=\"og:title\" content=\"Contacto - Scrigno\" \/>\n<meta property=\"og:description\" content=\"Cont\u00e1ctenos Para ponerse en contacto con Scrigno Espa\u00f1a s.l., puede escribirnos a la direcci\u00f3n que le referimos a continuaci\u00f3n o [&hellip;]\" \/>\n<meta property=\"og:url\" content=\"https:\/\/www.scrigno.com\/es\/contacto\/\" \/>\n<meta property=\"og:site_name\" content=\"Scrigno\" \/>\n<meta property=\"article:modified_time\" content=\"2025-06-19T10:46:33+00:00\" \/>\n<meta name=\"twitter:card\" content=\"summary_large_image\" \/>\n<meta name=\"twitter:label1\" content=\"Tiempo de lectura\" \/>\n\t<meta name=\"twitter:data1\" content=\"1 minuto\" \/>\n<script type=\"application\/ld+json\" class=\"yoast-schema-graph\">{\"@context\":\"https:\/\/schema.org\",\"@graph\":[{\"@type\":\"WebPage\",\"@id\":\"https:\/\/www.scrigno.com\/es\/contacto\/\",\"url\":\"https:\/\/www.scrigno.com\/es\/contacto\/\",\"name\":\"Contacto - Scrigno\",\"isPartOf\":{\"@id\":\"https:\/\/www.scrigno.com\/es\/#website\"},\"datePublished\":\"2024-09-02T15:40:26+00:00\",\"dateModified\":\"2025-06-19T10:46:33+00:00\",\"breadcrumb\":{\"@id\":\"https:\/\/www.scrigno.com\/es\/contacto\/#breadcrumb\"},\"inLanguage\":\"es\",\"potentialAction\":[{\"@type\":\"ReadAction\",\"target\":[\"https:\/\/www.scrigno.com\/es\/contacto\/\"]}]},{\"@type\":\"BreadcrumbList\",\"@id\":\"https:\/\/www.scrigno.com\/es\/contacto\/#breadcrumb\",\"itemListElement\":[{\"@type\":\"ListItem\",\"position\":1,\"name\":\"Home\",\"item\":\"https:\/\/www.scrigno.com\/es\/\"},{\"@type\":\"ListItem\",\"position\":2,\"name\":\"Contacto\"}]},{\"@type\":\"WebSite\",\"@id\":\"https:\/\/www.scrigno.com\/es\/#website\",\"url\":\"https:\/\/www.scrigno.com\/es\/\",\"name\":\"Scrigno\",\"description\":\"\",\"potentialAction\":[{\"@type\":\"SearchAction\",\"target\":{\"@type\":\"EntryPoint\",\"urlTemplate\":\"https:\/\/www.scrigno.com\/es\/?s={search_term_string}\"},\"query-input\":{\"@type\":\"PropertyValueSpecification\",\"valueRequired\":true,\"valueName\":\"search_term_string\"}}],\"inLanguage\":\"es\"}]}<\/script>\n<!-- \/ Yoast SEO plugin. -->","yoast_head_json":{"title":"Contacto - Scrigno","robots":{"index":"index","follow":"follow","max-snippet":"max-snippet:-1","max-image-preview":"max-image-preview:large","max-video-preview":"max-video-preview:-1"},"canonical":"https:\/\/www.scrigno.com\/es\/contacto\/","og_locale":"es_ES","og_type":"article","og_title":"Contacto - Scrigno","og_description":"Cont\u00e1ctenos Para ponerse en contacto con Scrigno Espa\u00f1a s.l., puede escribirnos a la direcci\u00f3n que le referimos a continuaci\u00f3n o [&hellip;]","og_url":"https:\/\/www.scrigno.com\/es\/contacto\/","og_site_name":"Scrigno","article_modified_time":"2025-06-19T10:46:33+00:00","twitter_card":"summary_large_image","twitter_misc":{"Tiempo de lectura":"1 minuto"},"schema":{"@context":"https:\/\/schema.org","@graph":[{"@type":"WebPage","@id":"https:\/\/www.scrigno.com\/es\/contacto\/","url":"https:\/\/www.scrigno.com\/es\/contacto\/","name":"Contacto - Scrigno","isPartOf":{"@id":"https:\/\/www.scrigno.com\/es\/#website"},"datePublished":"2024-09-02T15:40:26+00:00","dateModified":"2025-06-19T10:46:33+00:00","breadcrumb":{"@id":"https:\/\/www.scrigno.com\/es\/contacto\/#breadcrumb"},"inLanguage":"es","potentialAction":[{"@type":"ReadAction","target":["https:\/\/www.scrigno.com\/es\/contacto\/"]}]},{"@type":"BreadcrumbList","@id":"https:\/\/www.scrigno.com\/es\/contacto\/#breadcrumb","itemListElement":[{"@type":"ListItem","position":1,"name":"Home","item":"https:\/\/www.scrigno.com\/es\/"},{"@type":"ListItem","position":2,"name":"Contacto"}]},{"@type":"WebSite","@id":"https:\/\/www.scrigno.com\/es\/#website","url":"https:\/\/www.scrigno.com\/es\/","name":"Scrigno","description":"","potentialAction":[{"@type":"SearchAction","target":{"@type":"EntryPoint","urlTemplate":"https:\/\/www.scrigno.com\/es\/?s={search_term_string}"},"query-input":{"@type":"PropertyValueSpecification","valueRequired":true,"valueName":"search_term_string"}}],"inLanguage":"es"}]}},"_links":{"self":[{"href":"https:\/\/www.scrigno.com\/es\/wp-json\/wp\/v2\/pages\/8202","targetHints":{"allow":["GET"]}}],"collection":[{"href":"https:\/\/www.scrigno.com\/es\/wp-json\/wp\/v2\/pages"}],"about":[{"href":"https:\/\/www.scrigno.com\/es\/wp-json\/wp\/v2\/types\/page"}],"author":[{"embeddable":true,"href":"https:\/\/www.scrigno.com\/es\/wp-json\/wp\/v2\/users\/1"}],"replies":[{"embeddable":true,"href":"https:\/\/www.scrigno.com\/es\/wp-json\/wp\/v2\/comments?post=8202"}],"version-history":[{"count":0,"href":"https:\/\/www.scrigno.com\/es\/wp-json\/wp\/v2\/pages\/8202\/revisions"}],"wp:attachment":[{"href":"https:\/\/www.scrigno.com\/es\/wp-json\/wp\/v2\/media?parent=8202"}],"curies":[{"name":"wp","href":"https:\/\/api.w.org\/{rel}","templated":true}]}}