{"id":8205,"date":"2024-09-03T15:07:24","date_gmt":"2024-09-03T13:07:24","guid":{"rendered":"https:\/\/www.scrigno.com\/architetti-e-progettisti\/"},"modified":"2025-06-19T12:07:46","modified_gmt":"2025-06-19T10:07:46","slug":"arquitectos-y-disenadores","status":"publish","type":"page","link":"https:\/\/www.scrigno.com\/es\/arquitectos-y-disenadores\/","title":{"rendered":"Arquitectos y dise\u00f1adores"},"content":{"rendered":"    <div class=\"banner-send-project\">\n        <div title=\"\u00bfEres arquitecto?\" class=\"banner-send-project__image\">\n            <img decoding=\"async\" src=\"https:\/\/www.scrigno.com\/wp-content\/uploads\/2025\/06\/Banner_Architetti_v2-20.jpg\" alt=\"\" \/>\n        <\/div>\n        <div class=\"banner-send-project__text-box\">\n            <h4 class=\"banner-send-project__title\">\u00bfEres arquitecto?<\/h4>\n            \n            <a href=\"#\" class=\"banner__link cta send_project_link\" data-form-id=\"149\">\n                ENV\u00cdANOS TU PROYECTO\n                <span class=\"ico icon icon-ico-arrow-right\"><\/span>\n            <\/a>\n        <\/div>\n    <\/div>\n\n    <div class=\"content-block wrapper image-left\">\n            \n    <div class=\"content-block__column-image large-image\">    <img decoding=\"async\" src=\"https:\/\/www.scrigno.com\/wp-content\/uploads\/2024\/06\/architetto.jpeg\" class=\"content-block__image\"  alt=\"architetto\" \/><\/div>\n    <div class=\"content-block__column-text\">    <div class=\"content-block__text\">\n        <h3 class=\"content-block__text--title\">Arquitectos que han realizado proyectos con los productos Scrigno<\/h3>\n        <p class=\"content-block__text--content\">Conoce a los dise\u00f1adores y arquitectos que han realizado proyectos de prestigio y descubre las posibilidades que ofrecen los productos Scrigno.<\/p>\n\n                <a href=\"https:\/\/www.scrigno.com\/es\/arquitectos\/\" class=\"cta text-primary\"  >\n        DESCUBRE TODOS LOS ARQUITECTOS <span class=\"ico icon icon-ico-arrow-right\"><\/span>\n    <\/a>\n    \n    <\/div><\/div>\n    <div class=\"content-block__spacer\"><\/div>\n    <\/div>\n\n    <div class=\"content-block wrapper image-right\">\n            <div class=\"content-block__spacer\"><\/div>\n    <div class=\"content-block__column-text\">    <div class=\"content-block__text\">\n        <h3 class=\"content-block__text--title\">Proyectos<\/h3>\n        <p class=\"content-block__text--content\">Descubre los proyectos realizados con los premarcos y las puertas Scrigno. Proyectos de prestigio que te har\u00e1n descubrir las posibilidades que ofrecen los productos Scrigno.<\/p>\n\n                <a href=\"https:\/\/www.scrigno.com\/es\/proyectos\/\" class=\"cta text-primary\"  >\n        DESCUBRE TODOS LOS PROYECTOS <span class=\"ico icon icon-ico-arrow-right\"><\/span>\n    <\/a>\n    \n    <\/div><\/div>\n    <div class=\"content-block__column-image large-image\">    <img decoding=\"async\" src=\"https:\/\/www.scrigno.com\/wp-content\/uploads\/2024\/06\/e9401e3451e6788f4e7eaa6cabce5728.jpeg\" class=\"content-block__image\"  alt=\"e9401e3451e6788f4e7eaa6cabce5728\" \/><\/div>\n    \n    <\/div>\n\n\n<div class=\"wp-block-scrignocom-scrigno-com-block-cards-grid wrapper\"><div class=\"cards-grid wrapped cols-10\">    <div class=\"single-card\">\n        <div class=\"single-card__title\">\n            <span class=\"icon icon-ico-download\"><\/span>\n            <span class=\"h6\">\u00c1rea de descargas<\/span>\n        <\/div>\n        <div class=\"single-card__text\">Aqu\u00ed encontrar\u00e1s los cat\u00e1logos y las fichas t\u00e9cnicas de nuestros productos.<\/div>\n        <a class=\"single-card__cta cta\" href=\"https:\/\/www.scrigno.com\/es\/documentos\/\">\n            IR AL \u00c1REA DE DESCARGAS\n            <span class=\"ico icon icon-ico-arrow-right\"><\/span>\n        <\/a>\n    <\/div>\n\n    <div class=\"single-card\">\n        <div class=\"single-card__title\">\n            <span class=\"icon icon-ico-feather\"><\/span>\n            <span class=\"h6\">Scrigno <\/span>\n        <\/div>\n        <div class=\"single-card__text\">Scrigno Lab se ha dise\u00f1ado para dar cabida a la exposici\u00f3n de productos, a la formaci\u00f3n y a los eventos.<\/div>\n        <a class=\"single-card__cta cta\" href=\"https:\/\/www.scrigno.com\/es\/scrignolab\/\">\n            VISITA SCRIGNO LAB\n            <span class=\"ico icon icon-ico-arrow-right\"><\/span>\n        <\/a>\n    <\/div>\n\n    <div class=\"single-card\">\n        <div class=\"single-card__title\">\n            <span class=\"icon icon-ico-mail\"><\/span>\n            <span class=\"h6\">Ponte en contacto con nosotros<\/span>\n        <\/div>\n        <div class=\"single-card__text\">Si no has resuelto tus dudas, solicita la asistencia de uno de nuestros asesores.<\/div>\n        <a class=\"single-card__cta cta\" href=\"https:\/\/www.scrigno.com\/es\/contacto\/\">\n            PONTE EN CONTACTO CON NOSOTROS\n            <span class=\"ico icon icon-ico-arrow-right\"><\/span>\n        <\/a>\n    <\/div><\/div><\/div>\n","protected":false},"excerpt":{"rendered":"","protected":false},"author":1,"featured_media":0,"parent":0,"menu_order":0,"comment_status":"closed","ping_status":"closed","template":"","meta":{"_acf_changed":false,"footnotes":""},"class_list":["post-8205","page","type-page","status-publish","hentry"],"acf":[],"yoast_head":"<!-- This site is optimized with the Yoast SEO plugin v27.1.1 - https:\/\/yoast.com\/product\/yoast-seo-wordpress\/ -->\n<title>Arquitectos y dise\u00f1adores - Scrigno<\/title>\n<meta name=\"robots\" content=\"index, follow, max-snippet:-1, max-image-preview:large, max-video-preview:-1\" \/>\n<link rel=\"canonical\" href=\"https:\/\/www.scrigno.com\/es\/arquitectos-y-disenadores\/\" \/>\n<meta property=\"og:locale\" content=\"es_ES\" \/>\n<meta property=\"og:type\" content=\"article\" \/>\n<meta property=\"og:title\" content=\"Arquitectos y dise\u00f1adores - Scrigno\" \/>\n<meta property=\"og:url\" content=\"https:\/\/www.scrigno.com\/es\/arquitectos-y-disenadores\/\" \/>\n<meta property=\"og:site_name\" content=\"Scrigno\" \/>\n<meta property=\"article:modified_time\" content=\"2025-06-19T10:07:46+00:00\" \/>\n<meta name=\"twitter:card\" content=\"summary_large_image\" \/>\n<script type=\"application\/ld+json\" class=\"yoast-schema-graph\">{\"@context\":\"https:\/\/schema.org\",\"@graph\":[{\"@type\":\"WebPage\",\"@id\":\"https:\/\/www.scrigno.com\/es\/arquitectos-y-disenadores\/\",\"url\":\"https:\/\/www.scrigno.com\/es\/arquitectos-y-disenadores\/\",\"name\":\"Arquitectos y dise\u00f1adores - Scrigno\",\"isPartOf\":{\"@id\":\"https:\/\/www.scrigno.com\/es\/#website\"},\"datePublished\":\"2024-09-03T13:07:24+00:00\",\"dateModified\":\"2025-06-19T10:07:46+00:00\",\"breadcrumb\":{\"@id\":\"https:\/\/www.scrigno.com\/es\/arquitectos-y-disenadores\/#breadcrumb\"},\"inLanguage\":\"es\",\"potentialAction\":[{\"@type\":\"ReadAction\",\"target\":[\"https:\/\/www.scrigno.com\/es\/arquitectos-y-disenadores\/\"]}]},{\"@type\":\"BreadcrumbList\",\"@id\":\"https:\/\/www.scrigno.com\/es\/arquitectos-y-disenadores\/#breadcrumb\",\"itemListElement\":[{\"@type\":\"ListItem\",\"position\":1,\"name\":\"Home\",\"item\":\"https:\/\/www.scrigno.com\/es\/\"},{\"@type\":\"ListItem\",\"position\":2,\"name\":\"Arquitectos y dise\u00f1adores\"}]},{\"@type\":\"WebSite\",\"@id\":\"https:\/\/www.scrigno.com\/es\/#website\",\"url\":\"https:\/\/www.scrigno.com\/es\/\",\"name\":\"Scrigno\",\"description\":\"\",\"potentialAction\":[{\"@type\":\"SearchAction\",\"target\":{\"@type\":\"EntryPoint\",\"urlTemplate\":\"https:\/\/www.scrigno.com\/es\/?s={search_term_string}\"},\"query-input\":{\"@type\":\"PropertyValueSpecification\",\"valueRequired\":true,\"valueName\":\"search_term_string\"}}],\"inLanguage\":\"es\"}]}<\/script>\n<!-- \/ Yoast SEO plugin. -->","yoast_head_json":{"title":"Arquitectos y dise\u00f1adores - Scrigno","robots":{"index":"index","follow":"follow","max-snippet":"max-snippet:-1","max-image-preview":"max-image-preview:large","max-video-preview":"max-video-preview:-1"},"canonical":"https:\/\/www.scrigno.com\/es\/arquitectos-y-disenadores\/","og_locale":"es_ES","og_type":"article","og_title":"Arquitectos y dise\u00f1adores - Scrigno","og_url":"https:\/\/www.scrigno.com\/es\/arquitectos-y-disenadores\/","og_site_name":"Scrigno","article_modified_time":"2025-06-19T10:07:46+00:00","twitter_card":"summary_large_image","schema":{"@context":"https:\/\/schema.org","@graph":[{"@type":"WebPage","@id":"https:\/\/www.scrigno.com\/es\/arquitectos-y-disenadores\/","url":"https:\/\/www.scrigno.com\/es\/arquitectos-y-disenadores\/","name":"Arquitectos y dise\u00f1adores - Scrigno","isPartOf":{"@id":"https:\/\/www.scrigno.com\/es\/#website"},"datePublished":"2024-09-03T13:07:24+00:00","dateModified":"2025-06-19T10:07:46+00:00","breadcrumb":{"@id":"https:\/\/www.scrigno.com\/es\/arquitectos-y-disenadores\/#breadcrumb"},"inLanguage":"es","potentialAction":[{"@type":"ReadAction","target":["https:\/\/www.scrigno.com\/es\/arquitectos-y-disenadores\/"]}]},{"@type":"BreadcrumbList","@id":"https:\/\/www.scrigno.com\/es\/arquitectos-y-disenadores\/#breadcrumb","itemListElement":[{"@type":"ListItem","position":1,"name":"Home","item":"https:\/\/www.scrigno.com\/es\/"},{"@type":"ListItem","position":2,"name":"Arquitectos y dise\u00f1adores"}]},{"@type":"WebSite","@id":"https:\/\/www.scrigno.com\/es\/#website","url":"https:\/\/www.scrigno.com\/es\/","name":"Scrigno","description":"","potentialAction":[{"@type":"SearchAction","target":{"@type":"EntryPoint","urlTemplate":"https:\/\/www.scrigno.com\/es\/?s={search_term_string}"},"query-input":{"@type":"PropertyValueSpecification","valueRequired":true,"valueName":"search_term_string"}}],"inLanguage":"es"}]}},"_links":{"self":[{"href":"https:\/\/www.scrigno.com\/es\/wp-json\/wp\/v2\/pages\/8205","targetHints":{"allow":["GET"]}}],"collection":[{"href":"https:\/\/www.scrigno.com\/es\/wp-json\/wp\/v2\/pages"}],"about":[{"href":"https:\/\/www.scrigno.com\/es\/wp-json\/wp\/v2\/types\/page"}],"author":[{"embeddable":true,"href":"https:\/\/www.scrigno.com\/es\/wp-json\/wp\/v2\/users\/1"}],"replies":[{"embeddable":true,"href":"https:\/\/www.scrigno.com\/es\/wp-json\/wp\/v2\/comments?post=8205"}],"version-history":[{"count":0,"href":"https:\/\/www.scrigno.com\/es\/wp-json\/wp\/v2\/pages\/8205\/revisions"}],"wp:attachment":[{"href":"https:\/\/www.scrigno.com\/es\/wp-json\/wp\/v2\/media?parent=8205"}],"curies":[{"name":"wp","href":"https:\/\/api.w.org\/{rel}","templated":true}]}}