{"id":8702,"date":"2024-09-10T12:39:19","date_gmt":"2024-09-10T10:39:19","guid":{"rendered":"https:\/\/www.scrigno.com\/?page_id=8702"},"modified":"2024-10-08T14:46:45","modified_gmt":"2024-10-08T12:46:45","slug":"compania","status":"publish","type":"page","link":"https:\/\/www.scrigno.com\/es\/compania\/","title":{"rendered":"Empresa"},"content":{"rendered":"    <div class=\"content-block wrapper text-only\">\n            \n    <div class=\"wrapped cols-8\">    <div class=\"content-block__text\">\n        \n        <p class=\"content-block__text--content\">Desde 1989, Scrigno es l\u00edder en el dise\u00f1o, fabricaci\u00f3n y comercializaci\u00f3n de sistemas de apertura innovadores y de alta calidad, que optimizan los espacios y mejoran la calidad de vida con soluciones de dise\u00f1o y a la vanguardia.<br><br>Fundada en 1989, Scrigno es l\u00edder en el dise\u00f1o, fabricaci\u00f3n y comercializaci\u00f3n de premarcos exclusivos para puertas y ventanas correderas empotradas, 100 % Made in Italy. La empresa tiene su sede en Sant\u2019Ermete, en el municipio de Santarcangelo di Romagna (R\u00edmini), donde ocupa una superficie de 50\u00a0000 m2, mientras que sus plantas de producci\u00f3n est\u00e1n situadas a pocos kil\u00f3metros de distancia, en Savignano sul Rubicone, con una superficie cubierta de 30\u00a0000 m2.<br><br>Con unos 180 empleados, 500\u00a0000 premarcos fabricados al a\u00f1o y exportados a m\u00e1s de 30 pa\u00edses, Scrigno registr\u00f3 un volumen de negocio de m\u00e1s de 70 millones de euros en 2021 \u2014de los cuales aproximadamente el 50\u00a0% en el extranjero\u2014, y se erige como un punto de referencia en su sector.<\/p>\n\n            \n    \n    <\/div><\/div>\n    \n    \n    <\/div>\n\n    <div class=\"content-block wrapper image-right\">\n            <div class=\"content-block__spacer\"><\/div>\n    <div class=\"content-block__column-text\">    <div class=\"content-block__text\">\n        <h3 class=\"content-block__text--title\">La historia de Scrigno empieza con su nombre<\/h3>\n        <p class=\"content-block__text--content\">La historia de nuestra empresa empieza en 1989, en Santarcangelo di Romagna, con la patente de la primera puerta corredera empotrada: Scrigno, la obra maestra que dio su nombre a la empresa. Giuseppe Berardi, el fundador, da inicio as\u00ed a una larga tradici\u00f3n de innovaci\u00f3n que ha conducido a la empresa a crear un nuevo concepto del sistema de apertura.<br>A partir de 2017, Scrigno ampl\u00eda su oferta productiva a trav\u00e9s de la adquisici\u00f3n de empresas que operan en sectores complementarios, dando vida as\u00ed a Scrigno Group.<br>La primera empresa es Master, hist\u00f3rica firma de Piacenza especializada en el dise\u00f1o y fabricaci\u00f3n de puertas blindadas.<br>En 2019 entra CCE, empresa especializada en juntas t\u00e9cnicas para cerramientos y dispositivos de seguridad para aperturas autom\u00e1ticas.<br>En 2021, Scrigno entra a formar parte de la cartera de PAI Partners MMF, una de las sociedades de capital de inversi\u00f3n m\u00e1s relevantes.<br>En 2024, un nuevo hito comercial. Con la adquisici\u00f3n de Rintal, empresa l\u00edder en el sector de las escaleras de dise\u00f1o, Scrigno intensifica su presencia en el dise\u00f1o de interiores de espacios residenciales.<br>Con sedes en Francia, Espa\u00f1a y Rep\u00fablica Checa, hoy, Scrigno cuenta con un \u00e1rea productiva en Italia de m\u00e1s de 80\u00a0000 m2.<br><br>La atenci\u00f3n por los peque\u00f1os detalles, el cuidado de cada elemento. En sus 30 a\u00f1os de historia, Scrigno se ha convertido en toda una instituci\u00f3n. Su marca est\u00e1 grabada, de forma inconfundible, en el lateral de cada puerta corredera.<br><br>Oculta cuando est\u00e1 cerrada, se revela cuando se abre. En el montante de madera, en el riel: la marca certifica todos los elementos del sistema modular. La parte del todo; el todo, en todas sus partes.<\/p>\n\n            \n    \n    <\/div><\/div>\n    <div class=\"content-block__column-image\">    <img decoding=\"async\" src=\"https:\/\/www.scrigno.com\/wp-content\/uploads\/2024\/09\/Paragrafo-1.jpg\" class=\"content-block__image\"  alt=\"Paragrafo 1\" \/><\/div>\n    <div class=\"content-block__spacer\"><\/div>\n    <\/div>\n\n    <div class=\"content-block wrapper image-left\">\n            <div class=\"content-block__spacer\"><\/div>\n    <div class=\"content-block__column-image\">    <img decoding=\"async\" src=\"https:\/\/www.scrigno.com\/wp-content\/uploads\/2024\/09\/Paragrafo-2.jpg\" class=\"content-block__image\"  alt=\"Paragrafo 2\" \/><\/div>\n    <div class=\"content-block__column-text\">    <div class=\"content-block__text\">\n        <h3 class=\"content-block__text--title\">C\u00f3mo naci\u00f3 la idea de la primera puerta corredera en Italia<\/h3>\n        <p class=\"content-block__text--content\">Santarcangelo di Romagna, 1987.<br>Todo empez\u00f3 aqu\u00ed. La historia de la puerta corredera empotrada Scrigno, el primer sistema patentado en Italia, hunde sus ra\u00edces a lo largo de la carretera nacional 9 de la V\u00eda Emilia, entre R\u00edmini y San Marino, a pocos pasos de los nobles palacios, las callejuelas y las plazuelas de uno de los n\u00facleos hist\u00f3ricos m\u00e1s conocidos de Emilia Roma\u00f1a.<br><br><strong>Marca de calidad<br><\/strong>Calidad, dise\u00f1o y atenci\u00f3n por cada detalle: todo esto es Scrigno, desde hace 30 a\u00f1os punto de referencia para los clientes, socios y profesionales del sector.<br>El estilo, la insuperable calidad y la durabilidad de los materiales, as\u00ed como los rigurosos controles y las certificaciones obtenidas, garantizan que nuestros sistemas innovadores y de dise\u00f1o respetan los m\u00e1s altos est\u00e1ndares de seguridad.<br>La marca Scrigno es garant\u00eda de autenticidad y s\u00edmbolo de nuestro compromiso con la excelencia y la calidad de vida.<\/p>\n\n            \n    \n    <\/div><\/div>\n    <div class=\"content-block__spacer\"><\/div>\n    <\/div>\n\n    <div class=\"content-block wrapper image-right\">\n            <div class=\"content-block__spacer\"><\/div>\n    <div class=\"content-block__column-text\">    <div class=\"content-block__text\">\n        <h3 class=\"content-block__text--title\">Innovaci\u00f3n continua<\/h3>\n        <p class=\"content-block__text--content\">La innovaci\u00f3n es el hilo conductor de la evoluci\u00f3n de Scrigno. Un compromiso constante con la mejora de nuestros productos que abarca desde el dise\u00f1o hasta la tecnolog\u00eda, a trav\u00e9s de la b\u00fasqueda de soluciones nuevas y de vanguardia.<br>Mantenemos un di\u00e1logo continuo y cercano con dise\u00f1adores, arquitectos y profesionales del sector para responder a las crecientes y cada vez m\u00e1s concretas necesidades del mercado.<br>Las soluciones de Scrigno a\u00fanan est\u00e9tica, funcionalidad y versatilidad, para optimizar y poner en valor los espacios, transformando los retos en oportunidades creativas que satisfacen los gustos y las necesidades de los clientes.<\/p>\n\n            \n    \n    <\/div><\/div>\n    <div class=\"content-block__column-image\">    <img decoding=\"async\" src=\"https:\/\/www.scrigno.com\/wp-content\/uploads\/2024\/09\/Paragrafo-3.jpg\" class=\"content-block__image\"  alt=\"Paragrafo 3\" \/><\/div>\n    <div class=\"content-block__spacer\"><\/div>\n    <\/div>\n\n    <div class=\"content-block wrapper image-left\">\n            <div class=\"content-block__spacer\"><\/div>\n    <div class=\"content-block__column-image\">    <img decoding=\"async\" src=\"https:\/\/www.scrigno.com\/wp-content\/uploads\/2024\/09\/Paragrafo-4.jpg\" class=\"content-block__image\"  alt=\"Paragrafo 4\" \/><\/div>\n    <div class=\"content-block__column-text\">    <div class=\"content-block__text\">\n        <h3 class=\"content-block__text--title\">Puro dise\u00f1o Made in Italy<\/h3>\n        <p class=\"content-block__text--content\">Desde 1989, Scrigno se caracteriza por su profundo conocimiento del dise\u00f1o y por su enfoque distintivo del dise\u00f1o innovador. Nuestra experiencia, reconocida en todo el mundo, es la expresi\u00f3n m\u00e1s aut\u00e9ntica del Made in Italy, el resultado de una investigaci\u00f3n constante y de una calidad de fabricaci\u00f3n superior.<br>Este liderazgo creativo en el mercado de los sistemas de apertura se ve reforzado por las colaboraciones con importantes dise\u00f1adores, decoradores y estudios de arquitectura, tanto en Italia como en todo el mundo. De estas colaboraciones nacen siempre nuevas ideas que abren los espacios, interpretando la creatividad de quienes los dise\u00f1an y liberando las emociones de quienes los viven.<\/p>\n\n            \n    \n    <\/div><\/div>\n    <div class=\"content-block__spacer\"><\/div>\n    <\/div>","protected":false},"excerpt":{"rendered":"","protected":false},"author":2,"featured_media":0,"parent":0,"menu_order":0,"comment_status":"closed","ping_status":"closed","template":"","meta":{"_acf_changed":false,"footnotes":""},"class_list":["post-8702","page","type-page","status-publish","hentry"],"acf":[],"yoast_head":"<!-- This site is optimized with the Yoast SEO plugin v27.1.1 - https:\/\/yoast.com\/product\/yoast-seo-wordpress\/ -->\n<title>Empresa - Scrigno<\/title>\n<meta name=\"robots\" content=\"index, follow, max-snippet:-1, max-image-preview:large, max-video-preview:-1\" \/>\n<link rel=\"canonical\" href=\"https:\/\/www.scrigno.com\/es\/compania\/\" \/>\n<meta property=\"og:locale\" content=\"es_ES\" \/>\n<meta property=\"og:type\" content=\"article\" \/>\n<meta property=\"og:title\" content=\"Empresa - Scrigno\" \/>\n<meta property=\"og:url\" content=\"https:\/\/www.scrigno.com\/es\/compania\/\" \/>\n<meta property=\"og:site_name\" content=\"Scrigno\" \/>\n<meta property=\"article:modified_time\" content=\"2024-10-08T12:46:45+00:00\" \/>\n<meta name=\"twitter:card\" content=\"summary_large_image\" \/>\n<script type=\"application\/ld+json\" class=\"yoast-schema-graph\">{\"@context\":\"https:\/\/schema.org\",\"@graph\":[{\"@type\":\"WebPage\",\"@id\":\"https:\/\/www.scrigno.com\/es\/compania\/\",\"url\":\"https:\/\/www.scrigno.com\/es\/compania\/\",\"name\":\"Empresa - Scrigno\",\"isPartOf\":{\"@id\":\"https:\/\/www.scrigno.com\/es\/#website\"},\"datePublished\":\"2024-09-10T10:39:19+00:00\",\"dateModified\":\"2024-10-08T12:46:45+00:00\",\"breadcrumb\":{\"@id\":\"https:\/\/www.scrigno.com\/es\/compania\/#breadcrumb\"},\"inLanguage\":\"es\",\"potentialAction\":[{\"@type\":\"ReadAction\",\"target\":[\"https:\/\/www.scrigno.com\/es\/compania\/\"]}]},{\"@type\":\"BreadcrumbList\",\"@id\":\"https:\/\/www.scrigno.com\/es\/compania\/#breadcrumb\",\"itemListElement\":[{\"@type\":\"ListItem\",\"position\":1,\"name\":\"Home\",\"item\":\"https:\/\/www.scrigno.com\/es\/\"},{\"@type\":\"ListItem\",\"position\":2,\"name\":\"Empresa\"}]},{\"@type\":\"WebSite\",\"@id\":\"https:\/\/www.scrigno.com\/es\/#website\",\"url\":\"https:\/\/www.scrigno.com\/es\/\",\"name\":\"Scrigno\",\"description\":\"\",\"potentialAction\":[{\"@type\":\"SearchAction\",\"target\":{\"@type\":\"EntryPoint\",\"urlTemplate\":\"https:\/\/www.scrigno.com\/es\/?s={search_term_string}\"},\"query-input\":{\"@type\":\"PropertyValueSpecification\",\"valueRequired\":true,\"valueName\":\"search_term_string\"}}],\"inLanguage\":\"es\"}]}<\/script>\n<!-- \/ Yoast SEO plugin. -->","yoast_head_json":{"title":"Empresa - Scrigno","robots":{"index":"index","follow":"follow","max-snippet":"max-snippet:-1","max-image-preview":"max-image-preview:large","max-video-preview":"max-video-preview:-1"},"canonical":"https:\/\/www.scrigno.com\/es\/compania\/","og_locale":"es_ES","og_type":"article","og_title":"Empresa - Scrigno","og_url":"https:\/\/www.scrigno.com\/es\/compania\/","og_site_name":"Scrigno","article_modified_time":"2024-10-08T12:46:45+00:00","twitter_card":"summary_large_image","schema":{"@context":"https:\/\/schema.org","@graph":[{"@type":"WebPage","@id":"https:\/\/www.scrigno.com\/es\/compania\/","url":"https:\/\/www.scrigno.com\/es\/compania\/","name":"Empresa - Scrigno","isPartOf":{"@id":"https:\/\/www.scrigno.com\/es\/#website"},"datePublished":"2024-09-10T10:39:19+00:00","dateModified":"2024-10-08T12:46:45+00:00","breadcrumb":{"@id":"https:\/\/www.scrigno.com\/es\/compania\/#breadcrumb"},"inLanguage":"es","potentialAction":[{"@type":"ReadAction","target":["https:\/\/www.scrigno.com\/es\/compania\/"]}]},{"@type":"BreadcrumbList","@id":"https:\/\/www.scrigno.com\/es\/compania\/#breadcrumb","itemListElement":[{"@type":"ListItem","position":1,"name":"Home","item":"https:\/\/www.scrigno.com\/es\/"},{"@type":"ListItem","position":2,"name":"Empresa"}]},{"@type":"WebSite","@id":"https:\/\/www.scrigno.com\/es\/#website","url":"https:\/\/www.scrigno.com\/es\/","name":"Scrigno","description":"","potentialAction":[{"@type":"SearchAction","target":{"@type":"EntryPoint","urlTemplate":"https:\/\/www.scrigno.com\/es\/?s={search_term_string}"},"query-input":{"@type":"PropertyValueSpecification","valueRequired":true,"valueName":"search_term_string"}}],"inLanguage":"es"}]}},"_links":{"self":[{"href":"https:\/\/www.scrigno.com\/es\/wp-json\/wp\/v2\/pages\/8702","targetHints":{"allow":["GET"]}}],"collection":[{"href":"https:\/\/www.scrigno.com\/es\/wp-json\/wp\/v2\/pages"}],"about":[{"href":"https:\/\/www.scrigno.com\/es\/wp-json\/wp\/v2\/types\/page"}],"author":[{"embeddable":true,"href":"https:\/\/www.scrigno.com\/es\/wp-json\/wp\/v2\/users\/2"}],"replies":[{"embeddable":true,"href":"https:\/\/www.scrigno.com\/es\/wp-json\/wp\/v2\/comments?post=8702"}],"version-history":[{"count":0,"href":"https:\/\/www.scrigno.com\/es\/wp-json\/wp\/v2\/pages\/8702\/revisions"}],"wp:attachment":[{"href":"https:\/\/www.scrigno.com\/es\/wp-json\/wp\/v2\/media?parent=8702"}],"curies":[{"name":"wp","href":"https:\/\/api.w.org\/{rel}","templated":true}]}}