{"id":18404,"date":"2025-09-22T10:53:54","date_gmt":"2025-09-22T08:53:54","guid":{"rendered":"https:\/\/www.scrigno.com\/mappa-mundi-by-elisa-ossino\/"},"modified":"2026-01-26T14:06:03","modified_gmt":"2026-01-26T12:06:03","slug":"mappa-mundi-by-elisa-ossino","status":"publish","type":"page","link":"https:\/\/www.scrigno.com\/fr\/mappa-mundi-by-elisa-ossino\/","title":{"rendered":"Mappa Mundi by Elisa Ossino"},"content":{"rendered":"    <div class=\"content-block wrapper text-only\">\n            \n    <div class=\"wrapped cols-8\">    <div class=\"content-block__text\">\n        <h3 class=\"content-block__text--title\">Une nouvelle vision du seuil<\/h3>\n        <p class=\"content-block__text--content\"><br><col width=\"305\"><\/col>Chez Scrigno, nous croyons que l\u2019espace n\u2019est pas seulement une dimension \u00e0 remplir, mais une ressource vivante \u00e0 modeler et r\u00e9inventer. La collection Mappa Mundi, sign\u00e9e par Elisa Ossino, na\u00eet d\u2019une id\u00e9e forte : restituer \u00e0 la porte sa signification originelle de seuil, con\u00e7u non seulement comme passage mais comme espace symbolique, capable de connecter, s\u00e9parer et transformer.<br><br>Le seuil devient rituel, changement, passage. Une surface architecturale qui dialogue avec la m\u00e9moire, la lumi\u00e8re et la mati\u00e8re, s\u2019int\u00e9grant aux int\u00e9rieurs tout en conservant sa propre identit\u00e9 esth\u00e9tique et sensorielle.Le nom s\u2019inspire de la Cosmographie de Ravenne, ancienne carte du monde r\u00e9dig\u00e9e au VIIe si\u00e8cle, qui t\u00e9moigne de l\u2019entrelacement entre civilisation, territoire et vision. De la m\u00eame mani\u00e8re, Mappa Mundi est une narration culturelle et conceptuelle qui unit racines historiques et exp\u00e9rimentation contemporaine.<br><br><strong>\u00ab MAPPA MUNDI na\u00eet du d\u00e9sir de donner forme \u00e0 une id\u00e9e de seuil comme lieu culturel, symbolique et profond. Une fronti\u00e8re qui devient un espace de sens. \u00bb<\/strong> \u2014 Elisa Ossino<\/p>\n\n                <a href=\"https:\/\/www.scrigno.com\/fr\/categoria\/portes-dinterieur\/?collection=1775\" class=\"cta text-primary\"  >\n        d\u00e9couvrir la collection <span class=\"ico icon icon-ico-arrow-right\"><\/span>\n    <\/a>\n    \n    <\/div><\/div>\n    \n    \n    <\/div>\n\n\n<div class=\"wp-block-scrignocom-scrigno-com-block-download-list download-list wrapper product-section\" data-search-type=\"T\u00e9l\u00e9charger le catalogue\"><div class=\"section__header wrapped cols-10\"><div class=\"section__header--text\"><div class=\"section__title\">T\u00e9l\u00e9charger le catalogue<\/div><\/div><\/div><div class=\"file-list wrapped cols-10\"><div class=\"file-list__table\">    <a target=\"_blank\" data-download=\"eyJ0aXRsZSI6IkNhdGFsb2dvIE1hcHBhIE11bmRpIiwidXJsIjoiaHR0cHM6XC9cL3d3dy5zY3JpZ25vLmNvbVwvd3AtY29udGVudFwvdXBsb2Fkc1wvMjAyNlwvMDFcL0NhdGFsb2dvLU1hcHBhLU11bmRpLnBkZiJ9\"  class=\"file-list__row searchable\" data-form-id=\"171\">\n        \n        <div class=\"file-list__row--title\" data-search-text=\"Catalogo Mappa Mundi\">Catalogo Mappa Mundi<\/div>\n        <div class=\"file-list__row--type\">pdf<\/div>\n        <div class=\"file-list__row--size\">7.8 MB<\/div>\n    <\/a><\/div><\/div><\/div>\n\n\n    <div class=\"content-block wrapper image-left\">\n            <div class=\"content-block__spacer\"><\/div>\n    <div class=\"content-block__column-image\">    <img decoding=\"async\" src=\"https:\/\/www.scrigno.com\/wp-content\/uploads\/2025\/09\/materiali_page-0001.jpg\" class=\"content-block__image\"  alt=\"materiali_page-0001\" \/><\/div>\n    <div class=\"content-block__column-text\">    <div class=\"content-block__text\">\n        <h3 class=\"content-block__text--title\">Mati\u00e8re, couleur, recherche<\/h3>\n        <p class=\"content-block__text--content\"><br>La collection est le fruit d\u2019un travail minutieux sur les mat\u00e9riaux, les g\u00e9om\u00e9tries et les textures. Chaque surface devient une narration, chaque d\u00e9tail transforme l\u2019espace en exp\u00e9rience \u00e9motionnelle.<br><br>Le grand protagoniste est CIMENTO\u00ae, mat\u00e9riau innovant introduit pour la premi\u00e8re fois dans le monde des portes, d\u00e9clin\u00e9 en textures liss\u00e9e, sabl\u00e9e et cannel\u00e9e. \u00c0 ses c\u00f4t\u00e9s, bois, laqu\u00e9s et verres constituent une gamme de solutions mat\u00e9rielles qui amplifient le caract\u00e8re sensoriel de la collection.<br><br>La palette chromatique s\u2019inspire de l\u2019univers po\u00e9tique de Luigi Ghirri, ma\u00eetre de la lumi\u00e8re et de la couleur. Des tons d\u00e9satur\u00e9s, des terres douces et des bleus dilu\u00e9s donnent vie \u00e0 des nuances sophistiqu\u00e9es, capables d\u2019\u00e9voquer des atmosph\u00e8res suspendues, de dialoguer avec l\u2019architecture ou de g\u00e9n\u00e9rer des contrastes raffin\u00e9s.<\/p>\n\n            \n    \n    <\/div><\/div>\n    <div class=\"content-block__spacer\"><\/div>\n    <\/div>\n\n    <div class=\"content-block wrapper text-only\">\n            \n    <div class=\"wrapped cols-8\">    <div class=\"content-block__text\">\n        <h3 class=\"content-block__text--title\">Lignes<\/h3>\n        <p class=\"content-block__text--content\"><br>Quatre parcours de conception qui racontent, \u00e0 travers les mat\u00e9riaux et les g\u00e9om\u00e9tries, l\u2019identit\u00e9 culturelle et paysag\u00e8re de la Romagne, transformant le seuil en exp\u00e9rience architecturale et sensorielle.<\/p>\n\n            \n    \n    <\/div><\/div>\n    \n    \n    <\/div>\n\n    <div class=\"content-block wrapper image-right\">\n            <div class=\"content-block__spacer\"><\/div>\n    <div class=\"content-block__column-text\">    <div class=\"content-block__text\">\n        \n        <p class=\"content-block__text--content\"><col width=\"305\"><\/col><strong>Ariminum<\/strong><br>Ariminum repr\u00e9sente le lien indissoluble avec ses racines et avec le territoire.<br><br><strong>Borghi<\/strong><br>Borghi raconte l\u2019unicit\u00e9 d\u2019un mat\u00e9riau qui devient le nouveau point de r\u00e9f\u00e9rence<\/p>\n\n            \n    \n    <\/div><\/div>\n    <div class=\"content-block__column-image\">    <img decoding=\"async\" src=\"https:\/\/www.scrigno.com\/wp-content\/uploads\/2025\/09\/linea_borghi_v2-scaled-1.jpg\" class=\"content-block__image\"  alt=\"linea_borghi_v2-scaled\" \/><\/div>\n    <div class=\"content-block__spacer\"><\/div>\n    <\/div>\n\n    <div class=\"content-block wrapper image-left\">\n            <div class=\"content-block__spacer\"><\/div>\n    <div class=\"content-block__column-image\">    <img decoding=\"async\" src=\"https:\/\/www.scrigno.com\/wp-content\/uploads\/2025\/09\/linea_litora_v2-scaled-1.jpg\" class=\"content-block__image\"  alt=\"linea_litora_v2-scaled\" \/><\/div>\n    <div class=\"content-block__column-text\">    <div class=\"content-block__text\">\n        \n        <p class=\"content-block__text--content\"><col width=\"305\"><\/col><strong>Litora<\/strong><br>Litora joue avec les transparences du verre comme si c\u2019\u00e9tait l\u2019eau de la mer, qui d\u00e9tend et berce celui qui la contemple<br><br><strong>Pentapoli<\/strong><br>Pentapoli, enfin, est un hommage \u00e0 l\u2019\u00e9quilibre entre pr\u00e9sent et pass\u00e9, \u00e0 l\u2019\u00e9l\u00e9gance de la ville ancienne revisit\u00e9e de mani\u00e8re contemporaine<\/p>\n\n            \n    \n    <\/div><\/div>\n    <div class=\"content-block__spacer\"><\/div>\n    <\/div>\n\n    <div class=\"content-block wrapper text-only\">\n            \n    <div class=\"wrapped cols-8\">    <div class=\"content-block__text\">\n        \n        <p class=\"content-block__text--content\"><br><br>Mappa Mundi n\u2019est pas seulement une collection de portes, mais un projet culturel et architectural qui fusionne m\u00e9moire, mati\u00e8re et innovation. C\u2019est une invitation \u00e0 vivre l\u2019espace comme une exp\u00e9rience \u00e9motionnelle, o\u00f9 le seuil devient narration, fronti\u00e8re et ouverture vers de nouveaux horizons de l\u2019habitat.<\/p>\n\n                <a href=\"https:\/\/www.scrigno.com\/fr\/categoria\/portes-dinterieur\/?collection=1775\" class=\"cta text-primary\"  >\n        <col width=\"305\"><\/col>D\u00e9couvrir la collection <span class=\"ico icon icon-ico-arrow-right\"><\/span>\n    <\/a>\n    \n    <\/div><\/div>\n    \n    \n    <\/div>\n\n    <div class=\"content-block wrapper image-right\">\n            <div class=\"content-block__spacer\"><\/div>\n    <div class=\"content-block__column-text\">    <div class=\"content-block__text\">\n        <h3 class=\"content-block__text--title\">Elisa Ossino<\/h3>\n        <p class=\"content-block__text--content\">Architecte et designer sicilienne, Elisa Ossino a \u00e9t\u00e9 form\u00e9e au Politecnico de Milan et a fond\u00e9 en 2006 Elisa Ossino Studio, actif dans l\u2019interior design, le design produit, les expositions et la direction cr\u00e9ative. Ses recherches tissent abstraction g\u00e9om\u00e9trique, monochromies et r\u00e9f\u00e9rences m\u00e9taphysiques et surr\u00e9alistes, g\u00e9n\u00e9rant des projets caract\u00e9ris\u00e9s par l\u00e9g\u00e8ret\u00e9, essentialit\u00e9 et fort sens sc\u00e9nographique. Au cours de sa carri\u00e8re, elle a re\u00e7u de prestigieuses distinctions nationales et internationales, dont le Red Dot Award Best of the Best, la mention d\u2019honneur au Compasso d\u2019Oro ADI, l\u2019iF Design Award et l\u2019Edida Award. Elle a \u00e9t\u00e9 maintes fois incluse dans les AD100 d\u2019Architectural Digest et en 2021 a \u00e9t\u00e9 nomm\u00e9e Designer of the Year par Elle Decor Japan.<\/p>\n\n            \n    \n    <\/div><\/div>\n    <div class=\"content-block__column-image\">    <img decoding=\"async\" src=\"https:\/\/www.scrigno.com\/wp-content\/uploads\/2025\/09\/Elisa_Ossino.png\" class=\"content-block__image\"  alt=\"Elisa_Ossino\" \/><\/div>\n    <div class=\"content-block__spacer\"><\/div>\n    <\/div>\n\n\n<p><\/p>\n","protected":false},"excerpt":{"rendered":"","protected":false},"author":2,"featured_media":0,"parent":0,"menu_order":0,"comment_status":"closed","ping_status":"closed","template":"","meta":{"_acf_changed":false,"footnotes":""},"class_list":["post-18404","page","type-page","status-publish","hentry"],"acf":[],"yoast_head":"<!-- This site is optimized with the Yoast SEO plugin v27.1.1 - https:\/\/yoast.com\/product\/yoast-seo-wordpress\/ -->\n<title>Mappa Mundi by Elisa Ossino - Scrigno<\/title>\n<meta name=\"robots\" content=\"index, follow, max-snippet:-1, max-image-preview:large, max-video-preview:-1\" \/>\n<link rel=\"canonical\" href=\"https:\/\/www.scrigno.com\/fr\/mappa-mundi-by-elisa-ossino\/\" \/>\n<meta property=\"og:locale\" content=\"fr_FR\" \/>\n<meta property=\"og:type\" content=\"article\" \/>\n<meta property=\"og:title\" content=\"Mappa Mundi by Elisa Ossino - Scrigno\" \/>\n<meta property=\"og:url\" content=\"https:\/\/www.scrigno.com\/fr\/mappa-mundi-by-elisa-ossino\/\" \/>\n<meta property=\"og:site_name\" content=\"Scrigno\" \/>\n<meta property=\"article:modified_time\" content=\"2026-01-26T12:06:03+00:00\" \/>\n<meta name=\"twitter:card\" content=\"summary_large_image\" \/>\n<meta name=\"twitter:label1\" content=\"Dur\u00e9e de lecture estim\u00e9e\" \/>\n\t<meta name=\"twitter:data1\" content=\"1 minute\" \/>\n<script type=\"application\/ld+json\" class=\"yoast-schema-graph\">{\"@context\":\"https:\/\/schema.org\",\"@graph\":[{\"@type\":\"WebPage\",\"@id\":\"https:\/\/www.scrigno.com\/fr\/mappa-mundi-by-elisa-ossino\/\",\"url\":\"https:\/\/www.scrigno.com\/fr\/mappa-mundi-by-elisa-ossino\/\",\"name\":\"Mappa Mundi by Elisa Ossino - Scrigno\",\"isPartOf\":{\"@id\":\"https:\/\/www.scrigno.com\/fr\/#website\"},\"datePublished\":\"2025-09-22T08:53:54+00:00\",\"dateModified\":\"2026-01-26T12:06:03+00:00\",\"breadcrumb\":{\"@id\":\"https:\/\/www.scrigno.com\/fr\/mappa-mundi-by-elisa-ossino\/#breadcrumb\"},\"inLanguage\":\"fr-FR\",\"potentialAction\":[{\"@type\":\"ReadAction\",\"target\":[\"https:\/\/www.scrigno.com\/fr\/mappa-mundi-by-elisa-ossino\/\"]}]},{\"@type\":\"BreadcrumbList\",\"@id\":\"https:\/\/www.scrigno.com\/fr\/mappa-mundi-by-elisa-ossino\/#breadcrumb\",\"itemListElement\":[{\"@type\":\"ListItem\",\"position\":1,\"name\":\"Home\",\"item\":\"https:\/\/www.scrigno.com\/fr\/\"},{\"@type\":\"ListItem\",\"position\":2,\"name\":\"Mappa Mundi by Elisa Ossino\"}]},{\"@type\":\"WebSite\",\"@id\":\"https:\/\/www.scrigno.com\/fr\/#website\",\"url\":\"https:\/\/www.scrigno.com\/fr\/\",\"name\":\"Scrigno\",\"description\":\"\",\"potentialAction\":[{\"@type\":\"SearchAction\",\"target\":{\"@type\":\"EntryPoint\",\"urlTemplate\":\"https:\/\/www.scrigno.com\/fr\/?s={search_term_string}\"},\"query-input\":{\"@type\":\"PropertyValueSpecification\",\"valueRequired\":true,\"valueName\":\"search_term_string\"}}],\"inLanguage\":\"fr-FR\"}]}<\/script>\n<!-- \/ Yoast SEO plugin. -->","yoast_head_json":{"title":"Mappa Mundi by Elisa Ossino - Scrigno","robots":{"index":"index","follow":"follow","max-snippet":"max-snippet:-1","max-image-preview":"max-image-preview:large","max-video-preview":"max-video-preview:-1"},"canonical":"https:\/\/www.scrigno.com\/fr\/mappa-mundi-by-elisa-ossino\/","og_locale":"fr_FR","og_type":"article","og_title":"Mappa Mundi by Elisa Ossino - Scrigno","og_url":"https:\/\/www.scrigno.com\/fr\/mappa-mundi-by-elisa-ossino\/","og_site_name":"Scrigno","article_modified_time":"2026-01-26T12:06:03+00:00","twitter_card":"summary_large_image","twitter_misc":{"Dur\u00e9e de lecture estim\u00e9e":"1 minute"},"schema":{"@context":"https:\/\/schema.org","@graph":[{"@type":"WebPage","@id":"https:\/\/www.scrigno.com\/fr\/mappa-mundi-by-elisa-ossino\/","url":"https:\/\/www.scrigno.com\/fr\/mappa-mundi-by-elisa-ossino\/","name":"Mappa Mundi by Elisa Ossino - Scrigno","isPartOf":{"@id":"https:\/\/www.scrigno.com\/fr\/#website"},"datePublished":"2025-09-22T08:53:54+00:00","dateModified":"2026-01-26T12:06:03+00:00","breadcrumb":{"@id":"https:\/\/www.scrigno.com\/fr\/mappa-mundi-by-elisa-ossino\/#breadcrumb"},"inLanguage":"fr-FR","potentialAction":[{"@type":"ReadAction","target":["https:\/\/www.scrigno.com\/fr\/mappa-mundi-by-elisa-ossino\/"]}]},{"@type":"BreadcrumbList","@id":"https:\/\/www.scrigno.com\/fr\/mappa-mundi-by-elisa-ossino\/#breadcrumb","itemListElement":[{"@type":"ListItem","position":1,"name":"Home","item":"https:\/\/www.scrigno.com\/fr\/"},{"@type":"ListItem","position":2,"name":"Mappa Mundi by Elisa Ossino"}]},{"@type":"WebSite","@id":"https:\/\/www.scrigno.com\/fr\/#website","url":"https:\/\/www.scrigno.com\/fr\/","name":"Scrigno","description":"","potentialAction":[{"@type":"SearchAction","target":{"@type":"EntryPoint","urlTemplate":"https:\/\/www.scrigno.com\/fr\/?s={search_term_string}"},"query-input":{"@type":"PropertyValueSpecification","valueRequired":true,"valueName":"search_term_string"}}],"inLanguage":"fr-FR"}]}},"_links":{"self":[{"href":"https:\/\/www.scrigno.com\/fr\/wp-json\/wp\/v2\/pages\/18404","targetHints":{"allow":["GET"]}}],"collection":[{"href":"https:\/\/www.scrigno.com\/fr\/wp-json\/wp\/v2\/pages"}],"about":[{"href":"https:\/\/www.scrigno.com\/fr\/wp-json\/wp\/v2\/types\/page"}],"author":[{"embeddable":true,"href":"https:\/\/www.scrigno.com\/fr\/wp-json\/wp\/v2\/users\/2"}],"replies":[{"embeddable":true,"href":"https:\/\/www.scrigno.com\/fr\/wp-json\/wp\/v2\/comments?post=18404"}],"version-history":[{"count":0,"href":"https:\/\/www.scrigno.com\/fr\/wp-json\/wp\/v2\/pages\/18404\/revisions"}],"wp:attachment":[{"href":"https:\/\/www.scrigno.com\/fr\/wp-json\/wp\/v2\/media?parent=18404"}],"curies":[{"name":"wp","href":"https:\/\/api.w.org\/{rel}","templated":true}]}}