{"id":25296,"date":"2025-07-16T09:56:42","date_gmt":"2025-07-16T07:56:42","guid":{"rendered":"https:\/\/www.scrigno.com\/?page_id=25296"},"modified":"2026-05-14T16:41:40","modified_gmt":"2026-05-14T14:41:40","slug":"inscrivez-vous-a-notre-newsletter","status":"publish","type":"page","link":"https:\/\/www.scrigno.com\/fr\/inscrivez-vous-a-notre-newsletter\/","title":{"rendered":""},"content":{"rendered":"    <div class=\"content-block wrapper image-right\">\n            <div class=\"content-block__spacer\"><\/div>\n    <div class=\"content-block__column-text\">    <div class=\"content-block__text\">\n        <h3 class=\"content-block__text--title\">Inscrivez-vous \u00e0 notre Newsletter<\/h3>\n        <p class=\"content-block__text--content\">Rejoignez la communaut\u00e9 Scrigno pour recevoir des mises \u00e0 jour sur les nouveaux produits, de l\u2019inspiration et des contenus d\u00e9di\u00e9s aux professionnels et aux passionn\u00e9s de design.<\/p>\n\n            \n    \n    <\/div><\/div>\n    <div class=\"content-block__column-image\">    <img decoding=\"async\" src=\"https:\/\/www.scrigno.com\/wp-content\/uploads\/2026\/02\/HP_Rivenditori_Professionisti.png\" class=\"content-block__image\"  alt=\"HP_Rivenditori_Professionisti\" \/><\/div>\n    <div class=\"content-block__spacer\"><\/div>\n    <\/div>\n\n    <div class=\"_form_161 newsletter_form_block \"><\/div>\n    <script src=\"https:\/\/scrignogroup.activehosted.com\/f\/embed.php?id=161\" charset=\"utf-8\" data-cookieconsent=\"ignore\"><\/script>","protected":false},"excerpt":{"rendered":"","protected":false},"author":5,"featured_media":0,"parent":0,"menu_order":0,"comment_status":"closed","ping_status":"closed","template":"","meta":{"_acf_changed":false,"footnotes":""},"class_list":["post-25296","page","type-page","status-publish","hentry"],"acf":[],"yoast_head":"<!-- This site is optimized with the Yoast SEO plugin v27.1.1 - https:\/\/yoast.com\/product\/yoast-seo-wordpress\/ -->\n<title>- Scrigno<\/title>\n<meta name=\"robots\" content=\"noindex, follow\" \/>\n<meta property=\"og:locale\" content=\"fr_FR\" \/>\n<meta property=\"og:type\" content=\"article\" \/>\n<meta property=\"og:title\" content=\"- Scrigno\" \/>\n<meta property=\"og:url\" content=\"https:\/\/www.scrigno.com\/fr\/inscrivez-vous-a-notre-newsletter\/\" \/>\n<meta property=\"og:site_name\" content=\"Scrigno\" \/>\n<meta property=\"article:modified_time\" content=\"2026-05-14T14:41:40+00:00\" \/>\n<meta name=\"twitter:card\" content=\"summary_large_image\" \/>\n<script type=\"application\/ld+json\" class=\"yoast-schema-graph\">{\"@context\":\"https:\/\/schema.org\",\"@graph\":[{\"@type\":\"WebPage\",\"@id\":\"https:\/\/www.scrigno.com\/fr\/inscrivez-vous-a-notre-newsletter\/\",\"url\":\"https:\/\/www.scrigno.com\/fr\/inscrivez-vous-a-notre-newsletter\/\",\"name\":\"- Scrigno\",\"isPartOf\":{\"@id\":\"https:\/\/www.scrigno.com\/fr\/#website\"},\"datePublished\":\"2025-07-16T07:56:42+00:00\",\"dateModified\":\"2026-05-14T14:41:40+00:00\",\"inLanguage\":\"fr-FR\",\"potentialAction\":[{\"@type\":\"ReadAction\",\"target\":[\"https:\/\/www.scrigno.com\/fr\/inscrivez-vous-a-notre-newsletter\/\"]}]},{\"@type\":\"WebSite\",\"@id\":\"https:\/\/www.scrigno.com\/fr\/#website\",\"url\":\"https:\/\/www.scrigno.com\/fr\/\",\"name\":\"Scrigno\",\"description\":\"\",\"potentialAction\":[{\"@type\":\"SearchAction\",\"target\":{\"@type\":\"EntryPoint\",\"urlTemplate\":\"https:\/\/www.scrigno.com\/fr\/?s={search_term_string}\"},\"query-input\":{\"@type\":\"PropertyValueSpecification\",\"valueRequired\":true,\"valueName\":\"search_term_string\"}}],\"inLanguage\":\"fr-FR\"}]}<\/script>\n<!-- \/ Yoast SEO plugin. -->","yoast_head_json":{"title":"- Scrigno","robots":{"index":"noindex","follow":"follow"},"og_locale":"fr_FR","og_type":"article","og_title":"- Scrigno","og_url":"https:\/\/www.scrigno.com\/fr\/inscrivez-vous-a-notre-newsletter\/","og_site_name":"Scrigno","article_modified_time":"2026-05-14T14:41:40+00:00","twitter_card":"summary_large_image","schema":{"@context":"https:\/\/schema.org","@graph":[{"@type":"WebPage","@id":"https:\/\/www.scrigno.com\/fr\/inscrivez-vous-a-notre-newsletter\/","url":"https:\/\/www.scrigno.com\/fr\/inscrivez-vous-a-notre-newsletter\/","name":"- Scrigno","isPartOf":{"@id":"https:\/\/www.scrigno.com\/fr\/#website"},"datePublished":"2025-07-16T07:56:42+00:00","dateModified":"2026-05-14T14:41:40+00:00","inLanguage":"fr-FR","potentialAction":[{"@type":"ReadAction","target":["https:\/\/www.scrigno.com\/fr\/inscrivez-vous-a-notre-newsletter\/"]}]},{"@type":"WebSite","@id":"https:\/\/www.scrigno.com\/fr\/#website","url":"https:\/\/www.scrigno.com\/fr\/","name":"Scrigno","description":"","potentialAction":[{"@type":"SearchAction","target":{"@type":"EntryPoint","urlTemplate":"https:\/\/www.scrigno.com\/fr\/?s={search_term_string}"},"query-input":{"@type":"PropertyValueSpecification","valueRequired":true,"valueName":"search_term_string"}}],"inLanguage":"fr-FR"}]}},"_links":{"self":[{"href":"https:\/\/www.scrigno.com\/fr\/wp-json\/wp\/v2\/pages\/25296","targetHints":{"allow":["GET"]}}],"collection":[{"href":"https:\/\/www.scrigno.com\/fr\/wp-json\/wp\/v2\/pages"}],"about":[{"href":"https:\/\/www.scrigno.com\/fr\/wp-json\/wp\/v2\/types\/page"}],"author":[{"embeddable":true,"href":"https:\/\/www.scrigno.com\/fr\/wp-json\/wp\/v2\/users\/5"}],"replies":[{"embeddable":true,"href":"https:\/\/www.scrigno.com\/fr\/wp-json\/wp\/v2\/comments?post=25296"}],"version-history":[{"count":1,"href":"https:\/\/www.scrigno.com\/fr\/wp-json\/wp\/v2\/pages\/25296\/revisions"}],"predecessor-version":[{"id":25297,"href":"https:\/\/www.scrigno.com\/fr\/wp-json\/wp\/v2\/pages\/25296\/revisions\/25297"}],"wp:attachment":[{"href":"https:\/\/www.scrigno.com\/fr\/wp-json\/wp\/v2\/media?parent=25296"}],"curies":[{"name":"wp","href":"https:\/\/api.w.org\/{rel}","templated":true}]}}