{"id":8136,"date":"2024-09-03T15:20:05","date_gmt":"2024-09-03T13:20:05","guid":{"rendered":"https:\/\/www.scrigno.com\/sostenibilita\/"},"modified":"2025-03-10T15:40:53","modified_gmt":"2025-03-10T13:40:53","slug":"durabilite","status":"publish","type":"page","link":"https:\/\/www.scrigno.com\/fr\/durabilite\/","title":{"rendered":"Durabilit\u00e9"},"content":{"rendered":"    <div class=\"content-block wrapper image-left\">\n            <div class=\"content-block__spacer\"><\/div>\n    <div class=\"content-block__column-image\">    <img decoding=\"async\" src=\"https:\/\/www.scrigno.com\/wp-content\/uploads\/2024\/09\/sostenibilita.jpg\" class=\"content-block__image\"  alt=\"sostenibilita\" \/><\/div>\n    <div class=\"content-block__column-text\">    <div class=\"content-block__text\">\n        \n        <p class=\"content-block__text--content\">Notre vision du futur commence par notre responsabilit\u00e9 d\u2019entreprise. L\u2019attention envers la qualit\u00e9 et l\u2019environnement est essentielle pour le Groupe Scrigno et se traduit par une politique active guidant l\u2019entreprise vers un processus d\u2019innovation continue afin d\u2019atteindre des objectifs toujours plus ambitieux. La durabilit\u00e9 est au c\u0153ur de ce processus, avec une attention toute particuli\u00e8re envers les performances environnementales et \u00e9nerg\u00e9tiques des sites de production.<br><br>Tout au long de ce processus, l\u2019entreprise d\u00e9montre quotidiennement sa sensibilisation aux principes de l\u2019\u00e9conomie circulaire en r\u00e9organisant ses processus pour contr\u00f4ler et r\u00e9duire la consommation de mati\u00e8res premi\u00e8res et d\u2019emballages, r\u00e9duire les d\u00e9chets et am\u00e9liorer l\u2019efficacit\u00e9 \u00e9nerg\u00e9tique, et r\u00e9duire les \u00e9missions de gaz \u00e0 effet de serre \u00e0 travers un processus de d\u00e9carbonisation qui commence en interne jusqu\u2019\u00e0 l\u2019implication des fournisseurs tout au long de la cha\u00eene d\u2019approvisionnement, en promouvant la r\u00e9duction des \u00e9missions Scope\u00a03 en amont et en aval et en arrivant \u00e0 la certification de l\u2019empreinte carbone de l\u2019entreprise par un tiers en 2024.<\/p>\n\n            \n    \n    <\/div><\/div>\n    <div class=\"content-block__spacer\"><\/div>\n    <\/div>\n\n    <div class=\"content-block wrapper text-only\">\n            \n    <div class=\"wrapped cols-8\">    <div class=\"content-block__text\">\n        \n        <p class=\"content-block__text--content\">Le Groupe Scrigno a depuis longtemps mis en \u0153uvre un syst\u00e8me de gestion environnementale fond\u00e9 sur la certification <a href=\"https:\/\/www.scrigno.com\/wp-content\/uploads\/2024\/12\/ISO-14001-2015-Certificate.pdf\">ISO\u00a014001:2015<\/a>, obtenue en 2021, ainsi qu\u2019une approche fond\u00e9e sur le risque.<br><br>Le Groupe Scrigno a planifi\u00e9 un plan strat\u00e9gique de durabilit\u00e9 qui fait partie int\u00e9grante du projet entrepreneurial. Planifier la durabilit\u00e9 signifie mettre en pratique une vision de l\u2019avenir d\u2019une entreprise, mais aussi et surtout la contextualiser au sein d\u2019un syst\u00e8me d\u00e9fini. Un mode de pens\u00e9e capable d\u2019activer une v\u00e9ritable croissance collective, qui inclut les prestations finales apport\u00e9es aux clients, l\u2019am\u00e9lioration des aspects environnementaux et les r\u00e9sultats \u00e9conomiques.<br><br>Le Groupe Scrigno promeut un comportement absolument transparent et \u00e9thique qui:<br>\u2013\u00a0est parfaitement coh\u00e9rent avec l\u2019ensemble de la cha\u00eene de valeur;<br>\u2013\u00a0assure le respect des lois applicables et des normes de conduite internationales;<br>\u2013\u00a0prend en compte les attentes des diff\u00e9rentes parties prenantes;<br>\u2013\u00a0peut contribuer au d\u00e9veloppement durable, y compris \u00e0 la sant\u00e9 et au bien-\u00eatre de l\u2019\u00e9cosyst\u00e8me environnemental et social.<\/p>\n\n            \n    \n    <\/div><\/div>\n    \n    \n    <\/div>\n\n    <div class=\"content-block wrapper image-right\">\n            <div class=\"content-block__spacer\"><\/div>\n    <div class=\"content-block__column-text\">    <div class=\"content-block__text\">\n        \n        <p class=\"content-block__text--content\">Le 16\/12\/2022, la directive n\u00b0 2022\/2464 sur les rapports de durabilit\u00e9 des entreprises a \u00e9t\u00e9 publi\u00e9e au Journal officiel de l\u2019UE\u00a0: la Directive sur la publication d\u2019informations en mati\u00e8re de durabilit\u00e9 des entreprises (Corporate Sustainability Reporting Directive, ci-apr\u00e8s CSRD), qui modifie la directive\u00a02013\/34\/UE concernant les exigences en mati\u00e8re de publication d\u2019informations non financi\u00e8res pour les grandes entreprises.<br><br>La <strong>CSRD<\/strong>, Directive sur la publication d\u2019informations en mati\u00e8re de durabilit\u00e9 des entreprises, s\u2019inscrit dans un sc\u00e9nario global qui traverse depuis longtemps une p\u00e9riode intense sur les th\u00e8mes, les pistes et les initiatives li\u00e9s \u00e0 la durabilit\u00e9. Un contexte qui, dans les derniers mois de 2022, a marqu\u00e9 une transition importante, notamment en ce qui concerne le r\u00f4le de l\u2019Europe, avec son engagement \u00e0 atteindre la <strong>neutralit\u00e9 climatique d\u2019ici 2050<\/strong>, avec la refonte de la comp\u00e9titivit\u00e9 sous la banni\u00e8re de la <strong>d\u00e9carbonisation<\/strong>.<br><br>La <strong>CSRD <\/strong>introduit le nouveau concept de \u00ab\u00a0<strong>double importance relative<\/strong>\u00a0\u00bb (ou \u00ab\u00a0<strong>double mat\u00e9rialit\u00e9<\/strong>\u00a0\u00bb) en vertu duquel les entreprises devront fournir des informations \u00e0 la fois sur l\u2019impact de leurs activit\u00e9s sur les personnes et l\u2019environnement (approche \u00ab\u00a0point de vue externe\u00a0\u00bb) et sur la mani\u00e8re dont les questions de durabilit\u00e9 les affectent, ainsi que leurs r\u00e9sultats et leur situation (approche \u00ab\u00a0point de vue interne\u00a0\u00bb).<\/p>\n\n            \n    \n    <\/div><\/div>\n    <div class=\"content-block__column-image\">    <img decoding=\"async\" src=\"https:\/\/www.scrigno.com\/wp-content\/uploads\/2024\/09\/march.jpg\" class=\"content-block__image\"  alt=\"march\" \/><\/div>\n    <div class=\"content-block__spacer\"><\/div>\n    <\/div>\n\n    <div class=\"content-block wrapper text-only\">\n            \n    <div class=\"wrapped cols-8\">    <div class=\"content-block__text\">\n        \n        <p class=\"content-block__text--content\">Le Groupe Scrigno a d\u00e9cid\u00e9 de prendre de l\u2019avance et a d\u00e9j\u00e0 entam\u00e9 le processus qui lui permettra d\u2019avoir le premier rapport de durabilit\u00e9 avec le concept de double mat\u00e9rialit\u00e9 d\u00e8s 2025 de mani\u00e8re \u00e0 garantir:<br><br><strong>Transparence<\/strong> Les activit\u00e9s des entreprises du Groupe repr\u00e9sentent l\u2019int\u00e9r\u00eat principal des parties prenantes (entreprises, investisseurs). La transparence des informations non financi\u00e8res sur les questions ESG (environnementales, sociales et de gouvernance) permet de contrecarrer l\u2019\u00e9coblanchiment.<br><br><strong>Engagement<\/strong> Il existe une demande pour une plus grande divulgation d\u2019informations non financi\u00e8res. Ces \u00e9l\u00e9ments, ainsi que les \u00e9l\u00e9ments financiers, constituent la base pour les choix d\u2019investissement.<br><br><strong>Sensibilisation<\/strong> La diffusion des questions relatives \u00e0 la durabilit\u00e9 cr\u00e9e une prise de conscience au sein du Groupe et de ses entreprises membres. Un parcours d\u2019engagement des parties prenantes permet d\u2019identifier les besoins et les attentes des investisseurs afin de les int\u00e9grer dans les strat\u00e9gies de l\u2019entreprise.<br><br>Enfin, des proc\u00e9dures op\u00e9rationnelles ont \u00e9t\u00e9 mises en \u0153uvre pour am\u00e9liorer la s\u00e9curit\u00e9 des personnes, conform\u00e9ment \u00e0 la prochaine certification ISO\u00a045001.<\/p>\n\n            \n    \n    <\/div><\/div>\n    \n    \n    <\/div>","protected":false},"excerpt":{"rendered":"","protected":false},"author":1,"featured_media":0,"parent":0,"menu_order":0,"comment_status":"closed","ping_status":"closed","template":"","meta":{"_acf_changed":false,"footnotes":""},"class_list":["post-8136","page","type-page","status-publish","hentry"],"acf":[],"yoast_head":"<!-- This site is optimized with the Yoast SEO plugin v27.1.1 - https:\/\/yoast.com\/product\/yoast-seo-wordpress\/ -->\n<title>Durabilit\u00e9 - Scrigno<\/title>\n<meta name=\"robots\" content=\"index, follow, max-snippet:-1, max-image-preview:large, max-video-preview:-1\" \/>\n<link rel=\"canonical\" href=\"https:\/\/www.scrigno.com\/fr\/durabilite\/\" \/>\n<meta property=\"og:locale\" content=\"fr_FR\" \/>\n<meta property=\"og:type\" content=\"article\" \/>\n<meta property=\"og:title\" content=\"Durabilit\u00e9 - Scrigno\" \/>\n<meta property=\"og:url\" content=\"https:\/\/www.scrigno.com\/fr\/durabilite\/\" \/>\n<meta property=\"og:site_name\" content=\"Scrigno\" \/>\n<meta property=\"article:modified_time\" content=\"2025-03-10T13:40:53+00:00\" \/>\n<meta name=\"twitter:card\" content=\"summary_large_image\" \/>\n<script type=\"application\/ld+json\" class=\"yoast-schema-graph\">{\"@context\":\"https:\/\/schema.org\",\"@graph\":[{\"@type\":\"WebPage\",\"@id\":\"https:\/\/www.scrigno.com\/fr\/durabilite\/\",\"url\":\"https:\/\/www.scrigno.com\/fr\/durabilite\/\",\"name\":\"Durabilit\u00e9 - Scrigno\",\"isPartOf\":{\"@id\":\"https:\/\/www.scrigno.com\/fr\/#website\"},\"datePublished\":\"2024-09-03T13:20:05+00:00\",\"dateModified\":\"2025-03-10T13:40:53+00:00\",\"breadcrumb\":{\"@id\":\"https:\/\/www.scrigno.com\/fr\/durabilite\/#breadcrumb\"},\"inLanguage\":\"fr-FR\",\"potentialAction\":[{\"@type\":\"ReadAction\",\"target\":[\"https:\/\/www.scrigno.com\/fr\/durabilite\/\"]}]},{\"@type\":\"BreadcrumbList\",\"@id\":\"https:\/\/www.scrigno.com\/fr\/durabilite\/#breadcrumb\",\"itemListElement\":[{\"@type\":\"ListItem\",\"position\":1,\"name\":\"Home\",\"item\":\"https:\/\/www.scrigno.com\/fr\/\"},{\"@type\":\"ListItem\",\"position\":2,\"name\":\"Durabilit\u00e9\"}]},{\"@type\":\"WebSite\",\"@id\":\"https:\/\/www.scrigno.com\/fr\/#website\",\"url\":\"https:\/\/www.scrigno.com\/fr\/\",\"name\":\"Scrigno\",\"description\":\"\",\"potentialAction\":[{\"@type\":\"SearchAction\",\"target\":{\"@type\":\"EntryPoint\",\"urlTemplate\":\"https:\/\/www.scrigno.com\/fr\/?s={search_term_string}\"},\"query-input\":{\"@type\":\"PropertyValueSpecification\",\"valueRequired\":true,\"valueName\":\"search_term_string\"}}],\"inLanguage\":\"fr-FR\"}]}<\/script>\n<!-- \/ Yoast SEO plugin. -->","yoast_head_json":{"title":"Durabilit\u00e9 - Scrigno","robots":{"index":"index","follow":"follow","max-snippet":"max-snippet:-1","max-image-preview":"max-image-preview:large","max-video-preview":"max-video-preview:-1"},"canonical":"https:\/\/www.scrigno.com\/fr\/durabilite\/","og_locale":"fr_FR","og_type":"article","og_title":"Durabilit\u00e9 - Scrigno","og_url":"https:\/\/www.scrigno.com\/fr\/durabilite\/","og_site_name":"Scrigno","article_modified_time":"2025-03-10T13:40:53+00:00","twitter_card":"summary_large_image","schema":{"@context":"https:\/\/schema.org","@graph":[{"@type":"WebPage","@id":"https:\/\/www.scrigno.com\/fr\/durabilite\/","url":"https:\/\/www.scrigno.com\/fr\/durabilite\/","name":"Durabilit\u00e9 - Scrigno","isPartOf":{"@id":"https:\/\/www.scrigno.com\/fr\/#website"},"datePublished":"2024-09-03T13:20:05+00:00","dateModified":"2025-03-10T13:40:53+00:00","breadcrumb":{"@id":"https:\/\/www.scrigno.com\/fr\/durabilite\/#breadcrumb"},"inLanguage":"fr-FR","potentialAction":[{"@type":"ReadAction","target":["https:\/\/www.scrigno.com\/fr\/durabilite\/"]}]},{"@type":"BreadcrumbList","@id":"https:\/\/www.scrigno.com\/fr\/durabilite\/#breadcrumb","itemListElement":[{"@type":"ListItem","position":1,"name":"Home","item":"https:\/\/www.scrigno.com\/fr\/"},{"@type":"ListItem","position":2,"name":"Durabilit\u00e9"}]},{"@type":"WebSite","@id":"https:\/\/www.scrigno.com\/fr\/#website","url":"https:\/\/www.scrigno.com\/fr\/","name":"Scrigno","description":"","potentialAction":[{"@type":"SearchAction","target":{"@type":"EntryPoint","urlTemplate":"https:\/\/www.scrigno.com\/fr\/?s={search_term_string}"},"query-input":{"@type":"PropertyValueSpecification","valueRequired":true,"valueName":"search_term_string"}}],"inLanguage":"fr-FR"}]}},"_links":{"self":[{"href":"https:\/\/www.scrigno.com\/fr\/wp-json\/wp\/v2\/pages\/8136","targetHints":{"allow":["GET"]}}],"collection":[{"href":"https:\/\/www.scrigno.com\/fr\/wp-json\/wp\/v2\/pages"}],"about":[{"href":"https:\/\/www.scrigno.com\/fr\/wp-json\/wp\/v2\/types\/page"}],"author":[{"embeddable":true,"href":"https:\/\/www.scrigno.com\/fr\/wp-json\/wp\/v2\/users\/1"}],"replies":[{"embeddable":true,"href":"https:\/\/www.scrigno.com\/fr\/wp-json\/wp\/v2\/comments?post=8136"}],"version-history":[{"count":0,"href":"https:\/\/www.scrigno.com\/fr\/wp-json\/wp\/v2\/pages\/8136\/revisions"}],"wp:attachment":[{"href":"https:\/\/www.scrigno.com\/fr\/wp-json\/wp\/v2\/media?parent=8136"}],"curies":[{"name":"wp","href":"https:\/\/api.w.org\/{rel}","templated":true}]}}