{"id":8169,"date":"2024-07-30T14:39:19","date_gmt":"2024-07-30T12:39:19","guid":{"rendered":"https:\/\/www.scrigno.com\/scrignolab\/"},"modified":"2024-09-06T10:39:06","modified_gmt":"2024-09-06T08:39:06","slug":"scrignolab","status":"publish","type":"page","link":"https:\/\/www.scrigno.com\/fr\/scrignolab\/","title":{"rendered":"Scrignolab"},"content":{"rendered":"    <div class=\"content-block wrapper image-right\">\n            <div class=\"content-block__spacer\"><\/div>\n    <div class=\"content-block__column-text\">    <div class=\"content-block__text\">\n        <h3 class=\"content-block__text--title\">Scrigno Lab<\/h3>\n        <p class=\"content-block__text--content\">Le 30 juin 2017, le Groupe Scrigno a inaugur\u00e9 aupr\u00e8s de son si\u00e8ge de Santarcangelo di Romagna, un\u00a0<strong>nouveau p\u00f4le multifonctionnel<\/strong>, d\u00e9di\u00e9 \u00e0 l\u2019<strong>exposition des produits<\/strong>, \u00e0 la\u00a0<strong>formation<\/strong>\u00a0et aux\u00a0<strong>\u00e9v\u00e9nements<\/strong>: Scrigno Lab.<br>Lab signifie laboratoire, p\u00e9pini\u00e8re d\u2019id\u00e9es, lieu pour partager et b\u00e2tir de nouveaux projets, pour conna\u00eetre les processus, le montage, les particularit\u00e9s des produits de l\u2019entreprise.<br><br>Cette \u0153uvre s\u2019ins\u00e8re dans une strat\u00e9gie de plus grande ampleur qui voit le Groupe engag\u00e9 dans une s\u00e9rie d\u2019investissements visant tous \u00e0 accro\u00eetre sa pr\u00e9sence sur le march\u00e9 international et, en m\u00eame temps, \u00e0 t\u00e9moigner son engagement constant dans la valorisation du territoire et de la collectivit\u00e9 locale.<\/p>\n\n            \n    \n    <\/div><\/div>\n    <div class=\"content-block__column-image\">    <iframe\n        class=\"content-block__video-iframe\"\n        width=\"100%\"\n        src=\"https:\/\/www.youtube.com\/embed\/pSHi0YjW0RQ\"\n        title=\"YouTube video player\"\n        frameBorder=\"0\"\n        allow=\"accelerometer; autoplay; clipboard-write; encrypted-media; gyroscope; picture-in-picture; web-share\"\n        referrerPolicy=\"strict-origin-when-cross-origin\"\n        allowFullScreen>\n    <\/iframe><\/div>\n    <div class=\"content-block__spacer\"><\/div>\n    <\/div>\n\n    <div class=\"content-block wrapper image-left\">\n            \n    <div class=\"content-block__column-image large-image\">    <img decoding=\"async\" src=\"https:\/\/www.scrigno.com\/wp-content\/uploads\/2024\/07\/6.jpg\" class=\"content-block__image\"  alt=\"media_news\/6.jpg\" \/><\/div>\n    <div class=\"content-block__column-text\">    <div class=\"content-block__text\">\n        <h3 class=\"content-block__text--title\">Ext\u00e9rieur<\/h3>\n        <p class=\"content-block__text--content\">\u00c0 l\u2019ext\u00e9rieur, les treillis en aluminium cintr\u00e9s reprennent les formes courbes des plafonds en arches des \u00e9difices environnants tout en entourant id\u00e9alement cette nouvelle \u0153uvre et\u00a0<em>en s\u2019ins\u00e9rant de mani\u00e8re harmonieuse<\/em>\u00a0dans le jardin d\u2019o\u00f9 partent des plantes grimpantes qui les recouvreront au fil du temps en changeant de couleur selon les saisons.<br><br>L\u2019avant-cour en asphalte a \u00e9t\u00e9 \u00e9limin\u00e9 pour donner vie \u00e0 un\u00a0<strong>jardin ondoyant<\/strong>\u00a0qui reprend les formes arrondies des \u00e9difices de l\u2019ancienne usine en cr\u00e9ant une agr\u00e9able harmonie.<br>On arrive \u00e0 l\u2019entr\u00e9e de Scrigno Lab \u00e0 travers le jardin et en c\u00f4toyant un long couloir d\u2019eau.<br>La couverture de cette nouvelle \u0153uvre accueille un jardin suspendu d\u00e9di\u00e9 \u00e0 la\u00a0<strong>convivialit\u00e9<\/strong>\u00a0et aux\u00a0<strong>\u00e9v\u00e9nements<\/strong>, d\u2019o\u00f9 l\u2019on peut jouir pleinement de la vue sur le jardin.<\/p>\n\n            \n    \n    <\/div><\/div>\n    <div class=\"content-block__spacer\"><\/div>\n    <\/div>\n\n    <div class=\"content-block wrapper image-right\">\n            <div class=\"content-block__spacer\"><\/div>\n    <div class=\"content-block__column-text\">    <div class=\"content-block__text\">\n        <h3 class=\"content-block__text--title\">Int\u00e9rieur<\/h3>\n        <p class=\"content-block__text--content\">L\u2019int\u00e9rieur comprend trois pi\u00e8ces distribu\u00e9es sur une surface de 425 m2 : \u00c0 l\u2019entr\u00e9e il y a une galerie qui accueille les\u00a0<strong>derni\u00e8res nouveaut\u00e9s<\/strong>\u00a0de la Maison et une zone d\u00e9di\u00e9e \u00e0\u00a0<strong>meetings, conf\u00e9rences et activit\u00e9s de formation<\/strong>; un autre espace accueille\u00a0<strong>l\u2019exposition toute enti\u00e8re<\/strong>\u00a0des diff\u00e9rentes gammes de produit ; enfin, pour la restauration et la convivialit\u00e9, il y a une zone d\u00e9cor\u00e9e avec une grande biblioth\u00e8que et des tableaux qui racontent l\u2019histoire de l\u2019entreprise \u00e0 travers ses pages publicitaires, am\u00e9nag\u00e9e de mani\u00e8re diff\u00e9rentes selon les \u00e9v\u00e9nements.<br><br>Dans la galerie, les produits sont pr\u00e9sent\u00e9s comme des v\u00e9ritables installations d\u2019art, sur des \u00eelots cr\u00e9\u00e9s avec des planchers en bois, r\u00e9sine et pierre, d\u00e9limit\u00e9s par des grillages tr\u00e8s fins en fer et positionn\u00e9s au centre de mani\u00e8re \u00e0 rendre fluide le parcours du visiteur et avoir une vision globale du produit. Au-del\u00e0 de chaque porte expos\u00e9e, il y a une pi\u00e8ce d\u00e9cor\u00e9e qui valorise et compl\u00e8te l\u2019id\u00e9e du produit en rendant plus \u00e9motionnelle la vision d\u2019ensemble. Tout au long de la cloison qui va de l\u2019entr\u00e9e \u00e0 la zone de formation, des tableaux repr\u00e9sentant les diff\u00e9rents proc\u00e9d\u00e9s de production sont suspendus dans le vide gr\u00e2ce \u00e0 un syst\u00e8me de fils d\u2019acier : machines, bras m\u00e9caniques, bobines de t\u00f4le, d\u00e9tails particuli\u00e8rement suggestifs.<br><br>Les contre-ch\u00e2ssis font bon effet juste \u00e0 c\u00f4t\u00e9 des assises de la zone de formation en rappelant, gr\u00e2ce \u00e0 un jeu de miroirs, les images refl\u00e9t\u00e9es des personnes et du jardin.<\/p>\n\n            \n    \n    <\/div><\/div>\n    <div class=\"content-block__column-image large-image\">    <img decoding=\"async\" src=\"https:\/\/www.scrigno.com\/wp-content\/uploads\/2024\/07\/novita-esposizione-scrignolab.jpg\" class=\"content-block__image\"  alt=\"novita-esposizione-scrignolab\" \/><\/div>\n    \n    <\/div>\n\n\n<div class=\"wp-block-group wrapper is-layout-constrained wp-block-group-is-layout-constrained\">\n<div class=\"wp-block-group wrapped cols-w-6 is-vertical is-layout-flex wp-container-core-group-is-layout-8cf370e7 wp-block-group-is-layout-flex\">\n<figure class=\"wp-block-embed is-type-video is-provider-youtube wp-block-embed-youtube wp-embed-aspect-16-9 wp-has-aspect-ratio w-full\"><div class=\"wp-block-embed__wrapper\">\n<iframe loading=\"lazy\" title=\"ESSENTIAL\" width=\"500\" height=\"281\" src=\"https:\/\/www.youtube.com\/embed\/7Fuxqt5Ki6c?feature=oembed\" frameborder=\"0\" allow=\"accelerometer; autoplay; clipboard-write; encrypted-media; gyroscope; picture-in-picture; web-share\" referrerpolicy=\"strict-origin-when-cross-origin\" allowfullscreen><\/iframe>\n<\/div><\/figure>\n<\/div>\n\n\n\n<div class=\"wp-block-group wrapped cols-w-6 is-vertical is-layout-flex wp-container-core-group-is-layout-8cf370e7 wp-block-group-is-layout-flex\">\n<figure class=\"wp-block-embed is-type-video is-provider-youtube wp-block-embed-youtube wp-embed-aspect-16-9 wp-has-aspect-ratio w-full\"><div class=\"wp-block-embed__wrapper\">\n<iframe loading=\"lazy\" title=\"GOLD\" width=\"500\" height=\"281\" src=\"https:\/\/www.youtube.com\/embed\/gB3LSp3n41E?feature=oembed\" frameborder=\"0\" allow=\"accelerometer; autoplay; clipboard-write; encrypted-media; gyroscope; picture-in-picture; web-share\" referrerpolicy=\"strict-origin-when-cross-origin\" allowfullscreen><\/iframe>\n<\/div><\/figure>\n<\/div>\n<\/div>\n","protected":false},"excerpt":{"rendered":"","protected":false},"author":4,"featured_media":0,"parent":0,"menu_order":0,"comment_status":"closed","ping_status":"closed","template":"","meta":{"_acf_changed":false,"footnotes":""},"class_list":["post-8169","page","type-page","status-publish","hentry"],"acf":[],"yoast_head":"<!-- This site is optimized with the Yoast SEO plugin v27.1.1 - https:\/\/yoast.com\/product\/yoast-seo-wordpress\/ -->\n<title>Scrignolab - Scrigno<\/title>\n<meta name=\"robots\" content=\"index, follow, max-snippet:-1, max-image-preview:large, max-video-preview:-1\" \/>\n<link rel=\"canonical\" href=\"https:\/\/www.scrigno.com\/fr\/scrignolab\/\" \/>\n<meta property=\"og:locale\" content=\"fr_FR\" \/>\n<meta property=\"og:type\" content=\"article\" \/>\n<meta property=\"og:title\" content=\"Scrignolab - Scrigno\" \/>\n<meta property=\"og:url\" content=\"https:\/\/www.scrigno.com\/fr\/scrignolab\/\" \/>\n<meta property=\"og:site_name\" content=\"Scrigno\" \/>\n<meta property=\"article:modified_time\" content=\"2024-09-06T08:39:06+00:00\" \/>\n<meta name=\"twitter:card\" content=\"summary_large_image\" \/>\n<meta name=\"twitter:label1\" content=\"Dur\u00e9e de lecture estim\u00e9e\" \/>\n\t<meta name=\"twitter:data1\" content=\"1 minute\" \/>\n<script type=\"application\/ld+json\" class=\"yoast-schema-graph\">{\"@context\":\"https:\/\/schema.org\",\"@graph\":[{\"@type\":\"WebPage\",\"@id\":\"https:\/\/www.scrigno.com\/fr\/scrignolab\/\",\"url\":\"https:\/\/www.scrigno.com\/fr\/scrignolab\/\",\"name\":\"Scrignolab - Scrigno\",\"isPartOf\":{\"@id\":\"https:\/\/www.scrigno.com\/fr\/#website\"},\"datePublished\":\"2024-07-30T12:39:19+00:00\",\"dateModified\":\"2024-09-06T08:39:06+00:00\",\"breadcrumb\":{\"@id\":\"https:\/\/www.scrigno.com\/fr\/scrignolab\/#breadcrumb\"},\"inLanguage\":\"fr-FR\",\"potentialAction\":[{\"@type\":\"ReadAction\",\"target\":[\"https:\/\/www.scrigno.com\/fr\/scrignolab\/\"]}]},{\"@type\":\"BreadcrumbList\",\"@id\":\"https:\/\/www.scrigno.com\/fr\/scrignolab\/#breadcrumb\",\"itemListElement\":[{\"@type\":\"ListItem\",\"position\":1,\"name\":\"Home\",\"item\":\"https:\/\/www.scrigno.com\/fr\/\"},{\"@type\":\"ListItem\",\"position\":2,\"name\":\"Scrignolab\"}]},{\"@type\":\"WebSite\",\"@id\":\"https:\/\/www.scrigno.com\/fr\/#website\",\"url\":\"https:\/\/www.scrigno.com\/fr\/\",\"name\":\"Scrigno\",\"description\":\"\",\"potentialAction\":[{\"@type\":\"SearchAction\",\"target\":{\"@type\":\"EntryPoint\",\"urlTemplate\":\"https:\/\/www.scrigno.com\/fr\/?s={search_term_string}\"},\"query-input\":{\"@type\":\"PropertyValueSpecification\",\"valueRequired\":true,\"valueName\":\"search_term_string\"}}],\"inLanguage\":\"fr-FR\"}]}<\/script>\n<!-- \/ Yoast SEO plugin. -->","yoast_head_json":{"title":"Scrignolab - Scrigno","robots":{"index":"index","follow":"follow","max-snippet":"max-snippet:-1","max-image-preview":"max-image-preview:large","max-video-preview":"max-video-preview:-1"},"canonical":"https:\/\/www.scrigno.com\/fr\/scrignolab\/","og_locale":"fr_FR","og_type":"article","og_title":"Scrignolab - Scrigno","og_url":"https:\/\/www.scrigno.com\/fr\/scrignolab\/","og_site_name":"Scrigno","article_modified_time":"2024-09-06T08:39:06+00:00","twitter_card":"summary_large_image","twitter_misc":{"Dur\u00e9e de lecture estim\u00e9e":"1 minute"},"schema":{"@context":"https:\/\/schema.org","@graph":[{"@type":"WebPage","@id":"https:\/\/www.scrigno.com\/fr\/scrignolab\/","url":"https:\/\/www.scrigno.com\/fr\/scrignolab\/","name":"Scrignolab - Scrigno","isPartOf":{"@id":"https:\/\/www.scrigno.com\/fr\/#website"},"datePublished":"2024-07-30T12:39:19+00:00","dateModified":"2024-09-06T08:39:06+00:00","breadcrumb":{"@id":"https:\/\/www.scrigno.com\/fr\/scrignolab\/#breadcrumb"},"inLanguage":"fr-FR","potentialAction":[{"@type":"ReadAction","target":["https:\/\/www.scrigno.com\/fr\/scrignolab\/"]}]},{"@type":"BreadcrumbList","@id":"https:\/\/www.scrigno.com\/fr\/scrignolab\/#breadcrumb","itemListElement":[{"@type":"ListItem","position":1,"name":"Home","item":"https:\/\/www.scrigno.com\/fr\/"},{"@type":"ListItem","position":2,"name":"Scrignolab"}]},{"@type":"WebSite","@id":"https:\/\/www.scrigno.com\/fr\/#website","url":"https:\/\/www.scrigno.com\/fr\/","name":"Scrigno","description":"","potentialAction":[{"@type":"SearchAction","target":{"@type":"EntryPoint","urlTemplate":"https:\/\/www.scrigno.com\/fr\/?s={search_term_string}"},"query-input":{"@type":"PropertyValueSpecification","valueRequired":true,"valueName":"search_term_string"}}],"inLanguage":"fr-FR"}]}},"_links":{"self":[{"href":"https:\/\/www.scrigno.com\/fr\/wp-json\/wp\/v2\/pages\/8169","targetHints":{"allow":["GET"]}}],"collection":[{"href":"https:\/\/www.scrigno.com\/fr\/wp-json\/wp\/v2\/pages"}],"about":[{"href":"https:\/\/www.scrigno.com\/fr\/wp-json\/wp\/v2\/types\/page"}],"author":[{"embeddable":true,"href":"https:\/\/www.scrigno.com\/fr\/wp-json\/wp\/v2\/users\/4"}],"replies":[{"embeddable":true,"href":"https:\/\/www.scrigno.com\/fr\/wp-json\/wp\/v2\/comments?post=8169"}],"version-history":[{"count":0,"href":"https:\/\/www.scrigno.com\/fr\/wp-json\/wp\/v2\/pages\/8169\/revisions"}],"wp:attachment":[{"href":"https:\/\/www.scrigno.com\/fr\/wp-json\/wp\/v2\/media?parent=8169"}],"curies":[{"name":"wp","href":"https:\/\/api.w.org\/{rel}","templated":true}]}}