{"id":8174,"date":"2024-07-30T16:13:04","date_gmt":"2024-07-30T14:13:04","guid":{"rendered":"https:\/\/www.scrigno.com\/governance-team\/"},"modified":"2025-10-09T14:20:26","modified_gmt":"2025-10-09T12:20:26","slug":"governance-team","status":"publish","type":"page","link":"https:\/\/www.scrigno.com\/fr\/governance-team\/","title":{"rendered":"\u00c9quipe de gouvernance"},"content":{"rendered":"    <div class=\"content-block wrapper text-only\">\n            \n    <div class=\"wrapped cols-8\">    <div class=\"content-block__text\">\n        \n        <p class=\"content-block__text--content\">Le Groupe Scrigno exerce ses activit\u00e9s avec le concours d\u2019une \u00e9quipe de direction soigneusement s\u00e9lectionn\u00e9e, compos\u00e9e de professionnels de haut niveau issus de secteurs diversifi\u00e9s et en mesure d\u2019offrir des comp\u00e9tences fonctionnelles sp\u00e9cialis\u00e9es, fruit d\u2019une exp\u00e9rience consolid\u00e9e et ant\u00e9rieure.<\/p>\n\n            \n    \n    <\/div><\/div>\n    \n    \n    <\/div>\n\n    <div class=\"content-block wrapper text-only\">\n            \n    <div class=\"wrapped cols-8\">    <div class=\"content-block__text\">\n        <h3 class=\"content-block__text--title\">Management team<\/h3>\n        <p class=\"content-block__text--content\"><strong>Fabrizio Campanella<\/strong> &#8211; Chief Executive Officer<strong><br><\/strong><br><strong>Roberto Caputo<\/strong> &#8211; Chief Commercial Officer<br><br><strong>Giorgio Giatti<\/strong>\u00a0\u2013 Chief Operating Officer<br><a href=\"https:\/\/it.linkedin.com\/in\/flavio-depetris-a0a42123\" target=\"_blank\" rel=\"noreferrer noopener\"><\/a><br><strong>Laura Favretti\u00a0<\/strong>\u2013 Chief Marketing Officer<br><a href=\"https:\/\/it.linkedin.com\/in\/micol-malleo\" target=\"_blank\" rel=\"noreferrer noopener\"><\/a><br><strong>Matteo Marian<\/strong>\u00a0\u2013 Chief Financial Officer<br><br><strong>Sebastien Merchier<\/strong>\u00a0\u2013 BU Director CCE<br><br><strong>Vladimiro Margutti\u00a0<\/strong>\u2013 BU Director Ecomet<br><a href=\"https:\/\/it.linkedin.com\/in\/sebastien-merchier-041616b9\" target=\"_blank\" rel=\"noreferrer noopener\"><\/a><br><strong>Pierpaolo Rufolo<\/strong>\u00a0\u2013 Chief People Officer<\/p>\n\n            \n    \n    <\/div><\/div>\n    \n    \n    <\/div>","protected":false},"excerpt":{"rendered":"","protected":false},"author":4,"featured_media":0,"parent":0,"menu_order":0,"comment_status":"closed","ping_status":"closed","template":"","meta":{"_acf_changed":false,"footnotes":""},"class_list":["post-8174","page","type-page","status-publish","hentry"],"acf":[],"yoast_head":"<!-- This site is optimized with the Yoast SEO plugin v27.1.1 - https:\/\/yoast.com\/product\/yoast-seo-wordpress\/ -->\n<title>\u00c9quipe de gouvernance - Scrigno<\/title>\n<meta name=\"robots\" content=\"index, follow, max-snippet:-1, max-image-preview:large, max-video-preview:-1\" \/>\n<link rel=\"canonical\" href=\"https:\/\/www.scrigno.com\/fr\/governance-team\/\" \/>\n<meta property=\"og:locale\" content=\"fr_FR\" \/>\n<meta property=\"og:type\" content=\"article\" \/>\n<meta property=\"og:title\" content=\"\u00c9quipe de gouvernance - Scrigno\" \/>\n<meta property=\"og:url\" content=\"https:\/\/www.scrigno.com\/fr\/governance-team\/\" \/>\n<meta property=\"og:site_name\" content=\"Scrigno\" \/>\n<meta property=\"article:modified_time\" content=\"2025-10-09T12:20:26+00:00\" \/>\n<meta name=\"twitter:card\" content=\"summary_large_image\" \/>\n<script type=\"application\/ld+json\" class=\"yoast-schema-graph\">{\"@context\":\"https:\/\/schema.org\",\"@graph\":[{\"@type\":\"WebPage\",\"@id\":\"https:\/\/www.scrigno.com\/fr\/governance-team\/\",\"url\":\"https:\/\/www.scrigno.com\/fr\/governance-team\/\",\"name\":\"\u00c9quipe de gouvernance - Scrigno\",\"isPartOf\":{\"@id\":\"https:\/\/www.scrigno.com\/fr\/#website\"},\"datePublished\":\"2024-07-30T14:13:04+00:00\",\"dateModified\":\"2025-10-09T12:20:26+00:00\",\"breadcrumb\":{\"@id\":\"https:\/\/www.scrigno.com\/fr\/governance-team\/#breadcrumb\"},\"inLanguage\":\"fr-FR\",\"potentialAction\":[{\"@type\":\"ReadAction\",\"target\":[\"https:\/\/www.scrigno.com\/fr\/governance-team\/\"]}]},{\"@type\":\"BreadcrumbList\",\"@id\":\"https:\/\/www.scrigno.com\/fr\/governance-team\/#breadcrumb\",\"itemListElement\":[{\"@type\":\"ListItem\",\"position\":1,\"name\":\"Home\",\"item\":\"https:\/\/www.scrigno.com\/fr\/\"},{\"@type\":\"ListItem\",\"position\":2,\"name\":\"\u00c9quipe de gouvernance\"}]},{\"@type\":\"WebSite\",\"@id\":\"https:\/\/www.scrigno.com\/fr\/#website\",\"url\":\"https:\/\/www.scrigno.com\/fr\/\",\"name\":\"Scrigno\",\"description\":\"\",\"potentialAction\":[{\"@type\":\"SearchAction\",\"target\":{\"@type\":\"EntryPoint\",\"urlTemplate\":\"https:\/\/www.scrigno.com\/fr\/?s={search_term_string}\"},\"query-input\":{\"@type\":\"PropertyValueSpecification\",\"valueRequired\":true,\"valueName\":\"search_term_string\"}}],\"inLanguage\":\"fr-FR\"}]}<\/script>\n<!-- \/ Yoast SEO plugin. -->","yoast_head_json":{"title":"\u00c9quipe de gouvernance - Scrigno","robots":{"index":"index","follow":"follow","max-snippet":"max-snippet:-1","max-image-preview":"max-image-preview:large","max-video-preview":"max-video-preview:-1"},"canonical":"https:\/\/www.scrigno.com\/fr\/governance-team\/","og_locale":"fr_FR","og_type":"article","og_title":"\u00c9quipe de gouvernance - Scrigno","og_url":"https:\/\/www.scrigno.com\/fr\/governance-team\/","og_site_name":"Scrigno","article_modified_time":"2025-10-09T12:20:26+00:00","twitter_card":"summary_large_image","schema":{"@context":"https:\/\/schema.org","@graph":[{"@type":"WebPage","@id":"https:\/\/www.scrigno.com\/fr\/governance-team\/","url":"https:\/\/www.scrigno.com\/fr\/governance-team\/","name":"\u00c9quipe de gouvernance - Scrigno","isPartOf":{"@id":"https:\/\/www.scrigno.com\/fr\/#website"},"datePublished":"2024-07-30T14:13:04+00:00","dateModified":"2025-10-09T12:20:26+00:00","breadcrumb":{"@id":"https:\/\/www.scrigno.com\/fr\/governance-team\/#breadcrumb"},"inLanguage":"fr-FR","potentialAction":[{"@type":"ReadAction","target":["https:\/\/www.scrigno.com\/fr\/governance-team\/"]}]},{"@type":"BreadcrumbList","@id":"https:\/\/www.scrigno.com\/fr\/governance-team\/#breadcrumb","itemListElement":[{"@type":"ListItem","position":1,"name":"Home","item":"https:\/\/www.scrigno.com\/fr\/"},{"@type":"ListItem","position":2,"name":"\u00c9quipe de gouvernance"}]},{"@type":"WebSite","@id":"https:\/\/www.scrigno.com\/fr\/#website","url":"https:\/\/www.scrigno.com\/fr\/","name":"Scrigno","description":"","potentialAction":[{"@type":"SearchAction","target":{"@type":"EntryPoint","urlTemplate":"https:\/\/www.scrigno.com\/fr\/?s={search_term_string}"},"query-input":{"@type":"PropertyValueSpecification","valueRequired":true,"valueName":"search_term_string"}}],"inLanguage":"fr-FR"}]}},"_links":{"self":[{"href":"https:\/\/www.scrigno.com\/fr\/wp-json\/wp\/v2\/pages\/8174","targetHints":{"allow":["GET"]}}],"collection":[{"href":"https:\/\/www.scrigno.com\/fr\/wp-json\/wp\/v2\/pages"}],"about":[{"href":"https:\/\/www.scrigno.com\/fr\/wp-json\/wp\/v2\/types\/page"}],"author":[{"embeddable":true,"href":"https:\/\/www.scrigno.com\/fr\/wp-json\/wp\/v2\/users\/4"}],"replies":[{"embeddable":true,"href":"https:\/\/www.scrigno.com\/fr\/wp-json\/wp\/v2\/comments?post=8174"}],"version-history":[{"count":0,"href":"https:\/\/www.scrigno.com\/fr\/wp-json\/wp\/v2\/pages\/8174\/revisions"}],"wp:attachment":[{"href":"https:\/\/www.scrigno.com\/fr\/wp-json\/wp\/v2\/media?parent=8174"}],"curies":[{"name":"wp","href":"https:\/\/api.w.org\/{rel}","templated":true}]}}