{"id":8178,"date":"2024-08-01T15:28:29","date_gmt":"2024-08-01T13:28:29","guid":{"rendered":"https:\/\/www.scrigno.com\/compliance\/"},"modified":"2024-10-08T15:06:03","modified_gmt":"2024-10-08T13:06:03","slug":"compliance","status":"publish","type":"page","link":"https:\/\/www.scrigno.com\/fr\/compliance\/","title":{"rendered":"Conformit\u00e9"},"content":{"rendered":"    <div class=\"content-block wrapper text-only\">\n            \n    <div class=\"wrapped cols-8\">    <div class=\"content-block__text\">\n        \n        <p class=\"content-block__text--content\">Un succ\u00e8s durable comme celui du Groupe Scrigno est le fruit d\u2019un comportement \u00e9thique, \u00e9quitable et responsable, respectueux des lois de chaque pays dans lequel il op\u00e8re. Cela signifie que le Groupe s\u2019engage \u00e0 diffuser et \u00e0 consolider une culture de la s\u00e9curit\u00e9 en d\u00e9veloppant la conscience du risque et en encourageant des comportements responsables de la part de tous les collaborateurs\u00a0; il reconna\u00eet la sant\u00e9 et la s\u00e9curit\u00e9 sur le lieu de travail comme des droits fondamentaux des employ\u00e9s\u00a0; il propose de maintenir et de favoriser un environnement de travail positif dans lequel chacun peut d\u00e9velopper et am\u00e9liorer ses capacit\u00e9s et ses comp\u00e9tences, et \u00e9tablit des relations avec ses employ\u00e9s et ses collaborateurs sur la base de principes tels que la loyaut\u00e9 et la confiance\u00a0; enfin, il soutient la protection des droits humains fondamentaux et le respect de tous les individus, en garantissant l\u2019\u00e9galit\u00e9 de traitement et en \u00e9vitant toutes les formes de discrimination.<\/p>\n\n            <div class=\"file-list\">\n        <div class=\"file-list__table\">\n            <a target=\"_blank\" class=\"file-list__row\" href=https:\/\/www.scrigno.com\/wp-content\/uploads\/2024\/09\/Organisation-Management-and-Control-Model-pursuant-to-Legislative-Decree-2312001.pdf>\n    <div class=\"file-list__row--title\">Organisation, Management and Control Model pursuant to Legislative Decree 2312001<\/div>\n    <div class=\"file-list__row--type\">pdf<\/div>\n<\/a><a target=\"_blank\" class=\"file-list__row\" href=https:\/\/www.scrigno.com\/wp-content\/uploads\/2024\/09\/Scrigno-spa-Code-of-Ethics.pdf>\n    <div class=\"file-list__row--title\">Scrigno spa Code of Ethics<\/div>\n    <div class=\"file-list__row--type\">pdf<\/div>\n<\/a>\n        <\/div>\n    <\/div>\n    <\/div><\/div>\n    \n    \n    <\/div>\n\n\n<p><\/p>\n","protected":false},"excerpt":{"rendered":"","protected":false},"author":4,"featured_media":0,"parent":0,"menu_order":0,"comment_status":"closed","ping_status":"closed","template":"","meta":{"_acf_changed":false,"footnotes":""},"class_list":["post-8178","page","type-page","status-publish","hentry"],"acf":[],"yoast_head":"<!-- This site is optimized with the Yoast SEO plugin v27.1.1 - https:\/\/yoast.com\/product\/yoast-seo-wordpress\/ -->\n<title>Conformit\u00e9 - Scrigno<\/title>\n<meta name=\"robots\" content=\"index, follow, max-snippet:-1, max-image-preview:large, max-video-preview:-1\" \/>\n<link rel=\"canonical\" href=\"https:\/\/www.scrigno.com\/fr\/compliance\/\" \/>\n<meta property=\"og:locale\" content=\"fr_FR\" \/>\n<meta property=\"og:type\" content=\"article\" \/>\n<meta property=\"og:title\" content=\"Conformit\u00e9 - Scrigno\" \/>\n<meta property=\"og:url\" content=\"https:\/\/www.scrigno.com\/fr\/compliance\/\" \/>\n<meta property=\"og:site_name\" content=\"Scrigno\" \/>\n<meta property=\"article:modified_time\" content=\"2024-10-08T13:06:03+00:00\" \/>\n<meta name=\"twitter:card\" content=\"summary_large_image\" \/>\n<script type=\"application\/ld+json\" class=\"yoast-schema-graph\">{\"@context\":\"https:\/\/schema.org\",\"@graph\":[{\"@type\":\"WebPage\",\"@id\":\"https:\/\/www.scrigno.com\/fr\/compliance\/\",\"url\":\"https:\/\/www.scrigno.com\/fr\/compliance\/\",\"name\":\"Conformit\u00e9 - Scrigno\",\"isPartOf\":{\"@id\":\"https:\/\/www.scrigno.com\/fr\/#website\"},\"datePublished\":\"2024-08-01T13:28:29+00:00\",\"dateModified\":\"2024-10-08T13:06:03+00:00\",\"breadcrumb\":{\"@id\":\"https:\/\/www.scrigno.com\/fr\/compliance\/#breadcrumb\"},\"inLanguage\":\"fr-FR\",\"potentialAction\":[{\"@type\":\"ReadAction\",\"target\":[\"https:\/\/www.scrigno.com\/fr\/compliance\/\"]}]},{\"@type\":\"BreadcrumbList\",\"@id\":\"https:\/\/www.scrigno.com\/fr\/compliance\/#breadcrumb\",\"itemListElement\":[{\"@type\":\"ListItem\",\"position\":1,\"name\":\"Home\",\"item\":\"https:\/\/www.scrigno.com\/fr\/\"},{\"@type\":\"ListItem\",\"position\":2,\"name\":\"Conformit\u00e9\"}]},{\"@type\":\"WebSite\",\"@id\":\"https:\/\/www.scrigno.com\/fr\/#website\",\"url\":\"https:\/\/www.scrigno.com\/fr\/\",\"name\":\"Scrigno\",\"description\":\"\",\"potentialAction\":[{\"@type\":\"SearchAction\",\"target\":{\"@type\":\"EntryPoint\",\"urlTemplate\":\"https:\/\/www.scrigno.com\/fr\/?s={search_term_string}\"},\"query-input\":{\"@type\":\"PropertyValueSpecification\",\"valueRequired\":true,\"valueName\":\"search_term_string\"}}],\"inLanguage\":\"fr-FR\"}]}<\/script>\n<!-- \/ Yoast SEO plugin. -->","yoast_head_json":{"title":"Conformit\u00e9 - Scrigno","robots":{"index":"index","follow":"follow","max-snippet":"max-snippet:-1","max-image-preview":"max-image-preview:large","max-video-preview":"max-video-preview:-1"},"canonical":"https:\/\/www.scrigno.com\/fr\/compliance\/","og_locale":"fr_FR","og_type":"article","og_title":"Conformit\u00e9 - Scrigno","og_url":"https:\/\/www.scrigno.com\/fr\/compliance\/","og_site_name":"Scrigno","article_modified_time":"2024-10-08T13:06:03+00:00","twitter_card":"summary_large_image","schema":{"@context":"https:\/\/schema.org","@graph":[{"@type":"WebPage","@id":"https:\/\/www.scrigno.com\/fr\/compliance\/","url":"https:\/\/www.scrigno.com\/fr\/compliance\/","name":"Conformit\u00e9 - Scrigno","isPartOf":{"@id":"https:\/\/www.scrigno.com\/fr\/#website"},"datePublished":"2024-08-01T13:28:29+00:00","dateModified":"2024-10-08T13:06:03+00:00","breadcrumb":{"@id":"https:\/\/www.scrigno.com\/fr\/compliance\/#breadcrumb"},"inLanguage":"fr-FR","potentialAction":[{"@type":"ReadAction","target":["https:\/\/www.scrigno.com\/fr\/compliance\/"]}]},{"@type":"BreadcrumbList","@id":"https:\/\/www.scrigno.com\/fr\/compliance\/#breadcrumb","itemListElement":[{"@type":"ListItem","position":1,"name":"Home","item":"https:\/\/www.scrigno.com\/fr\/"},{"@type":"ListItem","position":2,"name":"Conformit\u00e9"}]},{"@type":"WebSite","@id":"https:\/\/www.scrigno.com\/fr\/#website","url":"https:\/\/www.scrigno.com\/fr\/","name":"Scrigno","description":"","potentialAction":[{"@type":"SearchAction","target":{"@type":"EntryPoint","urlTemplate":"https:\/\/www.scrigno.com\/fr\/?s={search_term_string}"},"query-input":{"@type":"PropertyValueSpecification","valueRequired":true,"valueName":"search_term_string"}}],"inLanguage":"fr-FR"}]}},"_links":{"self":[{"href":"https:\/\/www.scrigno.com\/fr\/wp-json\/wp\/v2\/pages\/8178","targetHints":{"allow":["GET"]}}],"collection":[{"href":"https:\/\/www.scrigno.com\/fr\/wp-json\/wp\/v2\/pages"}],"about":[{"href":"https:\/\/www.scrigno.com\/fr\/wp-json\/wp\/v2\/types\/page"}],"author":[{"embeddable":true,"href":"https:\/\/www.scrigno.com\/fr\/wp-json\/wp\/v2\/users\/4"}],"replies":[{"embeddable":true,"href":"https:\/\/www.scrigno.com\/fr\/wp-json\/wp\/v2\/comments?post=8178"}],"version-history":[{"count":0,"href":"https:\/\/www.scrigno.com\/fr\/wp-json\/wp\/v2\/pages\/8178\/revisions"}],"wp:attachment":[{"href":"https:\/\/www.scrigno.com\/fr\/wp-json\/wp\/v2\/media?parent=8178"}],"curies":[{"name":"wp","href":"https:\/\/api.w.org\/{rel}","templated":true}]}}