{"id":8189,"date":"2024-08-26T15:52:17","date_gmt":"2024-08-26T13:52:17","guid":{"rendered":"https:\/\/www.scrigno.com\/certificazioni-e-garanzia\/"},"modified":"2026-02-09T17:46:10","modified_gmt":"2026-02-09T15:46:10","slug":"certifications-et-garantie","status":"publish","type":"page","link":"https:\/\/www.scrigno.com\/fr\/certifications-et-garantie\/","title":{"rendered":"Certifications et garantie"},"content":{"rendered":"    <div class=\"content-block wrapper image-left\">\n            <div class=\"content-block__spacer\"><\/div>\n    <div class=\"content-block__column-image\">    <img decoding=\"async\" src=\"https:\/\/www.scrigno.com\/wp-content\/uploads\/2025\/03\/Cattura-1.png\" class=\"content-block__image\"  alt=\"Cattura\" \/><\/div>\n    <div class=\"content-block__column-text\">    <div class=\"content-block__text\">\n        <h3 class=\"content-block__text--title\">Une qualit\u00e9 reconnaissable, faite pour durer<\/h3>\n        <p class=\"content-block__text--content\">Scrigno S.p.A. a mis en place un Syst\u00e8me de Management de la Qualit\u00e9, conform\u00e9ment \u00e0 la norme UNI\u00a0EN\u00a0<a href=\"https:\/\/www.scrigno.com\/wp-content\/uploads\/2024\/12\/ISO-9001-2015-Certificate.pdf\">ISO\u00a09001:2015.<\/a><br>Au-del\u00e0 d\u2019un respect formel des exigences de la l\u00e9gislation en vigueur, il s\u2019agit d\u2019un soutien et d\u2019un stimulant suppl\u00e9mentaire pour l\u2019am\u00e9lioration continue de la gestion des processus de l\u2019entreprise dans une optique d\u2019efficacit\u00e9 commerciale et de satisfaction du client.<br>La qualit\u00e9 Scrigno est reconnaissable \u00e0 la MARQUE ORIGINALE appos\u00e9e sur le galandage et sur le rail de coulissement, qui reste visible une fois le produit assembl\u00e9.<br><br>Il est facile de contr\u00f4ler le galandage et le rail de coulissement\u00a0:\u00a0seuls ceux qui portent la marque originale sont certifi\u00e9s Scrigno.<br><br>Scrigno a adopt\u00e9 un Syst\u00e8me de Management Environnemental bas\u00e9 sur la\u00a0<a href=\"https:\/\/www.scrigno.com\/wp-content\/uploads\/2024\/12\/ISO-14001-2015-Certificate.pdf\">certification ISO 14001:2015<\/a>, obtenue en 2021, ainsi qu\u2019une approche bas\u00e9e sur le risque.<\/p>\n\n            \n    \n    <\/div><\/div>\n    <div class=\"content-block__spacer\"><\/div>\n    <\/div>\n\n    <div class=\"content-block wrapper image-right\">\n            <div class=\"content-block__spacer\"><\/div>\n    <div class=\"content-block__column-text\">    <div class=\"content-block__text\">\n        <h3 class=\"content-block__text--title\">Les essais en laboratoire<\/h3>\n        <p class=\"content-block__text--content\">La qualit\u00e9 des produits Scrigno est naturellement certifi\u00e9e par les organismes les plus r\u00e9put\u00e9s.<br>Mais pour Scrigno, le concept de qualit\u00e9 ne se limite pas au respect des exigences l\u00e9gales\u00a0:\u00a0nous aimons aller au-del\u00e0, en cherchant toujours \u00e0 \u00e9tablir de nouvelles normes.<br>C\u2019est pourquoi nous attestons par de nombreux tests volontaires que nos produits sont aptes \u00e0 garantir d\u2019excellents r\u00e9sultats, tant en termes de fonctionnement que de s\u00e9curit\u00e9 active et passive.<br><br>La gamme Scrigno a pass\u00e9 avec succ\u00e8s des tests rigoureux de r\u00e9sistance aux chocs et aux charges, et comprend des produits r\u00e9sistants au feu et exempts d\u2019\u00e9missions nocives.<br><br>Tous les accessoires sont \u00e9galement test\u00e9s et retest\u00e9s pendant des milliers de cycles afin que la qualit\u00e9 Scrigno reste une valeur durable.<\/p>\n\n            \n    \n    <\/div><\/div>\n    <div class=\"content-block__column-image\">    <img decoding=\"async\" src=\"https:\/\/www.scrigno.com\/wp-content\/uploads\/2024\/09\/3.jpg\" class=\"content-block__image\"  alt=\"3\" \/><\/div>\n    <div class=\"content-block__spacer\"><\/div>\n    <\/div>\n\n    <div class=\"content-block wrapper image-left\">\n            <div class=\"content-block__spacer\"><\/div>\n    <div class=\"content-block__column-image\">    <img decoding=\"async\" src=\"https:\/\/www.scrigno.com\/wp-content\/uploads\/2024\/09\/2.png\" class=\"content-block__image\"  alt=\"2\" \/><\/div>\n    <div class=\"content-block__column-text\">    <div class=\"content-block__text\">\n        <h3 class=\"content-block__text--title\">La qualit\u00e9 comme principe<\/h3>\n        <p class=\"content-block__text--content\">Depuis 1989, Scrigno a fait de la qualit\u00e9 un principe fondateur, une r\u00e8gle incontournable qui accompagne chaque produit et chaque processus de l\u2019entreprise.<br><br>Une activit\u00e9 constante, parfois quotidienne, faite de v\u00e9rifications, de contr\u00f4les, de tests en laboratoire et en interne, pour commercialiser des solutions tr\u00e8s performantes dans le temps, nettement au-del\u00e0 des exigences l\u00e9gales.<br><br>La recherche, l\u2019innovation et la qualit\u00e9 sont notre pain quotidien\u00a0:\u00a0la multitude des brevets est notre meilleure certification de qualit\u00e9.<br>L\u2019activit\u00e9 constante se traduit par plus de 30 contr\u00f4les sur le cycle de production, d\u00e8s l\u2019arriv\u00e9e de la mati\u00e8re premi\u00e8re.<br><br>Scrigno soumet toutes ses bobines de t\u00f4le \u00e0 des tests de radioactivit\u00e9 pour garantir non seulement que les produits fonctionnent bien, mais aussi qu\u2019ils sont sans danger pour la sant\u00e9 de ceux qui les utiliseront sur le long terme.<br>La qualit\u00e9 de chaque composant est test\u00e9e \u00e0 chaque livraison et des tests de conformit\u00e9 \u00e0 des normes de qualit\u00e9 \u00e9lev\u00e9es sont impos\u00e9s \u00e0 tous nos fournisseurs.<br><br>Ce n\u2019est pas un hasard si la quasi-totalit\u00e9 des composants employ\u00e9s provient de fabricants italiens et concentr\u00e9s \u00e0 proximit\u00e9 de nos \u00e9tablissements.<\/p>\n\n            \n    \n    <\/div><\/div>\n    <div class=\"content-block__spacer\"><\/div>\n    <\/div>\n\n\n<div class=\"wp-block-scrignocom-scrigno-com-block-download-list download-list wrapper product-section\" data-search-type=\"Certifications\"><div class=\"section__header wrapped cols-10\"><div class=\"section__header--text\"><div class=\"section__title\">Certifications<\/div><\/div><\/div><div class=\"file-list wrapped cols-10\"><div class=\"file-list__table\">    <a target=\"_blank\" href=\"https:\/\/www.scrigno.com\/wp-content\/uploads\/2024\/12\/ISO-9001-2015-Certificate.pdf\" class=\"file-list__row searchable\" >\n        \n        <div class=\"file-list__row--title\" data-search-text=\"ISO 9001:2015 Certificate\">ISO 9001:2015 Certificate<\/div>\n        <div class=\"file-list__row--type\">pdf<\/div>\n        <div class=\"file-list__row--size\">1.8 MB<\/div>\n    <\/a>\n\n    <a target=\"_blank\" href=\"https:\/\/www.scrigno.com\/wp-content\/uploads\/2024\/12\/ISO-14001-2015-Certificate.pdf\" class=\"file-list__row searchable\" >\n        \n        <div class=\"file-list__row--title\" data-search-text=\"ISO 14001:2015 Certificate\">ISO 14001:2015 Certificate<\/div>\n        <div class=\"file-list__row--type\">pdf<\/div>\n        <div class=\"file-list__row--size\">543.6 KB<\/div>\n    <\/a>\n\n    <a target=\"_blank\" href=\"https:\/\/www.scrigno.com\/wp-content\/uploads\/2026\/02\/PEFCCertificate_EN_2026.pdf\" class=\"file-list__row searchable\" >\n        \n        <div class=\"file-list__row--title\" data-search-text=\"PEFCCertificate\">PEFCCertificate<\/div>\n        <div class=\"file-list__row--type\">pdf<\/div>\n        <div class=\"file-list__row--size\">1.7 MB<\/div>\n    <\/a><\/div><\/div><\/div>\n\n\n\n<div class=\"wp-block-scrignocom-scrigno-com-block-download-list download-list wrapper product-section\" data-search-type=\"Garantie du produit sous-ch\u00e2ssis\"><div class=\"section__header wrapped cols-10\"><div class=\"section__header--text\"><div class=\"section__title\">Garantie du produit sous-ch\u00e2ssis<\/div><\/div><\/div><div class=\"file-list wrapped cols-10\"><div class=\"file-list__table\">    <a target=\"_blank\" href=\"https:\/\/www.scrigno.com\/wp-content\/uploads\/2025\/12\/Garantie-du-produit-sous-chassis.pdf\" class=\"file-list__row searchable\" >\n        \n        <div class=\"file-list__row--title\" data-search-text=\"Garantie du produit sous-ch\u00e2ssis\">Garantie du produit sous-ch\u00e2ssis<\/div>\n        <div class=\"file-list__row--type\">pdf<\/div>\n        <div class=\"file-list__row--size\">269.4 KB<\/div>\n    <\/a><\/div><\/div><\/div>\n","protected":false},"excerpt":{"rendered":"","protected":false},"author":1,"featured_media":0,"parent":0,"menu_order":0,"comment_status":"closed","ping_status":"closed","template":"","meta":{"_acf_changed":false,"footnotes":""},"class_list":["post-8189","page","type-page","status-publish","hentry"],"acf":[],"yoast_head":"<!-- This site is optimized with the Yoast SEO plugin v27.1.1 - https:\/\/yoast.com\/product\/yoast-seo-wordpress\/ -->\n<title>Certifications et garantie - Scrigno<\/title>\n<meta name=\"robots\" content=\"index, follow, max-snippet:-1, max-image-preview:large, max-video-preview:-1\" \/>\n<link rel=\"canonical\" href=\"https:\/\/www.scrigno.com\/fr\/certifications-et-garantie\/\" \/>\n<meta property=\"og:locale\" content=\"fr_FR\" \/>\n<meta property=\"og:type\" content=\"article\" \/>\n<meta property=\"og:title\" content=\"Certifications et garantie - Scrigno\" \/>\n<meta property=\"og:url\" content=\"https:\/\/www.scrigno.com\/fr\/certifications-et-garantie\/\" \/>\n<meta property=\"og:site_name\" content=\"Scrigno\" \/>\n<meta property=\"article:modified_time\" content=\"2026-02-09T15:46:10+00:00\" \/>\n<meta name=\"twitter:card\" content=\"summary_large_image\" \/>\n<meta name=\"twitter:label1\" content=\"Dur\u00e9e de lecture estim\u00e9e\" \/>\n\t<meta name=\"twitter:data1\" content=\"1 minute\" \/>\n<script type=\"application\/ld+json\" class=\"yoast-schema-graph\">{\"@context\":\"https:\/\/schema.org\",\"@graph\":[{\"@type\":\"WebPage\",\"@id\":\"https:\/\/www.scrigno.com\/fr\/certifications-et-garantie\/\",\"url\":\"https:\/\/www.scrigno.com\/fr\/certifications-et-garantie\/\",\"name\":\"Certifications et garantie - Scrigno\",\"isPartOf\":{\"@id\":\"https:\/\/www.scrigno.com\/fr\/#website\"},\"datePublished\":\"2024-08-26T13:52:17+00:00\",\"dateModified\":\"2026-02-09T15:46:10+00:00\",\"breadcrumb\":{\"@id\":\"https:\/\/www.scrigno.com\/fr\/certifications-et-garantie\/#breadcrumb\"},\"inLanguage\":\"fr-FR\",\"potentialAction\":[{\"@type\":\"ReadAction\",\"target\":[\"https:\/\/www.scrigno.com\/fr\/certifications-et-garantie\/\"]}]},{\"@type\":\"BreadcrumbList\",\"@id\":\"https:\/\/www.scrigno.com\/fr\/certifications-et-garantie\/#breadcrumb\",\"itemListElement\":[{\"@type\":\"ListItem\",\"position\":1,\"name\":\"Home\",\"item\":\"https:\/\/www.scrigno.com\/fr\/\"},{\"@type\":\"ListItem\",\"position\":2,\"name\":\"Certifications et garantie\"}]},{\"@type\":\"WebSite\",\"@id\":\"https:\/\/www.scrigno.com\/fr\/#website\",\"url\":\"https:\/\/www.scrigno.com\/fr\/\",\"name\":\"Scrigno\",\"description\":\"\",\"potentialAction\":[{\"@type\":\"SearchAction\",\"target\":{\"@type\":\"EntryPoint\",\"urlTemplate\":\"https:\/\/www.scrigno.com\/fr\/?s={search_term_string}\"},\"query-input\":{\"@type\":\"PropertyValueSpecification\",\"valueRequired\":true,\"valueName\":\"search_term_string\"}}],\"inLanguage\":\"fr-FR\"}]}<\/script>\n<!-- \/ Yoast SEO plugin. -->","yoast_head_json":{"title":"Certifications et garantie - Scrigno","robots":{"index":"index","follow":"follow","max-snippet":"max-snippet:-1","max-image-preview":"max-image-preview:large","max-video-preview":"max-video-preview:-1"},"canonical":"https:\/\/www.scrigno.com\/fr\/certifications-et-garantie\/","og_locale":"fr_FR","og_type":"article","og_title":"Certifications et garantie - Scrigno","og_url":"https:\/\/www.scrigno.com\/fr\/certifications-et-garantie\/","og_site_name":"Scrigno","article_modified_time":"2026-02-09T15:46:10+00:00","twitter_card":"summary_large_image","twitter_misc":{"Dur\u00e9e de lecture estim\u00e9e":"1 minute"},"schema":{"@context":"https:\/\/schema.org","@graph":[{"@type":"WebPage","@id":"https:\/\/www.scrigno.com\/fr\/certifications-et-garantie\/","url":"https:\/\/www.scrigno.com\/fr\/certifications-et-garantie\/","name":"Certifications et garantie - Scrigno","isPartOf":{"@id":"https:\/\/www.scrigno.com\/fr\/#website"},"datePublished":"2024-08-26T13:52:17+00:00","dateModified":"2026-02-09T15:46:10+00:00","breadcrumb":{"@id":"https:\/\/www.scrigno.com\/fr\/certifications-et-garantie\/#breadcrumb"},"inLanguage":"fr-FR","potentialAction":[{"@type":"ReadAction","target":["https:\/\/www.scrigno.com\/fr\/certifications-et-garantie\/"]}]},{"@type":"BreadcrumbList","@id":"https:\/\/www.scrigno.com\/fr\/certifications-et-garantie\/#breadcrumb","itemListElement":[{"@type":"ListItem","position":1,"name":"Home","item":"https:\/\/www.scrigno.com\/fr\/"},{"@type":"ListItem","position":2,"name":"Certifications et garantie"}]},{"@type":"WebSite","@id":"https:\/\/www.scrigno.com\/fr\/#website","url":"https:\/\/www.scrigno.com\/fr\/","name":"Scrigno","description":"","potentialAction":[{"@type":"SearchAction","target":{"@type":"EntryPoint","urlTemplate":"https:\/\/www.scrigno.com\/fr\/?s={search_term_string}"},"query-input":{"@type":"PropertyValueSpecification","valueRequired":true,"valueName":"search_term_string"}}],"inLanguage":"fr-FR"}]}},"_links":{"self":[{"href":"https:\/\/www.scrigno.com\/fr\/wp-json\/wp\/v2\/pages\/8189","targetHints":{"allow":["GET"]}}],"collection":[{"href":"https:\/\/www.scrigno.com\/fr\/wp-json\/wp\/v2\/pages"}],"about":[{"href":"https:\/\/www.scrigno.com\/fr\/wp-json\/wp\/v2\/types\/page"}],"author":[{"embeddable":true,"href":"https:\/\/www.scrigno.com\/fr\/wp-json\/wp\/v2\/users\/1"}],"replies":[{"embeddable":true,"href":"https:\/\/www.scrigno.com\/fr\/wp-json\/wp\/v2\/comments?post=8189"}],"version-history":[{"count":0,"href":"https:\/\/www.scrigno.com\/fr\/wp-json\/wp\/v2\/pages\/8189\/revisions"}],"wp:attachment":[{"href":"https:\/\/www.scrigno.com\/fr\/wp-json\/wp\/v2\/media?parent=8189"}],"curies":[{"name":"wp","href":"https:\/\/api.w.org\/{rel}","templated":true}]}}