{"id":8195,"date":"2024-09-02T15:26:04","date_gmt":"2024-09-02T13:26:04","guid":{"rendered":"https:\/\/www.scrigno.com\/porte-scorrevoli\/"},"modified":"2025-06-19T12:35:52","modified_gmt":"2025-06-19T10:35:52","slug":"porte-coulissante","status":"publish","type":"page","link":"https:\/\/www.scrigno.com\/fr\/porte-coulissante\/","title":{"rendered":"Porte coulissante"},"content":{"rendered":"\n<div class=\"wp-block-scrignocom-scrigno-com-block-sub-hero sub-hero\"><div class=\"sub-hero__container wrapper\"><div class=\"sub-hero__image wrapped cols-w-8\"><img decoding=\"async\" loading=\"lazy\" src=\"https:\/\/www.scrigno.com\/wp-content\/uploads\/2024\/10\/scorrevole_3-scaled.jpg\"\/><\/div><div class=\"sub-hero__content wrapped cols-w-3\"><h2 class=\"sub-hero__title\">Syst\u00e8me d&rsquo;ouverture coulissante<\/h2><p class=\"sub-hero__subtitle subtitle1\"><\/p><p class=\"sub-hero__text Body1\">Les syst\u00e8mes d&rsquo;ouverture coulissante sont des solutions polyvalentes et sophistiqu\u00e9es qui associent un ch\u00e2ssis \u00e0 une porte coulissante.<br><br>Disponibles en version encastr\u00e9e ou \u00e0 montant, ces syst\u00e8mes sont con\u00e7us pour s&rsquo;adapter \u00e0 des exigences de conception sp\u00e9cifiques.<br><br>La gamme comprend des solutions de portes coulissantes en bois, en verre et sp\u00e9ciales, offrant un large choix de mat\u00e9riaux et de finitions pour s&rsquo;adapter \u00e0 tous les styles et \u00e0 toutes les fonctionnalit\u00e9s.<\/p><div class=\"sub-hero__ctas\"><a href=\"https:\/\/www.scrigno.com\/fr\/categoria\/portes-coulissantes\/\" class=\"sub-hero__cta cta\">D\u00e9couvrez toutes les portes coulissantes<span class=\"ico icon icon-ico-arrow-right\"><\/span><\/a><\/div><\/div><\/div><\/div>\n\n\n    <div class=\"content-block wrapper image-right\">\n            <div class=\"content-block__spacer\"><\/div>\n    <div class=\"content-block__column-text\">    <div class=\"content-block__text\">\n        <h3 class=\"content-block__text--title\">Encadrements pour portes coulissantes<\/h3>\n        <p class=\"content-block__text--content\">La vaste gamme de contre-ch\u00e2ssis Scrigno garantit aux clients et aux professionnels une polyvalence maximale en mati\u00e8re de design, vous permettant de toujours trouver ce que vous voulez sans faire de compromis.<br><br>Disponibles dans les lignes Platinum et Tech, ces solutions sont extr\u00eamement durables et offrent des performances sup\u00e9rieures, \u00e0 tel point que les tests de rigidit\u00e9 de la bouche les ont reconnues comme les plus solides du march\u00e9.<br><br>Tous les contre-ch\u00e2ssis sont le r\u00e9sultat de nombreuses \u00e9tudes et recherches technologiques qui les rendent uniques : ils offrent un niveau de douceur et de silence in\u00e9gal\u00e9 pour cr\u00e9er des habitats harmonieux et confortables, et se distinguent par leur grande facilit\u00e9 d&rsquo;installation.<\/p>\n\n            \n    \n    <\/div><\/div>\n    <div class=\"content-block__column-image large-image\">    <img decoding=\"async\" src=\"https:\/\/www.scrigno.com\/wp-content\/uploads\/2024\/07\/porta_scorrevole-controtelai_scrigno.jpg\" class=\"content-block__image\"  alt=\"porta_scorrevole-controtelai_scrigno\" \/><\/div>\n    \n    <\/div>\n\n        <div class=\"banner banner--warranty banner--surface\">\n            <div class=\"banner__container\">\n                <div class=\"banner__content\">\n                    <div class=\"banner__title-wrapper\">\n                        <span class=\"banner__title-icon icon icon-ico-award\"><\/span>\n                        <h3 class=\"banner__title\">Garantie du produit<\/h3>\n                    <\/div>\n                    <p class=\"banner__text\">Les portes coulissantes Scrigno ont toujours \u00e9t\u00e9 reconnues comme leaders du secteur et en constante \u00e9volution, tant en termes de conception que de r\u00e9sistance et de durabilit\u00e9 dans le temps. Les tests effectu\u00e9s aupr\u00e8s d&rsquo;instituts accr\u00e9dit\u00e9s certifient et confirment la sup\u00e9riorit\u00e9 des portes coulissantes Scrigno par rapport aux principales solutions concurrentes du march\u00e9, en termes de : durabilit\u00e9, robustesse et capacit\u00e9 de charge ; accessoirisation, l\u00e9g\u00e8ret\u00e9 et douceur ; facilit\u00e9 d&rsquo;installation et durabilit\u00e9 de la production. <\/p>\n                <\/div>\n            <\/div>\n        <\/div>\n\n\n<div class=\"wp-block-scrignocom-scrigno-com-block-products-explorer section products__explorer\"><div class=\"products__explorer-wrapper wrapper\"><div class=\"section__header wrapped\"><div class=\"section__header--text\"><h2 class=\"section__title\">Mat\u00e9riaux et fonctionnalit\u00e9s pour tous les besoins<\/h2><p class=\"section__subtitle\">S\u00e9lection de portes coulissantes, disponibles dans d&rsquo;\u00e9l\u00e9gantes versions encastr\u00e9es ou \u00e0 montants. Le choix des mat\u00e9riaux est vari\u00e9, avec des options en bois et en verre, parfaites pour ajouter de la chaleur et de la transparence aux pi\u00e8ces. Pour la s\u00e9curit\u00e9 et le confort, nous proposons \u00e9galement des solutions sp\u00e9ciales telles que des portes coulissantes insonoris\u00e9es et ignifug\u00e9es, garantissant une combinaison de style et de fonctionnalit\u00e9 pour chaque type d&rsquo;environnement.<br><a href=\"https:\/\/www.scrigno.com\/IT\/it\/porte-scrigno\/porte-battenti-in-legno\"><\/a><\/p><\/div><\/div><div class=\"card__row splide\"><div class=\"splide__track\"><div class=\"splide__list\">    <a href=\"https:\/\/www.scrigno.com\/fr\/categoria\/portes-coulissantes-en-bois\/\" target=\"\" rel=\"\" class=\"card products__explorer--card splide__slide\">\n        <div class=\"card__img\" style=\"background-image: url('https:\/\/www.scrigno.com\/wp-content\/uploads\/2024\/07\/porta_scorrevole-in-legno_scrigno.jpg')\"><\/div>\n\n        <div class=\"card__content\">\n            <div class=\"card__text\">\n                <h3 class=\"card__title\">Bois<\/h3>\n                <p class=\"card__description card__description--long\">Les portes coulissantes laqu\u00e9es et stratifi\u00e9es sont une option id\u00e9ale pour les environnements modernes et classiques.<\/p>\n            <\/div>\n            <div class=\"cta card__cta text-primary\">\n                <span class=\"card__cta--text\">Afficher les produits<\/span> <span class=\"ico icon icon-ico-arrow-right\"><\/span>\n            <\/div>\n        <\/div>\n    <\/a>\n\n    <a href=\"https:\/\/www.scrigno.com\/fr\/categoria\/portes-coulissantes-en-verre\/\" target=\"\" rel=\"\" class=\"card products__explorer--card splide__slide\">\n        <div class=\"card__img\" style=\"background-image: url('https:\/\/www.scrigno.com\/wp-content\/uploads\/2024\/07\/porta_scorrevole-in-vetro_scrigno.jpg')\"><\/div>\n\n        <div class=\"card__content\">\n            <div class=\"card__text\">\n                <h3 class=\"card__title\">Verre<\/h3>\n                <p class=\"card__description card__description--long\">Les portes coulissantes en verre enrichissent tous les types d&rsquo;environnements et r\u00e9pondent \u00e0 une grande vari\u00e9t\u00e9 de styles. Les finitions se d\u00e9clinent en une riche palette de teintes s\u00e9lectionnables.<\/p>\n            <\/div>\n            <div class=\"cta card__cta text-primary\">\n                <span class=\"card__cta--text\">Afficher les produits<\/span> <span class=\"ico icon icon-ico-arrow-right\"><\/span>\n            <\/div>\n        <\/div>\n    <\/a>\n\n    <a href=\"https:\/\/www.scrigno.com\/fr\/categoria\/portes-coulissantes-speciales\/\" target=\"\" rel=\"\" class=\"card products__explorer--card splide__slide\">\n        <div class=\"card__img\" style=\"background-image: url('https:\/\/www.scrigno.com\/wp-content\/uploads\/2024\/07\/porta_scorrevole-tecniche_scrigno.jpg')\"><\/div>\n\n        <div class=\"card__content\">\n            <div class=\"card__text\">\n                <h3 class=\"card__title\">Sp\u00e9ciales<\/h3>\n                <p class=\"card__description card__description--long\">Les syst\u00e8mes coulissants avec montants et affleurant le mur offrent des performances certifi\u00e9es en mati\u00e8re d&rsquo;isolation acoustique et de r\u00e9sistance au feu.<\/p>\n            <\/div>\n            <div class=\"cta card__cta text-primary\">\n                <span class=\"card__cta--text\">Afficher les produits<\/span> <span class=\"ico icon icon-ico-arrow-right\"><\/span>\n            <\/div>\n        <\/div>\n    <\/a><\/div><\/div><\/div><div class=\"section__footer\"><\/div><\/div><\/div>\n\n\n\n<div class=\"wp-block-scrignocom-scrigno-com-block-related-categories related-categories wrapper\"><div class=\"section__header wrapped cols-w-5 offset-l-1\"><div class=\"section__header--text\"><h2 class=\"section__title\">Types de portes coulissantes<\/h2><p class=\"section__subtitle\">Notre s\u00e9lection de portes coulissantes, disponibles avec des montants ou install\u00e9es au ras du mur, offre des solutions polyvalentes pour chaque environnement. Des portes traditionnelles en bois aux \u00e9l\u00e9gantes portes en verre, vous trouverez la combinaison parfaite de style et de fonctionnalit\u00e9 pour r\u00e9pondre \u00e0 vos besoins. En outre, nous proposons des options sp\u00e9ciales telles que des portes coulissantes insonoris\u00e9es et ignifug\u00e9es pour garantir la s\u00e9curit\u00e9 et le confort dans toutes les situations.<br><a href=\"https:\/\/www.scrigno.com\/fr\/categoria\/portes-coulissantes\/?tipology=55\"><\/a><\/p><\/div><\/div><div class=\"box__list wrapped\">    <div class=\"box related-box half\">\n        <a href=\"https:\/\/www.scrigno.com\/fr\/categoria\/porte-coulissante-a-fil-de-cloison\"\n            target=\"\"\n            rel=\"\"\n            class=\"box__container\">\n            <div class=\"box__img\" style=\"background-image:url('https:\/\/www.scrigno.com\/wp-content\/uploads\/2024\/07\/related_1.jpeg')\"><\/div>\n\n            <div class=\"box__content\">\n                <div class=\"box__title\">Portes coulissantes affleurantes<\/div>\n                <div class=\"box__description\"><\/div>\n                    <span class=\"cta text-primary\">\n        En savoir plus <span class=\"ico icon icon-ico-arrow-right\"><\/span>\n    <\/span>\n            <\/div>\n        <\/a>\n    <\/div>\n\n    <div class=\"box related-box half\">\n        <a href=\"https:\/\/www.scrigno.com\/fr\/categoria\/portes-coulissantes\/?tipology=doorposts\"\n            target=\"\"\n            rel=\"\"\n            class=\"box__container\">\n            <div class=\"box__img\" style=\"background-image:url('https:\/\/www.scrigno.com\/wp-content\/uploads\/2024\/07\/related_2.jpeg')\"><\/div>\n\n            <div class=\"box__content\">\n                <div class=\"box__title\">Portes coulissantes avec montants<\/div>\n                <div class=\"box__description\"><\/div>\n                    <span class=\"cta text-primary\">\n        En savoir plus <span class=\"ico icon icon-ico-arrow-right\"><\/span>\n    <\/span>\n            <\/div>\n        <\/a>\n    <\/div><\/div><\/div>\n\n\n    <div class=\"banner-architects\">\n        <div title=\"TROUVEZ DES POINTS DE VENTE ET DES AGENTS\" class=\"banner-architects__image\">\n            <img decoding=\"async\" src=\"https:\/\/www.scrigno.com\/wp-content\/uploads\/2025\/06\/Banner_Architetti_v2-14.jpg\" alt=\"\" \/>\n        <\/div>\n        <div class=\"banner-architects__text-box\">\n            <h4 class=\"banner-architects__title\">TROUVEZ DES POINTS DE VENTE ET DES AGENTS<\/h4>\n            \n            <a href=\"#\" class=\"cta\">\n                En savoir plus\n                <span class=\"ico icon icon-ico-arrow-right\"><\/span>\n            <\/a>\n        <\/div>\n    <\/div>\n\n\n<div class=\"wp-block-group wrapper is-layout-constrained wp-block-group-is-layout-constrained\">\n<h3 class=\"wp-block-heading wrapped cols-10 section__title\">Contactez-nous<\/h3>\n\n\n    <div class=\"_form_131 wrapped cols-10 \"><\/div>\n    <script src=\"https:\/\/scrignogroup.activehosted.com\/f\/embed.php?id=131\" charset=\"utf-8\" data-cookieconsent=\"ignore\"><\/script><\/div>\n","protected":false},"excerpt":{"rendered":"<p>Contactez-nous<\/p>\n","protected":false},"author":1,"featured_media":0,"parent":0,"menu_order":0,"comment_status":"closed","ping_status":"closed","template":"","meta":{"_acf_changed":false,"footnotes":""},"class_list":["post-8195","page","type-page","status-publish","hentry"],"acf":[],"yoast_head":"<!-- This site is optimized with the Yoast SEO plugin v27.1.1 - https:\/\/yoast.com\/product\/yoast-seo-wordpress\/ -->\n<title>Porte coulissante - Scrigno<\/title>\n<meta name=\"robots\" content=\"index, follow, max-snippet:-1, max-image-preview:large, max-video-preview:-1\" \/>\n<link rel=\"canonical\" href=\"https:\/\/www.scrigno.com\/fr\/porte-coulissante\/\" \/>\n<meta property=\"og:locale\" content=\"fr_FR\" \/>\n<meta property=\"og:type\" content=\"article\" \/>\n<meta property=\"og:title\" content=\"Porte coulissante - Scrigno\" \/>\n<meta property=\"og:description\" content=\"Contactez-nous\" \/>\n<meta property=\"og:url\" content=\"https:\/\/www.scrigno.com\/fr\/porte-coulissante\/\" \/>\n<meta property=\"og:site_name\" content=\"Scrigno\" \/>\n<meta property=\"article:modified_time\" content=\"2025-06-19T10:35:52+00:00\" \/>\n<meta property=\"og:image\" content=\"https:\/\/www.scrigno.com\/wp-content\/uploads\/2024\/10\/scorrevole_3-scaled.jpg\" \/>\n<meta name=\"twitter:card\" content=\"summary_large_image\" \/>\n<meta name=\"twitter:label1\" content=\"Dur\u00e9e de lecture estim\u00e9e\" \/>\n\t<meta name=\"twitter:data1\" content=\"2 minutes\" \/>\n<script type=\"application\/ld+json\" class=\"yoast-schema-graph\">{\"@context\":\"https:\/\/schema.org\",\"@graph\":[{\"@type\":\"WebPage\",\"@id\":\"https:\/\/www.scrigno.com\/fr\/porte-coulissante\/\",\"url\":\"https:\/\/www.scrigno.com\/fr\/porte-coulissante\/\",\"name\":\"Porte coulissante - Scrigno\",\"isPartOf\":{\"@id\":\"https:\/\/www.scrigno.com\/fr\/#website\"},\"primaryImageOfPage\":{\"@id\":\"https:\/\/www.scrigno.com\/fr\/porte-coulissante\/#primaryimage\"},\"image\":{\"@id\":\"https:\/\/www.scrigno.com\/fr\/porte-coulissante\/#primaryimage\"},\"thumbnailUrl\":\"https:\/\/www.scrigno.com\/wp-content\/uploads\/2024\/10\/scorrevole_3-scaled.jpg\",\"datePublished\":\"2024-09-02T13:26:04+00:00\",\"dateModified\":\"2025-06-19T10:35:52+00:00\",\"breadcrumb\":{\"@id\":\"https:\/\/www.scrigno.com\/fr\/porte-coulissante\/#breadcrumb\"},\"inLanguage\":\"fr-FR\",\"potentialAction\":[{\"@type\":\"ReadAction\",\"target\":[\"https:\/\/www.scrigno.com\/fr\/porte-coulissante\/\"]}]},{\"@type\":\"ImageObject\",\"inLanguage\":\"fr-FR\",\"@id\":\"https:\/\/www.scrigno.com\/fr\/porte-coulissante\/#primaryimage\",\"url\":\"https:\/\/www.scrigno.com\/wp-content\/uploads\/2024\/10\/scorrevole_3-scaled.jpg\",\"contentUrl\":\"https:\/\/www.scrigno.com\/wp-content\/uploads\/2024\/10\/scorrevole_3-scaled.jpg\"},{\"@type\":\"BreadcrumbList\",\"@id\":\"https:\/\/www.scrigno.com\/fr\/porte-coulissante\/#breadcrumb\",\"itemListElement\":[{\"@type\":\"ListItem\",\"position\":1,\"name\":\"Home\",\"item\":\"https:\/\/www.scrigno.com\/fr\/\"},{\"@type\":\"ListItem\",\"position\":2,\"name\":\"Porte coulissante\"}]},{\"@type\":\"WebSite\",\"@id\":\"https:\/\/www.scrigno.com\/fr\/#website\",\"url\":\"https:\/\/www.scrigno.com\/fr\/\",\"name\":\"Scrigno\",\"description\":\"\",\"potentialAction\":[{\"@type\":\"SearchAction\",\"target\":{\"@type\":\"EntryPoint\",\"urlTemplate\":\"https:\/\/www.scrigno.com\/fr\/?s={search_term_string}\"},\"query-input\":{\"@type\":\"PropertyValueSpecification\",\"valueRequired\":true,\"valueName\":\"search_term_string\"}}],\"inLanguage\":\"fr-FR\"}]}<\/script>\n<!-- \/ Yoast SEO plugin. -->","yoast_head_json":{"title":"Porte coulissante - Scrigno","robots":{"index":"index","follow":"follow","max-snippet":"max-snippet:-1","max-image-preview":"max-image-preview:large","max-video-preview":"max-video-preview:-1"},"canonical":"https:\/\/www.scrigno.com\/fr\/porte-coulissante\/","og_locale":"fr_FR","og_type":"article","og_title":"Porte coulissante - Scrigno","og_description":"Contactez-nous","og_url":"https:\/\/www.scrigno.com\/fr\/porte-coulissante\/","og_site_name":"Scrigno","article_modified_time":"2025-06-19T10:35:52+00:00","og_image":[{"url":"https:\/\/www.scrigno.com\/wp-content\/uploads\/2024\/10\/scorrevole_3-scaled.jpg","type":"","width":"","height":""}],"twitter_card":"summary_large_image","twitter_misc":{"Dur\u00e9e de lecture estim\u00e9e":"2 minutes"},"schema":{"@context":"https:\/\/schema.org","@graph":[{"@type":"WebPage","@id":"https:\/\/www.scrigno.com\/fr\/porte-coulissante\/","url":"https:\/\/www.scrigno.com\/fr\/porte-coulissante\/","name":"Porte coulissante - Scrigno","isPartOf":{"@id":"https:\/\/www.scrigno.com\/fr\/#website"},"primaryImageOfPage":{"@id":"https:\/\/www.scrigno.com\/fr\/porte-coulissante\/#primaryimage"},"image":{"@id":"https:\/\/www.scrigno.com\/fr\/porte-coulissante\/#primaryimage"},"thumbnailUrl":"https:\/\/www.scrigno.com\/wp-content\/uploads\/2024\/10\/scorrevole_3-scaled.jpg","datePublished":"2024-09-02T13:26:04+00:00","dateModified":"2025-06-19T10:35:52+00:00","breadcrumb":{"@id":"https:\/\/www.scrigno.com\/fr\/porte-coulissante\/#breadcrumb"},"inLanguage":"fr-FR","potentialAction":[{"@type":"ReadAction","target":["https:\/\/www.scrigno.com\/fr\/porte-coulissante\/"]}]},{"@type":"ImageObject","inLanguage":"fr-FR","@id":"https:\/\/www.scrigno.com\/fr\/porte-coulissante\/#primaryimage","url":"https:\/\/www.scrigno.com\/wp-content\/uploads\/2024\/10\/scorrevole_3-scaled.jpg","contentUrl":"https:\/\/www.scrigno.com\/wp-content\/uploads\/2024\/10\/scorrevole_3-scaled.jpg"},{"@type":"BreadcrumbList","@id":"https:\/\/www.scrigno.com\/fr\/porte-coulissante\/#breadcrumb","itemListElement":[{"@type":"ListItem","position":1,"name":"Home","item":"https:\/\/www.scrigno.com\/fr\/"},{"@type":"ListItem","position":2,"name":"Porte coulissante"}]},{"@type":"WebSite","@id":"https:\/\/www.scrigno.com\/fr\/#website","url":"https:\/\/www.scrigno.com\/fr\/","name":"Scrigno","description":"","potentialAction":[{"@type":"SearchAction","target":{"@type":"EntryPoint","urlTemplate":"https:\/\/www.scrigno.com\/fr\/?s={search_term_string}"},"query-input":{"@type":"PropertyValueSpecification","valueRequired":true,"valueName":"search_term_string"}}],"inLanguage":"fr-FR"}]}},"_links":{"self":[{"href":"https:\/\/www.scrigno.com\/fr\/wp-json\/wp\/v2\/pages\/8195","targetHints":{"allow":["GET"]}}],"collection":[{"href":"https:\/\/www.scrigno.com\/fr\/wp-json\/wp\/v2\/pages"}],"about":[{"href":"https:\/\/www.scrigno.com\/fr\/wp-json\/wp\/v2\/types\/page"}],"author":[{"embeddable":true,"href":"https:\/\/www.scrigno.com\/fr\/wp-json\/wp\/v2\/users\/1"}],"replies":[{"embeddable":true,"href":"https:\/\/www.scrigno.com\/fr\/wp-json\/wp\/v2\/comments?post=8195"}],"version-history":[{"count":0,"href":"https:\/\/www.scrigno.com\/fr\/wp-json\/wp\/v2\/pages\/8195\/revisions"}],"wp:attachment":[{"href":"https:\/\/www.scrigno.com\/fr\/wp-json\/wp\/v2\/media?parent=8195"}],"curies":[{"name":"wp","href":"https:\/\/api.w.org\/{rel}","templated":true}]}}