{"id":8198,"date":"2024-09-02T16:11:31","date_gmt":"2024-09-02T14:11:31","guid":{"rendered":"https:\/\/www.scrigno.com\/porte-battenti\/"},"modified":"2025-06-19T12:10:13","modified_gmt":"2025-06-19T10:10:13","slug":"porte-battante","status":"publish","type":"page","link":"https:\/\/www.scrigno.com\/fr\/porte-battante\/","title":{"rendered":"Porte battante"},"content":{"rendered":"\n<div class=\"wp-block-scrignocom-scrigno-com-block-sub-hero sub-hero\"><div class=\"sub-hero__container wrapper\"><div class=\"sub-hero__image wrapped cols-w-8\"><img decoding=\"async\" loading=\"lazy\" src=\"https:\/\/www.scrigno.com\/wp-content\/uploads\/2024\/07\/porta_battente-filomuro_scrigno.jpg\"\/><\/div><div class=\"sub-hero__content wrapped cols-w-3\"><h2 class=\"sub-hero__title\">Syst\u00e8me d&rsquo;ouverture \u00e0 portes battantes<\/h2><p class=\"sub-hero__subtitle subtitle1\"><\/p><p class=\"sub-hero__text Body1\">Le syst\u00e8me d&rsquo;ouverture \u00e0 portes battantes affleurant au mur et avec montants est le choix id\u00e9al pour un design \u00e9pur\u00e9 et contemporain.<br><br>Ces portes battantes s&rsquo;int\u00e8grent harmonieusement \u00e0 l&rsquo;architecture environnante, cr\u00e9ant une ambiance d&rsquo;une esth\u00e9tique raffin\u00e9e.<br><br>Gr\u00e2ce \u00e0 leur polyvalence, elles peuvent \u00eatre personnalis\u00e9es pour r\u00e9pondre aux besoins sp\u00e9cifiques de n&rsquo;importe quel environnement, garantissant un aspect \u00e9l\u00e9gant et fonctionnel.<\/p><div class=\"sub-hero__ctas\"><a href=\"https:\/\/www.scrigno.com\/fr\/categoria\/portes-battantes\/\" class=\"sub-hero__cta cta\">D\u00e9couvrez toutes les portes battantes<span class=\"ico icon icon-ico-arrow-right\"><\/span><\/a><\/div><\/div><\/div><\/div>\n\n\n\n<div class=\"wp-block-scrignocom-scrigno-com-block-products-explorer section products__explorer wrapper\"><div class=\"products__explorer-wrapper wrapper\"><div class=\"section__header wrapped\"><div class=\"section__header--text\"><h2 class=\"section__title\">Diff\u00e9rents mat\u00e9riaux pour des solutions esth\u00e9tiques et fonctionnelles<\/h2><p class=\"section__subtitle\">Les portes battantes sont disponibles dans une vari\u00e9t\u00e9 de mat\u00e9riaux, y compris le bois et le verre, ce qui permet de personnaliser le style et le design. En outre, il existe des syst\u00e8mes de pivotement sp\u00e9ciaux con\u00e7us pour am\u00e9liorer l&rsquo;isolation acoustique ou la r\u00e9sistance au feu, garantissant ainsi la s\u00e9curit\u00e9 et le confort dans diff\u00e9rents environnements.<br><a href=\"https:\/\/www.scrigno.com\/IT\/it\/porte-scrigno\/porte-battenti-in-legno\"><\/a><\/p><\/div><\/div><div class=\"card__row splide\"><div class=\"splide__track\"><div class=\"splide__list\">    <a href=\"https:\/\/www.scrigno.com\/fr\/categoria\/portes-battantes-en-bois\/\" target=\"\" rel=\"\" class=\"card products__explorer--card splide__slide\">\n        <div class=\"card__img\" style=\"background-image: url('https:\/\/www.scrigno.com\/wp-content\/uploads\/2024\/07\/porta_battente-legno_scrigno.jpg')\"><\/div>\n\n        <div class=\"card__content\">\n            <div class=\"card__text\">\n                <h3 class=\"card__title\">Bois<\/h3>\n                <p class=\"card__description card__description--long\">Les portes battantes laqu\u00e9es et stratifi\u00e9es combinent l&rsquo;esth\u00e9tique sophistiqu\u00e9e des finitions laqu\u00e9es avec la durabilit\u00e9 et la polyvalence des stratifi\u00e9s. Une finition bois est \u00e9galement disponible.<\/p>\n            <\/div>\n            <div class=\"cta card__cta text-primary\">\n                <span class=\"card__cta--text\">Afficher les produits<\/span> <span class=\"ico icon icon-ico-arrow-right\"><\/span>\n            <\/div>\n        <\/div>\n    <\/a>\n\n    <a href=\"https:\/\/www.scrigno.com\/fr\/categoria\/portes-battantes-en-verre\/\" target=\"\" rel=\"\" class=\"card products__explorer--card splide__slide\">\n        <div class=\"card__img\" style=\"background-image: url('https:\/\/www.scrigno.com\/wp-content\/uploads\/2024\/07\/porta_battente-vetro_scrigno.jpg')\"><\/div>\n\n        <div class=\"card__content\">\n            <div class=\"card__text\">\n                <h3 class=\"card__title\">Verre<\/h3>\n                <p class=\"card__description card__description--long\">Les portes battantes en verre se distinguent par les diff\u00e9rentes finitions disponibles, qui comprennent des options plus traditionnelles et des solutions plus design, permettant une personnalisation dans n&rsquo;importe quel espace.<\/p>\n            <\/div>\n            <div class=\"cta card__cta text-primary\">\n                <span class=\"card__cta--text\">Afficher les produits<\/span> <span class=\"ico icon icon-ico-arrow-right\"><\/span>\n            <\/div>\n        <\/div>\n    <\/a>\n\n    <a href=\"https:\/\/www.scrigno.com\/fr\/categoria\/portes-battantes-speciales\/\" target=\"\" rel=\"\" class=\"card products__explorer--card splide__slide\">\n        <div class=\"card__img\" style=\"background-image: url('https:\/\/www.scrigno.com\/wp-content\/uploads\/2024\/07\/porta_battente-speciali_scrigno.jpg')\"><\/div>\n\n        <div class=\"card__content\">\n            <div class=\"card__text\">\n                <h3 class=\"card__title\">Sp\u00e9ciales<\/h3>\n                <p class=\"card__description card__description--long\">Les syst\u00e8mes de battants encastr\u00e9s de Scrigno offrent des performances certifi\u00e9es en mati\u00e8re d&rsquo;isolation acoustique et de r\u00e9sistance au feu. Fonctionnalit\u00e9 et esth\u00e9tique dans un design affleurant.<\/p>\n            <\/div>\n            <div class=\"cta card__cta text-primary\">\n                <span class=\"card__cta--text\">Afficher les produits<\/span> <span class=\"ico icon icon-ico-arrow-right\"><\/span>\n            <\/div>\n        <\/div>\n    <\/a><\/div><\/div><\/div><div class=\"section__footer\"><\/div><\/div><\/div>\n\n\n\n<div class=\"wp-block-scrignocom-scrigno-com-block-related-categories related-categories wrapper\"><div class=\"section__header wrapped cols-w-5 offset-l-1\"><div class=\"section__header--text\"><h2 class=\"section__title\">Types de portes battantes<\/h2><p class=\"section__subtitle\">Une vaste s\u00e9lection de portes battantes, disponibles avec des montants traditionnels ou dans la version moderne \u00ab\u00a0flush-to-wall\u00a0\u00bb.<br>Id\u00e9ales pour un design classique ou une solution minimaliste, les portes battantes Scrigno offrent une polyvalence maximale dans la cr\u00e9ation d&rsquo;espaces.<\/p><\/div><\/div><div class=\"box__list wrapped\">    <div class=\"box related-box half\">\n        <a href=\"https:\/\/www.scrigno.com\/fr\/categoria\/portes-battantes\/?tipology=flush-fitting\"\n            target=\"\"\n            rel=\"\"\n            class=\"box__container\">\n            <div class=\"box__img\" style=\"background-image:url('https:\/\/www.scrigno.com\/wp-content\/uploads\/2024\/07\/related_1.jpeg')\"><\/div>\n\n            <div class=\"box__content\">\n                <div class=\"box__title\">Portes battantes affleurantes<\/div>\n                <div class=\"box__description\"><\/div>\n                    <span class=\"cta text-primary\">\n        EN SAVOIR PLUS <span class=\"ico icon icon-ico-arrow-right\"><\/span>\n    <\/span>\n            <\/div>\n        <\/a>\n    <\/div>\n\n    <div class=\"box related-box half\">\n        <a href=\"https:\/\/www.scrigno.com\/fr\/categoria\/portes-battantes\/?tipology=doorposts\"\n            target=\"\"\n            rel=\"\"\n            class=\"box__container\">\n            <div class=\"box__img\" style=\"background-image:url('https:\/\/www.scrigno.com\/wp-content\/uploads\/2024\/07\/related_2.jpeg')\"><\/div>\n\n            <div class=\"box__content\">\n                <div class=\"box__title\">Portes battantes avec montants<\/div>\n                <div class=\"box__description\"><\/div>\n                    <span class=\"cta text-primary\">\n        EN SAVOIR PLUS <span class=\"ico icon icon-ico-arrow-right\"><\/span>\n    <\/span>\n            <\/div>\n        <\/a>\n    <\/div><\/div><\/div>\n\n\n    <div class=\"banner-architects\">\n        <div title=\"NAJD\u011aTE PRODEJN\u00cd M\u00cdSTA A Z\u00c1STUPCE\" class=\"banner-architects__image\">\n            <img decoding=\"async\" src=\"https:\/\/www.scrigno.com\/wp-content\/uploads\/2025\/06\/Banner_Architetti_v2-9.jpg\" alt=\"\" \/>\n        <\/div>\n        <div class=\"banner-architects__text-box\">\n            <h4 class=\"banner-architects__title\">NAJD\u011aTE PRODEJN\u00cd M\u00cdSTA A Z\u00c1STUPCE<\/h4>\n            \n            <a href=\"#\" class=\"cta\">\n                EN SAVOIR PLUS\n                <span class=\"ico icon icon-ico-arrow-right\"><\/span>\n            <\/a>\n        <\/div>\n    <\/div>\n\n\n<div class=\"wp-block-group wrapper is-layout-constrained wp-block-group-is-layout-constrained\">\n<h2 class=\"wp-block-heading wrapped cols-10 section__title\">Contactez-nous<\/h2>\n\n\n    <div class=\"_form_131 wrapped cols-10 \"><\/div>\n    <script src=\"https:\/\/scrignogroup.activehosted.com\/f\/embed.php?id=131\" charset=\"utf-8\" data-cookieconsent=\"ignore\"><\/script><\/div>\n","protected":false},"excerpt":{"rendered":"<p>Contactez-nous<\/p>\n","protected":false},"author":1,"featured_media":0,"parent":0,"menu_order":0,"comment_status":"closed","ping_status":"closed","template":"","meta":{"_acf_changed":false,"footnotes":""},"class_list":["post-8198","page","type-page","status-publish","hentry"],"acf":[],"yoast_head":"<!-- This site is optimized with the Yoast SEO plugin v27.1.1 - https:\/\/yoast.com\/product\/yoast-seo-wordpress\/ -->\n<title>Porte battante - Scrigno<\/title>\n<meta name=\"robots\" content=\"index, follow, max-snippet:-1, max-image-preview:large, max-video-preview:-1\" \/>\n<link rel=\"canonical\" href=\"https:\/\/www.scrigno.com\/fr\/porte-battante\/\" \/>\n<meta property=\"og:locale\" content=\"fr_FR\" \/>\n<meta property=\"og:type\" content=\"article\" \/>\n<meta property=\"og:title\" content=\"Porte battante - Scrigno\" \/>\n<meta property=\"og:description\" content=\"Contactez-nous\" \/>\n<meta property=\"og:url\" content=\"https:\/\/www.scrigno.com\/fr\/porte-battante\/\" \/>\n<meta property=\"og:site_name\" content=\"Scrigno\" \/>\n<meta property=\"article:modified_time\" content=\"2025-06-19T10:10:13+00:00\" \/>\n<meta property=\"og:image\" content=\"https:\/\/www.scrigno.com\/wp-content\/uploads\/2024\/07\/porta_battente-filomuro_scrigno.jpg\" \/>\n<meta name=\"twitter:card\" content=\"summary_large_image\" \/>\n<meta name=\"twitter:label1\" content=\"Dur\u00e9e de lecture estim\u00e9e\" \/>\n\t<meta name=\"twitter:data1\" content=\"2 minutes\" \/>\n<script type=\"application\/ld+json\" class=\"yoast-schema-graph\">{\"@context\":\"https:\/\/schema.org\",\"@graph\":[{\"@type\":\"WebPage\",\"@id\":\"https:\/\/www.scrigno.com\/fr\/porte-battante\/\",\"url\":\"https:\/\/www.scrigno.com\/fr\/porte-battante\/\",\"name\":\"Porte battante - Scrigno\",\"isPartOf\":{\"@id\":\"https:\/\/www.scrigno.com\/fr\/#website\"},\"primaryImageOfPage\":{\"@id\":\"https:\/\/www.scrigno.com\/fr\/porte-battante\/#primaryimage\"},\"image\":{\"@id\":\"https:\/\/www.scrigno.com\/fr\/porte-battante\/#primaryimage\"},\"thumbnailUrl\":\"https:\/\/www.scrigno.com\/wp-content\/uploads\/2024\/07\/porta_battente-filomuro_scrigno.jpg\",\"datePublished\":\"2024-09-02T14:11:31+00:00\",\"dateModified\":\"2025-06-19T10:10:13+00:00\",\"breadcrumb\":{\"@id\":\"https:\/\/www.scrigno.com\/fr\/porte-battante\/#breadcrumb\"},\"inLanguage\":\"fr-FR\",\"potentialAction\":[{\"@type\":\"ReadAction\",\"target\":[\"https:\/\/www.scrigno.com\/fr\/porte-battante\/\"]}]},{\"@type\":\"ImageObject\",\"inLanguage\":\"fr-FR\",\"@id\":\"https:\/\/www.scrigno.com\/fr\/porte-battante\/#primaryimage\",\"url\":\"https:\/\/www.scrigno.com\/wp-content\/uploads\/2024\/07\/porta_battente-filomuro_scrigno.jpg\",\"contentUrl\":\"https:\/\/www.scrigno.com\/wp-content\/uploads\/2024\/07\/porta_battente-filomuro_scrigno.jpg\"},{\"@type\":\"BreadcrumbList\",\"@id\":\"https:\/\/www.scrigno.com\/fr\/porte-battante\/#breadcrumb\",\"itemListElement\":[{\"@type\":\"ListItem\",\"position\":1,\"name\":\"Home\",\"item\":\"https:\/\/www.scrigno.com\/fr\/\"},{\"@type\":\"ListItem\",\"position\":2,\"name\":\"Porte battante\"}]},{\"@type\":\"WebSite\",\"@id\":\"https:\/\/www.scrigno.com\/fr\/#website\",\"url\":\"https:\/\/www.scrigno.com\/fr\/\",\"name\":\"Scrigno\",\"description\":\"\",\"potentialAction\":[{\"@type\":\"SearchAction\",\"target\":{\"@type\":\"EntryPoint\",\"urlTemplate\":\"https:\/\/www.scrigno.com\/fr\/?s={search_term_string}\"},\"query-input\":{\"@type\":\"PropertyValueSpecification\",\"valueRequired\":true,\"valueName\":\"search_term_string\"}}],\"inLanguage\":\"fr-FR\"}]}<\/script>\n<!-- \/ Yoast SEO plugin. -->","yoast_head_json":{"title":"Porte battante - Scrigno","robots":{"index":"index","follow":"follow","max-snippet":"max-snippet:-1","max-image-preview":"max-image-preview:large","max-video-preview":"max-video-preview:-1"},"canonical":"https:\/\/www.scrigno.com\/fr\/porte-battante\/","og_locale":"fr_FR","og_type":"article","og_title":"Porte battante - Scrigno","og_description":"Contactez-nous","og_url":"https:\/\/www.scrigno.com\/fr\/porte-battante\/","og_site_name":"Scrigno","article_modified_time":"2025-06-19T10:10:13+00:00","og_image":[{"url":"https:\/\/www.scrigno.com\/wp-content\/uploads\/2024\/07\/porta_battente-filomuro_scrigno.jpg","type":"","width":"","height":""}],"twitter_card":"summary_large_image","twitter_misc":{"Dur\u00e9e de lecture estim\u00e9e":"2 minutes"},"schema":{"@context":"https:\/\/schema.org","@graph":[{"@type":"WebPage","@id":"https:\/\/www.scrigno.com\/fr\/porte-battante\/","url":"https:\/\/www.scrigno.com\/fr\/porte-battante\/","name":"Porte battante - Scrigno","isPartOf":{"@id":"https:\/\/www.scrigno.com\/fr\/#website"},"primaryImageOfPage":{"@id":"https:\/\/www.scrigno.com\/fr\/porte-battante\/#primaryimage"},"image":{"@id":"https:\/\/www.scrigno.com\/fr\/porte-battante\/#primaryimage"},"thumbnailUrl":"https:\/\/www.scrigno.com\/wp-content\/uploads\/2024\/07\/porta_battente-filomuro_scrigno.jpg","datePublished":"2024-09-02T14:11:31+00:00","dateModified":"2025-06-19T10:10:13+00:00","breadcrumb":{"@id":"https:\/\/www.scrigno.com\/fr\/porte-battante\/#breadcrumb"},"inLanguage":"fr-FR","potentialAction":[{"@type":"ReadAction","target":["https:\/\/www.scrigno.com\/fr\/porte-battante\/"]}]},{"@type":"ImageObject","inLanguage":"fr-FR","@id":"https:\/\/www.scrigno.com\/fr\/porte-battante\/#primaryimage","url":"https:\/\/www.scrigno.com\/wp-content\/uploads\/2024\/07\/porta_battente-filomuro_scrigno.jpg","contentUrl":"https:\/\/www.scrigno.com\/wp-content\/uploads\/2024\/07\/porta_battente-filomuro_scrigno.jpg"},{"@type":"BreadcrumbList","@id":"https:\/\/www.scrigno.com\/fr\/porte-battante\/#breadcrumb","itemListElement":[{"@type":"ListItem","position":1,"name":"Home","item":"https:\/\/www.scrigno.com\/fr\/"},{"@type":"ListItem","position":2,"name":"Porte battante"}]},{"@type":"WebSite","@id":"https:\/\/www.scrigno.com\/fr\/#website","url":"https:\/\/www.scrigno.com\/fr\/","name":"Scrigno","description":"","potentialAction":[{"@type":"SearchAction","target":{"@type":"EntryPoint","urlTemplate":"https:\/\/www.scrigno.com\/fr\/?s={search_term_string}"},"query-input":{"@type":"PropertyValueSpecification","valueRequired":true,"valueName":"search_term_string"}}],"inLanguage":"fr-FR"}]}},"_links":{"self":[{"href":"https:\/\/www.scrigno.com\/fr\/wp-json\/wp\/v2\/pages\/8198","targetHints":{"allow":["GET"]}}],"collection":[{"href":"https:\/\/www.scrigno.com\/fr\/wp-json\/wp\/v2\/pages"}],"about":[{"href":"https:\/\/www.scrigno.com\/fr\/wp-json\/wp\/v2\/types\/page"}],"author":[{"embeddable":true,"href":"https:\/\/www.scrigno.com\/fr\/wp-json\/wp\/v2\/users\/1"}],"replies":[{"embeddable":true,"href":"https:\/\/www.scrigno.com\/fr\/wp-json\/wp\/v2\/comments?post=8198"}],"version-history":[{"count":0,"href":"https:\/\/www.scrigno.com\/fr\/wp-json\/wp\/v2\/pages\/8198\/revisions"}],"wp:attachment":[{"href":"https:\/\/www.scrigno.com\/fr\/wp-json\/wp\/v2\/media?parent=8198"}],"curies":[{"name":"wp","href":"https:\/\/api.w.org\/{rel}","templated":true}]}}