{"id":8201,"date":"2024-09-02T17:40:26","date_gmt":"2024-09-02T15:40:26","guid":{"rendered":"https:\/\/www.scrigno.com\/contatti\/"},"modified":"2025-11-25T16:01:21","modified_gmt":"2025-11-25T14:01:21","slug":"contact","status":"publish","type":"page","link":"https:\/\/www.scrigno.com\/fr\/contact\/","title":{"rendered":"Contact"},"content":{"rendered":"\n<div class=\"wp-block-group wrapper is-layout-constrained wp-block-group-is-layout-constrained\">\n<div class=\"wp-block-group wrapped cols-w-7 is-vertical is-layout-flex wp-container-core-group-is-layout-8cf370e7 wp-block-group-is-layout-flex\">\n<div class=\"wp-block-scrignocom-scrigno-com-block-map map-scrigno\"><iframe class=\"map-scrigno__iframe\" src=\"https:\/\/www.google.com\/maps\/embed?pb=!1m18!1m12!1m3!1d11474.92661255498!2d12.474229275016047!3d44.02693956119106!2m3!1f0!2f0!3f0!3m2!1i1024!2i768!4f13.1!3m3!1m2!1s0x132cc034c2799a89%3A0xd79bfba485603f7c!2sScrigno%20S.p.A.!5e0!3m2!1sit!2sit!4v1722333995998!5m2!1sit!2sit\" width=\"100%\" loading=\"lazy\" referrerpolicy=\"no-referrer-when-downgrade\"><\/iframe><\/div>\n<\/div>\n\n\n\n<div class=\"wp-block-group wrapped cols-w-1 is-vertical is-layout-flex wp-container-core-group-is-layout-8cf370e7 wp-block-group-is-layout-flex\"><\/div>\n\n\n\n<div class=\"wp-block-group wrapped cols-w-3 v-center-content is-layout-constrained wp-block-group-is-layout-constrained\">\n<h3 class=\"wp-block-heading section__title has-large-font-size\">Contactez-nous<\/h3>\n\n\n\n<p class=\"section__subtitle\"><strong>ZA Sainte Elisabeth<br>71300 MONTCEAU LES MINEST<br>T\u00e9l. 0 3 85 67 79 10 | scrigno.com<\/strong><br><br><strong>DIRECTEUR SCRIGNO FRANCE<br>St\u00e9phane Tournant<\/strong><br>s.tournant@scrignogroup.com<br><br><strong>RESPONSABLE GRANDS COMPTES NATIONAL<br>Tristan Gendre<\/strong><br>Port. 0 6 73 98 01 69<br>t.gendre@scrignogroup.com<br><br><strong>SERVICE CLIENT &#8211; ADV<br>Lucie Zaccone<br>Martina Manicone<br>Manuel Dibrigida<br>Salvatore Adornetto<\/strong><br>T\u00e9l. 0 3 85 67 79 10 (num\u00e9ro unique)<br>adv.france@scrignogroup.com<br><br><strong>SERVICE LOGISTIQUE<br>David Gaudon<\/strong><br>T\u00e9l. 0 3 85 67 79 10<br>d.gaudon@scrignogroup.com<br><br><strong>SERVICE COMPTABILIT\u00c9 CLIENT\/FOURNISSEUR<br>Brigitte Brancher<\/strong><br>T\u00e9l. 0 3 85 67 79 10<br>b.brancher@scrignogroup.com<br><br><strong>RESPONSABLE SUPPORT TECHNIQUE<br>Rosita Guerinoni<\/strong><br>T\u00e9l. 0 3 85 67 79 10<br>r.guerinoni@scrignogroup.com<br><br><\/p>\n<\/div>\n<\/div>\n\n\n    <div class=\"faq-banner__wrapper\">\n        <div class=\"faq-banner wrapper\">\n            <div class=\"wrapped cols-w-3 offset-l-1\">\n                <h3 class=\"title-h2\">Frequently asked questions<\/h3>\n                <a href=\"https:\/\/www.scrigno.com\/fr\/faq\/\" class=\"cta faq-banner__cta\">Voir toutes les FAQ <span class=\"ico icon icon-ico-arrow-right\"><\/span><\/a>\n            <\/div>\n\n            <div class=\"wrapped cols-w-1\"><\/div>\n\n            <div class=\"wrapped cols-w-6 accordion exclusive faq-banner__list\">\n                    <div class=\"accordion__elem open\">\n        <div class=\"faq-banner__list--question accordion__header\">\n            <i class=\"icon icon-chevron-down accordion__icon\"><\/i>\n            Sur quelles cloisons \u00e0 finir \u00e0 enduit peut-on installer les contre-ch\u00e2ssis Scrigno Essential ?\n        <\/div>\n        <div class=\"faq-banner__list--answer accordion__content\"><p>Les contre-ch\u00e2ssis Scrigno dans la version enduit avec une \u00e9paisseur de cloison finie de 105 et 125 mm sont indiqu\u00e9s pour des cloisons internes de s\u00e9paration form\u00e9es de briques creuses de 6, 8 et 10 cm respectivement.<\/p>\n<\/div>\n    <\/div>    <div class=\"accordion__elem \">\n        <div class=\"faq-banner__list--question accordion__header\">\n            <i class=\"icon icon-chevron-down accordion__icon\"><\/i>\n            Sur quelles cloisons en plaques de pl\u00e2tre peut-on installer les contre-ch\u00e2ssis Scrigno Essential ?\n        <\/div>\n        <div class=\"faq-banner__list--answer accordion__content\"><p>Les contre-ch\u00e2ssis Scrigno Essential dans la version plaques de pl\u00e2tre avec une \u00e9paisseur de cloison finie de 100 et 125 mm sont indiqu\u00e9s pour des cloisons internes de s\u00e9paration form\u00e9es de structures avec des profil\u00e9s de 75 et 100 mm respectivement.<\/p>\n<\/div>\n    <\/div>    <div class=\"accordion__elem \">\n        <div class=\"faq-banner__list--question accordion__header\">\n            <i class=\"icon icon-chevron-down accordion__icon\"><\/i>\n            Les vis de fixation du montant de finition pour Essential coulissante semblent courtes, pourquoi ?\n        <\/div>\n        <div class=\"faq-banner__list--answer accordion__content\"><p>Afin que les vis soient de la longueur correcte, le montant de finition doit \u00eatre ins\u00e9r\u00e9 dans le montant de la structure et non pas en appui.<\/p>\n<\/div>\n    <\/div>    <div class=\"accordion__elem \">\n        <div class=\"faq-banner__list--question accordion__header\">\n            <i class=\"icon icon-chevron-down accordion__icon\"><\/i>\n            Comment peut-on r\u00e9soudre le probl\u00e8me de la perte des instructions de montage ?\n        <\/div>\n        <div class=\"faq-banner__list--answer accordion__content\"><p>Les instructions de montage de tous les produits de la ligne Scrigno peuvent \u00eatre facilement t\u00e9l\u00e9charg\u00e9es du site internet ou directement demand\u00e9es au Revendeur Agr\u00e9\u00e9.<\/p>\n<\/div>\n    <\/div>\n            <\/div>\n        <\/div>\n    <\/div>\n\n\n<div class=\"wp-block-group wrapper is-layout-constrained wp-block-group-is-layout-constrained\">    <div class=\"accordion exclusive contacts-forms wrapped cols-10\">\n        <div class=\"accordion__elem open\">\n            <div class=\"accordion__header\">\n                <span class=\"icon icon-chevron-down accordion__icon\"><\/span>\n                Contactez-nous\n            <\/div>\n            <div class=\"accordion__content\">\n                    <div class=\"_form_91  \"><\/div>\n    <script src=\"https:\/\/scrignogroup.activehosted.com\/f\/embed.php?id=91\" charset=\"utf-8\" data-cookieconsent=\"ignore\"><\/script>\n            <\/div>\n        <\/div>\n        <div class=\"accordion__elem\">\n            <div class=\"accordion__header\" id=\"arch\">\n                <span class=\"icon icon-chevron-down accordion__icon\"><\/span>\n                \u00cates-vous un architecte?\n            <\/div>\n            <div class=\"accordion__content\">\n                    <div class=\"_form_115  \"><\/div>\n    <script src=\"https:\/\/scrignogroup.activehosted.com\/f\/embed.php?id=115\" charset=\"utf-8\" data-cookieconsent=\"ignore\"><\/script>\n            <\/div>\n        <\/div>\n        <div class=\"accordion__elem\">\n            <div class=\"accordion__header\" id=\"pro\">\n                <span class=\"icon icon-chevron-down accordion__icon\"><\/span>\n                \u00cates-vous un professionnel?\n            <\/div>\n            <div class=\"accordion__content\">\n                    <div class=\"_form_137  \"><\/div>\n    <script src=\"https:\/\/scrignogroup.activehosted.com\/f\/embed.php?id=137\" charset=\"utf-8\" data-cookieconsent=\"ignore\"><\/script>\n            <\/div>\n        <\/div>\n    <\/div><\/div>\n","protected":false},"excerpt":{"rendered":"<p>Contactez-nous ZA Sainte Elisabeth71300 MONTCEAU LES MINESTT\u00e9l. 0 3 85 67 79 10 | scrigno.com DIRECTEUR SCRIGNO FRANCESt\u00e9phane Tournants.tournant@scrignogroup.com RESPONSABLE [&hellip;]<\/p>\n","protected":false},"author":1,"featured_media":0,"parent":0,"menu_order":0,"comment_status":"closed","ping_status":"closed","template":"","meta":{"_acf_changed":false,"footnotes":""},"class_list":["post-8201","page","type-page","status-publish","hentry"],"acf":[],"yoast_head":"<!-- This site is optimized with the Yoast SEO plugin v27.1.1 - https:\/\/yoast.com\/product\/yoast-seo-wordpress\/ -->\n<title>Contact - Scrigno<\/title>\n<meta name=\"robots\" content=\"index, follow, max-snippet:-1, max-image-preview:large, max-video-preview:-1\" \/>\n<link rel=\"canonical\" href=\"https:\/\/www.scrigno.com\/fr\/contact\/\" \/>\n<meta property=\"og:locale\" content=\"fr_FR\" \/>\n<meta property=\"og:type\" content=\"article\" \/>\n<meta property=\"og:title\" content=\"Contact - Scrigno\" \/>\n<meta property=\"og:description\" content=\"Contactez-nous ZA Sainte Elisabeth71300 MONTCEAU LES MINESTT\u00e9l. 0 3 85 67 79 10 | scrigno.com DIRECTEUR SCRIGNO FRANCESt\u00e9phane Tournants.tournant@scrignogroup.com RESPONSABLE [&hellip;]\" \/>\n<meta property=\"og:url\" content=\"https:\/\/www.scrigno.com\/fr\/contact\/\" \/>\n<meta property=\"og:site_name\" content=\"Scrigno\" \/>\n<meta property=\"article:modified_time\" content=\"2025-11-25T14:01:21+00:00\" \/>\n<meta name=\"twitter:card\" content=\"summary_large_image\" \/>\n<meta name=\"twitter:label1\" content=\"Dur\u00e9e de lecture estim\u00e9e\" \/>\n\t<meta name=\"twitter:data1\" content=\"1 minute\" \/>\n<script type=\"application\/ld+json\" class=\"yoast-schema-graph\">{\"@context\":\"https:\/\/schema.org\",\"@graph\":[{\"@type\":\"WebPage\",\"@id\":\"https:\/\/www.scrigno.com\/fr\/contact\/\",\"url\":\"https:\/\/www.scrigno.com\/fr\/contact\/\",\"name\":\"Contact - Scrigno\",\"isPartOf\":{\"@id\":\"https:\/\/www.scrigno.com\/fr\/#website\"},\"datePublished\":\"2024-09-02T15:40:26+00:00\",\"dateModified\":\"2025-11-25T14:01:21+00:00\",\"breadcrumb\":{\"@id\":\"https:\/\/www.scrigno.com\/fr\/contact\/#breadcrumb\"},\"inLanguage\":\"fr-FR\",\"potentialAction\":[{\"@type\":\"ReadAction\",\"target\":[\"https:\/\/www.scrigno.com\/fr\/contact\/\"]}]},{\"@type\":\"BreadcrumbList\",\"@id\":\"https:\/\/www.scrigno.com\/fr\/contact\/#breadcrumb\",\"itemListElement\":[{\"@type\":\"ListItem\",\"position\":1,\"name\":\"Home\",\"item\":\"https:\/\/www.scrigno.com\/fr\/\"},{\"@type\":\"ListItem\",\"position\":2,\"name\":\"Contact\"}]},{\"@type\":\"WebSite\",\"@id\":\"https:\/\/www.scrigno.com\/fr\/#website\",\"url\":\"https:\/\/www.scrigno.com\/fr\/\",\"name\":\"Scrigno\",\"description\":\"\",\"potentialAction\":[{\"@type\":\"SearchAction\",\"target\":{\"@type\":\"EntryPoint\",\"urlTemplate\":\"https:\/\/www.scrigno.com\/fr\/?s={search_term_string}\"},\"query-input\":{\"@type\":\"PropertyValueSpecification\",\"valueRequired\":true,\"valueName\":\"search_term_string\"}}],\"inLanguage\":\"fr-FR\"}]}<\/script>\n<!-- \/ Yoast SEO plugin. -->","yoast_head_json":{"title":"Contact - Scrigno","robots":{"index":"index","follow":"follow","max-snippet":"max-snippet:-1","max-image-preview":"max-image-preview:large","max-video-preview":"max-video-preview:-1"},"canonical":"https:\/\/www.scrigno.com\/fr\/contact\/","og_locale":"fr_FR","og_type":"article","og_title":"Contact - Scrigno","og_description":"Contactez-nous ZA Sainte Elisabeth71300 MONTCEAU LES MINESTT\u00e9l. 0 3 85 67 79 10 | scrigno.com DIRECTEUR SCRIGNO FRANCESt\u00e9phane Tournants.tournant@scrignogroup.com RESPONSABLE [&hellip;]","og_url":"https:\/\/www.scrigno.com\/fr\/contact\/","og_site_name":"Scrigno","article_modified_time":"2025-11-25T14:01:21+00:00","twitter_card":"summary_large_image","twitter_misc":{"Dur\u00e9e de lecture estim\u00e9e":"1 minute"},"schema":{"@context":"https:\/\/schema.org","@graph":[{"@type":"WebPage","@id":"https:\/\/www.scrigno.com\/fr\/contact\/","url":"https:\/\/www.scrigno.com\/fr\/contact\/","name":"Contact - Scrigno","isPartOf":{"@id":"https:\/\/www.scrigno.com\/fr\/#website"},"datePublished":"2024-09-02T15:40:26+00:00","dateModified":"2025-11-25T14:01:21+00:00","breadcrumb":{"@id":"https:\/\/www.scrigno.com\/fr\/contact\/#breadcrumb"},"inLanguage":"fr-FR","potentialAction":[{"@type":"ReadAction","target":["https:\/\/www.scrigno.com\/fr\/contact\/"]}]},{"@type":"BreadcrumbList","@id":"https:\/\/www.scrigno.com\/fr\/contact\/#breadcrumb","itemListElement":[{"@type":"ListItem","position":1,"name":"Home","item":"https:\/\/www.scrigno.com\/fr\/"},{"@type":"ListItem","position":2,"name":"Contact"}]},{"@type":"WebSite","@id":"https:\/\/www.scrigno.com\/fr\/#website","url":"https:\/\/www.scrigno.com\/fr\/","name":"Scrigno","description":"","potentialAction":[{"@type":"SearchAction","target":{"@type":"EntryPoint","urlTemplate":"https:\/\/www.scrigno.com\/fr\/?s={search_term_string}"},"query-input":{"@type":"PropertyValueSpecification","valueRequired":true,"valueName":"search_term_string"}}],"inLanguage":"fr-FR"}]}},"_links":{"self":[{"href":"https:\/\/www.scrigno.com\/fr\/wp-json\/wp\/v2\/pages\/8201","targetHints":{"allow":["GET"]}}],"collection":[{"href":"https:\/\/www.scrigno.com\/fr\/wp-json\/wp\/v2\/pages"}],"about":[{"href":"https:\/\/www.scrigno.com\/fr\/wp-json\/wp\/v2\/types\/page"}],"author":[{"embeddable":true,"href":"https:\/\/www.scrigno.com\/fr\/wp-json\/wp\/v2\/users\/1"}],"replies":[{"embeddable":true,"href":"https:\/\/www.scrigno.com\/fr\/wp-json\/wp\/v2\/comments?post=8201"}],"version-history":[{"count":0,"href":"https:\/\/www.scrigno.com\/fr\/wp-json\/wp\/v2\/pages\/8201\/revisions"}],"wp:attachment":[{"href":"https:\/\/www.scrigno.com\/fr\/wp-json\/wp\/v2\/media?parent=8201"}],"curies":[{"name":"wp","href":"https:\/\/api.w.org\/{rel}","templated":true}]}}