{"id":8204,"date":"2024-09-03T15:07:24","date_gmt":"2024-09-03T13:07:24","guid":{"rendered":"https:\/\/www.scrigno.com\/architetti-e-progettisti\/"},"modified":"2025-06-19T12:07:15","modified_gmt":"2025-06-19T10:07:15","slug":"architectes-et-designers","status":"publish","type":"page","link":"https:\/\/www.scrigno.com\/fr\/architectes-et-designers\/","title":{"rendered":"Architectes et concepteurs"},"content":{"rendered":"    <div class=\"banner-send-project\">\n        <div title=\"Vous \u00eates architecte\u00a0?\" class=\"banner-send-project__image\">\n            <img decoding=\"async\" src=\"https:\/\/www.scrigno.com\/wp-content\/uploads\/2025\/06\/Banner_Architetti_v2-19.jpg\" alt=\"\" \/>\n        <\/div>\n        <div class=\"banner-send-project__text-box\">\n            <h4 class=\"banner-send-project__title\">Vous \u00eates architecte\u00a0?<\/h4>\n            \n            <a href=\"#\" class=\"banner__link cta send_project_link\" data-form-id=\"147\">\n                ENVOYEZ VOTRE PROJET\n                <span class=\"ico icon icon-ico-arrow-right\"><\/span>\n            <\/a>\n        <\/div>\n    <\/div>\n\n    <div class=\"content-block wrapper image-left\">\n            \n    <div class=\"content-block__column-image large-image\">    <img decoding=\"async\" src=\"https:\/\/www.scrigno.com\/wp-content\/uploads\/2024\/06\/architetto.jpeg\" class=\"content-block__image\"  alt=\"architetto\" \/><\/div>\n    <div class=\"content-block__column-text\">    <div class=\"content-block__text\">\n        <h3 class=\"content-block__text--title\">Architectes qui ont r\u00e9alis\u00e9 des projets avec les produits Scrigno<\/h3>\n        <p class=\"content-block__text--content\">D\u00e9couvrez les concepteurs et les architectes qui ont r\u00e9alis\u00e9 des projets prestigieux et qui vous pr\u00e9senteront les possibilit\u00e9s offertes par les produits Scrigno.<\/p>\n\n                <a href=\"https:\/\/www.scrigno.com\/fr\/architectes\/\" class=\"cta text-primary\"  >\n        D\u00c9COUVREZ TOUS LES ARCHITECTES <span class=\"ico icon icon-ico-arrow-right\"><\/span>\n    <\/a>\n    \n    <\/div><\/div>\n    <div class=\"content-block__spacer\"><\/div>\n    <\/div>\n\n    <div class=\"content-block wrapper image-right\">\n            <div class=\"content-block__spacer\"><\/div>\n    <div class=\"content-block__column-text\">    <div class=\"content-block__text\">\n        <h3 class=\"content-block__text--title\">Projets<\/h3>\n        <p class=\"content-block__text--content\">D\u00e9couvrez les projets r\u00e9alis\u00e9s avec les galandages et les portes Scrigno. Des projets prestigieux qui vous feront d\u00e9couvrir les possibilit\u00e9s offertes par les produits Scrigno.<\/p>\n\n                <a href=\"https:\/\/www.scrigno.com\/fr\/projets\/\" class=\"cta text-primary\"  >\n        D\u00c9COUVREZ TOUS LES PROJETS <span class=\"ico icon icon-ico-arrow-right\"><\/span>\n    <\/a>\n    \n    <\/div><\/div>\n    <div class=\"content-block__column-image large-image\">    <img decoding=\"async\" src=\"https:\/\/www.scrigno.com\/wp-content\/uploads\/2024\/06\/e9401e3451e6788f4e7eaa6cabce5728.jpeg\" class=\"content-block__image\"  alt=\"e9401e3451e6788f4e7eaa6cabce5728\" \/><\/div>\n    \n    <\/div>\n\n\n<div class=\"wp-block-scrignocom-scrigno-com-block-cards-grid wrapper\"><div class=\"cards-grid wrapped cols-10\">    <div class=\"single-card\">\n        <div class=\"single-card__title\">\n            <span class=\"icon icon-ico-download\"><\/span>\n            <span class=\"h6\">Espace de t\u00e9l\u00e9chargement<\/span>\n        <\/div>\n        <div class=\"single-card__text\">Vous trouverez ici les catalogues et les fiches techniques de nos produits.<\/div>\n        <a class=\"single-card__cta cta\" href=\"https:\/\/www.scrigno.com\/fr\/telechargement\/\">\n            ACC\u00c9DEZ \u00c0 L\u2019ESPACE DE T\u00c9L\u00c9CHARGEMENT\n            <span class=\"ico icon icon-ico-arrow-right\"><\/span>\n        <\/a>\n    <\/div>\n\n    <div class=\"single-card\">\n        <div class=\"single-card__title\">\n            <span class=\"icon icon-ico-feather\"><\/span>\n            <span class=\"h6\">Scrigno<\/span>\n        <\/div>\n        <div class=\"single-card__text\">Le Scrigno Lab a \u00e9t\u00e9 con\u00e7u pour offrir un espace destin\u00e9 \u00e0 la pr\u00e9sentation des produits, \u00e0 la formation et aux \u00e9v\u00e9nements.<\/div>\n        <a class=\"single-card__cta cta\" href=\"https:\/\/www.scrigno.com\/fr\/scrignolab\/\">\n            VISITEZ LE SCRIGNO LAB\n            <span class=\"ico icon icon-ico-arrow-right\"><\/span>\n        <\/a>\n    <\/div>\n\n    <div class=\"single-card\">\n        <div class=\"single-card__title\">\n            <span class=\"icon icon-ico-mail\"><\/span>\n            <span class=\"h6\">Contactez-nous<\/span>\n        <\/div>\n        <div class=\"single-card__text\">Si vous n\u2019avez pas trouv\u00e9 les r\u00e9ponses \u00e0 vos questions, vous pouvez demander l\u2019assistance de l\u2019un de nos consultants.<\/div>\n        <a class=\"single-card__cta cta\" href=\"https:\/\/www.scrigno.com\/fr\/contact\/\">\n            CONTACTEZ-NOUS\n            <span class=\"ico icon icon-ico-arrow-right\"><\/span>\n        <\/a>\n    <\/div><\/div><\/div>\n","protected":false},"excerpt":{"rendered":"","protected":false},"author":1,"featured_media":0,"parent":0,"menu_order":0,"comment_status":"closed","ping_status":"closed","template":"","meta":{"_acf_changed":false,"footnotes":""},"class_list":["post-8204","page","type-page","status-publish","hentry"],"acf":[],"yoast_head":"<!-- This site is optimized with the Yoast SEO plugin v27.1.1 - https:\/\/yoast.com\/product\/yoast-seo-wordpress\/ -->\n<title>Architectes et concepteurs - Scrigno<\/title>\n<meta name=\"robots\" content=\"index, follow, max-snippet:-1, max-image-preview:large, max-video-preview:-1\" \/>\n<link rel=\"canonical\" href=\"https:\/\/www.scrigno.com\/fr\/architectes-et-designers\/\" \/>\n<meta property=\"og:locale\" content=\"fr_FR\" \/>\n<meta property=\"og:type\" content=\"article\" \/>\n<meta property=\"og:title\" content=\"Architectes et concepteurs - Scrigno\" \/>\n<meta property=\"og:url\" content=\"https:\/\/www.scrigno.com\/fr\/architectes-et-designers\/\" \/>\n<meta property=\"og:site_name\" content=\"Scrigno\" \/>\n<meta property=\"article:modified_time\" content=\"2025-06-19T10:07:15+00:00\" \/>\n<meta name=\"twitter:card\" content=\"summary_large_image\" \/>\n<script type=\"application\/ld+json\" class=\"yoast-schema-graph\">{\"@context\":\"https:\/\/schema.org\",\"@graph\":[{\"@type\":\"WebPage\",\"@id\":\"https:\/\/www.scrigno.com\/fr\/architectes-et-designers\/\",\"url\":\"https:\/\/www.scrigno.com\/fr\/architectes-et-designers\/\",\"name\":\"Architectes et concepteurs - Scrigno\",\"isPartOf\":{\"@id\":\"https:\/\/www.scrigno.com\/fr\/#website\"},\"datePublished\":\"2024-09-03T13:07:24+00:00\",\"dateModified\":\"2025-06-19T10:07:15+00:00\",\"breadcrumb\":{\"@id\":\"https:\/\/www.scrigno.com\/fr\/architectes-et-designers\/#breadcrumb\"},\"inLanguage\":\"fr-FR\",\"potentialAction\":[{\"@type\":\"ReadAction\",\"target\":[\"https:\/\/www.scrigno.com\/fr\/architectes-et-designers\/\"]}]},{\"@type\":\"BreadcrumbList\",\"@id\":\"https:\/\/www.scrigno.com\/fr\/architectes-et-designers\/#breadcrumb\",\"itemListElement\":[{\"@type\":\"ListItem\",\"position\":1,\"name\":\"Home\",\"item\":\"https:\/\/www.scrigno.com\/fr\/\"},{\"@type\":\"ListItem\",\"position\":2,\"name\":\"Architectes et concepteurs\"}]},{\"@type\":\"WebSite\",\"@id\":\"https:\/\/www.scrigno.com\/fr\/#website\",\"url\":\"https:\/\/www.scrigno.com\/fr\/\",\"name\":\"Scrigno\",\"description\":\"\",\"potentialAction\":[{\"@type\":\"SearchAction\",\"target\":{\"@type\":\"EntryPoint\",\"urlTemplate\":\"https:\/\/www.scrigno.com\/fr\/?s={search_term_string}\"},\"query-input\":{\"@type\":\"PropertyValueSpecification\",\"valueRequired\":true,\"valueName\":\"search_term_string\"}}],\"inLanguage\":\"fr-FR\"}]}<\/script>\n<!-- \/ Yoast SEO plugin. -->","yoast_head_json":{"title":"Architectes et concepteurs - Scrigno","robots":{"index":"index","follow":"follow","max-snippet":"max-snippet:-1","max-image-preview":"max-image-preview:large","max-video-preview":"max-video-preview:-1"},"canonical":"https:\/\/www.scrigno.com\/fr\/architectes-et-designers\/","og_locale":"fr_FR","og_type":"article","og_title":"Architectes et concepteurs - Scrigno","og_url":"https:\/\/www.scrigno.com\/fr\/architectes-et-designers\/","og_site_name":"Scrigno","article_modified_time":"2025-06-19T10:07:15+00:00","twitter_card":"summary_large_image","schema":{"@context":"https:\/\/schema.org","@graph":[{"@type":"WebPage","@id":"https:\/\/www.scrigno.com\/fr\/architectes-et-designers\/","url":"https:\/\/www.scrigno.com\/fr\/architectes-et-designers\/","name":"Architectes et concepteurs - Scrigno","isPartOf":{"@id":"https:\/\/www.scrigno.com\/fr\/#website"},"datePublished":"2024-09-03T13:07:24+00:00","dateModified":"2025-06-19T10:07:15+00:00","breadcrumb":{"@id":"https:\/\/www.scrigno.com\/fr\/architectes-et-designers\/#breadcrumb"},"inLanguage":"fr-FR","potentialAction":[{"@type":"ReadAction","target":["https:\/\/www.scrigno.com\/fr\/architectes-et-designers\/"]}]},{"@type":"BreadcrumbList","@id":"https:\/\/www.scrigno.com\/fr\/architectes-et-designers\/#breadcrumb","itemListElement":[{"@type":"ListItem","position":1,"name":"Home","item":"https:\/\/www.scrigno.com\/fr\/"},{"@type":"ListItem","position":2,"name":"Architectes et concepteurs"}]},{"@type":"WebSite","@id":"https:\/\/www.scrigno.com\/fr\/#website","url":"https:\/\/www.scrigno.com\/fr\/","name":"Scrigno","description":"","potentialAction":[{"@type":"SearchAction","target":{"@type":"EntryPoint","urlTemplate":"https:\/\/www.scrigno.com\/fr\/?s={search_term_string}"},"query-input":{"@type":"PropertyValueSpecification","valueRequired":true,"valueName":"search_term_string"}}],"inLanguage":"fr-FR"}]}},"_links":{"self":[{"href":"https:\/\/www.scrigno.com\/fr\/wp-json\/wp\/v2\/pages\/8204","targetHints":{"allow":["GET"]}}],"collection":[{"href":"https:\/\/www.scrigno.com\/fr\/wp-json\/wp\/v2\/pages"}],"about":[{"href":"https:\/\/www.scrigno.com\/fr\/wp-json\/wp\/v2\/types\/page"}],"author":[{"embeddable":true,"href":"https:\/\/www.scrigno.com\/fr\/wp-json\/wp\/v2\/users\/1"}],"replies":[{"embeddable":true,"href":"https:\/\/www.scrigno.com\/fr\/wp-json\/wp\/v2\/comments?post=8204"}],"version-history":[{"count":0,"href":"https:\/\/www.scrigno.com\/fr\/wp-json\/wp\/v2\/pages\/8204\/revisions"}],"wp:attachment":[{"href":"https:\/\/www.scrigno.com\/fr\/wp-json\/wp\/v2\/media?parent=8204"}],"curies":[{"name":"wp","href":"https:\/\/api.w.org\/{rel}","templated":true}]}}