{"id":8287,"date":"2024-06-27T11:03:28","date_gmt":"2024-06-27T09:03:28","guid":{"rendered":"https:\/\/www.scrigno.com\/homepage\/"},"modified":"2026-03-11T17:02:00","modified_gmt":"2026-03-11T15:02:00","slug":"homepage","status":"publish","type":"page","link":"https:\/\/www.scrigno.com\/fr\/","title":{"rendered":"Homepage"},"content":{"rendered":"<div class=\"hero-banner hero-banner__container  hero-banner__container--surface wp-block-scrignocom-scrigno-com-block-hero-banner\">\n    <section class=\"hero-banner__slider-images splide for-transparent-header\" data-splide=\"{&quot;gap&quot;:0,&quot;perPage&quot;:1,&quot;perMove&quot;:1,&quot;pagination&quot;:false,&quot;arrows&quot;:false,&quot;breakpoints&quot;:{&quot;1024&quot;:{&quot;padding&quot;:{},&quot;drag&quot;:true}}}\">\n        <div class=\"splide__track\">\n            <div class=\"splide__list\">\n                <div class=\"hero-slide hero-banner__slide splide__slide\" style=\"background: url(https:\/\/www.scrigno.com\/wp-content\/uploads\/2025\/11\/MappaMundi_Hero-1.jpg) lightgray 50% \/ cover no-repeat;\">\n    <div class=\"hero-slide__media-wrapper\" style=\"background: url(https:\/\/www.scrigno.com\/wp-content\/uploads\/2025\/11\/MappaMundi_Hero-1.jpg) lightgray 50% \/ cover no-repeat;\"><\/div>\n<\/div>\n            <\/div>\n        <\/div>\n    <\/section>\n    <section class=\"hero-banner__slider-contents splide\" data-splide=\"{&quot;gap&quot;:0,&quot;perPage&quot;:1,&quot;perMove&quot;:1,&quot;pagination&quot;:false,&quot;arrows&quot;:false,&quot;adjustableHeight&quot;:{&quot;speed&quot;:&quot;0.5s&quot;,&quot;position&quot;:&quot;end&quot;},&quot;breakpoints&quot;:{&quot;1024&quot;:{&quot;drag&quot;:true,&quot;arrows&quot;:false,&quot;adjustableHeight&quot;:{&quot;position&quot;:&quot;start&quot;}}}}\">\n        <div class=\"splide__track\">\n            <div class=\"splide__list\">\n                <div class=\"splide__slide\">\n    <div class=\"hero-slide__card hero-card\" style=\"background-color:#AA8578\">\n        <h2 class=\"hero-card__title\">Mappa Mundi. La nouvelle vision du seuil.<\/h2>\n        <p class=\"hero-card__description\">D\u00e9couvrez la premi\u00e8re collection de portes con\u00e7ue par Elisa Ossino<\/p>\n        \n        <div class=\"hero-card__bottom\">\n            \n                <a href=\"https:\/\/www.scrigno.com\/fr\/mappa-mundi-by-elisa-ossino\/\"  class=\"hero-slide__card-cta hero-card__cta cta on-primary\">En savoir plus<span class=\"ico icon icon-ico-arrow-right\"><\/span><\/a>\n        <\/div>\n    <\/div>\n<\/div>\n            <\/div>\n        <\/div>\n        <div class=\"hero-banner__slider-contents-bottom\">\n            \n            <a class=\"hero-banner__slider-contents-cta cta on-primary\">En savoir plus<span class=\"ico icon icon-ico-arrow-right\"><\/span><\/a>\n        <\/div>\n    <\/section>\n<\/div>\n\n\n<div class=\"wp-block-scrignocom-scrigno-com-block-superiority-claims superiority-claims\"><div class=\"superiority-claims__claims-container\"><div class=\"superiority-claims__single-claim\"><p class=\"superiority-claims__title\"><span class=\"superiority-claims__icon icon icon-ico-flag\"><\/span><span>La premi\u00e8re porte Scrigno\u00ae.<\/span><\/p><p class=\"superiority-claims__text\">En 1989, Scrigno brevetait le cadre m\u00e9tallique : pour la premi\u00e8re fois, une porte dispara\u00eet \u00e0 l\u2019int\u00e9rieur d\u2019un mur.<\/p><\/div><div class=\"superiority-claims__single-claim\"><p class=\"superiority-claims__title\"><span class=\"superiority-claims__icon icon icon-ico-globe\"><\/span><span>Le plus connu*.<\/span><\/p><p class=\"superiority-claims__text\">Une r\u00e9cente \u00e9tude de march\u00e9 confirme Scrigno comme la marque leader la plus connue et appr\u00e9ci\u00e9e dans le secteur, tant par les consommateurs que par les professionnels du design.<\/p><\/div><div class=\"superiority-claims__single-claim\"><p class=\"superiority-claims__title\"><span class=\"superiority-claims__icon icon icon-ico-thumbs-up\"><\/span><span>Le plus recommand\u00e9*.<\/span><\/p><p class=\"superiority-claims__text\">Plus de 90 % des clients ayant choisi Scrigno recommandent la marque, \u00e9tant pleinement satisfaits.<\/p><\/div><\/div><div class=\"superiority-claims__footnote\"><p>(*) Enqu\u00eate en ligne r\u00e9alis\u00e9e sur un \u00e9chantillon de plus de 1000 consommateurs et professionnels<\/p><\/div><\/div>\n\n\n\n<div class=\"wp-block-scrignocom-scrigno-com-block-products-explorer section products__explorer wrapper three-columns\"><div class=\"products__explorer-wrapper wrapper\"><div class=\"section__header wrapped\"><div class=\"section__header--text\"><div class=\"section__overline\">D\u00e9couvrez nos<\/div><h2 class=\"section__title\">Produits<\/h2><\/div><\/div><div class=\"card__row splide\"><div class=\"splide__track\"><div class=\"splide__list\">    <a href=\"https:\/\/www.scrigno.com\/fr\/categoria\/portes-coulissantes\/\" target=\"\" rel=\"\" class=\"card products__explorer--card splide__slide\">\n        <div class=\"card__img\" style=\"background-image: url('https:\/\/www.scrigno.com\/wp-content\/uploads\/2025\/09\/HP_Scorrevoli.jpg')\"><\/div>\n\n        <div class=\"card__content\">\n            <div class=\"card__text\">\n                <h3 class=\"card__title\">Portes coulissantes<\/h3>\n                <p class=\"card__description\">Le design qui lib\u00e8re l\u2019espace<\/p>\n            <\/div>\n            <div class=\"cta card__cta text-primary\">\n                <span class=\"card__cta--text\">Afficher les produits<\/span> <span class=\"ico icon icon-ico-arrow-right\"><\/span>\n            <\/div>\n        <\/div>\n    <\/a>\n\n    <a href=\"https:\/\/www.scrigno.com\/fr\/categoria\/portes-battantes\/\" target=\"\" rel=\"\" class=\"card products__explorer--card splide__slide\">\n        <div class=\"card__img\" style=\"background-image: url('https:\/\/www.scrigno.com\/wp-content\/uploads\/2025\/09\/HP_Battenti.jpg')\"><\/div>\n\n        <div class=\"card__content\">\n            <div class=\"card__text\">\n                <h3 class=\"card__title\">Portes battantes<\/h3>\n                <p class=\"card__description\">Polyvalence raffin\u00e9e, style intemporel<\/p>\n            <\/div>\n            <div class=\"cta card__cta text-primary\">\n                <span class=\"card__cta--text\">Afficher les produits<\/span> <span class=\"ico icon icon-ico-arrow-right\"><\/span>\n            <\/div>\n        <\/div>\n    <\/a>\n\n    <a href=\"https:\/\/www.scrigno.com\/fr\/categoria\/escaliers\/\" target=\"\" rel=\"\" class=\"card products__explorer--card splide__slide\">\n        <div class=\"card__img\" style=\"background-image: url('https:\/\/www.scrigno.com\/wp-content\/uploads\/2025\/11\/HP_Scale.jpg')\"><\/div>\n\n        <div class=\"card__content\">\n            <div class=\"card__text\">\n                <h3 class=\"card__title\">Escaliers<\/h3>\n                <p class=\"card__description\">Libert\u00e9 dans chaque espace.<\/p>\n            <\/div>\n            <div class=\"cta card__cta text-primary\">\n                <span class=\"card__cta--text\">Afficher les produits<\/span> <span class=\"ico icon icon-ico-arrow-right\"><\/span>\n            <\/div>\n        <\/div>\n    <\/a><\/div><\/div><\/div><div class=\"section__footer\"><\/div><\/div><\/div>\n\n\n<!-- empty project slider -->\n\n    <div class=\"banner-architects\">\n        <div title=\"\u00cates-vous architecte ?\" class=\"banner-architects__image\">\n            <img decoding=\"async\" src=\"https:\/\/www.scrigno.com\/wp-content\/uploads\/2025\/06\/Banner_Architetti_v2-1.jpg\" alt=\"\" \/>\n        <\/div>\n        <div class=\"banner-architects__text-box\">\n            <h4 class=\"banner-architects__title\">\u00cates-vous architecte ?<\/h4>\n            \n            <a href=\"https:\/\/www.scrigno.com\/it\/architetti-e-progettisti\/\" class=\"cta\">\n                Envoyez votre projet\n                <span class=\"ico icon icon-ico-arrow-right\"><\/span>\n            <\/a>\n        <\/div>\n    <\/div>\n\n\n<div class=\"wp-block-scrignocom-scrigno-com-block-banner banner banner--variant_1 banner--left banner--surface\"><div class=\"banner__container\"><picture class=\"banner__image\"><img decoding=\"async\" loading=\"lazy\" src=\"https:\/\/www.scrigno.com\/wp-content\/uploads\/2026\/02\/HP_Rivenditori_Professionisti-1211x681.png\"\/><\/picture><div class=\"banner__content\"><h4 class=\"banner__title\">Revendeurs et installateurs<\/h4><p class=\"banner__text\">D\u00e9couvrez les contenus et services que nous mettons \u00e0 votre disposition pour vous accompagner dans votre travail au quotidien.<\/p><a href=\"https:\/\/www.scrigno.com\/fr\/revendeurs-et-installateurs\/\" class=\"banner__link cta\">En savoir plus<span class=\"ico icon icon-ico-arrow-right\"><\/span><\/a><\/div><\/div><\/div>\n\n\n    <div class=\"news-box__container wrapper\">\n        <div class=\"section__header wrapped cols-10\">\n            <div class=\"section__header--text\">\n                <div class=\"section__title\">News<\/div>\n            <\/div>\n                <a href=\"https:\/\/www.scrigno.com\/fr\/nouvelles\/\" class=\"cta text-primary\">\n        Voir toutes les actualit\u00e9s <span class=\"ico icon icon-ico-arrow-right\"><\/span>\n    <\/a>\n        <\/div>\n        <div class=\"news-box__wrapper wrapped cols-10\">\n            <div class=\"news-box\">\n                    <a href=\"https:\/\/www.scrigno.com\/fr\/success-in-the-finishes-doors-category-a-new-milestone-for-scrigno-and-the-design-created-by-elisa-ossino\/\" class=\"card post\">\n        <div class=\"card__img\"  style=\"background-image: url(https:\/\/www.scrigno.com\/wp-content\/uploads\/2025\/11\/Archiproducts_Award_Carosello_Montebell_1_FB-scaled.jpg)\"><\/div>\n\n        <div class=\"card__content\">\n            <div class=\"card__text\">\n                <div class=\"card__title\">Success in the finishes &#8211; doors category. A new milestone for Scrigno and the design created by Elisa Ossino<\/div>\n                <div class=\"card__description\">7 Nov 2025<\/div>\n            <\/div>\n            <div class=\"cta card__cta text-primary\">\n                <span class=\"card__cta--text\">Voir les actualit\u00e9s<\/span> <span class=\"ico icon icon-ico-arrow-right\"><\/span>\n            <\/div>\n        <\/div>\n    <\/a>    <a href=\"https:\/\/www.scrigno.com\/fr\/scrigno-au-salon-artibat-2025\/\" class=\"card post\">\n        <div class=\"card__img\"  style=\"background-image: url(https:\/\/www.scrigno.com\/wp-content\/uploads\/2025\/10\/Post_Recall_ArtiBat_13-OTTOBRE-scaled-1.jpg)\"><\/div>\n\n        <div class=\"card__content\">\n            <div class=\"card__text\">\n                <div class=\"card__title\">Scrigno au Salon ARTIBAT 2025\u00a0<\/div>\n                <div class=\"card__description\">22 Oct 2025<\/div>\n            <\/div>\n            <div class=\"cta card__cta text-primary\">\n                <span class=\"card__cta--text\">Voir les actualit\u00e9s<\/span> <span class=\"ico icon icon-ico-arrow-right\"><\/span>\n            <\/div>\n        <\/div>\n    <\/a>    <a href=\"https:\/\/www.scrigno.com\/fr\/scrigno-annonce-lacquisition-decomet-et-de-fbp-porte\/\" class=\"card post\">\n        <div class=\"card__img\"  style=\"background-image: url(https:\/\/www.scrigno.com\/wp-content\/uploads\/2025\/10\/Brand_Newsroom-Ecomet-FBP_ENG-scaled-1.jpg)\"><\/div>\n\n        <div class=\"card__content\">\n            <div class=\"card__text\">\n                <div class=\"card__title\">Scrigno annonce l\u2019acquisition d\u2019Ecomet et de FBP porte<\/div>\n                <div class=\"card__description\">15 Oct 2025<\/div>\n            <\/div>\n            <div class=\"cta card__cta text-primary\">\n                <span class=\"card__cta--text\">Voir les actualit\u00e9s<\/span> <span class=\"ico icon icon-ico-arrow-right\"><\/span>\n            <\/div>\n        <\/div>\n    <\/a>\n            <\/div>\n        <\/div>\n        <div class=\"section__footer\">\n                <a href=\"https:\/\/www.scrigno.com\/fr\/nouvelles\/\" class=\"cta text-primary\">\n        Voir toutes les actualit\u00e9s <span class=\"ico icon icon-ico-arrow-right\"><\/span>\n    <\/a>\n        <\/div>\n    <\/div>","protected":false},"excerpt":{"rendered":"","protected":false},"author":1,"featured_media":0,"parent":0,"menu_order":0,"comment_status":"closed","ping_status":"closed","template":"","meta":{"_acf_changed":false,"footnotes":""},"class_list":["post-8287","page","type-page","status-publish","hentry"],"acf":[],"yoast_head":"<!-- This site is optimized with the Yoast SEO plugin v27.1.1 - https:\/\/yoast.com\/product\/yoast-seo-wordpress\/ -->\n<title>Syst\u00e8mes d\u2019ouverture | Scrigno<\/title>\n<meta name=\"description\" content=\"Scrigno est leader dans la conception, la production et la commercialisation de syst\u00e8mes d\u2019ouverture innovants et de haute qualit\u00e9 qui optimisent les espaces et am\u00e9liorent la qualit\u00e9 des logements gr\u00e2ce \u00e0 des solutions design et avant-gardistes.\" \/>\n<meta name=\"robots\" content=\"index, follow, max-snippet:-1, max-image-preview:large, max-video-preview:-1\" \/>\n<link rel=\"canonical\" href=\"https:\/\/www.scrigno.com\/fr\/\" \/>\n<meta property=\"og:locale\" content=\"fr_FR\" \/>\n<meta property=\"og:type\" content=\"article\" \/>\n<meta property=\"og:title\" content=\"Syst\u00e8mes d\u2019ouverture | Scrigno\" \/>\n<meta property=\"og:description\" content=\"Scrigno est leader dans la conception, la production et la commercialisation de syst\u00e8mes d\u2019ouverture innovants et de haute qualit\u00e9 qui optimisent les espaces et am\u00e9liorent la qualit\u00e9 des logements gr\u00e2ce \u00e0 des solutions design et avant-gardistes.\" \/>\n<meta property=\"og:url\" content=\"https:\/\/www.scrigno.com\/fr\/\" \/>\n<meta property=\"og:site_name\" content=\"Scrigno\" \/>\n<meta property=\"article:modified_time\" content=\"2026-03-11T15:02:00+00:00\" \/>\n<meta property=\"og:image\" content=\"https:\/\/www.scrigno.com\/wp-content\/uploads\/2026\/02\/HP_Rivenditori_Professionisti-1211x681.png\" \/>\n<meta name=\"twitter:card\" content=\"summary_large_image\" \/>\n<meta name=\"twitter:label1\" content=\"Dur\u00e9e de lecture estim\u00e9e\" \/>\n\t<meta name=\"twitter:data1\" content=\"1 minute\" \/>\n<script type=\"application\/ld+json\" class=\"yoast-schema-graph\">{\"@context\":\"https:\/\/schema.org\",\"@graph\":[{\"@type\":\"WebPage\",\"@id\":\"https:\/\/www.scrigno.com\/fr\/\",\"url\":\"https:\/\/www.scrigno.com\/fr\/\",\"name\":\"Syst\u00e8mes d\u2019ouverture | Scrigno\",\"isPartOf\":{\"@id\":\"https:\/\/www.scrigno.com\/fr\/#website\"},\"primaryImageOfPage\":{\"@id\":\"https:\/\/www.scrigno.com\/fr\/#primaryimage\"},\"image\":{\"@id\":\"https:\/\/www.scrigno.com\/fr\/#primaryimage\"},\"thumbnailUrl\":\"https:\/\/www.scrigno.com\/wp-content\/uploads\/2026\/02\/HP_Rivenditori_Professionisti-1211x681.png\",\"datePublished\":\"2024-06-27T09:03:28+00:00\",\"dateModified\":\"2026-03-11T15:02:00+00:00\",\"description\":\"Scrigno est leader dans la conception, la production et la commercialisation de syst\u00e8mes d\u2019ouverture innovants et de haute qualit\u00e9 qui optimisent les espaces et am\u00e9liorent la qualit\u00e9 des logements gr\u00e2ce \u00e0 des solutions design et avant-gardistes.\",\"breadcrumb\":{\"@id\":\"https:\/\/www.scrigno.com\/fr\/#breadcrumb\"},\"inLanguage\":\"fr-FR\",\"potentialAction\":[{\"@type\":\"ReadAction\",\"target\":[\"https:\/\/www.scrigno.com\/fr\/\"]}]},{\"@type\":\"ImageObject\",\"inLanguage\":\"fr-FR\",\"@id\":\"https:\/\/www.scrigno.com\/fr\/#primaryimage\",\"url\":\"https:\/\/www.scrigno.com\/wp-content\/uploads\/2026\/02\/HP_Rivenditori_Professionisti-1211x681.png\",\"contentUrl\":\"https:\/\/www.scrigno.com\/wp-content\/uploads\/2026\/02\/HP_Rivenditori_Professionisti-1211x681.png\"},{\"@type\":\"BreadcrumbList\",\"@id\":\"https:\/\/www.scrigno.com\/fr\/#breadcrumb\",\"itemListElement\":[{\"@type\":\"ListItem\",\"position\":1,\"name\":\"Home\",\"item\":\"https:\/\/www.scrigno.com\/fr\/\"},{\"@type\":\"ListItem\",\"position\":2,\"name\":\"Homepage\"}]},{\"@type\":\"WebSite\",\"@id\":\"https:\/\/www.scrigno.com\/fr\/#website\",\"url\":\"https:\/\/www.scrigno.com\/fr\/\",\"name\":\"Scrigno\",\"description\":\"\",\"potentialAction\":[{\"@type\":\"SearchAction\",\"target\":{\"@type\":\"EntryPoint\",\"urlTemplate\":\"https:\/\/www.scrigno.com\/fr\/?s={search_term_string}\"},\"query-input\":{\"@type\":\"PropertyValueSpecification\",\"valueRequired\":true,\"valueName\":\"search_term_string\"}}],\"inLanguage\":\"fr-FR\"}]}<\/script>\n<!-- \/ Yoast SEO plugin. -->","yoast_head_json":{"title":"Syst\u00e8mes d\u2019ouverture | Scrigno","description":"Scrigno est leader dans la conception, la production et la commercialisation de syst\u00e8mes d\u2019ouverture innovants et de haute qualit\u00e9 qui optimisent les espaces et am\u00e9liorent la qualit\u00e9 des logements gr\u00e2ce \u00e0 des solutions design et avant-gardistes.","robots":{"index":"index","follow":"follow","max-snippet":"max-snippet:-1","max-image-preview":"max-image-preview:large","max-video-preview":"max-video-preview:-1"},"canonical":"https:\/\/www.scrigno.com\/fr\/","og_locale":"fr_FR","og_type":"article","og_title":"Syst\u00e8mes d\u2019ouverture | Scrigno","og_description":"Scrigno est leader dans la conception, la production et la commercialisation de syst\u00e8mes d\u2019ouverture innovants et de haute qualit\u00e9 qui optimisent les espaces et am\u00e9liorent la qualit\u00e9 des logements gr\u00e2ce \u00e0 des solutions design et avant-gardistes.","og_url":"https:\/\/www.scrigno.com\/fr\/","og_site_name":"Scrigno","article_modified_time":"2026-03-11T15:02:00+00:00","og_image":[{"url":"https:\/\/www.scrigno.com\/wp-content\/uploads\/2026\/02\/HP_Rivenditori_Professionisti-1211x681.png","type":"","width":"","height":""}],"twitter_card":"summary_large_image","twitter_misc":{"Dur\u00e9e de lecture estim\u00e9e":"1 minute"},"schema":{"@context":"https:\/\/schema.org","@graph":[{"@type":"WebPage","@id":"https:\/\/www.scrigno.com\/fr\/","url":"https:\/\/www.scrigno.com\/fr\/","name":"Syst\u00e8mes d\u2019ouverture | Scrigno","isPartOf":{"@id":"https:\/\/www.scrigno.com\/fr\/#website"},"primaryImageOfPage":{"@id":"https:\/\/www.scrigno.com\/fr\/#primaryimage"},"image":{"@id":"https:\/\/www.scrigno.com\/fr\/#primaryimage"},"thumbnailUrl":"https:\/\/www.scrigno.com\/wp-content\/uploads\/2026\/02\/HP_Rivenditori_Professionisti-1211x681.png","datePublished":"2024-06-27T09:03:28+00:00","dateModified":"2026-03-11T15:02:00+00:00","description":"Scrigno est leader dans la conception, la production et la commercialisation de syst\u00e8mes d\u2019ouverture innovants et de haute qualit\u00e9 qui optimisent les espaces et am\u00e9liorent la qualit\u00e9 des logements gr\u00e2ce \u00e0 des solutions design et avant-gardistes.","breadcrumb":{"@id":"https:\/\/www.scrigno.com\/fr\/#breadcrumb"},"inLanguage":"fr-FR","potentialAction":[{"@type":"ReadAction","target":["https:\/\/www.scrigno.com\/fr\/"]}]},{"@type":"ImageObject","inLanguage":"fr-FR","@id":"https:\/\/www.scrigno.com\/fr\/#primaryimage","url":"https:\/\/www.scrigno.com\/wp-content\/uploads\/2026\/02\/HP_Rivenditori_Professionisti-1211x681.png","contentUrl":"https:\/\/www.scrigno.com\/wp-content\/uploads\/2026\/02\/HP_Rivenditori_Professionisti-1211x681.png"},{"@type":"BreadcrumbList","@id":"https:\/\/www.scrigno.com\/fr\/#breadcrumb","itemListElement":[{"@type":"ListItem","position":1,"name":"Home","item":"https:\/\/www.scrigno.com\/fr\/"},{"@type":"ListItem","position":2,"name":"Homepage"}]},{"@type":"WebSite","@id":"https:\/\/www.scrigno.com\/fr\/#website","url":"https:\/\/www.scrigno.com\/fr\/","name":"Scrigno","description":"","potentialAction":[{"@type":"SearchAction","target":{"@type":"EntryPoint","urlTemplate":"https:\/\/www.scrigno.com\/fr\/?s={search_term_string}"},"query-input":{"@type":"PropertyValueSpecification","valueRequired":true,"valueName":"search_term_string"}}],"inLanguage":"fr-FR"}]}},"_links":{"self":[{"href":"https:\/\/www.scrigno.com\/fr\/wp-json\/wp\/v2\/pages\/8287","targetHints":{"allow":["GET"]}}],"collection":[{"href":"https:\/\/www.scrigno.com\/fr\/wp-json\/wp\/v2\/pages"}],"about":[{"href":"https:\/\/www.scrigno.com\/fr\/wp-json\/wp\/v2\/types\/page"}],"author":[{"embeddable":true,"href":"https:\/\/www.scrigno.com\/fr\/wp-json\/wp\/v2\/users\/1"}],"replies":[{"embeddable":true,"href":"https:\/\/www.scrigno.com\/fr\/wp-json\/wp\/v2\/comments?post=8287"}],"version-history":[{"count":0,"href":"https:\/\/www.scrigno.com\/fr\/wp-json\/wp\/v2\/pages\/8287\/revisions"}],"wp:attachment":[{"href":"https:\/\/www.scrigno.com\/fr\/wp-json\/wp\/v2\/media?parent=8287"}],"curies":[{"name":"wp","href":"https:\/\/api.w.org\/{rel}","templated":true}]}}