{"id":8708,"date":"2024-09-10T12:39:19","date_gmt":"2024-09-10T10:39:19","guid":{"rendered":"https:\/\/www.scrigno.com\/?page_id=8708"},"modified":"2024-10-08T14:41:07","modified_gmt":"2024-10-08T12:41:07","slug":"entreprise","status":"publish","type":"page","link":"https:\/\/www.scrigno.com\/fr\/entreprise\/","title":{"rendered":"Entreprise"},"content":{"rendered":"    <div class=\"content-block wrapper text-only\">\n            \n    <div class=\"wrapped cols-8\">    <div class=\"content-block__text\">\n        \n        <p class=\"content-block__text--content\">Depuis\u00a01989, Scrigno est leader dans la conception, la production et la commercialisation de syst\u00e8mes d\u2019ouverture innovants et de haute qualit\u00e9 qui optimisent les espaces et am\u00e9liorent la qualit\u00e9 des logements gr\u00e2ce \u00e0 des solutions design et avant-gardistes.<br><br>Fond\u00e9e en 1989, Scrigno est leader dans la conception, la production et la commercialisation de galandages exclusifs pour portes et fen\u00eatres coulissantes escamotables, 100\u00a0% Made in Italy. Le si\u00e8ge de l\u2019entreprise se trouve \u00e0 Sant&rsquo;Ermete, dans la commune de Santarcangelo di Romagna (Rimini), o\u00f9 elle occupe une superficie de 50\u00a0000\u00a0m\u00e8tres carr\u00e9s, et les installations de production sont situ\u00e9es \u00e0 quelques kilom\u00e8tres de l\u00e0, \u00e0 Savignano sul Rubicone, avec une superficie couverte de 30\u00a0000\u00a0m\u00e8tres carr\u00e9s.<br><br>Avec environ 180\u00a0employ\u00e9s, 500\u00a0000\u00a0galandages produits par an et export\u00e9s dans plus de 30\u00a0pays, Scrigno peut se pr\u00e9valoir d\u2019un chiffre d\u2019affaires de plus de 70\u00a0millions d\u2019euros en 2021, dont environ 50\u00a0% r\u00e9alis\u00e9s \u00e0 l\u2019\u00e9tranger, et se positionne sur le march\u00e9 comme une r\u00e9f\u00e9rence dans son secteur.<\/p>\n\n            \n    \n    <\/div><\/div>\n    \n    \n    <\/div>\n\n    <div class=\"content-block wrapper image-right\">\n            <div class=\"content-block__spacer\"><\/div>\n    <div class=\"content-block__column-text\">    <div class=\"content-block__text\">\n        <h3 class=\"content-block__text--title\">Notre histoire commence par notre nom<\/h3>\n        <p class=\"content-block__text--content\">L&rsquo;histoire de notre entreprise a commenc\u00e9 en 1989, \u00e0 Santarcangelo di Romagna, avec le brevetage de la premi\u00e8re porte coulissante escamotable\u00a0: Scrigno, le chef-d\u2019\u0153uvre qui a donn\u00e9 son nom \u00e0 l\u2019entreprise. Giuseppe\u00a0Berardi, le fondateur, a ainsi initi\u00e9 une longue tradition d\u2019innovation qui a abouti \u00e0 la cr\u00e9ation d\u2019un nouveau concept de syst\u00e8me d\u2019ouverture.<br>Depuis 2017, Scrigno \u00e9largit sa gamme de produits gr\u00e2ce \u00e0 l\u2019acquisition d\u2019entreprises op\u00e9rant dans des secteurs compl\u00e9mentaires, cr\u00e9ant ainsi le Groupe Scrigno.<br>La premi\u00e8re entreprise est Master, une entreprise historique de Piacenza sp\u00e9cialis\u00e9e dans la conception et la production de portes blind\u00e9es.<br>En 2019, c\u2019est au tour de la soci\u00e9t\u00e9 CCE, sp\u00e9cialis\u00e9e dans les plinthes techniques pour portes et fen\u00eatres ainsi que dans les dispositifs de s\u00e9curit\u00e9 pour les ouvertures automatiques, de rejoindre l\u2019entreprise.<br>En 2021, Scrigno est entr\u00e9 dans le portefeuille de PAI Partners MMF, une soci\u00e9t\u00e9 internationale de capital-investissement de premier plan.<br>L\u2019ann\u00e9e\u00a02024 marque une nouvelle \u00e9tape commerciale. Avec l\u2019acquisition de Rintal, entreprise leader dans le secteur des escaliers design, Scrigno intensifie sa pr\u00e9sence dans les projets d\u2019am\u00e9nagement des espaces de vie.<br>Avec des bureaux en France, en Espagne et en R\u00e9publique tch\u00e8que, Scrigno dispose aujourd\u2019hui d\u2019une surface de production en Italie de plus de 80\u00a0000\u00a0m\u00e8tres carr\u00e9s.<br><br>L\u2019attention port\u00e9e aux moindres d\u00e9tails, le soin apport\u00e9 \u00e0 chaque \u00e9l\u00e9ment. En 30\u00a0ans d\u2019existence, Scrigno est devenu une institution. Sa marque est imprim\u00e9e, sans \u00e9quivoque, sur le c\u00f4t\u00e9 de chaque porte coulissante.<br><br>Dissimul\u00e9e lorsqu\u2019elle est ferm\u00e9e, elle se r\u00e9v\u00e8le lorsqu\u2019elle est entr\u2019ouverte. Dans le montant en bois, dans le rail\u00a0: la marque certifie chacun des \u00e9l\u00e9ments du syst\u00e8me modulaire. La partie d\u2019un tout\u00a0; le tout, dans chacune de ses parties.<\/p>\n\n            \n    \n    <\/div><\/div>\n    <div class=\"content-block__column-image\">    <img decoding=\"async\" src=\"https:\/\/www.scrigno.com\/wp-content\/uploads\/2024\/09\/Paragrafo-1.jpg\" class=\"content-block__image\" \/><\/div>\n    <div class=\"content-block__spacer\"><\/div>\n    <\/div>\n\n    <div class=\"content-block wrapper image-left\">\n            <div class=\"content-block__spacer\"><\/div>\n    <div class=\"content-block__column-image\">    <img decoding=\"async\" src=\"https:\/\/www.scrigno.com\/wp-content\/uploads\/2024\/09\/Paragrafo-2.jpg\" class=\"content-block__image\" \/><\/div>\n    <div class=\"content-block__column-text\">    <div class=\"content-block__text\">\n        <h3 class=\"content-block__text--title\">Comment l\u2019id\u00e9e de la premi\u00e8re porte coulissante en Italie est-elle n\u00e9e\u00a0?<\/h3>\n        <p class=\"content-block__text--content\">Santarcangelo di Romagna, 1987.<br>Tout est parti de l\u00e0. L\u2019histoire de la porte coulissante escamotable Scrigno, premier syst\u00e8me brevet\u00e9 en Italie, prend ses racines le long de la route nationale\u00a09 de la Via Emilia, entre Rimini et Saint-Marin, \u00e0 quelques pas des palais seigneuriaux, des ruelles et des petites places de l\u2019un des villages historiques les plus c\u00e9l\u00e8bres de l\u2019\u00c9milie-Romagne.<br><br><strong>Marque de qualit\u00e9<br><\/strong>Qualit\u00e9, design et souci du d\u00e9tail\u00a0: tout cela caract\u00e9rise Scrigno qui, depuis plus de 30\u00a0ans, est une r\u00e9f\u00e9rence pour les clients, les partenaires et les professionnels. Le style, la qualit\u00e9 exceptionnelle et la long\u00e9vit\u00e9 des mat\u00e9riaux, les contr\u00f4les stricts et les certifications obtenues garantissent que nos syst\u00e8mes innovants et design r\u00e9pondent aux normes de s\u00e9curit\u00e9 les plus strictes.<br>La marque Scrigno est une garantie d\u2019authenticit\u00e9 et un symbole de notre engagement en faveur de l\u2019excellence et de la qualit\u00e9 de vie.<\/p>\n\n            \n    \n    <\/div><\/div>\n    <div class=\"content-block__spacer\"><\/div>\n    <\/div>\n\n    <div class=\"content-block wrapper image-right\">\n            <div class=\"content-block__spacer\"><\/div>\n    <div class=\"content-block__column-text\">    <div class=\"content-block__text\">\n        <h3 class=\"content-block__text--title\">Innovation continue<\/h3>\n        <p class=\"content-block__text--content\">L&rsquo;innovation est le fil conducteur de l\u2019\u00e9volution de Scrigno. Nous nous effor\u00e7ons constamment d\u2019am\u00e9liorer nos produits, de la conception \u00e0 la technologie, par la recherche de nouvelles solutions toujours \u00e0 l\u2019avant-garde.<br>Nous maintenons un dialogue continu et attentif avec les designers, les architectes et les professionnels du secteur afin de r\u00e9pondre aux besoins croissants et sp\u00e9cifiques du march\u00e9. Les solutions Scrigno allient esth\u00e9tique, praticit\u00e9 et polyvalence pour optimiser et valoriser les espaces, transformant les d\u00e9fis en opportunit\u00e9s cr\u00e9atives qui r\u00e9pondent aux go\u00fbts et satisfont les besoins des clients.<\/p>\n\n            \n    \n    <\/div><\/div>\n    <div class=\"content-block__column-image\">    <img decoding=\"async\" src=\"https:\/\/www.scrigno.com\/wp-content\/uploads\/2024\/09\/Paragrafo-3.jpg\" class=\"content-block__image\" \/><\/div>\n    <div class=\"content-block__spacer\"><\/div>\n    <\/div>\n\n    <div class=\"content-block wrapper image-left\">\n            <div class=\"content-block__spacer\"><\/div>\n    <div class=\"content-block__column-image\">    <img decoding=\"async\" src=\"https:\/\/www.scrigno.com\/wp-content\/uploads\/2024\/09\/Paragrafo-4.jpg\" class=\"content-block__image\" \/><\/div>\n    <div class=\"content-block__column-text\">    <div class=\"content-block__text\">\n        <h3 class=\"content-block__text--title\">Un design purement italien<\/h3>\n        <p class=\"content-block__text--content\">Depuis 1989, Scrigno se caract\u00e9rise par une approche unique en termes de design innovant et de comp\u00e9tences conceptuelles. Notre savoir-faire reconnu dans le monde entier est la plus pure expression du Made in Italy, fruit d\u2019une recherche continue et d\u2019une qualit\u00e9 de fabrication sup\u00e9rieure.<br>Ce leadership cr\u00e9atif sur le march\u00e9 des syst\u00e8mes d\u2019ouverture est renforc\u00e9 par des partenariats avec des designers, des architectes d\u2019int\u00e9rieur et des cabinets d\u2019architectes de premier plan en Italie et dans le monde entier. De ces collaborations naissent toujours de nouvelles id\u00e9es qui ouvrent les espaces en interpr\u00e9tant la cr\u00e9ativit\u00e9 de ceux qui les con\u00e7oivent et en lib\u00e9rant les \u00e9motions de ceux qui les vivent.<\/p>\n\n            \n    \n    <\/div><\/div>\n    <div class=\"content-block__spacer\"><\/div>\n    <\/div>","protected":false},"excerpt":{"rendered":"","protected":false},"author":2,"featured_media":0,"parent":0,"menu_order":0,"comment_status":"closed","ping_status":"closed","template":"","meta":{"_acf_changed":false,"footnotes":""},"class_list":["post-8708","page","type-page","status-publish","hentry"],"acf":[],"yoast_head":"<!-- This site is optimized with the Yoast SEO plugin v27.1.1 - https:\/\/yoast.com\/product\/yoast-seo-wordpress\/ -->\n<title>Entreprise - Scrigno<\/title>\n<meta name=\"robots\" content=\"index, follow, max-snippet:-1, max-image-preview:large, max-video-preview:-1\" \/>\n<link rel=\"canonical\" href=\"https:\/\/www.scrigno.com\/fr\/entreprise\/\" \/>\n<meta property=\"og:locale\" content=\"fr_FR\" \/>\n<meta property=\"og:type\" content=\"article\" \/>\n<meta property=\"og:title\" content=\"Entreprise - Scrigno\" \/>\n<meta property=\"og:url\" content=\"https:\/\/www.scrigno.com\/fr\/entreprise\/\" \/>\n<meta property=\"og:site_name\" content=\"Scrigno\" \/>\n<meta property=\"article:modified_time\" content=\"2024-10-08T12:41:07+00:00\" \/>\n<meta name=\"twitter:card\" content=\"summary_large_image\" \/>\n<script type=\"application\/ld+json\" class=\"yoast-schema-graph\">{\"@context\":\"https:\/\/schema.org\",\"@graph\":[{\"@type\":\"WebPage\",\"@id\":\"https:\/\/www.scrigno.com\/fr\/entreprise\/\",\"url\":\"https:\/\/www.scrigno.com\/fr\/entreprise\/\",\"name\":\"Entreprise - Scrigno\",\"isPartOf\":{\"@id\":\"https:\/\/www.scrigno.com\/fr\/#website\"},\"datePublished\":\"2024-09-10T10:39:19+00:00\",\"dateModified\":\"2024-10-08T12:41:07+00:00\",\"breadcrumb\":{\"@id\":\"https:\/\/www.scrigno.com\/fr\/entreprise\/#breadcrumb\"},\"inLanguage\":\"fr-FR\",\"potentialAction\":[{\"@type\":\"ReadAction\",\"target\":[\"https:\/\/www.scrigno.com\/fr\/entreprise\/\"]}]},{\"@type\":\"BreadcrumbList\",\"@id\":\"https:\/\/www.scrigno.com\/fr\/entreprise\/#breadcrumb\",\"itemListElement\":[{\"@type\":\"ListItem\",\"position\":1,\"name\":\"Home\",\"item\":\"https:\/\/www.scrigno.com\/fr\/\"},{\"@type\":\"ListItem\",\"position\":2,\"name\":\"Entreprise\"}]},{\"@type\":\"WebSite\",\"@id\":\"https:\/\/www.scrigno.com\/fr\/#website\",\"url\":\"https:\/\/www.scrigno.com\/fr\/\",\"name\":\"Scrigno\",\"description\":\"\",\"potentialAction\":[{\"@type\":\"SearchAction\",\"target\":{\"@type\":\"EntryPoint\",\"urlTemplate\":\"https:\/\/www.scrigno.com\/fr\/?s={search_term_string}\"},\"query-input\":{\"@type\":\"PropertyValueSpecification\",\"valueRequired\":true,\"valueName\":\"search_term_string\"}}],\"inLanguage\":\"fr-FR\"}]}<\/script>\n<!-- \/ Yoast SEO plugin. -->","yoast_head_json":{"title":"Entreprise - Scrigno","robots":{"index":"index","follow":"follow","max-snippet":"max-snippet:-1","max-image-preview":"max-image-preview:large","max-video-preview":"max-video-preview:-1"},"canonical":"https:\/\/www.scrigno.com\/fr\/entreprise\/","og_locale":"fr_FR","og_type":"article","og_title":"Entreprise - Scrigno","og_url":"https:\/\/www.scrigno.com\/fr\/entreprise\/","og_site_name":"Scrigno","article_modified_time":"2024-10-08T12:41:07+00:00","twitter_card":"summary_large_image","schema":{"@context":"https:\/\/schema.org","@graph":[{"@type":"WebPage","@id":"https:\/\/www.scrigno.com\/fr\/entreprise\/","url":"https:\/\/www.scrigno.com\/fr\/entreprise\/","name":"Entreprise - Scrigno","isPartOf":{"@id":"https:\/\/www.scrigno.com\/fr\/#website"},"datePublished":"2024-09-10T10:39:19+00:00","dateModified":"2024-10-08T12:41:07+00:00","breadcrumb":{"@id":"https:\/\/www.scrigno.com\/fr\/entreprise\/#breadcrumb"},"inLanguage":"fr-FR","potentialAction":[{"@type":"ReadAction","target":["https:\/\/www.scrigno.com\/fr\/entreprise\/"]}]},{"@type":"BreadcrumbList","@id":"https:\/\/www.scrigno.com\/fr\/entreprise\/#breadcrumb","itemListElement":[{"@type":"ListItem","position":1,"name":"Home","item":"https:\/\/www.scrigno.com\/fr\/"},{"@type":"ListItem","position":2,"name":"Entreprise"}]},{"@type":"WebSite","@id":"https:\/\/www.scrigno.com\/fr\/#website","url":"https:\/\/www.scrigno.com\/fr\/","name":"Scrigno","description":"","potentialAction":[{"@type":"SearchAction","target":{"@type":"EntryPoint","urlTemplate":"https:\/\/www.scrigno.com\/fr\/?s={search_term_string}"},"query-input":{"@type":"PropertyValueSpecification","valueRequired":true,"valueName":"search_term_string"}}],"inLanguage":"fr-FR"}]}},"_links":{"self":[{"href":"https:\/\/www.scrigno.com\/fr\/wp-json\/wp\/v2\/pages\/8708","targetHints":{"allow":["GET"]}}],"collection":[{"href":"https:\/\/www.scrigno.com\/fr\/wp-json\/wp\/v2\/pages"}],"about":[{"href":"https:\/\/www.scrigno.com\/fr\/wp-json\/wp\/v2\/types\/page"}],"author":[{"embeddable":true,"href":"https:\/\/www.scrigno.com\/fr\/wp-json\/wp\/v2\/users\/2"}],"replies":[{"embeddable":true,"href":"https:\/\/www.scrigno.com\/fr\/wp-json\/wp\/v2\/comments?post=8708"}],"version-history":[{"count":0,"href":"https:\/\/www.scrigno.com\/fr\/wp-json\/wp\/v2\/pages\/8708\/revisions"}],"wp:attachment":[{"href":"https:\/\/www.scrigno.com\/fr\/wp-json\/wp\/v2\/media?parent=8708"}],"curies":[{"name":"wp","href":"https:\/\/api.w.org\/{rel}","templated":true}]}}