{"id":10931,"date":"2024-10-02T10:21:35","date_gmt":"2024-10-02T08:21:35","guid":{"rendered":"https:\/\/www.scrigno.com\/?page_id=10931"},"modified":"2025-09-18T16:18:56","modified_gmt":"2025-09-18T14:18:56","slug":"cookie-policy","status":"publish","type":"page","link":"https:\/\/www.scrigno.com\/it\/cookie-policy\/","title":{"rendered":"Cookie Policy"},"content":{"rendered":"    <div class=\"content-block wrapper text-only\">\n            \n    <div class=\"wrapped cols-8\">    <div class=\"content-block__text\">\n        <h3 class=\"content-block__text--title\">Cookie Policy<\/h3>\n        <p class=\"content-block__text--content\"><strong>PREMESSA<\/strong><br><br>Con la presente informativa il titolare del trattamento SCRIGNO SPA con sede in Via Casale S. Ermete, 975 \u2013 47822 \u2013 Santarcangelo di Romagna (RN) fornisce le seguenti informazioni circa l\u2019utilizzo dei cookie sul sito web accessibile all\u2019indirizzo https:\/\/www.scrigno.com\/IT\/it (di seguito il \u201cSito\u201d).<br><br><strong>COSA SONO I COOKIE?<\/strong><br>I cookie sono piccoli frammenti di testo, normalmente costituiti da lettere e\/o numeri, che vengono inviati dal Sito e memorizzati dal browser installato sul dispositivo da Lei impiegato per la navigazione, quali: computer, tablet, telefono cellulare o altro dispositivo mobile (indicati complessivamente come \u201cDispositivo\u201c). I cookie vengono poi ritrasmessi al Sito ad una Sua successiva visita.<br><br><strong>DEFINIZIONI<\/strong><br>Cookie di prima parte: derivano dal Sito e possono essere permanenti o temporanei; possono essere utilizzati per archiviare informazioni che verranno riutilizzate alla successiva visita del sito;<br>Cookie di terze parti: sono installati da un dominio differente, per esempio, nel caso in cui il Sito incorpori elementi provenienti da altri siti, annunci e contenuti pubblicitari.<br><br><strong>I COOKIE UTILIZZATI NEL NOSTRO SITO<\/strong><br><strong><br>4.1 COOKIES TRETTAMENTE NECESSARI<\/strong><br>Questi cookie servono per assicurare il funzionamento dei nostri servizi, ci permettono di migliorare le prestazioni. Queste tecnologie consentono al nostro Sito di conservare informazioni importanti nel Suo browser o Dispositivo e quindi di usarle successivamente per identificarLa sui nostri server o sistemi interni nonch\u00e9 per fornirLe funzionalit\u00e0 aggiuntive (ad esempio: impostazione lingua). Laddove applicabile, proteggiamo i cookie per assicurare che solo il Titolare e\/o i nostri fornitori di servizi autorizzati possano interpretarli assegnando loro un codice univoco.<br>I cookie strettamente necessari non richiedono il Suo consenso per essere installati sul Dispositivo. \u00c8 possibile configurare il browser in modo da bloccare o ricevere notifiche su questi cookie, ma ci\u00f2 impedir\u00e0 il funzionamento di alcune parti del Sito e\/o potresti dover modificare o inserire manualmente alcune informazioni o preferenze ogni volta che visiterai il Sito.<br><br><strong>4.2 COOKIE ANALITICI E STATISTICI NON ANONIMI<\/strong><br>Questi cookie ci permettono di contare le visite e fonti di traffico in modo da poter misurare e migliorare le prestazioni del Sito. Ci aiutano a sapere quali sono le pagine pi\u00f9 e meno popolari e vedere come i visitatori si muovono intorno al Sito.<br>Per i cookie analitici e statistici non anonimi \u00e8 necessario il Suo esplicito consenso. Il diniego del consenso all\u2019utilizzo di tali cookie non interferir\u00e0 sulla possibilit\u00e0 di usufruire del Sito.<br><br><strong>4.3 COOKIE DI PROFILAZIONE E MARKETING E COOKIE SOCIAL<\/strong><br>Possiamo usare cookie di profilazione e marketing \u2013 di prima o di terze parti \u2013 per proporre contenuti, incluse pubblicit\u00e0 rilevanti in base ai Suoi interessi, sul nostro Sito o su siti terzi. Ci\u00f2 include l\u2019uso di tecnologie per valutare meglio l\u2019utilit\u00e0 di pubblicit\u00e0 e contenuti presentati all\u2019utente, da ad esempio monitorando se ha selezionato o meno un annuncio pubblicitario.<br>Possiamo collaborare con altre aziende, generalmente note come fornitori di servizi, che sono autorizzate a usare cookie o tecnologie similari per archiviare dati sui nostri siti o nei nostri servizi, app e strumenti. Tali fornitori di servizi ci permettono di offrirti un\u2019esperienza migliore, pi\u00f9 veloce e pi\u00f9 sicura sui nostri siti. Tali fornitori di servizi possono usare dette tecnologie per aiutarci a offrirti i nostri contenuti e la nostra pubblicit\u00e0 e creare statistiche e analisi del sito anonime. Non consentiamo ad alcuno dei nostri fornitori di servizi di raccogliere le tue informazioni personali sui nostri siti o tramite i nostri servizi, app o strumenti per i loro scopi. Tali fornitori di servizi sono soggetti agli accordi di riservatezza stipulati con noi e ad altre limitazioni legali circa l\u2019uso o la raccolta di qualsiasi informazione personale. L\u2019uso dei cookie di utenti \u00e8 disciplinato dalle regole sulla privacy di tali soggetti terzi. Fatta eccezione per l\u2019uso di tali tecnologie da parte dei nostri fornitori di servizi o altri soggetti terzi autorizzati, non accettiamo sui siti alcun contenuto di soggetti (ad esempio inserzioni, comunicazioni tra utenti, contatti diretti, commenti, recensioni e cos\u00ec via) per includere o usare i cookie, web beacon, storage locali o tecnologie simili per monitorare o acquisire le tue informazioni personali.<br>Per i cookie di marketing e di profilazione e dei cookie social \u00e8 necessario il Suo esplicito consenso. Il diniego del consenso all\u2019utilizzo dei cookie di profilazione e marketing e dei cookie social non interferir\u00e0 sulla possibilit\u00e0 di accedere al Sito, salvo l\u2019impossibilit\u00e0 di accedere a quelle funzioni o contenuti che fanno utilizzo di tali cookie. Rifiutando i cookie di prima parte relativi alla pubblicit\u00e0, Lei visualizzer\u00e0 comunque la nostra pubblicit\u00e0, ma non sar\u00e0 mirata ai Suoi interessi.<br><br><strong>COME \u00c8 POSSIBILE CONTROLLARE I COOKIE?<\/strong><br>Al primo accesso al Sito \u00e8 presente un banner contenente l\u2019informativa breve sull\u2019utilizzo dei cookie e un link (\u201cScopri di pi\u00f9 e personalizza\u201d) tramite il quale pu\u00f2 scegliere facilmente quali cookie installare. Si tenga presente che \u00e8 possibile controllare ed eliminare i singoli cookie anche utilizzando le impostazioni della maggior parte dei browser. Di seguito vi forniamo i link alle pagine relativi alla gestione dei cookie dei principali browser:<br>Google Chrome \u2013 Mozilla Firefox \u2013 Safari \u2013 Internet Explorer<br>La Sua scelta comporter\u00e0 conseguenze diverse a seconda della categoria di cookie selezionate.<\/p>\n\n            \n    \n    <\/div><\/div>\n    \n    \n    <\/div>\n\n\n<div class=\"wp-block-group wrapper is-layout-constrained wp-block-group-is-layout-constrained\">\n<div class=\"wp-block-group wrapped cols-8 is-layout-constrained wp-block-group-is-layout-constrained\"><script\n\t\ttype=\"text\/javascript\"\n\t\tid=\"CookieDeclaration\"\n\t\tsrc=\"https:\/\/consent.cookiebot.com\/f1850a68-070a-4fe5-9f54-8dfafdfce538\/cd.js\"\n\t\tasync><\/script>\n<\/div>\n<\/div>\n","protected":false},"excerpt":{"rendered":"","protected":false},"author":2,"featured_media":0,"parent":0,"menu_order":0,"comment_status":"closed","ping_status":"closed","template":"","meta":{"_acf_changed":false,"footnotes":""},"class_list":["post-10931","page","type-page","status-publish","hentry"],"acf":[],"yoast_head":"<!-- This site is optimized with the Yoast SEO plugin v27.1.1 - https:\/\/yoast.com\/product\/yoast-seo-wordpress\/ -->\n<title>Cookie Policy - Scrigno<\/title>\n<meta name=\"robots\" content=\"index, follow, max-snippet:-1, max-image-preview:large, max-video-preview:-1\" \/>\n<link rel=\"canonical\" href=\"https:\/\/www.scrigno.com\/it\/cookie-policy\/\" \/>\n<meta property=\"og:locale\" content=\"it_IT\" \/>\n<meta property=\"og:type\" content=\"article\" \/>\n<meta property=\"og:title\" content=\"Cookie Policy - Scrigno\" \/>\n<meta property=\"og:url\" content=\"https:\/\/www.scrigno.com\/it\/cookie-policy\/\" \/>\n<meta property=\"og:site_name\" content=\"Scrigno\" \/>\n<meta property=\"article:modified_time\" content=\"2025-09-18T14:18:56+00:00\" \/>\n<meta name=\"twitter:card\" content=\"summary_large_image\" \/>\n<script type=\"application\/ld+json\" class=\"yoast-schema-graph\">{\"@context\":\"https:\/\/schema.org\",\"@graph\":[{\"@type\":\"WebPage\",\"@id\":\"https:\/\/www.scrigno.com\/it\/cookie-policy\/\",\"url\":\"https:\/\/www.scrigno.com\/it\/cookie-policy\/\",\"name\":\"Cookie Policy - Scrigno\",\"isPartOf\":{\"@id\":\"https:\/\/www.scrigno.com\/it\/#website\"},\"datePublished\":\"2024-10-02T08:21:35+00:00\",\"dateModified\":\"2025-09-18T14:18:56+00:00\",\"breadcrumb\":{\"@id\":\"https:\/\/www.scrigno.com\/it\/cookie-policy\/#breadcrumb\"},\"inLanguage\":\"it-IT\",\"potentialAction\":[{\"@type\":\"ReadAction\",\"target\":[\"https:\/\/www.scrigno.com\/it\/cookie-policy\/\"]}]},{\"@type\":\"BreadcrumbList\",\"@id\":\"https:\/\/www.scrigno.com\/it\/cookie-policy\/#breadcrumb\",\"itemListElement\":[{\"@type\":\"ListItem\",\"position\":1,\"name\":\"Home\",\"item\":\"https:\/\/www.scrigno.com\/it\/\"},{\"@type\":\"ListItem\",\"position\":2,\"name\":\"Cookie Policy\"}]},{\"@type\":\"WebSite\",\"@id\":\"https:\/\/www.scrigno.com\/it\/#website\",\"url\":\"https:\/\/www.scrigno.com\/it\/\",\"name\":\"Scrigno\",\"description\":\"\",\"potentialAction\":[{\"@type\":\"SearchAction\",\"target\":{\"@type\":\"EntryPoint\",\"urlTemplate\":\"https:\/\/www.scrigno.com\/it\/?s={search_term_string}\"},\"query-input\":{\"@type\":\"PropertyValueSpecification\",\"valueRequired\":true,\"valueName\":\"search_term_string\"}}],\"inLanguage\":\"it-IT\"}]}<\/script>\n<!-- \/ Yoast SEO plugin. -->","yoast_head_json":{"title":"Cookie Policy - Scrigno","robots":{"index":"index","follow":"follow","max-snippet":"max-snippet:-1","max-image-preview":"max-image-preview:large","max-video-preview":"max-video-preview:-1"},"canonical":"https:\/\/www.scrigno.com\/it\/cookie-policy\/","og_locale":"it_IT","og_type":"article","og_title":"Cookie Policy - Scrigno","og_url":"https:\/\/www.scrigno.com\/it\/cookie-policy\/","og_site_name":"Scrigno","article_modified_time":"2025-09-18T14:18:56+00:00","twitter_card":"summary_large_image","schema":{"@context":"https:\/\/schema.org","@graph":[{"@type":"WebPage","@id":"https:\/\/www.scrigno.com\/it\/cookie-policy\/","url":"https:\/\/www.scrigno.com\/it\/cookie-policy\/","name":"Cookie Policy - Scrigno","isPartOf":{"@id":"https:\/\/www.scrigno.com\/it\/#website"},"datePublished":"2024-10-02T08:21:35+00:00","dateModified":"2025-09-18T14:18:56+00:00","breadcrumb":{"@id":"https:\/\/www.scrigno.com\/it\/cookie-policy\/#breadcrumb"},"inLanguage":"it-IT","potentialAction":[{"@type":"ReadAction","target":["https:\/\/www.scrigno.com\/it\/cookie-policy\/"]}]},{"@type":"BreadcrumbList","@id":"https:\/\/www.scrigno.com\/it\/cookie-policy\/#breadcrumb","itemListElement":[{"@type":"ListItem","position":1,"name":"Home","item":"https:\/\/www.scrigno.com\/it\/"},{"@type":"ListItem","position":2,"name":"Cookie Policy"}]},{"@type":"WebSite","@id":"https:\/\/www.scrigno.com\/it\/#website","url":"https:\/\/www.scrigno.com\/it\/","name":"Scrigno","description":"","potentialAction":[{"@type":"SearchAction","target":{"@type":"EntryPoint","urlTemplate":"https:\/\/www.scrigno.com\/it\/?s={search_term_string}"},"query-input":{"@type":"PropertyValueSpecification","valueRequired":true,"valueName":"search_term_string"}}],"inLanguage":"it-IT"}]}},"_links":{"self":[{"href":"https:\/\/www.scrigno.com\/it\/wp-json\/wp\/v2\/pages\/10931","targetHints":{"allow":["GET"]}}],"collection":[{"href":"https:\/\/www.scrigno.com\/it\/wp-json\/wp\/v2\/pages"}],"about":[{"href":"https:\/\/www.scrigno.com\/it\/wp-json\/wp\/v2\/types\/page"}],"author":[{"embeddable":true,"href":"https:\/\/www.scrigno.com\/it\/wp-json\/wp\/v2\/users\/2"}],"replies":[{"embeddable":true,"href":"https:\/\/www.scrigno.com\/it\/wp-json\/wp\/v2\/comments?post=10931"}],"version-history":[{"count":0,"href":"https:\/\/www.scrigno.com\/it\/wp-json\/wp\/v2\/pages\/10931\/revisions"}],"wp:attachment":[{"href":"https:\/\/www.scrigno.com\/it\/wp-json\/wp\/v2\/media?parent=10931"}],"curies":[{"name":"wp","href":"https:\/\/api.w.org\/{rel}","templated":true}]}}