{"id":14889,"date":"2025-07-15T11:30:40","date_gmt":"2025-07-15T09:30:40","guid":{"rendered":"https:\/\/www.scrigno.com\/?page_id=14889"},"modified":"2025-12-01T11:24:25","modified_gmt":"2025-12-01T09:24:25","slug":"arche-by-egidio-panzera-architect","status":"publish","type":"page","link":"https:\/\/www.scrigno.com\/it\/arche-by-egidio-panzera-architect\/","title":{"rendered":"Arch\u00e8 by Egidio Panzera"},"content":{"rendered":"    <div class=\"content-block wrapper text-only\">\n            \n    <div class=\"wrapped cols-8\">    <div class=\"content-block__text\">\n        <h3 class=\"content-block__text--title\">Sicurezza e Design in un\u2019unica soluzione di porte blindate.<\/h3>\n        <p class=\"content-block__text--content\">Arch\u00e8\u00a0\u00e8 l\u2019innovativa collezione di porte blindate Scrigno che fonde innovazione tecnica, ricerca estetica e visione architettonica in un equilibrio unico. Il nome, dal greco \u201cprincipio\u201d, racconta l\u2019origine di ogni progetto: il primo segno di casa, dove il muro non \u00e8 pi\u00f9 confine, ma connessione. Qui il varco diventa gesto architettonico, essenza del design.Linee contemporanee, materiali di pregio, possibilit\u00e0 di personalizzazione totale: Arch\u00e8 valorizza ogni apertura come elemento d\u2019arredo, in perfetta armonia con l\u2019architettura, interna ed esterna. Comfort, isolamento, protezione: ogni dettaglio \u00e8 studiato per offrire protezione certificata e bellezza che resiste al tempo. Perch\u00e9 Arch\u00e8 non \u00e8 solo una porta, \u00e8 il punto in cui la visione del progetto incontra la realt\u00e0 di chi lo abita.<\/p>\n\n                <a href=\"https:\/\/www.scrigno.com\/it\/categoria\/porte-blindate\/?collection=1743\" class=\"cta text-primary\"  >\n        SCOPRI LA COLLEZIONE <span class=\"ico icon icon-ico-arrow-right\"><\/span>\n    <\/a>\n    \n    <\/div><\/div>\n    \n    \n    <\/div>\n\n\n<div class=\"wp-block-scrignocom-scrigno-com-block-download-list download-list wrapper product-section\" data-search-type=\"Scarica il catalogo\"><div class=\"section__header wrapped cols-10\"><div class=\"section__header--text\"><div class=\"section__title\">Scarica il catalogo<\/div><\/div><\/div><div class=\"file-list wrapped cols-10\"><div class=\"file-list__table\">    <a target=\"_blank\" data-download=\"eyJ0aXRsZSI6IkNhdGFsb2dvIEFyY2hcdTAwZTkgYnkgRWdpZGlvIFBhbnplcmEiLCJ1cmwiOiJodHRwczpcL1wvd3d3LnNjcmlnbm8uY29tXC93cC1jb250ZW50XC91cGxvYWRzXC8yMDI1XC8wOVwvNjE2MjQtY2F0YWxvZ28tQkxJTkRBVEktQVJDSEVfd2ViLnBkZiJ9\"  class=\"file-list__row searchable\" data-form-id=\"175\">\n        \n        <div class=\"file-list__row--title\" data-search-text=\"Catalogo Arch\u00e9 by Egidio Panzera\">Catalogo Arch\u00e9 by Egidio Panzera<\/div>\n        <div class=\"file-list__row--type\">pdf<\/div>\n        <div class=\"file-list__row--size\">6.9 MB<\/div>\n    <\/a><\/div><\/div><\/div>\n\n\n    <div class=\"content-block wrapper image-only\">\n            \n    <div class=\"wrapped cols-8\">    <img decoding=\"async\" src=\"https:\/\/www.scrigno.com\/wp-content\/uploads\/2025\/07\/Render_B_BILICO_FRAMMENTO_V02_rev02.jpg\" class=\"content-block__image\" \/><\/div>\n    \n    \n    <\/div>\n\n    <div class=\"content-block wrapper image-left\">\n            <div class=\"content-block__spacer\"><\/div>\n    <div class=\"content-block__column-image\">    <img decoding=\"async\" src=\"https:\/\/www.scrigno.com\/wp-content\/uploads\/2025\/07\/Panzera-1.png\" class=\"content-block__image\" \/><\/div>\n    <div class=\"content-block__column-text\">    <div class=\"content-block__text\">\n        <h3 class=\"content-block__text--title\">Egidio Panzera<\/h3>\n        <p class=\"content-block__text--content\">Architetto e designer di fama internazionale, Egidio Panzera fonda il suo studio nel 2002, guidando un team multidisciplinare la cui ricerca spazia dal design industriale all\u2019architettura d\u2019interni. Titolare di numerosi brevetti e riconoscimenti, il suo lavoro si \u00e8 sempre distinto per una visione progettuale unica.<br><br>Per Scrigno, questa visione si traduce nella collezione Arch\u00e8, che esplora il concetto di limite per trasformarlo in opportunit\u00e0: un approccio che sposta il focus dal \u201cchiudere un breccia\u201d al \u201cprogettare un varco\u201d, trasformando l\u2019ingresso in una parte viva dell\u2019architettura, capace di unire anzich\u00e9 separare.<br><br>\u201c<em><strong>Quando il design scompare, lo spazio prende forma<\/strong>.<\/em>\u201d\u2014 Egidio Panzera<\/p>\n\n            \n    \n    <\/div><\/div>\n    <div class=\"content-block__spacer\"><\/div>\n    <\/div>\n\n    <div class=\"content-block wrapper text-only\">\n            \n    <div class=\"wrapped cols-8\">    <div class=\"content-block__text\">\n        <h3 class=\"content-block__text--title\">Linee<\/h3>\n        <p class=\"content-block__text--content\">Materia, Tracce e Heritage raccontano tre modi di intendere il rivestimento esterno come elemento narrativo e sensoriale, in dialogo con lo spazio.<\/p>\n\n            \n    \n    <\/div><\/div>\n    \n    \n    <\/div>\n\n    <div class=\"content-block wrapper image-left\">\n            <div class=\"content-block__spacer\"><\/div>\n    <div class=\"content-block__column-image\">    <img decoding=\"async\" src=\"https:\/\/www.scrigno.com\/wp-content\/uploads\/2025\/07\/Scrigno_Panzera_Immagine_Moodboard_1920x1080px.png\" class=\"content-block__image\" \/><\/div>\n    <div class=\"content-block__column-text\">    <div class=\"content-block__text\">\n        \n        <p class=\"content-block__text--content\"><strong>Materia\u00a0<\/strong>esplora la forza espressiva dei materiali, unendo texture, volumi e finiture pregiate in composizioni dal forte impatto visivo e tattile.<br><strong>Tracce\u00a0<\/strong>valorizza il segno inciso, trasformando la superficie in un paesaggio grafico ed evocativo, aperto all\u2019interpretazione progettuale.<br><strong>Heritage\u00a0<\/strong>reinterpreta la tradizione con un linguaggio sobrio e contemporaneo, capace di adattarsi con naturalezza a stili e contesti diversi.<\/p>\n\n                <a href=\"https:\/\/www.scrigno.com\/it\/categoria\/porte-blindate\/?collection=1743\" class=\"cta text-primary\"  >\n        SCOPRI LA COLLEZIONE <span class=\"ico icon icon-ico-arrow-right\"><\/span>\n    <\/a>\n    \n    <\/div><\/div>\n    <div class=\"content-block__spacer\"><\/div>\n    <\/div>\n\n    <div class=\"gallery__wrapper wp-block-scrignocom-scrigno-com-block-gallery\">\n        <div class=\"gallery__slider splide\">\n            <div class=\"splide__track\">\n                <div class=\"splide__list\">\n                        <div class=\"gallery__elem splide__slide\">\n        <img decoding=\"async\" class=\"gallery__image\" src=\"https:\/\/www.scrigno.com\/wp-content\/uploads\/2025\/07\/LEVOS-interno-filo-muro-scaled.jpg\" alt=\"LEVOS interno filo muro\" \/>\n    <\/div>    <div class=\"gallery__elem splide__slide\">\n        <img decoding=\"async\" class=\"gallery__image\" src=\"https:\/\/www.scrigno.com\/wp-content\/uploads\/2025\/07\/LEVOS-interno-dettaglio-filo-muro-scaled.jpg\" alt=\"LEVOS interno dettaglio filo muro\" \/>\n    <\/div>    <div class=\"gallery__elem splide__slide\">\n        <img decoding=\"async\" class=\"gallery__image\" src=\"https:\/\/www.scrigno.com\/wp-content\/uploads\/2025\/07\/AXIAL-_-PART_02-Accordo-scaled.jpg\" alt=\"AXIAL _ PART_02 Accordo\" \/>\n    <\/div>    <div class=\"gallery__elem splide__slide\">\n        <img decoding=\"async\" class=\"gallery__image\" src=\"https:\/\/www.scrigno.com\/wp-content\/uploads\/2025\/07\/AXIAL_PART02-Frammento-scaled.jpg\" alt=\"AXIAL_PART02 Frammento\" \/>\n    <\/div>\n                <\/div>\n            <\/div>\n        <\/div>\n    <\/div>\n\n    <div class=\"content-block wrapper image-right\">\n            <div class=\"content-block__spacer\"><\/div>\n    <div class=\"content-block__column-text\">    <div class=\"content-block__text\">\n        <h3 class=\"content-block__text--title\">Rigatino<\/h3>\n        <p class=\"content-block__text--content\">Unico, originale, distintivo: Rigatino nasce dalla visione dell\u2019architetto Egidio Panzera e si ispira alla purezza delle linee contemporanee.<br><br>Il carter di rivestimento rigato anima il telaio e la carena con un segno grafico elegante, materico, capace di catturare la luce e restituirla in movimento. Un invito sottile al tatto, per scoprire il carattere inimitabile delle porte di tutta la collezione.<br><br>Un tratto verticale che racconta l\u2019attenzione al dettaglio e l\u2019equilibrio tra forma e solidit\u00e0 che rendono Arch\u00e8 inconfondibile.<\/p>\n\n                <a href=\"https:\/\/www.scrigno.com\/it\/categoria\/porte-blindate\/?collection=1743\" class=\"cta text-primary\"  >\n        SCOPRI LA COLLEZIONE <span class=\"ico icon icon-ico-arrow-right\"><\/span>\n    <\/a>\n    \n    <\/div><\/div>\n    <div class=\"content-block__column-image\">    <img decoding=\"async\" src=\"https:\/\/www.scrigno.com\/wp-content\/uploads\/2025\/07\/Rigatino-1.jpg\" class=\"content-block__image\" \/><\/div>\n    <div class=\"content-block__spacer\"><\/div>\n    <\/div>\n\n    <div class=\"content-block wrapper image-only\">\n            \n    <div class=\"wrapped cols-8\">    <img decoding=\"async\" src=\"https:\/\/www.scrigno.com\/wp-content\/uploads\/2025\/07\/banner_blindate-2.png\" class=\"content-block__image\" \/><\/div>\n    \n    \n    <\/div>","protected":false},"excerpt":{"rendered":"","protected":false},"author":2,"featured_media":0,"parent":0,"menu_order":0,"comment_status":"closed","ping_status":"closed","template":"","meta":{"_acf_changed":false,"footnotes":""},"class_list":["post-14889","page","type-page","status-publish","hentry"],"acf":[],"yoast_head":"<!-- This site is optimized with the Yoast SEO plugin v27.1.1 - https:\/\/yoast.com\/product\/yoast-seo-wordpress\/ -->\n<title>Arch\u00e8 by Egidio Panzera - Scrigno<\/title>\n<meta name=\"robots\" content=\"index, follow, max-snippet:-1, max-image-preview:large, max-video-preview:-1\" \/>\n<link rel=\"canonical\" href=\"https:\/\/www.scrigno.com\/it\/arche-by-egidio-panzera-architect\/\" \/>\n<meta property=\"og:locale\" content=\"it_IT\" \/>\n<meta property=\"og:type\" content=\"article\" \/>\n<meta property=\"og:title\" content=\"Arch\u00e8 by Egidio Panzera - Scrigno\" \/>\n<meta property=\"og:url\" content=\"https:\/\/www.scrigno.com\/it\/arche-by-egidio-panzera-architect\/\" \/>\n<meta property=\"og:site_name\" content=\"Scrigno\" \/>\n<meta property=\"article:modified_time\" content=\"2025-12-01T09:24:25+00:00\" \/>\n<meta name=\"twitter:card\" content=\"summary_large_image\" \/>\n<meta name=\"twitter:label1\" content=\"Tempo di lettura stimato\" \/>\n\t<meta name=\"twitter:data1\" content=\"1 minuto\" \/>\n<script type=\"application\/ld+json\" class=\"yoast-schema-graph\">{\"@context\":\"https:\/\/schema.org\",\"@graph\":[{\"@type\":\"WebPage\",\"@id\":\"https:\/\/www.scrigno.com\/it\/arche-by-egidio-panzera-architect\/\",\"url\":\"https:\/\/www.scrigno.com\/it\/arche-by-egidio-panzera-architect\/\",\"name\":\"Arch\u00e8 by Egidio Panzera - Scrigno\",\"isPartOf\":{\"@id\":\"https:\/\/www.scrigno.com\/it\/#website\"},\"datePublished\":\"2025-07-15T09:30:40+00:00\",\"dateModified\":\"2025-12-01T09:24:25+00:00\",\"breadcrumb\":{\"@id\":\"https:\/\/www.scrigno.com\/it\/arche-by-egidio-panzera-architect\/#breadcrumb\"},\"inLanguage\":\"it-IT\",\"potentialAction\":[{\"@type\":\"ReadAction\",\"target\":[\"https:\/\/www.scrigno.com\/it\/arche-by-egidio-panzera-architect\/\"]}]},{\"@type\":\"BreadcrumbList\",\"@id\":\"https:\/\/www.scrigno.com\/it\/arche-by-egidio-panzera-architect\/#breadcrumb\",\"itemListElement\":[{\"@type\":\"ListItem\",\"position\":1,\"name\":\"Home\",\"item\":\"https:\/\/www.scrigno.com\/it\/\"},{\"@type\":\"ListItem\",\"position\":2,\"name\":\"Arch\u00e8 by Egidio Panzera\"}]},{\"@type\":\"WebSite\",\"@id\":\"https:\/\/www.scrigno.com\/it\/#website\",\"url\":\"https:\/\/www.scrigno.com\/it\/\",\"name\":\"Scrigno\",\"description\":\"\",\"potentialAction\":[{\"@type\":\"SearchAction\",\"target\":{\"@type\":\"EntryPoint\",\"urlTemplate\":\"https:\/\/www.scrigno.com\/it\/?s={search_term_string}\"},\"query-input\":{\"@type\":\"PropertyValueSpecification\",\"valueRequired\":true,\"valueName\":\"search_term_string\"}}],\"inLanguage\":\"it-IT\"}]}<\/script>\n<!-- \/ Yoast SEO plugin. -->","yoast_head_json":{"title":"Arch\u00e8 by Egidio Panzera - Scrigno","robots":{"index":"index","follow":"follow","max-snippet":"max-snippet:-1","max-image-preview":"max-image-preview:large","max-video-preview":"max-video-preview:-1"},"canonical":"https:\/\/www.scrigno.com\/it\/arche-by-egidio-panzera-architect\/","og_locale":"it_IT","og_type":"article","og_title":"Arch\u00e8 by Egidio Panzera - Scrigno","og_url":"https:\/\/www.scrigno.com\/it\/arche-by-egidio-panzera-architect\/","og_site_name":"Scrigno","article_modified_time":"2025-12-01T09:24:25+00:00","twitter_card":"summary_large_image","twitter_misc":{"Tempo di lettura stimato":"1 minuto"},"schema":{"@context":"https:\/\/schema.org","@graph":[{"@type":"WebPage","@id":"https:\/\/www.scrigno.com\/it\/arche-by-egidio-panzera-architect\/","url":"https:\/\/www.scrigno.com\/it\/arche-by-egidio-panzera-architect\/","name":"Arch\u00e8 by Egidio Panzera - Scrigno","isPartOf":{"@id":"https:\/\/www.scrigno.com\/it\/#website"},"datePublished":"2025-07-15T09:30:40+00:00","dateModified":"2025-12-01T09:24:25+00:00","breadcrumb":{"@id":"https:\/\/www.scrigno.com\/it\/arche-by-egidio-panzera-architect\/#breadcrumb"},"inLanguage":"it-IT","potentialAction":[{"@type":"ReadAction","target":["https:\/\/www.scrigno.com\/it\/arche-by-egidio-panzera-architect\/"]}]},{"@type":"BreadcrumbList","@id":"https:\/\/www.scrigno.com\/it\/arche-by-egidio-panzera-architect\/#breadcrumb","itemListElement":[{"@type":"ListItem","position":1,"name":"Home","item":"https:\/\/www.scrigno.com\/it\/"},{"@type":"ListItem","position":2,"name":"Arch\u00e8 by Egidio Panzera"}]},{"@type":"WebSite","@id":"https:\/\/www.scrigno.com\/it\/#website","url":"https:\/\/www.scrigno.com\/it\/","name":"Scrigno","description":"","potentialAction":[{"@type":"SearchAction","target":{"@type":"EntryPoint","urlTemplate":"https:\/\/www.scrigno.com\/it\/?s={search_term_string}"},"query-input":{"@type":"PropertyValueSpecification","valueRequired":true,"valueName":"search_term_string"}}],"inLanguage":"it-IT"}]}},"_links":{"self":[{"href":"https:\/\/www.scrigno.com\/it\/wp-json\/wp\/v2\/pages\/14889","targetHints":{"allow":["GET"]}}],"collection":[{"href":"https:\/\/www.scrigno.com\/it\/wp-json\/wp\/v2\/pages"}],"about":[{"href":"https:\/\/www.scrigno.com\/it\/wp-json\/wp\/v2\/types\/page"}],"author":[{"embeddable":true,"href":"https:\/\/www.scrigno.com\/it\/wp-json\/wp\/v2\/users\/2"}],"replies":[{"embeddable":true,"href":"https:\/\/www.scrigno.com\/it\/wp-json\/wp\/v2\/comments?post=14889"}],"version-history":[{"count":0,"href":"https:\/\/www.scrigno.com\/it\/wp-json\/wp\/v2\/pages\/14889\/revisions"}],"wp:attachment":[{"href":"https:\/\/www.scrigno.com\/it\/wp-json\/wp\/v2\/media?parent=14889"}],"curies":[{"name":"wp","href":"https:\/\/api.w.org\/{rel}","templated":true}]}}