{"id":15484,"date":"2025-09-18T12:30:46","date_gmt":"2025-09-18T10:30:46","guid":{"rendered":"https:\/\/www.scrigno.com\/?page_id=15484"},"modified":"2025-11-06T12:12:52","modified_gmt":"2025-11-06T10:12:52","slug":"scarica-il-catalogo-della-collezione-kyma","status":"publish","type":"page","link":"https:\/\/www.scrigno.com\/it\/scarica-il-catalogo-della-collezione-kyma\/","title":{"rendered":"Kyma by Elisa Ossino"},"content":{"rendered":"    <div class=\"content-block wrapper text-only\">\n            \n    <div class=\"wrapped cols-8\">    <div class=\"content-block__text\">\n        <h3 class=\"content-block__text--title\">La scala come nuovo linguaggio dello spazio<\/h3>\n        <p class=\"content-block__text--content\">Con Kyma, Elisa Ossino firma una nuova idea di scala: non pi\u00f9 semplice passaggio tra livelli, ma traiettoria architettonica che connette materia e spazio, luce e funzione. Parte della collezione Olympia &#8211; le scale tailor made di Scrigno &#8211; Kyma \u00e8 un esercizio di equilibrio e visione, pensato per dissolvere il peso e lasciare emergere il ritmo puro del movimento.<br><br>La scala diventa cos\u00ec segno sospeso, presenza silenziosa ma identitaria, progettata per integrarsi con armonia nell\u2019architettura e allo stesso tempo guidarne la narrazione.\u00a0Ogni gradino \u00e8 una una pausa visiva, una sequenza geometrica che dialoga con l\u2019ambiente circostante.<span id=\"docs-internal-guid-d9c8c757-7fff-c2da-b557-0557c9e34e89\"><div><span style=\"font-size: 11pt; font-family: Arial, sans-serif; color: rgb(5, 30, 66); background-color: transparent; font-variant-numeric: normal; font-variant-east-asian: normal; font-variant-alternates: normal; font-variant-position: normal; font-variant-emoji: normal; vertical-align: baseline;\"><\/span><\/div><\/span><\/p>\n\n        \n    <\/div><\/div>\n    \n    \n    <\/div>\n\n\n<div class=\"wp-block-scrignocom-scrigno-com-block-download-list download-list wrapper product-section\"><div class=\"section__header wrapped cols-10\"><div class=\"section__header--text\"><div class=\"section__title\"><\/div><\/div><\/div><div class=\"file-list wrapped cols-10\"><div class=\"file-list__table\">    <a target=\"_blank\" data-download=\"eyJ0aXRsZSI6IlNjYXJpY2EgaWwgY2F0YWxvZ28gS3ltYSIsInVybCI6Imh0dHBzOlwvXC93d3cuc2NyaWduby5jb21cL3dwLWNvbnRlbnRcL3VwbG9hZHNcLzIwMjVcLzA5XC82MjEyMi1GT0xERVItU0NBTEUtT0xZTVBJQS1kZWYtS1lNQS5wZGYifQ==\"  class=\"file-list__row searchable\" data-form-id=\"179\">\n        \n        <div class=\"file-list__row--title\" data-search-text=\"Scarica il catalogo Kyma\">Scarica il catalogo Kyma<\/div>\n        <div class=\"file-list__row--type\">pdf<\/div>\n        <div class=\"file-list__row--size\">1.7 MB<\/div>\n    <\/a><\/div><\/div><\/div>\n\n\n    <div class=\"content-block wrapper image-only\">\n            \n    <div class=\"wrapped cols-8\">    <img decoding=\"async\" src=\"https:\/\/www.scrigno.com\/wp-content\/uploads\/2025\/10\/Banner_Sito_Kyma_1920x1080px.jpg\" class=\"content-block__image\"  alt=\"Banner_Sito_Kyma_1920x1080px\" \/><\/div>\n    \n    \n    <\/div>\n\n    <div class=\"content-block wrapper text-only\">\n            \n    <div class=\"wrapped cols-8\">    <div class=\"content-block__text\">\n        <h3 class=\"content-block__text--title\">Leggerezza strutturale, intensit\u00e0 progettuale<\/h3>\n        <p class=\"content-block__text--content\"><br>Kyma \u00e8 una scala a sbalzo fissata alla parete con una precisione assoluta, progettata per offrire una percezione visiva di totale sospensione.<br><br>L\u2019alzata e la pedata si incontrano con rigore formale, definendo un ritmo fluido e continuo che scandisce lo spazio senza interromperlo.\u00a0<br><br>La ringhiera in vetro portante amplifica la sensazione di leggerezza, creando trasparenze che dialogano con la luce e restituiscono l\u2019idea di un movimento che nasce dall\u2019architettura stessa.<br><br><\/p>\n\n            \n    \n    <\/div><\/div>\n    \n    \n    <\/div>\n\n    <div class=\"content-block wrapper text-only\">\n            \n    <div class=\"wrapped cols-8\">    <div class=\"content-block__text\">\n        <h3 class=\"content-block__text--title\">Una scala per chi cerca l\u2019essenza<\/h3>\n        <p class=\"content-block__text--content\">Kyma \u00e8 dedicata a chi vede nell\u2019architettura una forma di racconto, e in ogni dettaglio un atto di relazione. A chi cerca superfici che non solo accompagnano il vivere quotidiano, ma lo elevano, lo trasformano, lo definiscono.<\/p>\n\n            \n    \n    <\/div><\/div>\n    \n    \n    <\/div>\n\n    <div class=\"content-block wrapper image-right\">\n            <div class=\"content-block__spacer\"><\/div>\n    <div class=\"content-block__column-text\">    <div class=\"content-block__text\">\n        <h3 class=\"content-block__text--title\">Olympia: la collezione di scale su misura che ridisegna il movimento verticale<\/h3>\n        <p class=\"content-block__text--content\">La collezione Olympia, di cui Kyma \u00e8 parte, nasce dalla volont\u00e0 di trasformare il movimento verticale in esperienza.\u00a0<br><br>Olympia \u00e8 pi\u00f9 di una collezione: \u00e8 il manifesto di un nuovo approccio progettuale, che pone la scala al centro di un sistema di relazioni spaziali, visive e narrative. \u00c8 da questa visione che nasce il nuovo servizio <em>tailor made<\/em> firmato Scrigno, pensato per offrire a progettisti e <em>interior designer<\/em> un supporto dedicato nella realizzazione di scale su misura.<br><br>Ogni scala della collezione Olympia viene sviluppata come un progetto unico, calibrato sulle esigenze architettoniche, funzionali ed estetiche del contesto in cui si inserisce. Il team Scrigno lavora in stretta sinergia con studi di architettura e progettisti per tradurre un\u2019idea in un gesto architettonico coerente, integrato e perfettamente eseguibile.<br><br>Dalla scelta dei materiali alla definizione delle proporzioni, dalla tecnologia costruttiva al rapporto con la luce, tutto \u00e8 pensato per dare forma a una grammatica verticale su misura, in cui la scala diventa elemento fondante del racconto spaziale. Un servizio che riflette l\u2019evoluzione di Scrigno da produttore di sistemi d\u2019apertura a partner progettuale nel mondo dell\u2019interior design.<br><span id=\"docs-internal-guid-0f38eafd-7fff-171b-6e22-c1f8fd72b7e4\"><div><span style=\"font-size: 11pt; font-family: Arial, sans-serif; color: rgb(5, 30, 66); background-color: transparent; font-weight: 700; font-variant-numeric: normal; font-variant-east-asian: normal; font-variant-alternates: normal; font-variant-position: normal; font-variant-emoji: normal; vertical-align: baseline;\"><\/span><\/div><\/span><\/p>\n\n        \n    <\/div><\/div>\n    <div class=\"content-block__column-image\">    <img decoding=\"async\" src=\"https:\/\/www.scrigno.com\/wp-content\/uploads\/2025\/10\/Screenshot-2025-10-21-130558.png\" class=\"content-block__image\"  alt=\"kyma1\" \/><\/div>\n    <div class=\"content-block__spacer\"><\/div>\n    <\/div>\n\n    <div class=\"content-block wrapper image-left\">\n            <div class=\"content-block__spacer\"><\/div>\n    <div class=\"content-block__column-image\">    <img decoding=\"async\" src=\"https:\/\/www.scrigno.com\/wp-content\/uploads\/2025\/09\/Elisa_Ossino.png\" class=\"content-block__image\"  alt=\"Elisa_Ossino\" \/><\/div>\n    <div class=\"content-block__column-text\">    <div class=\"content-block__text\">\n        <h3 class=\"content-block__text--title\">Elisa Ossino<\/h3>\n        <p class=\"content-block__text--content\">Architetto e designer siciliana, Elisa Ossino si \u00e8 formata al Politecnico di Milano e nel 2006 ha fondato <strong>Elisa Ossino Studio<\/strong>, attivo tra interior, product design, exhibition e direzione creativa. La sua ricerca intreccia astrazione geometrica, monocromie e riferimenti metafisici e surrealisti, generando progetti caratterizzati da leggerezza, essenzialit\u00e0 e un forte senso scenografico. Nel corso della sua carriera ha ricevuto prestigiosi riconoscimenti nazionali e internazionali, tra cui il Red Dot Award Best of the Best, la Menzione d\u2019onore al Compasso d\u2019Oro ADI, l\u2019iF Design Award e l\u2019Edida Award. Inserita pi\u00f9 volte tra gli AD100 di Architectural Digest, nel 2021 \u00e8 stata nominata Designer of the Year da Elle Decor Japan.<br><span id=\"docs-internal-guid-0f38eafd-7fff-171b-6e22-c1f8fd72b7e4\"><div><span style=\"font-size: 11pt; font-family: Arial, sans-serif; color: rgb(5, 30, 66); background-color: transparent; font-weight: 700; font-variant-numeric: normal; font-variant-east-asian: normal; font-variant-alternates: normal; font-variant-position: normal; font-variant-emoji: normal; vertical-align: baseline;\"><\/span><\/div><\/span><\/p>\n\n        \n    <\/div><\/div>\n    <div class=\"content-block__spacer\"><\/div>\n    <\/div>","protected":false},"excerpt":{"rendered":"","protected":false},"author":4,"featured_media":0,"parent":0,"menu_order":0,"comment_status":"closed","ping_status":"closed","template":"","meta":{"_acf_changed":false,"footnotes":""},"class_list":["post-15484","page","type-page","status-publish","hentry"],"acf":[],"yoast_head":"<!-- This site is optimized with the Yoast SEO plugin v27.1.1 - https:\/\/yoast.com\/product\/yoast-seo-wordpress\/ -->\n<title>Kyma by Elisa Ossino - Scrigno<\/title>\n<meta name=\"robots\" content=\"index, follow, max-snippet:-1, max-image-preview:large, max-video-preview:-1\" \/>\n<link rel=\"canonical\" href=\"https:\/\/www.scrigno.com\/it\/scarica-il-catalogo-della-collezione-kyma\/\" \/>\n<meta property=\"og:locale\" content=\"it_IT\" \/>\n<meta property=\"og:type\" content=\"article\" \/>\n<meta property=\"og:title\" content=\"Kyma by Elisa Ossino - Scrigno\" \/>\n<meta property=\"og:url\" content=\"https:\/\/www.scrigno.com\/it\/scarica-il-catalogo-della-collezione-kyma\/\" \/>\n<meta property=\"og:site_name\" content=\"Scrigno\" \/>\n<meta property=\"article:modified_time\" content=\"2025-11-06T10:12:52+00:00\" \/>\n<meta name=\"twitter:card\" content=\"summary_large_image\" \/>\n<script type=\"application\/ld+json\" class=\"yoast-schema-graph\">{\"@context\":\"https:\/\/schema.org\",\"@graph\":[{\"@type\":\"WebPage\",\"@id\":\"https:\/\/www.scrigno.com\/it\/scarica-il-catalogo-della-collezione-kyma\/\",\"url\":\"https:\/\/www.scrigno.com\/it\/scarica-il-catalogo-della-collezione-kyma\/\",\"name\":\"Kyma by Elisa Ossino - Scrigno\",\"isPartOf\":{\"@id\":\"https:\/\/www.scrigno.com\/it\/#website\"},\"datePublished\":\"2025-09-18T10:30:46+00:00\",\"dateModified\":\"2025-11-06T10:12:52+00:00\",\"breadcrumb\":{\"@id\":\"https:\/\/www.scrigno.com\/it\/scarica-il-catalogo-della-collezione-kyma\/#breadcrumb\"},\"inLanguage\":\"it-IT\",\"potentialAction\":[{\"@type\":\"ReadAction\",\"target\":[\"https:\/\/www.scrigno.com\/it\/scarica-il-catalogo-della-collezione-kyma\/\"]}]},{\"@type\":\"BreadcrumbList\",\"@id\":\"https:\/\/www.scrigno.com\/it\/scarica-il-catalogo-della-collezione-kyma\/#breadcrumb\",\"itemListElement\":[{\"@type\":\"ListItem\",\"position\":1,\"name\":\"Home\",\"item\":\"https:\/\/www.scrigno.com\/it\/\"},{\"@type\":\"ListItem\",\"position\":2,\"name\":\"Kyma by Elisa Ossino\"}]},{\"@type\":\"WebSite\",\"@id\":\"https:\/\/www.scrigno.com\/it\/#website\",\"url\":\"https:\/\/www.scrigno.com\/it\/\",\"name\":\"Scrigno\",\"description\":\"\",\"potentialAction\":[{\"@type\":\"SearchAction\",\"target\":{\"@type\":\"EntryPoint\",\"urlTemplate\":\"https:\/\/www.scrigno.com\/it\/?s={search_term_string}\"},\"query-input\":{\"@type\":\"PropertyValueSpecification\",\"valueRequired\":true,\"valueName\":\"search_term_string\"}}],\"inLanguage\":\"it-IT\"}]}<\/script>\n<!-- \/ Yoast SEO plugin. -->","yoast_head_json":{"title":"Kyma by Elisa Ossino - Scrigno","robots":{"index":"index","follow":"follow","max-snippet":"max-snippet:-1","max-image-preview":"max-image-preview:large","max-video-preview":"max-video-preview:-1"},"canonical":"https:\/\/www.scrigno.com\/it\/scarica-il-catalogo-della-collezione-kyma\/","og_locale":"it_IT","og_type":"article","og_title":"Kyma by Elisa Ossino - Scrigno","og_url":"https:\/\/www.scrigno.com\/it\/scarica-il-catalogo-della-collezione-kyma\/","og_site_name":"Scrigno","article_modified_time":"2025-11-06T10:12:52+00:00","twitter_card":"summary_large_image","schema":{"@context":"https:\/\/schema.org","@graph":[{"@type":"WebPage","@id":"https:\/\/www.scrigno.com\/it\/scarica-il-catalogo-della-collezione-kyma\/","url":"https:\/\/www.scrigno.com\/it\/scarica-il-catalogo-della-collezione-kyma\/","name":"Kyma by Elisa Ossino - Scrigno","isPartOf":{"@id":"https:\/\/www.scrigno.com\/it\/#website"},"datePublished":"2025-09-18T10:30:46+00:00","dateModified":"2025-11-06T10:12:52+00:00","breadcrumb":{"@id":"https:\/\/www.scrigno.com\/it\/scarica-il-catalogo-della-collezione-kyma\/#breadcrumb"},"inLanguage":"it-IT","potentialAction":[{"@type":"ReadAction","target":["https:\/\/www.scrigno.com\/it\/scarica-il-catalogo-della-collezione-kyma\/"]}]},{"@type":"BreadcrumbList","@id":"https:\/\/www.scrigno.com\/it\/scarica-il-catalogo-della-collezione-kyma\/#breadcrumb","itemListElement":[{"@type":"ListItem","position":1,"name":"Home","item":"https:\/\/www.scrigno.com\/it\/"},{"@type":"ListItem","position":2,"name":"Kyma by Elisa Ossino"}]},{"@type":"WebSite","@id":"https:\/\/www.scrigno.com\/it\/#website","url":"https:\/\/www.scrigno.com\/it\/","name":"Scrigno","description":"","potentialAction":[{"@type":"SearchAction","target":{"@type":"EntryPoint","urlTemplate":"https:\/\/www.scrigno.com\/it\/?s={search_term_string}"},"query-input":{"@type":"PropertyValueSpecification","valueRequired":true,"valueName":"search_term_string"}}],"inLanguage":"it-IT"}]}},"_links":{"self":[{"href":"https:\/\/www.scrigno.com\/it\/wp-json\/wp\/v2\/pages\/15484","targetHints":{"allow":["GET"]}}],"collection":[{"href":"https:\/\/www.scrigno.com\/it\/wp-json\/wp\/v2\/pages"}],"about":[{"href":"https:\/\/www.scrigno.com\/it\/wp-json\/wp\/v2\/types\/page"}],"author":[{"embeddable":true,"href":"https:\/\/www.scrigno.com\/it\/wp-json\/wp\/v2\/users\/4"}],"replies":[{"embeddable":true,"href":"https:\/\/www.scrigno.com\/it\/wp-json\/wp\/v2\/comments?post=15484"}],"version-history":[{"count":0,"href":"https:\/\/www.scrigno.com\/it\/wp-json\/wp\/v2\/pages\/15484\/revisions"}],"wp:attachment":[{"href":"https:\/\/www.scrigno.com\/it\/wp-json\/wp\/v2\/media?parent=15484"}],"curies":[{"name":"wp","href":"https:\/\/api.w.org\/{rel}","templated":true}]}}