{"id":18164,"date":"2025-10-17T17:10:08","date_gmt":"2025-10-17T15:10:08","guid":{"rendered":"https:\/\/www.scrigno.com\/?page_id=18164"},"modified":"2025-10-21T10:21:48","modified_gmt":"2025-10-21T08:21:48","slug":"porte-da-interni","status":"publish","type":"page","link":"https:\/\/www.scrigno.com\/it\/porte-da-interni\/","title":{"rendered":"Porte da interni"},"content":{"rendered":"\n<div class=\"wp-block-scrignocom-scrigno-com-block-sub-hero sub-hero\"><div class=\"sub-hero__container wrapper\"><div class=\"sub-hero__image wrapped cols-w-8\"><img decoding=\"async\" loading=\"lazy\" src=\"https:\/\/www.scrigno.com\/wp-content\/uploads\/2025\/10\/PBFM-RIVIERA.jpg\"\/><\/div><div class=\"sub-hero__content wrapped cols-w-3\"><h2 class=\"sub-hero__title\">Quando le porte diventano protagoniste<\/h2><p class=\"sub-hero__subtitle subtitle1\"><\/p><p class=\"sub-hero__text Body1\">Ogni porta da interni Scrigno \u00e8 un gesto architettonico, un segno che definisce, connette e valorizza l\u2019ambiente. Disponibili in legno, vetro o materiali innovativi come il Cimento\u00ae, le nostre porte si aprono a infinite possibilit\u00e0 di design, luminosit\u00e0 e matericit\u00e0, capaci di trasformare ogni passaggio in un\u2019esperienza sensoriale unica.<\/p><div class=\"sub-hero__ctas\"><a href=\"https:\/\/www.scrigno.com\/it\/categoria\/porte-da-interni\/\" class=\"sub-hero__cta cta\">SCOPRI TUTTE LE PORTE DA INTERNI<span class=\"ico icon icon-ico-arrow-right\"><\/span><\/a><\/div><\/div><\/div><\/div>\n\n\n\n<div class=\"wp-block-scrignocom-scrigno-com-block-banner banner banner--variant_1 banner--right banner--background\"><div class=\"banner__container\"><picture class=\"banner__image\"><img decoding=\"async\" loading=\"lazy\" src=\"https:\/\/www.scrigno.com\/wp-content\/uploads\/2025\/10\/linea_borghi_v2-1211x908-1-1.jpg\"\/><\/picture><div class=\"banner__content\"><h4 class=\"banner__title\">Mappa Mundi by Elisa Ossino<\/h4><p class=\"banner__text\">La collezione Mappa Mundi nasce da un&#8217;idea forte: restituire alla porta il suo significato originario di soglia, non solo funzionale ma simbolica, capace di connettere, separare e definire lo spazio.<\/p><a href=\"https:\/\/www.scrigno.com\/it\/mappa-mundi-by-elisa-ossino\/\" class=\"banner__link cta\">SCOPRI DI PI\u00d9<span class=\"ico icon icon-ico-arrow-right\"><\/span><\/a><\/div><\/div><\/div>\n\n\n\n<div class=\"wp-block-scrignocom-scrigno-com-block-products-explorer section products__explorer wrapper four-columns\"><div class=\"products__explorer-wrapper wrapper\"><div class=\"section__header wrapped\"><div class=\"section__header--text\"><h2 class=\"section__title\">Scopri le porte da interni Scrigno<\/h2><p class=\"section__subtitle\">Un&#8217;ampia gamma di soluzioni eclettiche e raffinate che apre ad un nuovo modo di abitare lo spazio. Naviga tra tipologie e materiali per trovare la porta che racconta il tuo stile. Naviga tra tipologie e stili per trovare la porta che racconta la tua visione dello spazio.<\/p><\/div><\/div><div class=\"card__row splide\"><div class=\"splide__track\"><div class=\"splide__list\">    <a href=\"https:\/\/www.scrigno.com\/it\/categoria\/porte-da-interni-filo-muro\/\" target=\"\" rel=\"\" class=\"card products__explorer--card splide__slide\">\n        <div class=\"card__img\" style=\"background-image: url('https:\/\/www.scrigno.com\/wp-content\/uploads\/2025\/10\/PB-VESTIGIA-CROP.jpg')\"><\/div>\n\n        <div class=\"card__content\">\n            <div class=\"card__text\">\n                <h3 class=\"card__title\">Filo muro<\/h3>\n                <p class=\"card__description card__description--long\">Le porte filo muro trasformano ogni apertura in un segno elegante e discreto, integrandosi con le pareti e creando continuit\u00e0 visiva. La superficie pulita mette in risalto materiali e luce, valorizzando ogni progetto con un linguaggio contemporaneo.<\/p>\n            <\/div>\n            <div class=\"cta card__cta text-primary\">\n                <span class=\"card__cta--text\">Guarda i prodotti<\/span> <span class=\"ico icon icon-ico-arrow-right\"><\/span>\n            <\/div>\n        <\/div>\n    <\/a>\n\n    <a href=\"https:\/\/www.scrigno.com\/it\/categoria\/porte-da-interni-con-stipiti\/\" target=\"\" rel=\"\" class=\"card products__explorer--card splide__slide\">\n        <div class=\"card__img\" style=\"background-image: url('https:\/\/www.scrigno.com\/wp-content\/uploads\/2025\/10\/PBCS-GLYPHA-CROP.jpg')\"><\/div>\n\n        <div class=\"card__content\">\n            <div class=\"card__text\">\n                <h3 class=\"card__title\">Con stipiti<\/h3>\n                <p class=\"card__description card__description--long\">Le porte con stipiti aggiungono carattere e definizione agli ingressi. Raccontano storie di memoria e design, diventando elementi distintivi di ogni ambiente.<br><\/p>\n            <\/div>\n            <div class=\"cta card__cta text-primary\">\n                <span class=\"card__cta--text\">Guarda i prodotti<\/span> <span class=\"ico icon icon-ico-arrow-right\"><\/span>\n            <\/div>\n        <\/div>\n    <\/a>\n\n    <a href=\"https:\/\/www.scrigno.com\/it\/categoria\/porte-scorrevoli-esterno-muro\/\" target=\"\" rel=\"\" class=\"card products__explorer--card splide__slide\">\n        <div class=\"card__img\" style=\"background-image: url('https:\/\/www.scrigno.com\/wp-content\/uploads\/2025\/10\/PBCS-ACQUA-TALOS-CROP.jpg')\"><\/div>\n\n        <div class=\"card__content\">\n            <div class=\"card__text\">\n                <h3 class=\"card__title\">Scorrevoli esterno muro<\/h3>\n                <p class=\"card__description card__description--long\">Le porte scorrevoli esterno muro uniscono leggerezza e eleganza, offrendo continuit\u00e0 tra spazi interni ed esterni. La scorrevolezza diventa un gesto poetico, valorizzando luce e movimento negli ambienti.<br><\/p>\n            <\/div>\n            <div class=\"cta card__cta text-primary\">\n                <span class=\"card__cta--text\">Guarda i prodotti<\/span> <span class=\"ico icon icon-ico-arrow-right\"><\/span>\n            <\/div>\n        <\/div>\n    <\/a>\n\n    <a href=\"https:\/\/www.scrigno.com\/it\/categoria\/porte-speciali-2\/\" target=\"\" rel=\"\" class=\"card products__explorer--card splide__slide\">\n        <div class=\"card__img\" style=\"background-image: url('https:\/\/www.scrigno.com\/wp-content\/uploads\/2025\/10\/PBFM-ACUSTICA_FP_CROP.jpg')\"><\/div>\n\n        <div class=\"card__content\">\n            <div class=\"card__text\">\n                <h3 class=\"card__title\">Speciali<\/h3>\n                <p class=\"card__description card__description--long\">Le porte speciali Scrigno offrono soluzioni dedicate per esigenze particolari. Proteggono, isolano e armonizzano gli spazi, trasformando ogni ingresso in un\u2019esperienza estetica e sensoriale.<br><\/p>\n            <\/div>\n            <div class=\"cta card__cta text-primary\">\n                <span class=\"card__cta--text\">Guarda i prodotti<\/span> <span class=\"ico icon icon-ico-arrow-right\"><\/span>\n            <\/div>\n        <\/div>\n    <\/a><\/div><\/div><\/div><div class=\"section__footer\"><\/div><\/div><\/div>\n\n\n    <div class=\"content-block wrapper image-left\">\n            <div class=\"content-block__spacer\"><\/div>\n    <div class=\"content-block__column-image\">    <img decoding=\"async\" src=\"https:\/\/www.scrigno.com\/wp-content\/uploads\/2025\/10\/PB-MONTEFELTRO-CROP.jpg\" class=\"content-block__image\"  alt=\"PB-MONTEFELTRO-CROP\" \/><\/div>\n    <div class=\"content-block__column-text\">    <div class=\"content-block__text\">\n        <h3 class=\"content-block__text--title\">Porte scorrevoli<\/h3>\n        <p class=\"content-block__text--content\">Soluzioni eleganti, leggere e scenografiche, disponibili filo muro o con stipiti. Le porte scorrevoli Scrigno aprono lo spazio con naturalezza, creando continuit\u00e0 visiva e fluidit\u00e0 tra gli ambienti. Dai legni caldi alle trasparenze del vetro, fino a varianti fonoisolanti o tagliafuoco, offrono un universo di possibilit\u00e0 per abitare ogni contesto con stile, armonia e leggerezza.<\/p>\n\n                <a href=\"https:\/\/scrigno.com\/it\/categoria\/porte-scorrevoli\/\" class=\"cta text-primary\" target=\"_blank\" rel=\"noopener\">\n        SCOPRI LE PORTE SCORREVOLI <span class=\"ico icon icon-ico-arrow-right\"><\/span>\n    <\/a>\n    \n    <\/div><\/div>\n    <div class=\"content-block__spacer\"><\/div>\n    <\/div>\n\n    <div class=\"content-block wrapper image-right\">\n            <div class=\"content-block__spacer\"><\/div>\n    <div class=\"content-block__column-text\">    <div class=\"content-block__text\">\n        <h3 class=\"content-block__text--title\">Porte battenti<\/h3>\n        <p class=\"content-block__text--content\">L\u2019espressione di un design che si fonde con lo spazio, esaltando la purezza formale degli ambienti. Le porte battenti Scrigno ridefiniscono il concetto di soglia, valorizzando materiali, luce e proporzioni. Disponibili filo muro o con stipiti, in legno o vetro, le nostre soluzioni offrono eleganza, armonia e continuit\u00e0, capaci di dialogare con ogni stile abitativo e trasformare ogni passaggio in un segno di raffinata essenzialit\u00e0.<\/p>\n\n                <a href=\"https:\/\/scrigno.com\/it\/categoria\/porte-battenti\/\" class=\"cta text-primary\" target=\"_blank\" rel=\"noopener\">\n        SCOPRI LE PORTE battenti <span class=\"ico icon icon-ico-arrow-right\"><\/span>\n    <\/a>\n    \n    <\/div><\/div>\n    <div class=\"content-block__column-image\">    <img decoding=\"async\" src=\"https:\/\/www.scrigno.com\/wp-content\/uploads\/2025\/10\/PBFM-TINTORI-CROP.jpg\" class=\"content-block__image\"  alt=\"PBFM-TINTORI-CROP\" \/><\/div>\n    <div class=\"content-block__spacer\"><\/div>\n    <\/div>\n\n    <div class=\"content-block wrapper image-left\">\n            <div class=\"content-block__spacer\"><\/div>\n    <div class=\"content-block__column-image\">    <img decoding=\"async\" src=\"https:\/\/www.scrigno.com\/wp-content\/uploads\/2025\/10\/PBFM-MIRR-TALOS-CROP.jpg\" class=\"content-block__image\"  alt=\"PBFM-MIRR-TALOS-CROP\" \/><\/div>\n    <div class=\"content-block__column-text\">    <div class=\"content-block__text\">\n        <h3 class=\"content-block__text--title\">Porte a bilico<\/h3>\n        <p class=\"content-block__text--content\">Sintesi perfetta tra tecnica e design, le porte a bilico Scrigno ruotano su un perno centrale creando un effetto scenografico di equilibrio e leggerezza. Ideali per grandi aperture, definiscono lo spazio con un movimento fluido e continuo, diventando un vero elemento architettonico. Eleganti e minimaliste, uniscono funzionalit\u00e0, proporzione e libert\u00e0 progettuale in un\u2019unica soluzione di stile contemporaneo.<\/p>\n\n                <a href=\"https:\/\/www.scrigno.com\/it\/categoria\/porte-da-interni\/?opening=balance\" class=\"cta text-primary\"  >\n        SCOPRI LE PORTE A BILICO <span class=\"ico icon icon-ico-arrow-right\"><\/span>\n    <\/a>\n    \n    <\/div><\/div>\n    <div class=\"content-block__spacer\"><\/div>\n    <\/div>\n\n    <div class=\"banner-architects\">\n        <div title=\"TROVA PUNTI VENDITA E AGENTI\" class=\"banner-architects__image\">\n            <img decoding=\"async\" src=\"https:\/\/www.scrigno.com\/wp-content\/uploads\/2025\/06\/Banner_Architetti_v2-1.jpg\" alt=\"\" \/>\n        <\/div>\n        <div class=\"banner-architects__text-box\">\n            <h4 class=\"banner-architects__title\">TROVA PUNTI VENDITA E AGENTI<\/h4>\n            \n            <a href=\"https:\/\/scrigno.com\/it\/dove-acquistare\/\" class=\"cta\">\n                <a href=\"https:\/\/scrigno.com\/it\/dove-acquistare\/\">SCOPRI DI PI\u00d9<\/a>\n                <span class=\"ico icon icon-ico-arrow-right\"><\/span>\n            <\/a>\n        <\/div>\n    <\/div>\n\n\n<div class=\"wp-block-group wrapper is-layout-constrained wp-block-group-is-layout-constrained\">\n<h2 class=\"wp-block-heading wrapped cols-10\">Contattaci<\/h2>\n\n\n    <div class=\"_form_77 wrapped cols-10 \"><\/div>\n    <script src=\"https:\/\/scrignogroup.activehosted.com\/f\/embed.php?id=77\" charset=\"utf-8\" data-cookieconsent=\"ignore\"><\/script><\/div>\n","protected":false},"excerpt":{"rendered":"<p>Contattaci<\/p>\n","protected":false},"author":4,"featured_media":0,"parent":0,"menu_order":0,"comment_status":"closed","ping_status":"closed","template":"","meta":{"_acf_changed":false,"footnotes":""},"class_list":["post-18164","page","type-page","status-publish","hentry"],"acf":[],"yoast_head":"<!-- This site is optimized with the Yoast SEO plugin v27.1.1 - https:\/\/yoast.com\/product\/yoast-seo-wordpress\/ -->\n<title>Porte da interni - Scrigno<\/title>\n<meta name=\"robots\" content=\"index, follow, max-snippet:-1, max-image-preview:large, max-video-preview:-1\" \/>\n<link rel=\"canonical\" href=\"https:\/\/www.scrigno.com\/it\/porte-da-interni\/\" \/>\n<meta property=\"og:locale\" content=\"it_IT\" \/>\n<meta property=\"og:type\" content=\"article\" \/>\n<meta property=\"og:title\" content=\"Porte da interni - Scrigno\" \/>\n<meta property=\"og:description\" content=\"Contattaci\" \/>\n<meta property=\"og:url\" content=\"https:\/\/www.scrigno.com\/it\/porte-da-interni\/\" \/>\n<meta property=\"og:site_name\" content=\"Scrigno\" \/>\n<meta property=\"article:modified_time\" content=\"2025-10-21T08:21:48+00:00\" \/>\n<meta property=\"og:image\" content=\"https:\/\/www.scrigno.com\/wp-content\/uploads\/2025\/10\/PBFM-RIVIERA.jpg\" \/>\n<meta name=\"twitter:card\" content=\"summary_large_image\" \/>\n<meta name=\"twitter:label1\" content=\"Tempo di lettura stimato\" \/>\n\t<meta name=\"twitter:data1\" content=\"2 minuti\" \/>\n<script type=\"application\/ld+json\" class=\"yoast-schema-graph\">{\"@context\":\"https:\/\/schema.org\",\"@graph\":[{\"@type\":\"WebPage\",\"@id\":\"https:\/\/www.scrigno.com\/it\/porte-da-interni\/\",\"url\":\"https:\/\/www.scrigno.com\/it\/porte-da-interni\/\",\"name\":\"Porte da interni - Scrigno\",\"isPartOf\":{\"@id\":\"https:\/\/www.scrigno.com\/it\/#website\"},\"primaryImageOfPage\":{\"@id\":\"https:\/\/www.scrigno.com\/it\/porte-da-interni\/#primaryimage\"},\"image\":{\"@id\":\"https:\/\/www.scrigno.com\/it\/porte-da-interni\/#primaryimage\"},\"thumbnailUrl\":\"https:\/\/www.scrigno.com\/wp-content\/uploads\/2025\/10\/PBFM-RIVIERA.jpg\",\"datePublished\":\"2025-10-17T15:10:08+00:00\",\"dateModified\":\"2025-10-21T08:21:48+00:00\",\"breadcrumb\":{\"@id\":\"https:\/\/www.scrigno.com\/it\/porte-da-interni\/#breadcrumb\"},\"inLanguage\":\"it-IT\",\"potentialAction\":[{\"@type\":\"ReadAction\",\"target\":[\"https:\/\/www.scrigno.com\/it\/porte-da-interni\/\"]}]},{\"@type\":\"ImageObject\",\"inLanguage\":\"it-IT\",\"@id\":\"https:\/\/www.scrigno.com\/it\/porte-da-interni\/#primaryimage\",\"url\":\"https:\/\/www.scrigno.com\/wp-content\/uploads\/2025\/10\/PBFM-RIVIERA.jpg\",\"contentUrl\":\"https:\/\/www.scrigno.com\/wp-content\/uploads\/2025\/10\/PBFM-RIVIERA.jpg\"},{\"@type\":\"BreadcrumbList\",\"@id\":\"https:\/\/www.scrigno.com\/it\/porte-da-interni\/#breadcrumb\",\"itemListElement\":[{\"@type\":\"ListItem\",\"position\":1,\"name\":\"Home\",\"item\":\"https:\/\/www.scrigno.com\/it\/\"},{\"@type\":\"ListItem\",\"position\":2,\"name\":\"Porte da interni\"}]},{\"@type\":\"WebSite\",\"@id\":\"https:\/\/www.scrigno.com\/it\/#website\",\"url\":\"https:\/\/www.scrigno.com\/it\/\",\"name\":\"Scrigno\",\"description\":\"\",\"potentialAction\":[{\"@type\":\"SearchAction\",\"target\":{\"@type\":\"EntryPoint\",\"urlTemplate\":\"https:\/\/www.scrigno.com\/it\/?s={search_term_string}\"},\"query-input\":{\"@type\":\"PropertyValueSpecification\",\"valueRequired\":true,\"valueName\":\"search_term_string\"}}],\"inLanguage\":\"it-IT\"}]}<\/script>\n<!-- \/ Yoast SEO plugin. -->","yoast_head_json":{"title":"Porte da interni - Scrigno","robots":{"index":"index","follow":"follow","max-snippet":"max-snippet:-1","max-image-preview":"max-image-preview:large","max-video-preview":"max-video-preview:-1"},"canonical":"https:\/\/www.scrigno.com\/it\/porte-da-interni\/","og_locale":"it_IT","og_type":"article","og_title":"Porte da interni - Scrigno","og_description":"Contattaci","og_url":"https:\/\/www.scrigno.com\/it\/porte-da-interni\/","og_site_name":"Scrigno","article_modified_time":"2025-10-21T08:21:48+00:00","og_image":[{"url":"https:\/\/www.scrigno.com\/wp-content\/uploads\/2025\/10\/PBFM-RIVIERA.jpg","type":"","width":"","height":""}],"twitter_card":"summary_large_image","twitter_misc":{"Tempo di lettura stimato":"2 minuti"},"schema":{"@context":"https:\/\/schema.org","@graph":[{"@type":"WebPage","@id":"https:\/\/www.scrigno.com\/it\/porte-da-interni\/","url":"https:\/\/www.scrigno.com\/it\/porte-da-interni\/","name":"Porte da interni - Scrigno","isPartOf":{"@id":"https:\/\/www.scrigno.com\/it\/#website"},"primaryImageOfPage":{"@id":"https:\/\/www.scrigno.com\/it\/porte-da-interni\/#primaryimage"},"image":{"@id":"https:\/\/www.scrigno.com\/it\/porte-da-interni\/#primaryimage"},"thumbnailUrl":"https:\/\/www.scrigno.com\/wp-content\/uploads\/2025\/10\/PBFM-RIVIERA.jpg","datePublished":"2025-10-17T15:10:08+00:00","dateModified":"2025-10-21T08:21:48+00:00","breadcrumb":{"@id":"https:\/\/www.scrigno.com\/it\/porte-da-interni\/#breadcrumb"},"inLanguage":"it-IT","potentialAction":[{"@type":"ReadAction","target":["https:\/\/www.scrigno.com\/it\/porte-da-interni\/"]}]},{"@type":"ImageObject","inLanguage":"it-IT","@id":"https:\/\/www.scrigno.com\/it\/porte-da-interni\/#primaryimage","url":"https:\/\/www.scrigno.com\/wp-content\/uploads\/2025\/10\/PBFM-RIVIERA.jpg","contentUrl":"https:\/\/www.scrigno.com\/wp-content\/uploads\/2025\/10\/PBFM-RIVIERA.jpg"},{"@type":"BreadcrumbList","@id":"https:\/\/www.scrigno.com\/it\/porte-da-interni\/#breadcrumb","itemListElement":[{"@type":"ListItem","position":1,"name":"Home","item":"https:\/\/www.scrigno.com\/it\/"},{"@type":"ListItem","position":2,"name":"Porte da interni"}]},{"@type":"WebSite","@id":"https:\/\/www.scrigno.com\/it\/#website","url":"https:\/\/www.scrigno.com\/it\/","name":"Scrigno","description":"","potentialAction":[{"@type":"SearchAction","target":{"@type":"EntryPoint","urlTemplate":"https:\/\/www.scrigno.com\/it\/?s={search_term_string}"},"query-input":{"@type":"PropertyValueSpecification","valueRequired":true,"valueName":"search_term_string"}}],"inLanguage":"it-IT"}]}},"_links":{"self":[{"href":"https:\/\/www.scrigno.com\/it\/wp-json\/wp\/v2\/pages\/18164","targetHints":{"allow":["GET"]}}],"collection":[{"href":"https:\/\/www.scrigno.com\/it\/wp-json\/wp\/v2\/pages"}],"about":[{"href":"https:\/\/www.scrigno.com\/it\/wp-json\/wp\/v2\/types\/page"}],"author":[{"embeddable":true,"href":"https:\/\/www.scrigno.com\/it\/wp-json\/wp\/v2\/users\/4"}],"replies":[{"embeddable":true,"href":"https:\/\/www.scrigno.com\/it\/wp-json\/wp\/v2\/comments?post=18164"}],"version-history":[{"count":0,"href":"https:\/\/www.scrigno.com\/it\/wp-json\/wp\/v2\/pages\/18164\/revisions"}],"wp:attachment":[{"href":"https:\/\/www.scrigno.com\/it\/wp-json\/wp\/v2\/media?parent=18164"}],"curies":[{"name":"wp","href":"https:\/\/api.w.org\/{rel}","templated":true}]}}