{"id":19579,"date":"2026-01-28T18:11:02","date_gmt":"2026-01-28T16:11:02","guid":{"rendered":"https:\/\/www.scrigno.com\/?page_id=19579"},"modified":"2026-01-28T18:25:45","modified_gmt":"2026-01-28T16:25:45","slug":"about-scrigno","status":"publish","type":"page","link":"https:\/\/www.scrigno.com\/it\/about-scrigno\/","title":{"rendered":"About Scrigno"},"content":{"rendered":"    <div class=\"content-block wrapper text-only\">\n            \n    <div class=\"wrapped cols-8\">    <div class=\"content-block__text\">\n        \n        <p class=\"content-block__text--content\"><strong>Scrigno<\/strong> progetta e realizza soluzioni per l\u2019abitare contemporaneo che uniscono design, funzionalit\u00e0 e cultura del progetto, affiancando designer e architetti come interlocutore unico grazie a un\u2019offerta ampia e integrata. <strong><a href=\"https:\/\/www.scrigno.com\/it\/porte-da-interni\/\">Porte<\/a><\/strong>, <strong><a href=\"https:\/\/www.scrigno.com\/it\/porte-blindate-scrigno\/\">porte blindate<\/a><\/strong>, <strong><a href=\"https:\/\/www.scrigno.com\/it\/scale\/\">scale<\/a> <\/strong>e <strong>sistemi d\u2019arredo<\/strong> diventano elementi architettonici capaci di inserirsi con naturalezza negli spazi.<br><br>Ogni proposta nasce da una visione attenta all\u2019equilibrio tra estetica e quotidianit\u00e0, guidata dall\u2019innovazione, dalla cura del dettaglio e da una qualit\u00e0 pensata per durare nel tempo.<\/p>\n\n            \n    \n    <\/div><\/div>\n    \n    \n    <\/div>\n\n    <div class=\"content-block wrapper image-only\">\n            \n    <div class=\"wrapped cols-8\">    <iframe\n        class=\"content-block__video-iframe\"\n        width=\"100%\"\n        src=\"https:\/\/www.youtube.com\/embed\/EaPyvAqZLvI?si=8DJveEDMcYodhq4a\"\n        title=\"YouTube video player\"\n        frameBorder=\"0\"\n        allow=\"accelerometer; autoplay; clipboard-write; encrypted-media; gyroscope; picture-in-picture; web-share\"\n        referrerPolicy=\"strict-origin-when-cross-origin\"\n        allowFullScreen>\n    <\/iframe><\/div>\n    \n    \n    <\/div>\n\n    <div class=\"content-block wrapper text-only\">\n            \n    <div class=\"wrapped cols-8\">    <div class=\"content-block__text\">\n        <h3 class=\"content-block__text--title\">Dalla prima porta scorrevole a un sistema completo per l\u2019abitare<\/h3>\n        <p class=\"content-block__text--content\">La storia di Scrigno nasce nel <strong>1989 a Santarcangelo di Romagna<\/strong>, da un\u2019intuizione che ha cambiato il modo di progettare gli spazi: il <strong>primo controtelaio per porte scorrevoli a scomparsa<\/strong> realizzato in Italia. Un\u2019innovazione che ha dato origine a una nuova tipologia di apertura e che, nel tempo, ha identificato l\u2019azienda stessa, diventando sinonimo di porta scorrevole.<br><br>Da quell\u2019idea, Scrigno ha intrapreso un percorso di evoluzione continua, ampliando progressivamente la propria visione.<br><br>Accanto alle porte scorrevoli, Scrigno sviluppa una gamma completa di soluzioni per l\u2019abitare contemporaneo: <strong><a href=\"https:\/\/www.scrigno.com\/it\/porte-da-interni\/\">porte da interni<\/a><\/strong> che uniscono design e materiali, <strong><a href=\"https:\/\/stage.scrigno.com\/it\/porte-blindate-scrigno\/\">porte blindate<\/a><\/strong>, che integrano sicurezza ed estetica, <strong><a href=\"https:\/\/www.scrigno.com\/it\/porte-blindate-scrigno\/\">scale d\u2019arredo<\/a><\/strong>, pensate per adattarsi a contesti stilistici diversi, sistemi e soluzioni che completano il progetto in modo coerente.<br><br>Un\u2019evoluzione che mantiene intatto lo spirito originario: ripensare il confine tra gli spazi e trasformarlo in un\u2019opportunit\u00e0 progettuale, dove tecnica, design e funzionalit\u00e0 convivono in equilibrio.<\/p>\n\n            \n    \n    <\/div><\/div>\n    \n    \n    <\/div>\n\n    <div class=\"content-block wrapper text-only\">\n            \n    <div class=\"wrapped cols-8\">    <div class=\"content-block__text\">\n        <h3 class=\"content-block__text--title\">Marchio di qualit\u00e0<\/h3>\n        <p class=\"content-block__text--content\"><strong>Qualit\u00e0<\/strong>, <strong>design <\/strong>e <strong>cura del dettaglio<\/strong> definiscono la visione progettuale di Scrigno. Questo ha portato l&#8217;azienda a essere da oltre <strong>30 anni il punto di riferimento<\/strong> per clienti, partner e <strong>professionisti del settore<\/strong>.<br><br>L\u2019eccellenza dei materiali, i controlli scrupolosi e le rigorose certificazioni sono la garanzia costante che ogni <strong>soluzione Scrigno<\/strong> rispetta i pi\u00f9 alti standard di sicurezza e comfort, impegnandosi quotidianamente per la <strong>qualit\u00e0 dell\u2019abitare contemporaneo<\/strong>.<\/p>\n\n            \n    \n    <\/div><\/div>\n    \n    \n    <\/div>\n\n    <div class=\"content-block wrapper text-only\">\n            \n    <div class=\"wrapped cols-8\">    <div class=\"content-block__text\">\n        <h3 class=\"content-block__text--title\">Innovazione continua<\/h3>\n        <p class=\"content-block__text--content\">La ricerca \u00e8 il motore dell&#8217;evoluzione di Scrigno.<br><br>Il dialogo costante con <strong>architetti<\/strong>, <strong>designer <\/strong>e <strong>professionisti <\/strong>alimenta un percorso di innovazione in cui visione progettuale, competenza tecnica e cultura del design si incontrano per dare forma a soluzioni evolute per l\u2019abitare contemporaneo.<br><br>Scrigno non si limita, cos\u00ec, a ottimizzare gli spazi, ma li <strong>trasforma in nuove possibilit\u00e0 creative<\/strong>.<\/p>\n\n            \n    \n    <\/div><\/div>\n    \n    \n    <\/div>\n\n    <div class=\"content-block wrapper text-only\">\n            \n    <div class=\"wrapped cols-8\">    <div class=\"content-block__text\">\n        <h3 class=\"content-block__text--title\">Puro design Made in Italy<\/h3>\n        <p class=\"content-block__text--content\">L\u2019expertise di Scrigno \u00e8 riconosciuta a livello internazionale come espressione autentica del <strong>Made in Italy<\/strong>.<br><br>Un valore che si fonda su ricerca, qualit\u00e0 produttiva e collaborazione con i pi\u00f9 importanti studi di architettura. Ogni soluzione Scrigno \u00e8 pensata per <strong>connettere gli spazi e liberare la creativit\u00e0 di chi li progetta e li vive<\/strong>.<\/p>\n\n            \n    \n    <\/div><\/div>\n    \n    \n    <\/div>","protected":false},"excerpt":{"rendered":"","protected":false},"author":5,"featured_media":0,"parent":0,"menu_order":0,"comment_status":"closed","ping_status":"closed","template":"","meta":{"_acf_changed":false,"footnotes":""},"class_list":["post-19579","page","type-page","status-publish","hentry"],"acf":[],"yoast_head":"<!-- This site is optimized with the Yoast SEO plugin v27.1.1 - https:\/\/yoast.com\/product\/yoast-seo-wordpress\/ -->\n<title>About Scrigno - Scrigno<\/title>\n<meta name=\"robots\" content=\"index, follow, max-snippet:-1, max-image-preview:large, max-video-preview:-1\" \/>\n<link rel=\"canonical\" href=\"https:\/\/www.scrigno.com\/it\/about-scrigno\/\" \/>\n<meta property=\"og:locale\" content=\"it_IT\" \/>\n<meta property=\"og:type\" content=\"article\" \/>\n<meta property=\"og:title\" content=\"About Scrigno - Scrigno\" \/>\n<meta property=\"og:url\" content=\"https:\/\/www.scrigno.com\/it\/about-scrigno\/\" \/>\n<meta property=\"og:site_name\" content=\"Scrigno\" \/>\n<meta property=\"article:modified_time\" content=\"2026-01-28T16:25:45+00:00\" \/>\n<meta name=\"twitter:card\" content=\"summary_large_image\" \/>\n<script type=\"application\/ld+json\" class=\"yoast-schema-graph\">{\"@context\":\"https:\/\/schema.org\",\"@graph\":[{\"@type\":\"WebPage\",\"@id\":\"https:\/\/www.scrigno.com\/it\/about-scrigno\/\",\"url\":\"https:\/\/www.scrigno.com\/it\/about-scrigno\/\",\"name\":\"About Scrigno - Scrigno\",\"isPartOf\":{\"@id\":\"https:\/\/www.scrigno.com\/it\/#website\"},\"datePublished\":\"2026-01-28T16:11:02+00:00\",\"dateModified\":\"2026-01-28T16:25:45+00:00\",\"breadcrumb\":{\"@id\":\"https:\/\/www.scrigno.com\/it\/about-scrigno\/#breadcrumb\"},\"inLanguage\":\"it-IT\",\"potentialAction\":[{\"@type\":\"ReadAction\",\"target\":[\"https:\/\/www.scrigno.com\/it\/about-scrigno\/\"]}]},{\"@type\":\"BreadcrumbList\",\"@id\":\"https:\/\/www.scrigno.com\/it\/about-scrigno\/#breadcrumb\",\"itemListElement\":[{\"@type\":\"ListItem\",\"position\":1,\"name\":\"Home\",\"item\":\"https:\/\/www.scrigno.com\/it\/\"},{\"@type\":\"ListItem\",\"position\":2,\"name\":\"About Scrigno\"}]},{\"@type\":\"WebSite\",\"@id\":\"https:\/\/www.scrigno.com\/it\/#website\",\"url\":\"https:\/\/www.scrigno.com\/it\/\",\"name\":\"Scrigno\",\"description\":\"\",\"potentialAction\":[{\"@type\":\"SearchAction\",\"target\":{\"@type\":\"EntryPoint\",\"urlTemplate\":\"https:\/\/www.scrigno.com\/it\/?s={search_term_string}\"},\"query-input\":{\"@type\":\"PropertyValueSpecification\",\"valueRequired\":true,\"valueName\":\"search_term_string\"}}],\"inLanguage\":\"it-IT\"}]}<\/script>\n<!-- \/ Yoast SEO plugin. -->","yoast_head_json":{"title":"About Scrigno - Scrigno","robots":{"index":"index","follow":"follow","max-snippet":"max-snippet:-1","max-image-preview":"max-image-preview:large","max-video-preview":"max-video-preview:-1"},"canonical":"https:\/\/www.scrigno.com\/it\/about-scrigno\/","og_locale":"it_IT","og_type":"article","og_title":"About Scrigno - Scrigno","og_url":"https:\/\/www.scrigno.com\/it\/about-scrigno\/","og_site_name":"Scrigno","article_modified_time":"2026-01-28T16:25:45+00:00","twitter_card":"summary_large_image","schema":{"@context":"https:\/\/schema.org","@graph":[{"@type":"WebPage","@id":"https:\/\/www.scrigno.com\/it\/about-scrigno\/","url":"https:\/\/www.scrigno.com\/it\/about-scrigno\/","name":"About Scrigno - Scrigno","isPartOf":{"@id":"https:\/\/www.scrigno.com\/it\/#website"},"datePublished":"2026-01-28T16:11:02+00:00","dateModified":"2026-01-28T16:25:45+00:00","breadcrumb":{"@id":"https:\/\/www.scrigno.com\/it\/about-scrigno\/#breadcrumb"},"inLanguage":"it-IT","potentialAction":[{"@type":"ReadAction","target":["https:\/\/www.scrigno.com\/it\/about-scrigno\/"]}]},{"@type":"BreadcrumbList","@id":"https:\/\/www.scrigno.com\/it\/about-scrigno\/#breadcrumb","itemListElement":[{"@type":"ListItem","position":1,"name":"Home","item":"https:\/\/www.scrigno.com\/it\/"},{"@type":"ListItem","position":2,"name":"About Scrigno"}]},{"@type":"WebSite","@id":"https:\/\/www.scrigno.com\/it\/#website","url":"https:\/\/www.scrigno.com\/it\/","name":"Scrigno","description":"","potentialAction":[{"@type":"SearchAction","target":{"@type":"EntryPoint","urlTemplate":"https:\/\/www.scrigno.com\/it\/?s={search_term_string}"},"query-input":{"@type":"PropertyValueSpecification","valueRequired":true,"valueName":"search_term_string"}}],"inLanguage":"it-IT"}]}},"_links":{"self":[{"href":"https:\/\/www.scrigno.com\/it\/wp-json\/wp\/v2\/pages\/19579","targetHints":{"allow":["GET"]}}],"collection":[{"href":"https:\/\/www.scrigno.com\/it\/wp-json\/wp\/v2\/pages"}],"about":[{"href":"https:\/\/www.scrigno.com\/it\/wp-json\/wp\/v2\/types\/page"}],"author":[{"embeddable":true,"href":"https:\/\/www.scrigno.com\/it\/wp-json\/wp\/v2\/users\/5"}],"replies":[{"embeddable":true,"href":"https:\/\/www.scrigno.com\/it\/wp-json\/wp\/v2\/comments?post=19579"}],"version-history":[{"count":0,"href":"https:\/\/www.scrigno.com\/it\/wp-json\/wp\/v2\/pages\/19579\/revisions"}],"wp:attachment":[{"href":"https:\/\/www.scrigno.com\/it\/wp-json\/wp\/v2\/media?parent=19579"}],"curies":[{"name":"wp","href":"https:\/\/api.w.org\/{rel}","templated":true}]}}