{"id":3,"date":"2021-02-25T00:39:30","date_gmt":"2021-02-25T00:39:30","guid":{"rendered":"https:\/\/www.scrigno.com\/?page_id=3"},"modified":"2025-09-18T16:02:22","modified_gmt":"2025-09-18T14:02:22","slug":"privacy-policy","status":"publish","type":"page","link":"https:\/\/www.scrigno.com\/it\/privacy-policy\/","title":{"rendered":"Privacy Policy"},"content":{"rendered":"    <div class=\"content-block wrapper text-only\">\n            \n    <div class=\"wrapped cols-8\">    <div class=\"content-block__text\">\n        \n        <p class=\"content-block__text--content\">Scrigno S.p.A. crede fermamente che la trasparenza sia alla base del rapporto con i propri utenti. Per tale motivo, desidera applicare la massima chiarezza sulle modalit\u00e0 di trattamento dei dati personali degli utenti in occasione della navigazione sul sito internet accessibile all\u2019indirizzo\u00a0<a href=\"https:\/\/www.scrigno.com\/IT\/it\">https:\/\/www.scrigno.com\/IT\/it<\/a>\u00a0(di seguito il \u201c<strong>Sito<\/strong>\u201d).<br><br>L\u2019informativa \u00e8 resa ai sensi dell\u2019art. 13 del Regolamento (UE) 2016\/679 (di seguito \u201c<strong>GDPR<\/strong>\u201d).<br><br><strong>1. Titolare del trattamento dati personali, Responsabili del Trattamento e Soggetti autorizzati<\/strong><br><br>Il titolare del trattamento dei dati \u00e8 Scrigno S.p.A. con sede legale in Via Casale S. Ermete, 975 \u2013 47822 \u2013 Santarcangelo di Romagna (RN), in persona del legale rappresentante pro tempore domiciliato presso la sede della societ\u00e0 (di seguito il \u201c<strong>Titolare<\/strong>\u201d o la \u201c<strong>Societ\u00e0<\/strong>\u201d).<br><br>Pu\u00f2 contattare il Titolare ai seguenti recapiti:<br>\u2013 via e-mail:\u00a0<a href=\"mailto:privacyscrigno@scrignogroup.com\">privacyscrigno@scrignogroup.com<\/a>;<br>\u2013 via posta: Via Casale S. Ermete, 975 \u2013 47822 \u2013 Santarcangelo di Romagna (RN).<br><br>Il Titolare pu\u00f2 nominare altri soggetti responsabili del trattamento (di seguito i \u201c<strong>Responsabili del trattamento<\/strong>\u201d), nonch\u00e9 persone autorizzate a compiere operazioni di trattamento (di seguito gli \u201c<strong>Persone Autorizzate<\/strong>\u201d) ai sensi degli artt. 28 e 29 del GDPR. Un elenco completo e aggiornato dei Responsabili del trattamento e Persone Autorizzate \u00e8 disponibile contattando il Titolare ai recapiti sopra indicati.<br><br><strong>2. Tipologia di dati trattati, finalit\u00e0 del trattamento, base giuridica e natura del conferimento dei dati<\/strong><br><br><strong>2.1 Dati di navigazione<br><\/strong>I sistemi informatici e le procedure software preposte al funzionamento di questo Sito acquisiscono, nel corso del loro normale esercizio, alcuni dati personali la cui trasmissione \u00e8 implicita nell\u2019uso dei protocolli di comunicazione di Internet. In questa categoria di dati rientrano gli indirizzi IP o i nomi a dominio dei computer utilizzati dagli utenti che si connettono al Sito, gli indirizzi in notazione URI\/URL (Uniform Resource Identifier\/Locator) delle risorse richieste, l\u2019orario della richiesta, il metodo utilizzato nel sottoporre la richiesta al server, la dimensione del file ottenuto in risposta, il codice numerico indicante lo stato della risposta data dal server (buon fine, errore, ecc.) ed altri parametri relativi al sistema operativo e all\u2019ambiente informatico dell\u2019utente. I dati di navigazione vengono trattati per le seguenti\u00a0<strong>finalit\u00e0<\/strong>:<br>\u2022\u00a0verificare il corretto funzionamento del Sito e dei servizi offerti. I dati di navigazione potrebbero altres\u00ec essere utilizzati per l\u2019accertamento di reati da parte dell\u2019Autorit\u00e0 Giudiziaria.<br>La\u00a0<strong>base giuridica<\/strong>\u00a0del trattamento \u00e8 il legittimo interesse del Titolare al corretto funzionamento del Sito.<br>Il conferimento dei dati di navigazione \u00e8\u00a0<strong>necessario\u00a0<\/strong>per accedere al Sito.<br><br><strong>2.2 Cookie<br><\/strong>Il Sito utilizza cookie come meglio specificato nella\u00a0<a href=\"https:\/\/www.scrigno.com\/it\/cookie-policy\/\">Cookie Policy<\/a>.<br><br><strong>2.3 Dati forniti dall\u2019utente<br><\/strong>La compilazione del contact form presente nel Sito e l\u2019invio facoltativo, esplicito e volontario di messaggi agli indirizzi indicati su questo Sito, comporta la successiva acquisizione dei contatti del mittente, necessari per rispondere alle richieste, nonch\u00e9 degli eventuali altri dati personali inseriti nella missiva \/ nel contact form (quali dati nome, cognome, professione, e-mail, telefono, nazione, provincia etc.).<br>I dati volontariamente forniti dall\u2019utente vengono trattati per le seguenti\u00a0<strong>finalit\u00e0<\/strong>:<br>\u2022\u00a0permettere lo svolgimento di operazioni strettamente connesse e strumentali alla gestione delle richieste degli utenti, come \u2013 a titolo meramente esemplificativo \u2013 la risposta a quesiti pervenuti per telefono, per e-mail o con i contact form e l\u2019abilitazione all\u2019area riservata.<br>La\u00a0<strong>base giuridica<\/strong>\u00a0del trattamento \u00e8 l\u2019esecuzione di misure precontrattuali adottate su richiesta dell\u2019interessato.<br>Il conferimento dei dati \u00e8\u00a0<strong>necessario\u00a0<\/strong>per consentire al Titolare di fornire riscontro alle richieste dell\u2019utente.<br><br><strong>2.4 Dati forniti dall\u2019utente in occasione della richiesta di acquisto di prodotti di merchandising<\/strong><br>In occasione della richiesta di acquisto di prodotti di merchandising nell\u2019area riservata del Sito, il Titolare tratta i suoi dati personali comuni quali, a titolo esemplificativo: nome e cognome, indirizzo di spedizione, contatti (e-mail e\/o numero di telefono), codice fiscale \/ P.IVA. Tali dati sono trattati per le seguenti\u00a0<strong>finalit\u00e0<\/strong>:<br><br>\u2022\u00a0dare esecuzione alla richiesta formulata dall\u2019utente e creare l\u2019ordine di acquisto per la successiva spedizione dei prodotti di merchandising;<br>\u2022\u00a0gestione del rapporto contrattuale, ossia per permettere la corretta esecuzione delle obbligazioni contrattuali assunte dalla Societ\u00e0 nei confronti degli utenti e viceversa, per la gestione degli adempimenti contabili e fiscali conseguenti nonch\u00e9 per l\u2019adempimento agli obblighi previsti da leggi, regolamenti e normative comunitarie, ovvero a disposizioni impartite da autorit\u00e0 a ci\u00f2 legittimate dalla legge e da organi di vigilanza e controllo;<br>\u2022\u00a0finalit\u00e0 necessarie ad accertare, esercitare o difendere un diritto in sede giudiziaria o ogniqualvolta le autorit\u00e0 giurisdizionali esercitino le loro funzioni giurisdizionali.<br><br>Le\u00a0<strong>basi giuridiche<\/strong>\u00a0del trattamento sono l\u2019esecuzione di misure precontrattuali adottate su richiesta dell\u2019utente e\/o l\u2019esecuzione di un contratto di cui l\u2019interessato \u00e8 parte nonch\u00e9 l\u2019adempimento di obblighi legali cui \u00e8 soggetto il Titolare. Il conferimento dei dati \u00e8 necessario per la corretta gestione del rapporto contrattuale.<br><br><strong>2.5 Dati trattati per finalit\u00e0 di marketing e marketing profilato<br><\/strong>I dati forniti dagli utenti di cui ai paragrafi 2.3 e 2.4 possono, previo consenso, essere trattati dalla Societ\u00e0 per:<br><br><strong>a.\u00a0<\/strong>svolgere attivit\u00e0 di informazione circa prodotti e\/o servizi della Societ\u00e0 nonch\u00e9 attivit\u00e0 promozionali, commerciali e di marketing e\/o inerenti eventi ed iniziative del Titolare, svolgimento di ricerche di mercato e\/o attivit\u00e0 di rilevazione del grado di soddisfazione dell\u2019utente riguardanti i prodotti e\/o servizi del Titolare con ricorso a strumenti tradizionali di contatto (quali telefonate tramite operatore, posta cartacea) e\/o con ricorso a strumenti automatizzati di contatto (quali chiamata senza operatore, posta elettronica, messaggi e social network), direttamente o tramite societ\u00e0 terze;<br><strong>b.\u00a0<\/strong>svolgere attivit\u00e0 di informazione circa prodotti e\/o servizi della Societ\u00e0 nonch\u00e9 attivit\u00e0 promozionali, commerciali e di marketing sulla base del profilo dell\u2019utente \u2013 es. Privato, Architetto, Professionista, etc.. \u2013 (c.d. marketing profilato) con ricorso a strumenti tradizionali di contatto (quali telefonate tramite operatore, posta cartacea) e\/o con ricorso a strumenti automatizzati di contatto (quali chiamata senza operatore, posta elettronica, messaggi e social network), direttamente o tramite societ\u00e0 terze.<br>La\u00a0<strong>base giuridica<\/strong>\u00a0delle operazioni di trattamento di cui alla lett. a) e b) che precedono, \u00e8 il consenso specifico dell\u2019interessato. Il conferimento dei dati \u00e8\u00a0<strong>facoltativo<\/strong>.<br><br><strong>3. Inserzionisti terzi e link ad altri siti web<\/strong><br>Il Sito potrebbe includere messaggi pubblicitari di soggetti diversi dal Titolare (di seguito i \u201c<strong>Terzi<\/strong>\u201d) e link ad altri siti web e\/o applicazioni. Accedendo a tali siti web e\/o applicazioni, i Terzi potrebbero raccogliere informazioni sull\u2019utente quando interagisce con i loro contenuti, la loro pubblicit\u00e0 e i loro servizi alle condizioni e termini descritti nei rispettivi siti web \/applicazioni.<br><br><strong>4. Modalit\u00e0 del trattamento e tempi di conservazione<\/strong><br>Il Titolare ha adottato specifiche misure di sicurezza per prevenire la perdita dei dati, usi illeciti o non corretti ed accessi non autorizzati.<br><br>I dati personali vengono conservati:<br><strong>a.\u00a0<\/strong>per il tempo strettamente necessario a dare esecuzione alle richieste formulate dagli utenti;<br><strong>b.\u00a0<\/strong>per 10 anni successivi alla cessazione del rapporto contrattuale in caso di perfezionato acquisto di prodotti di merchandising;<br><strong>c.\u00a0<\/strong>per 24 mesi successivi all\u2019acquisizione del consenso per il trattamento dei dati per la trasmissione di comunicazioni di marketing, salvo rinnovo del consenso da parte dell\u2019utente per ulteriori 24 mesi e\/o previa revoca del consenso da parte dell\u2019utente.<br><br><strong>5. Comunicazione dei dati<\/strong><br>Al fine di adempiere a specifici obblighi di legge e\/o in relazione al raggiungimento delle finalit\u00e0 sopra indicate, i dati raccolti potranno essere trasmessi ai seguenti destinatari: studi, societ\u00e0 o professionisti nell\u2019ambito di rapporti di assistenza e consulenza, fornitori di servizi, agenzie digitali e in generale a professionisti del settore della comunicazione digitale, della pubblicit\u00e0, del marketing, nonch\u00e9 ad altri soggetti terzi nel caso in cui ci\u00f2 si renda strettamente necessario nell\u2019ambito delle finalit\u00e0 sopra indicate ovvero a soggetti che possano accedere ai dati in forza di disposizione di legge o di normativa secondaria o comunitaria. La comunicazione dei dati dell\u2019utente ai soggetti sopra citati avverr\u00e0 nel rispetto dei livelli di protezione e tutela dei diritti dell\u2019interessato previsti dal GDPR.<br><br><strong>6. Trasferimento dei dati al di fuori dell\u2019Unione Europea<\/strong><br>Al fine di raggiungimento delle finalit\u00e0 di cui ai paragrafi 2.3, 2.4 e 2.5, i dati degli utenti potranno essere condivisi in paesi al di fuori dell\u2019Unione Europea ed in particolare negli Stati Uniti.<br><br>Si tratta del trasferimento dei dati ai fornitori di servizi digitali quali:<br><strong>a.\u00a0<\/strong>ActiveCampaign LLC che offre la piattaforma di marketing che il Titolare utilizza per gestire i dati raccolti attraverso il Sito;<br><strong>b.\u00a0<\/strong>Google LLC che offre lo strumento \u201cGoogle Analytics 4\u201d utilizzato dal Titolare come indicato nella Cookie Policy.<br><br>ActiveCampaign e Google hanno certificato al Dipartimento del Commercio degli Stati Uniti di aderire ai principi del UE-USA Data Privacy Framework per quanto riguarda il trattamento dei dati personali ricevuti dallo Spazio Economico Europeo e sono stati nominati dal Titolare quali Responsabili del trattamento ai sensi dell\u2019art. 28 del GDPR.<br><br><strong>7. Diritti degli interessati<\/strong><br>Come previsto dall\u2019art. 13 del GDPR, l\u2019utente in ogni momento potr\u00e0:<br><strong>a.\u00a0<\/strong>chiedere al Titolare l\u2019accesso ai dati personali e la rettifica o la cancellazione degli stessi o la limitazione del trattamento dei dati che lo riguardano;<br><strong>b.\u00a0<\/strong>opporsi al trattamento dei dati personali;<br><strong>c.\u00a0<\/strong>esercitare il diritto alla portabilit\u00e0 dei dati;<br><strong>d.\u00a0<\/strong>revocare il consenso in qualsiasi momento senza pregiudicare la liceit\u00e0 del trattamento basata sul consenso prestato prima della revoca;<br><strong>e.\u00a0<\/strong>proporre reclamo a un\u2019autorit\u00e0 di controllo. Quanto alle finalit\u00e0 di cui al paragrafo 2.5) \u201c<em>Dati trattati per finalit\u00e0 di marketing e marketing profilato<\/em>\u201d, resta salva la possibilit\u00e0 per l\u2019utente che abbia prestato il proprio consenso:<br><strong>1.<\/strong>\u00a0di richiedere, in qualunque momento e gratuitamente, al Titolare di ricevere comunicazioni esclusivamente attraverso le modalit\u00e0 tradizionali di contatto quali la posta cartacea o le chiamate tramite operatore;<br><strong>2.<\/strong>\u00a0di opporsi, in qualunque momento e gratuitamente, al trattamento dei dati per le suddette finalit\u00e0. In questo caso il diritto di opposizione dell\u2019utente al trattamento dei dati attraverso modalit\u00e0 automatizzate di contatto (quali chiamata senza operatore, posta elettronica, messaggi e social network), si estende alle modalit\u00e0 tradizionali di contatto (quali telefonate tramite operatore, posta cartacea);<br><strong>3.\u00a0<\/strong>di opporsi, in qualunque momento e gratuitamente, al trattamento dei dati per le suddette finalit\u00e0 solo in parte ossia esprimendo una scelta sulle modalit\u00e0 di contatto.<br><br>I diritti sopra descritti (ad eccezione della lett. e) possono essere esercitati con richiesta rivolta senza formalit\u00e0 al Titolare ai seguenti indirizzi:<br>\u2013 via e-mail:\u00a0<a href=\"mailto:privacyscrigno@scrignogroup.com\">privacyscrigno@scrignogroup.com<\/a>;<br>\u2013 via posta: Via Casale S. Ermete, 975 \u2013 47822 \u2013 Santarcangelo di Romagna (RN).<br><br><strong>8. Modifiche<\/strong><br>Il Titolare si riserva in ogni momento di modificare, anche a causa di variazioni della normativa applicabile, la Privacy Policy aggiornando questa pagina. L\u2019utente \u00e8 tenuto pertanto a verificare periodicamente la Privacy Policy per prendere conoscenza di relativi aggiornamenti.<br><br>La presente informativa Rev.00, \u00e8 stata emessa in data 21.11.2023 ed ha decorrenza dal 21.11.2023.<\/p>\n\n            \n    \n    <\/div><\/div>\n    \n    \n    <\/div>","protected":false},"excerpt":{"rendered":"","protected":false},"author":1,"featured_media":0,"parent":0,"menu_order":0,"comment_status":"closed","ping_status":"open","template":"","meta":{"_acf_changed":false,"footnotes":""},"class_list":["post-3","page","type-page","status-publish","hentry"],"acf":[],"yoast_head":"<!-- This site is optimized with the Yoast SEO plugin v27.1.1 - https:\/\/yoast.com\/product\/yoast-seo-wordpress\/ -->\n<title>Privacy Policy - Scrigno<\/title>\n<meta name=\"robots\" content=\"index, follow, max-snippet:-1, max-image-preview:large, max-video-preview:-1\" \/>\n<link rel=\"canonical\" href=\"https:\/\/www.scrigno.com\/it\/privacy-policy\/\" \/>\n<meta property=\"og:locale\" content=\"it_IT\" \/>\n<meta property=\"og:type\" content=\"article\" \/>\n<meta property=\"og:title\" content=\"Privacy Policy - Scrigno\" \/>\n<meta property=\"og:url\" content=\"https:\/\/www.scrigno.com\/it\/privacy-policy\/\" \/>\n<meta property=\"og:site_name\" content=\"Scrigno\" \/>\n<meta property=\"article:modified_time\" content=\"2025-09-18T14:02:22+00:00\" \/>\n<meta name=\"twitter:card\" content=\"summary_large_image\" \/>\n<script type=\"application\/ld+json\" class=\"yoast-schema-graph\">{\"@context\":\"https:\/\/schema.org\",\"@graph\":[{\"@type\":\"WebPage\",\"@id\":\"https:\/\/www.scrigno.com\/it\/privacy-policy\/\",\"url\":\"https:\/\/www.scrigno.com\/it\/privacy-policy\/\",\"name\":\"Privacy Policy - Scrigno\",\"isPartOf\":{\"@id\":\"https:\/\/www.scrigno.com\/it\/#website\"},\"datePublished\":\"2021-02-25T00:39:30+00:00\",\"dateModified\":\"2025-09-18T14:02:22+00:00\",\"breadcrumb\":{\"@id\":\"https:\/\/www.scrigno.com\/it\/privacy-policy\/#breadcrumb\"},\"inLanguage\":\"it-IT\",\"potentialAction\":[{\"@type\":\"ReadAction\",\"target\":[\"https:\/\/www.scrigno.com\/it\/privacy-policy\/\"]}]},{\"@type\":\"BreadcrumbList\",\"@id\":\"https:\/\/www.scrigno.com\/it\/privacy-policy\/#breadcrumb\",\"itemListElement\":[{\"@type\":\"ListItem\",\"position\":1,\"name\":\"Home\",\"item\":\"https:\/\/www.scrigno.com\/it\/\"},{\"@type\":\"ListItem\",\"position\":2,\"name\":\"Privacy Policy\"}]},{\"@type\":\"WebSite\",\"@id\":\"https:\/\/www.scrigno.com\/it\/#website\",\"url\":\"https:\/\/www.scrigno.com\/it\/\",\"name\":\"Scrigno\",\"description\":\"\",\"potentialAction\":[{\"@type\":\"SearchAction\",\"target\":{\"@type\":\"EntryPoint\",\"urlTemplate\":\"https:\/\/www.scrigno.com\/it\/?s={search_term_string}\"},\"query-input\":{\"@type\":\"PropertyValueSpecification\",\"valueRequired\":true,\"valueName\":\"search_term_string\"}}],\"inLanguage\":\"it-IT\"}]}<\/script>\n<!-- \/ Yoast SEO plugin. -->","yoast_head_json":{"title":"Privacy Policy - Scrigno","robots":{"index":"index","follow":"follow","max-snippet":"max-snippet:-1","max-image-preview":"max-image-preview:large","max-video-preview":"max-video-preview:-1"},"canonical":"https:\/\/www.scrigno.com\/it\/privacy-policy\/","og_locale":"it_IT","og_type":"article","og_title":"Privacy Policy - Scrigno","og_url":"https:\/\/www.scrigno.com\/it\/privacy-policy\/","og_site_name":"Scrigno","article_modified_time":"2025-09-18T14:02:22+00:00","twitter_card":"summary_large_image","schema":{"@context":"https:\/\/schema.org","@graph":[{"@type":"WebPage","@id":"https:\/\/www.scrigno.com\/it\/privacy-policy\/","url":"https:\/\/www.scrigno.com\/it\/privacy-policy\/","name":"Privacy Policy - Scrigno","isPartOf":{"@id":"https:\/\/www.scrigno.com\/it\/#website"},"datePublished":"2021-02-25T00:39:30+00:00","dateModified":"2025-09-18T14:02:22+00:00","breadcrumb":{"@id":"https:\/\/www.scrigno.com\/it\/privacy-policy\/#breadcrumb"},"inLanguage":"it-IT","potentialAction":[{"@type":"ReadAction","target":["https:\/\/www.scrigno.com\/it\/privacy-policy\/"]}]},{"@type":"BreadcrumbList","@id":"https:\/\/www.scrigno.com\/it\/privacy-policy\/#breadcrumb","itemListElement":[{"@type":"ListItem","position":1,"name":"Home","item":"https:\/\/www.scrigno.com\/it\/"},{"@type":"ListItem","position":2,"name":"Privacy Policy"}]},{"@type":"WebSite","@id":"https:\/\/www.scrigno.com\/it\/#website","url":"https:\/\/www.scrigno.com\/it\/","name":"Scrigno","description":"","potentialAction":[{"@type":"SearchAction","target":{"@type":"EntryPoint","urlTemplate":"https:\/\/www.scrigno.com\/it\/?s={search_term_string}"},"query-input":{"@type":"PropertyValueSpecification","valueRequired":true,"valueName":"search_term_string"}}],"inLanguage":"it-IT"}]}},"_links":{"self":[{"href":"https:\/\/www.scrigno.com\/it\/wp-json\/wp\/v2\/pages\/3","targetHints":{"allow":["GET"]}}],"collection":[{"href":"https:\/\/www.scrigno.com\/it\/wp-json\/wp\/v2\/pages"}],"about":[{"href":"https:\/\/www.scrigno.com\/it\/wp-json\/wp\/v2\/types\/page"}],"author":[{"embeddable":true,"href":"https:\/\/www.scrigno.com\/it\/wp-json\/wp\/v2\/users\/1"}],"replies":[{"embeddable":true,"href":"https:\/\/www.scrigno.com\/it\/wp-json\/wp\/v2\/comments?post=3"}],"version-history":[{"count":0,"href":"https:\/\/www.scrigno.com\/it\/wp-json\/wp\/v2\/pages\/3\/revisions"}],"wp:attachment":[{"href":"https:\/\/www.scrigno.com\/it\/wp-json\/wp\/v2\/media?parent=3"}],"curies":[{"name":"wp","href":"https:\/\/api.w.org\/{rel}","templated":true}]}}