{"id":7518,"date":"2024-08-26T15:52:17","date_gmt":"2024-08-26T13:52:17","guid":{"rendered":"https:\/\/www.scrigno.com\/?page_id=7518"},"modified":"2026-02-09T17:44:56","modified_gmt":"2026-02-09T15:44:56","slug":"certificazioni-e-garanzia","status":"publish","type":"page","link":"https:\/\/www.scrigno.com\/it\/certificazioni-e-garanzia\/","title":{"rendered":"Certificazioni e Garanzia"},"content":{"rendered":"    <div class=\"content-block wrapper image-left\">\n            <div class=\"content-block__spacer\"><\/div>\n    <div class=\"content-block__column-image\">    <img decoding=\"async\" src=\"https:\/\/www.scrigno.com\/wp-content\/uploads\/2025\/03\/Cattura.png\" class=\"content-block__image\"  alt=\"Cattura\" \/><\/div>\n    <div class=\"content-block__column-text\">    <div class=\"content-block__text\">\n        <h3 class=\"content-block__text--title\">\u00c9 qualit\u00e0 riconoscibile, fatta per durare<\/h3>\n        <p class=\"content-block__text--content\">Scrigno S.p.A. \u00e8 dotata di un Sistema di Gestione per la Qualit\u00e0 certificato a norma UNI EN <a href=\"https:\/\/www.scrigno.com\/wp-content\/uploads\/2024\/12\/Certificazione-ISO-9001-2015.pdf\">ISO 9001:2015.<\/a><br><br>Non si tratta unicamente di un adempimento formale dei requisiti della normativa vigente, bens\u00ec di un supporto e stimolo ulteriore per il miglioramento continuo della gestione dei processi aziendali finalizzato all\u2019efficacia delle attivit\u00e0 ed alla soddisfazione dei clienti.<br><br>La qualit\u00e0 Scrigno \u00e8 riconoscibile dal MARCHIO ORIGINALE impresso sul controtelaio e sulla guida di scorrimento, visibile anche a prodotto montato.<br><br>\u00c8 semplice controllare il controtelaio e la guida di scorrimento: solo se hanno il marchio originale sono Scrigno.<br><br>Scrigno si \u00e8 dotata di un Sistema di Gestione Ambientale, basato sulla\u00a0<a href=\"https:\/\/www.scrigno.com\/wp-content\/uploads\/2024\/12\/Certificazione-ISO-14001-2015.pdf\">certificazione ISO 14001:2015<\/a>\u00a0&#8211; conseguita nel 2021 &#8211; e ha adottato un sistema\u00a0<em>risk-based thinking<\/em>.<\/p>\n\n            \n    \n    <\/div><\/div>\n    <div class=\"content-block__spacer\"><\/div>\n    <\/div>\n\n    <div class=\"content-block wrapper image-right\">\n            <div class=\"content-block__spacer\"><\/div>\n    <div class=\"content-block__column-text\">    <div class=\"content-block__text\">\n        <h3 class=\"content-block__text--title\">Le prove di laboratorio<\/h3>\n        <p class=\"content-block__text--content\">La qualit\u00e0 dei prodotti Scrigno \u00e8 ovviamente certificata dai migliori istituti.<br>Ma per Scrigno il concetto di qualit\u00e0 non significa limitarsi al rispetto di quanto previsto dalla legge: a noi piace andare oltre, cercando di stabilire sempre nuovi standard.<br><br>Per questo motivo certifichiamo un lungo elenco di prove volontarie, che comprovino che i nostri prodotti sono capaci di garantire ottimi risultati, sia in fatto di funzionamento che di sicurezza attiva e passiva.<br><br>La gamma Scrigno ha superato rigidi test di resistenza a urti, a carichi di resistenza, prevede prodotti resistenti al fuoco e privi di emissioni nocive.<br>Anche tutti gli accessori vengono provati e riprovati per migliaia di cicli, perch\u00e9 la qualit\u00e0 di Scrigno sia un valore duraturo in ogni momento.<\/p>\n\n            \n    \n    <\/div><\/div>\n    <div class=\"content-block__column-image\">    <img decoding=\"async\" src=\"https:\/\/www.scrigno.com\/wp-content\/uploads\/2024\/09\/3.jpg\" class=\"content-block__image\"  alt=\"3\" \/><\/div>\n    <div class=\"content-block__spacer\"><\/div>\n    <\/div>\n\n    <div class=\"content-block wrapper image-left\">\n            <div class=\"content-block__spacer\"><\/div>\n    <div class=\"content-block__column-image\">    <img decoding=\"async\" src=\"https:\/\/www.scrigno.com\/wp-content\/uploads\/2024\/09\/2.png\" class=\"content-block__image\"  alt=\"2\" \/><\/div>\n    <div class=\"content-block__column-text\">    <div class=\"content-block__text\">\n        <h3 class=\"content-block__text--title\">La qualit\u00e0 come principio<\/h3>\n        <p class=\"content-block__text--content\">Fin dal lontano 1989, Scrigno ha fatto della qualit\u00e0 un principio fondante, una regola insormontabile che accompagna ogni prodotto e ogni processo aziendale. Un\u2019attivit\u00e0 costante e talvolta quotidiana fatta di verifiche, controlli, prove di laboratorio e interne tese a mettere sul mercato soluzioni altamente performanti nel tempo, superando di gran lunga le disposizioni di legge.<br><br>Ricerca, innovazione e qualit\u00e0 sono il nostro pane quotidiano: i numerosi brevetti rappresentano la nostra migliore certificazione di qualit\u00e0.<br>L\u2019attivit\u00e0 costante prevede oltre 30 controlli sul ciclo produttivo, a partire dall\u2019arrivo della materia prima.<br><br>Scrigno, infatti, sottopone tutti i propri coil di lamiera a test di radioattivit\u00e0 perch\u00e9 vogliamo che i nostri prodotti non solo funzionino bene ma siano sicuri per la salute di chi li user\u00e0 per molti anni.<br>La qualit\u00e0 di ogni singolo componente \u00e8 testata ad ogni fornitura, cos\u00ec come vengono imposte prove di conformit\u00e0 ad elevati standard qualitativi a tutti i nostri fornitori.<br><br>Non a caso la quasi totalit\u00e0 dei componenti utilizzati proviene da produttori rigorosamente Made in Italy e concentrati a breve distanza dai nostri stabilimenti.<\/p>\n\n            \n    \n    <\/div><\/div>\n    <div class=\"content-block__spacer\"><\/div>\n    <\/div>\n\n\n<div class=\"wp-block-scrignocom-scrigno-com-block-download-list download-list wrapper product-section\" data-search-type=\"Certificazioni\"><div class=\"section__header wrapped cols-10\"><div class=\"section__header--text\"><div class=\"section__title\">Certificazioni<\/div><\/div><\/div><div class=\"file-list wrapped cols-10\"><div class=\"file-list__table\">    <a target=\"_blank\" href=\"https:\/\/www.scrigno.com\/wp-content\/uploads\/2024\/12\/Certificazione-ISO-9001-2015.pdf\" class=\"file-list__row searchable\" >\n        \n        <div class=\"file-list__row--title\" data-search-text=\"Certificazione ISO 9001:2015\">Certificazione ISO 9001:2015<\/div>\n        <div class=\"file-list__row--type\">pdf<\/div>\n        <div class=\"file-list__row--size\">1.8 MB<\/div>\n    <\/a>\n\n    <a target=\"_blank\" href=\"https:\/\/www.scrigno.com\/wp-content\/uploads\/2024\/12\/Certificazione-ISO-14001-2015.pdf\" class=\"file-list__row searchable\" >\n        \n        <div class=\"file-list__row--title\" data-search-text=\"Certificazione ISO 14001:2015\">Certificazione ISO 14001:2015<\/div>\n        <div class=\"file-list__row--type\">pdf<\/div>\n        <div class=\"file-list__row--size\">545.7 KB<\/div>\n    <\/a>\n\n    <a target=\"_blank\" href=\"https:\/\/www.scrigno.com\/wp-content\/uploads\/2026\/02\/PEFCCertificate_EN_2026.pdf\" class=\"file-list__row searchable\" >\n        \n        <div class=\"file-list__row--title\" data-search-text=\"PEFCCertificate\">PEFCCertificate<\/div>\n        <div class=\"file-list__row--type\">pdf<\/div>\n        <div class=\"file-list__row--size\">1.7 MB<\/div>\n    <\/a><\/div><\/div><\/div>\n\n\n\n<div class=\"wp-block-scrignocom-scrigno-com-block-download-list download-list wrapper product-section\" data-search-type=\"Garanzia prodotto controtelaio\"><div class=\"section__header wrapped cols-10\"><div class=\"section__header--text\"><div class=\"section__title\">Garanzia prodotto controtelaio<\/div><\/div><\/div><div class=\"file-list wrapped cols-10\"><div class=\"file-list__table\">    <a target=\"_blank\" href=\"https:\/\/www.scrigno.com\/wp-content\/uploads\/2025\/12\/Garanzia-Prodotto-Controtelaio.pdf\" class=\"file-list__row searchable\" >\n        \n        <div class=\"file-list__row--title\" data-search-text=\"Garanzia Prodotto Controtelaio\">Garanzia Prodotto Controtelaio<\/div>\n        <div class=\"file-list__row--type\">pdf<\/div>\n        <div class=\"file-list__row--size\">256.7 KB<\/div>\n    <\/a><\/div><\/div><\/div>\n","protected":false},"excerpt":{"rendered":"","protected":false},"author":1,"featured_media":0,"parent":0,"menu_order":0,"comment_status":"closed","ping_status":"closed","template":"","meta":{"_acf_changed":false,"footnotes":""},"class_list":["post-7518","page","type-page","status-publish","hentry"],"acf":[],"yoast_head":"<!-- This site is optimized with the Yoast SEO plugin v27.1.1 - https:\/\/yoast.com\/product\/yoast-seo-wordpress\/ -->\n<title>Certificazioni e Garanzia - Scrigno<\/title>\n<meta name=\"robots\" content=\"index, follow, max-snippet:-1, max-image-preview:large, max-video-preview:-1\" \/>\n<link rel=\"canonical\" href=\"https:\/\/www.scrigno.com\/it\/certificazioni-e-garanzia\/\" \/>\n<meta property=\"og:locale\" content=\"it_IT\" \/>\n<meta property=\"og:type\" content=\"article\" \/>\n<meta property=\"og:title\" content=\"Certificazioni e Garanzia - Scrigno\" \/>\n<meta property=\"og:url\" content=\"https:\/\/www.scrigno.com\/it\/certificazioni-e-garanzia\/\" \/>\n<meta property=\"og:site_name\" content=\"Scrigno\" \/>\n<meta property=\"article:modified_time\" content=\"2026-02-09T15:44:56+00:00\" \/>\n<meta name=\"twitter:card\" content=\"summary_large_image\" \/>\n<meta name=\"twitter:label1\" content=\"Tempo di lettura stimato\" \/>\n\t<meta name=\"twitter:data1\" content=\"1 minuto\" \/>\n<script type=\"application\/ld+json\" class=\"yoast-schema-graph\">{\"@context\":\"https:\/\/schema.org\",\"@graph\":[{\"@type\":\"WebPage\",\"@id\":\"https:\/\/www.scrigno.com\/it\/certificazioni-e-garanzia\/\",\"url\":\"https:\/\/www.scrigno.com\/it\/certificazioni-e-garanzia\/\",\"name\":\"Certificazioni e Garanzia - Scrigno\",\"isPartOf\":{\"@id\":\"https:\/\/www.scrigno.com\/it\/#website\"},\"datePublished\":\"2024-08-26T13:52:17+00:00\",\"dateModified\":\"2026-02-09T15:44:56+00:00\",\"breadcrumb\":{\"@id\":\"https:\/\/www.scrigno.com\/it\/certificazioni-e-garanzia\/#breadcrumb\"},\"inLanguage\":\"it-IT\",\"potentialAction\":[{\"@type\":\"ReadAction\",\"target\":[\"https:\/\/www.scrigno.com\/it\/certificazioni-e-garanzia\/\"]}]},{\"@type\":\"BreadcrumbList\",\"@id\":\"https:\/\/www.scrigno.com\/it\/certificazioni-e-garanzia\/#breadcrumb\",\"itemListElement\":[{\"@type\":\"ListItem\",\"position\":1,\"name\":\"Home\",\"item\":\"https:\/\/www.scrigno.com\/it\/\"},{\"@type\":\"ListItem\",\"position\":2,\"name\":\"Certificazioni e Garanzia\"}]},{\"@type\":\"WebSite\",\"@id\":\"https:\/\/www.scrigno.com\/it\/#website\",\"url\":\"https:\/\/www.scrigno.com\/it\/\",\"name\":\"Scrigno\",\"description\":\"\",\"potentialAction\":[{\"@type\":\"SearchAction\",\"target\":{\"@type\":\"EntryPoint\",\"urlTemplate\":\"https:\/\/www.scrigno.com\/it\/?s={search_term_string}\"},\"query-input\":{\"@type\":\"PropertyValueSpecification\",\"valueRequired\":true,\"valueName\":\"search_term_string\"}}],\"inLanguage\":\"it-IT\"}]}<\/script>\n<!-- \/ Yoast SEO plugin. -->","yoast_head_json":{"title":"Certificazioni e Garanzia - Scrigno","robots":{"index":"index","follow":"follow","max-snippet":"max-snippet:-1","max-image-preview":"max-image-preview:large","max-video-preview":"max-video-preview:-1"},"canonical":"https:\/\/www.scrigno.com\/it\/certificazioni-e-garanzia\/","og_locale":"it_IT","og_type":"article","og_title":"Certificazioni e Garanzia - Scrigno","og_url":"https:\/\/www.scrigno.com\/it\/certificazioni-e-garanzia\/","og_site_name":"Scrigno","article_modified_time":"2026-02-09T15:44:56+00:00","twitter_card":"summary_large_image","twitter_misc":{"Tempo di lettura stimato":"1 minuto"},"schema":{"@context":"https:\/\/schema.org","@graph":[{"@type":"WebPage","@id":"https:\/\/www.scrigno.com\/it\/certificazioni-e-garanzia\/","url":"https:\/\/www.scrigno.com\/it\/certificazioni-e-garanzia\/","name":"Certificazioni e Garanzia - Scrigno","isPartOf":{"@id":"https:\/\/www.scrigno.com\/it\/#website"},"datePublished":"2024-08-26T13:52:17+00:00","dateModified":"2026-02-09T15:44:56+00:00","breadcrumb":{"@id":"https:\/\/www.scrigno.com\/it\/certificazioni-e-garanzia\/#breadcrumb"},"inLanguage":"it-IT","potentialAction":[{"@type":"ReadAction","target":["https:\/\/www.scrigno.com\/it\/certificazioni-e-garanzia\/"]}]},{"@type":"BreadcrumbList","@id":"https:\/\/www.scrigno.com\/it\/certificazioni-e-garanzia\/#breadcrumb","itemListElement":[{"@type":"ListItem","position":1,"name":"Home","item":"https:\/\/www.scrigno.com\/it\/"},{"@type":"ListItem","position":2,"name":"Certificazioni e Garanzia"}]},{"@type":"WebSite","@id":"https:\/\/www.scrigno.com\/it\/#website","url":"https:\/\/www.scrigno.com\/it\/","name":"Scrigno","description":"","potentialAction":[{"@type":"SearchAction","target":{"@type":"EntryPoint","urlTemplate":"https:\/\/www.scrigno.com\/it\/?s={search_term_string}"},"query-input":{"@type":"PropertyValueSpecification","valueRequired":true,"valueName":"search_term_string"}}],"inLanguage":"it-IT"}]}},"_links":{"self":[{"href":"https:\/\/www.scrigno.com\/it\/wp-json\/wp\/v2\/pages\/7518","targetHints":{"allow":["GET"]}}],"collection":[{"href":"https:\/\/www.scrigno.com\/it\/wp-json\/wp\/v2\/pages"}],"about":[{"href":"https:\/\/www.scrigno.com\/it\/wp-json\/wp\/v2\/types\/page"}],"author":[{"embeddable":true,"href":"https:\/\/www.scrigno.com\/it\/wp-json\/wp\/v2\/users\/1"}],"replies":[{"embeddable":true,"href":"https:\/\/www.scrigno.com\/it\/wp-json\/wp\/v2\/comments?post=7518"}],"version-history":[{"count":0,"href":"https:\/\/www.scrigno.com\/it\/wp-json\/wp\/v2\/pages\/7518\/revisions"}],"wp:attachment":[{"href":"https:\/\/www.scrigno.com\/it\/wp-json\/wp\/v2\/media?parent=7518"}],"curies":[{"name":"wp","href":"https:\/\/api.w.org\/{rel}","templated":true}]}}