{"id":8130,"date":"2024-09-03T15:20:05","date_gmt":"2024-09-03T13:20:05","guid":{"rendered":"https:\/\/www.scrigno.com\/?page_id=8130"},"modified":"2025-03-10T15:46:07","modified_gmt":"2025-03-10T13:46:07","slug":"sostenibilita","status":"publish","type":"page","link":"https:\/\/www.scrigno.com\/it\/sostenibilita\/","title":{"rendered":"Sostenibilit\u00e0"},"content":{"rendered":"    <div class=\"content-block wrapper image-left\">\n            <div class=\"content-block__spacer\"><\/div>\n    <div class=\"content-block__column-image\">    <img decoding=\"async\" src=\"https:\/\/www.scrigno.com\/wp-content\/uploads\/2024\/09\/sostenibilita.jpg\" class=\"content-block__image\"  alt=\"sostenibilita\" \/><\/div>\n    <div class=\"content-block__column-text\">    <div class=\"content-block__text\">\n        \n        <p class=\"content-block__text--content\">La nostra idea di futuro inizia con la Corporate Responsibility. L\u2019attenzione per la Qualit\u00e0 e per l\u2019Ambiente \u00e8 essenziale per il Gruppo Scrigno, e si traduce in politiche attive che guidano l\u2019azienda verso un processo di innovazione continua verso obiettivi sempre pi\u00f9 ambiziosi. La sostenibilit\u00e0 \u00e8 fortemente al centro di questo processo, con particolare attenzione alle performance ambientali ed energetiche dei siti produttivi.<br><br>Lungo questo processo l\u2019azienda dimostra quotidianamente la sua sensibilit\u00e0 verso i principi dell\u2019economia circolare riorganizzando i suoi processi per monitorare e ridurre il consumo di materie prime e imballaggi, ridurre gli sprechi e migliorare l\u2019efficienza energetica e riducendo le emissioni di gas a effetto serra attraverso un processo di decarbonizzazione che parte dal proprio interno fino al coinvolgimento dei fornitori lungo tutta la supply chain, promozione della riduzione di emissioni Scope 3 a monte e a valle e arrivare a certificare da ente terzo la Carbon footprint aziendale nel corso del 2024.<br><\/p>\n\n            \n    \n    <\/div><\/div>\n    <div class=\"content-block__spacer\"><\/div>\n    <\/div>\n\n    <div class=\"content-block wrapper text-only\">\n            \n    <div class=\"wrapped cols-8\">    <div class=\"content-block__text\">\n        \n        <p class=\"content-block__text--content\">Il Gruppo Scrigno ha gi\u00e0 implementato da tempo un Sistema di Gestione Ambientale basato sulla certificazione <a href=\"https:\/\/www.scrigno.com\/wp-content\/uploads\/2024\/12\/Certificazione-ISO-14001-2015.pdf\">ISO 14001:2015<\/a>, ottenuta nel 2021, e ha adottato un sistema risk-based thinking.<br><br>Integrato al progetto di business, il Gruppo Scrigno ha programmato un\u00a0piano strategico di sostenibilit\u00e0. Pianificare la sostenibilit\u00e0 significa mettere in pratica una visione del futuro di un\u2019azienda, ma anche e soprattutto contestualizzarla all\u2019interno di un sistema definito. Un modo di pensare capace di attivare una vera e propria crescita collettiva, che comprende prestazioni finali date ai clienti,\u00a0<a href=\"https:\/\/www.skservizi.it\/soft-facility-management\">miglioramento degli aspetti ambientali<\/a>\u00a0e risultati economici.<br><br>Il Gruppo Scrigno promuove questo comportamento assolutamente trasparente ed etico che:<br>&#8211; sia perfettamente coerente con tutta la catena del valore;<br>&#8211; assicuri il rispetto delle leggi applicabili e delle norme internazionali di comportamento;<br>&#8211; tenga in considerazione le aspettative dei vari stakeholder;<br>&#8211; possa contribuire allo sviluppo sostenibile, includendo salute e benessere dell\u2019ecosistema ambientale e sociale.<\/p>\n\n            \n    \n    <\/div><\/div>\n    \n    \n    <\/div>\n\n    <div class=\"content-block wrapper image-right\">\n            <div class=\"content-block__spacer\"><\/div>\n    <div class=\"content-block__column-text\">    <div class=\"content-block__text\">\n        \n        <p class=\"content-block__text--content\">Il\u00a016.12.2022\u00a0\u00e8 stata pubblicata in Gazzetta Ufficiale dell\u2019UE la\u00a0Direttiva n. 2022\/2464\u00a0riguardante la\u00a0rendicontazione societaria di sostenibilit\u00e0: Corporate Sustainability Reporting Directive , di seguito CSRD, modificativa della Direttiva 2013\/34\/UE, concernente l\u2019obbligo di comunicazione di informazioni di carattere non finanziario per imprese di grandi dimensioni.<br><br>La\u00a0<strong>CSRD, <\/strong>Corporate Sustainability Reporting Directive,\u00a0si colloca in uno scenario globale che in relazione ai temi, ai percorsi e alle iniziative per la sostenibilit\u00e0 \u00e8 da tempo in fermento. Un contesto che negli ultimi mesi del 2022 ha segnato un passaggio importante, in particolare per quanto riguarda il ruolo dell\u2019Europa. Con il suo impegno per la\u00a0<strong>neutralit\u00e0 climatica da raggiungere entro il 2050<\/strong>, con il ridisegno della competitivit\u00e0 nel segno della\u00a0<strong>decarbonizzazione.<\/strong><br><br>La\u00a0<strong>CSRD<\/strong>\u00a0introduce il nuovo concetto di \u201c<strong>doppia rilevanza<\/strong>\u201d (o \u201c<a href=\"https:\/\/www.esg360.it\/sustainability-management\/doppia-materialita-come-cambia-la-rendicontazione-di-sostenibilita\/\"><strong>doppia materialit\u00e0<\/strong><\/a>\u201d) in virt\u00f9 del quale le imprese dovranno fornire informazioni sia in merito all\u2019impatto delle proprie attivit\u00e0 sulle persone e sull\u2019ambiente (approccioinside-out), sia riguardo al modo in cui le questioni di sostenibilit\u00e0 incidono su di esse, sui loro risultati e sulla loro situazione (approcciooutside-in).<\/p>\n\n            \n    \n    <\/div><\/div>\n    <div class=\"content-block__column-image\">    <img decoding=\"async\" src=\"https:\/\/www.scrigno.com\/wp-content\/uploads\/2024\/09\/march.jpg\" class=\"content-block__image\"  alt=\"march\" \/><\/div>\n    <div class=\"content-block__spacer\"><\/div>\n    <\/div>\n\n    <div class=\"content-block wrapper text-only\">\n            \n    <div class=\"wrapped cols-8\">    <div class=\"content-block__text\">\n        \n        <p class=\"content-block__text--content\">Il Gruppo Scrigno ha deciso di anticipare i tempi ed ha gi\u00e0 iniziato il percorso che permetter\u00e0 di avere gi\u00e0 nel 2025 il primo Bilancio di Sostenibilit\u00e0 con il concetto di doppia materialit\u00e0 in ottica di garantire:<br><br><strong>Trasparenza<\/strong><br>Le attivit\u00e0 delle aziende del Gruppo rappresentano l\u2019interesse principale degli stakeholder (imprese, investitori). La trasparenza delle informazioni non finanziarie riguardanti temi quali ESG (ambientali, sociali e di governance) contrasta il greenwashing.<br><br><strong>Coinvolgimento<\/strong><br>Emerge la richiesta di maggiore diffusione delle informazioni non finanziarie. Queste, insieme a quelle finanziarie, rappresentano la base per le scelte di investimento.<br><br><strong>Sensibilizzazione<\/strong><br>La diffusione di tematiche sulla sostenibilit\u00e0 crea consapevolezza all\u2019interno del Gruppo e delle Aziende che ne fanno parte. Un percorso di stakeholder engagement consente di identificare esigenze e aspettative degli investitori e integrarli nelle strategie aziendali.<br><br>Infine, sono state introdotte procedure operative per garantire una maggiore sicurezza delle persone, in conformit\u00e0 alla prossima certificazione ISO 45001.<\/p>\n\n            \n    \n    <\/div><\/div>\n    \n    \n    <\/div>","protected":false},"excerpt":{"rendered":"","protected":false},"author":1,"featured_media":0,"parent":0,"menu_order":0,"comment_status":"closed","ping_status":"closed","template":"","meta":{"_acf_changed":false,"footnotes":""},"class_list":["post-8130","page","type-page","status-publish","hentry"],"acf":[],"yoast_head":"<!-- This site is optimized with the Yoast SEO plugin v27.1.1 - https:\/\/yoast.com\/product\/yoast-seo-wordpress\/ -->\n<title>Sostenibilit\u00e0 - Scrigno<\/title>\n<meta name=\"robots\" content=\"index, follow, max-snippet:-1, max-image-preview:large, max-video-preview:-1\" \/>\n<link rel=\"canonical\" href=\"https:\/\/www.scrigno.com\/it\/sostenibilita\/\" \/>\n<meta property=\"og:locale\" content=\"it_IT\" \/>\n<meta property=\"og:type\" content=\"article\" \/>\n<meta property=\"og:title\" content=\"Sostenibilit\u00e0 - Scrigno\" \/>\n<meta property=\"og:url\" content=\"https:\/\/www.scrigno.com\/it\/sostenibilita\/\" \/>\n<meta property=\"og:site_name\" content=\"Scrigno\" \/>\n<meta property=\"article:modified_time\" content=\"2025-03-10T13:46:07+00:00\" \/>\n<meta name=\"twitter:card\" content=\"summary_large_image\" \/>\n<script type=\"application\/ld+json\" class=\"yoast-schema-graph\">{\"@context\":\"https:\/\/schema.org\",\"@graph\":[{\"@type\":\"WebPage\",\"@id\":\"https:\/\/www.scrigno.com\/it\/sostenibilita\/\",\"url\":\"https:\/\/www.scrigno.com\/it\/sostenibilita\/\",\"name\":\"Sostenibilit\u00e0 - Scrigno\",\"isPartOf\":{\"@id\":\"https:\/\/www.scrigno.com\/it\/#website\"},\"datePublished\":\"2024-09-03T13:20:05+00:00\",\"dateModified\":\"2025-03-10T13:46:07+00:00\",\"breadcrumb\":{\"@id\":\"https:\/\/www.scrigno.com\/it\/sostenibilita\/#breadcrumb\"},\"inLanguage\":\"it-IT\",\"potentialAction\":[{\"@type\":\"ReadAction\",\"target\":[\"https:\/\/www.scrigno.com\/it\/sostenibilita\/\"]}]},{\"@type\":\"BreadcrumbList\",\"@id\":\"https:\/\/www.scrigno.com\/it\/sostenibilita\/#breadcrumb\",\"itemListElement\":[{\"@type\":\"ListItem\",\"position\":1,\"name\":\"Home\",\"item\":\"https:\/\/www.scrigno.com\/it\/\"},{\"@type\":\"ListItem\",\"position\":2,\"name\":\"Sostenibilit\u00e0\"}]},{\"@type\":\"WebSite\",\"@id\":\"https:\/\/www.scrigno.com\/it\/#website\",\"url\":\"https:\/\/www.scrigno.com\/it\/\",\"name\":\"Scrigno\",\"description\":\"\",\"potentialAction\":[{\"@type\":\"SearchAction\",\"target\":{\"@type\":\"EntryPoint\",\"urlTemplate\":\"https:\/\/www.scrigno.com\/it\/?s={search_term_string}\"},\"query-input\":{\"@type\":\"PropertyValueSpecification\",\"valueRequired\":true,\"valueName\":\"search_term_string\"}}],\"inLanguage\":\"it-IT\"}]}<\/script>\n<!-- \/ Yoast SEO plugin. -->","yoast_head_json":{"title":"Sostenibilit\u00e0 - Scrigno","robots":{"index":"index","follow":"follow","max-snippet":"max-snippet:-1","max-image-preview":"max-image-preview:large","max-video-preview":"max-video-preview:-1"},"canonical":"https:\/\/www.scrigno.com\/it\/sostenibilita\/","og_locale":"it_IT","og_type":"article","og_title":"Sostenibilit\u00e0 - Scrigno","og_url":"https:\/\/www.scrigno.com\/it\/sostenibilita\/","og_site_name":"Scrigno","article_modified_time":"2025-03-10T13:46:07+00:00","twitter_card":"summary_large_image","schema":{"@context":"https:\/\/schema.org","@graph":[{"@type":"WebPage","@id":"https:\/\/www.scrigno.com\/it\/sostenibilita\/","url":"https:\/\/www.scrigno.com\/it\/sostenibilita\/","name":"Sostenibilit\u00e0 - Scrigno","isPartOf":{"@id":"https:\/\/www.scrigno.com\/it\/#website"},"datePublished":"2024-09-03T13:20:05+00:00","dateModified":"2025-03-10T13:46:07+00:00","breadcrumb":{"@id":"https:\/\/www.scrigno.com\/it\/sostenibilita\/#breadcrumb"},"inLanguage":"it-IT","potentialAction":[{"@type":"ReadAction","target":["https:\/\/www.scrigno.com\/it\/sostenibilita\/"]}]},{"@type":"BreadcrumbList","@id":"https:\/\/www.scrigno.com\/it\/sostenibilita\/#breadcrumb","itemListElement":[{"@type":"ListItem","position":1,"name":"Home","item":"https:\/\/www.scrigno.com\/it\/"},{"@type":"ListItem","position":2,"name":"Sostenibilit\u00e0"}]},{"@type":"WebSite","@id":"https:\/\/www.scrigno.com\/it\/#website","url":"https:\/\/www.scrigno.com\/it\/","name":"Scrigno","description":"","potentialAction":[{"@type":"SearchAction","target":{"@type":"EntryPoint","urlTemplate":"https:\/\/www.scrigno.com\/it\/?s={search_term_string}"},"query-input":{"@type":"PropertyValueSpecification","valueRequired":true,"valueName":"search_term_string"}}],"inLanguage":"it-IT"}]}},"_links":{"self":[{"href":"https:\/\/www.scrigno.com\/it\/wp-json\/wp\/v2\/pages\/8130","targetHints":{"allow":["GET"]}}],"collection":[{"href":"https:\/\/www.scrigno.com\/it\/wp-json\/wp\/v2\/pages"}],"about":[{"href":"https:\/\/www.scrigno.com\/it\/wp-json\/wp\/v2\/types\/page"}],"author":[{"embeddable":true,"href":"https:\/\/www.scrigno.com\/it\/wp-json\/wp\/v2\/users\/1"}],"replies":[{"embeddable":true,"href":"https:\/\/www.scrigno.com\/it\/wp-json\/wp\/v2\/comments?post=8130"}],"version-history":[{"count":0,"href":"https:\/\/www.scrigno.com\/it\/wp-json\/wp\/v2\/pages\/8130\/revisions"}],"wp:attachment":[{"href":"https:\/\/www.scrigno.com\/it\/wp-json\/wp\/v2\/media?parent=8130"}],"curies":[{"name":"wp","href":"https:\/\/api.w.org\/{rel}","templated":true}]}}